{"id":24441,"date":"2023-02-06T23:34:34","date_gmt":"2023-02-06T21:34:34","guid":{"rendered":"https:\/\/gnistan.fi\/?page_id=24441"},"modified":"2024-12-04T21:21:50","modified_gmt":"2024-12-04T19:21:50","slug":"turvallinen-harrastusymparisto","status":"publish","type":"page","link":"https:\/\/gnistan.fi\/en\/turvallinen-harrastusymparisto\/","title":{"rendered":"SAFE HOBBY ENVIRONMENT"},"content":{"rendered":"<p class=\"translation-block\">IF Gnistan ry provides children with a safe environment that is free from intoxicants and violence. We want to prevent all forms of harassment, violence, discrimination and exploitation against children in our operations. <strong>Our plan for ensuring a safe hobby environment for minors<\/strong> includes operating models for the prevention of inappropriate conduct, as well as intervention and investigation.<\/p>\n\n\n\n<p><strong>Contact details for incidents of harassment and bullying:<\/strong><\/p>\n\n\n\n<p>Group CEO Ilkka Vanala ilkka.vanala@gnistan.fi, tel. 050 553 3954<\/p>\n\n\n\n<p>Club Coordinator Nina Lehtonen nina.lehtonen@gnistan.fi, tel. 050 364 3954<\/p>\n\n\n\n<p><strong>Address for a feedback survey that can be used to report bullying or harassment incidents anonymously<\/strong>: <a href=\"https:\/\/gnistan.fi\/en\/ilmoitushk\/\">Report of bullying or harassment in the club\u2019s activities - IF Gnistan<\/a><\/p>\n\n\n\n<div data-wp-interactive=\"core\/file\" class=\"wp-block-file\"><object data-wp-bind--hidden=\"!state.hasPdfPreview\" hidden class=\"wp-block-file__embed\" data=\"https:\/\/gnistan.fi\/wp-content\/uploads\/2024\/12\/IF-GNISTAN-ry-suunnitelma-turvallisen-harrastusympariston-varmistamiseksi-alaikaisille-lapsille.pdf\" type=\"application\/pdf\" style=\"width:100%;height:600px\" aria-label=\"Embed of IF GNISTAN ry suunnitelma turvallisen harrastusymp\u00e4rist\u00f6n varmistamiseksi alaik\u00e4isille lapsille.\"><\/object><a id=\"wp-block-file--media-28762fc5-7047-434f-914a-7d7efb74ab76\" href=\"https:\/\/gnistan.fi\/wp-content\/uploads\/2024\/12\/IF-GNISTAN-ry-suunnitelma-turvallisen-harrastusympariston-varmistamiseksi-alaikaisille-lapsille.pdf\">IF GNISTAN ry suunnitelma turvallisen harrastusymp\u00e4rist\u00f6n varmistamiseksi alaik\u00e4isille lapsille<\/a><a href=\"https:\/\/gnistan.fi\/wp-content\/uploads\/2024\/12\/IF-GNISTAN-ry-suunnitelma-turvallisen-harrastusympariston-varmistamiseksi-alaikaisille-lapsille.pdf\" class=\"wp-block-file__button wp-element-button\" download aria-describedby=\"wp-block-file--media-28762fc5-7047-434f-914a-7d7efb74ab76\">Download<\/a><\/div>\n\n\n\n<p><a href=\"file:\/\/\/C:\/Users\/ninal\/OneDrive\/Desktop\/Laatuj%C3%A4rjestelm%C3%A4%20materiaali\/IF%20GNISTAN%20SOSIAALISEN%20MEDIAN%20OHJEET%20-%20IF%20GNISTAN%20SOCIAL%20MEDIA%20GUIDELINES.pdf\">IF GNISTAN SOSIAALISEN MEDIAN OHJEET &#8211; IF GNISTAN SOCIAL MEDIA GUIDELINES.pdf<\/a><\/p>\n\n\n\n<p><\/p>","protected":false},"excerpt":{"rendered":"<p>IF Gnistan ry tarjoaa lapselle p\u00e4ihteett\u00f6m\u00e4n, v\u00e4kivallattoman ja turvallisen ymp\u00e4rist\u00f6n. Haluamme ehk\u00e4ist\u00e4 toiminnassamme kaikenlaisen lapseen kohdistuvan h\u00e4irinn\u00e4n, v\u00e4kivallan, syrjinn\u00e4n ja hyv\u00e4ksik\u00e4yt\u00f6n. Suunnitelma turvallisen harrastusymp\u00e4rist\u00f6n varmistamiseksi alaik\u00e4isille lapsille sis\u00e4lt\u00e4\u00e4 toimintamallit ep\u00e4asiallisen k\u00e4yt\u00f6ksen ennaltaehk\u00e4isyyn, sellaisen puuttumiseen ja selvitt\u00e4miseen. Yhteystiedot h\u00e4irint\u00e4- ja kiusaamistapauksissa: Toimitusjohtaja Ilkka Vanala ilkka.vanala@gnistan.fi p. 0505533954 Seurakoordinaattori Nina Lehtonen nina.lehtonen@gnistan.fi, 0503643954 Osoite palautekyselyyn, jonka kautta [&hellip;]<\/p>\n","protected":false},"author":27,"featured_media":36703,"parent":0,"menu_order":0,"comment_status":"closed","ping_status":"closed","template":"","meta":{"_acf_changed":false,"footnotes":""},"class_list":["post-24441","page","type-page","status-publish","has-post-thumbnail","hentry"],"acf":[],"yoast_head":"<!-- This site is optimized with the Yoast SEO plugin v27.3 - https:\/\/yoast.com\/product\/yoast-seo-wordpress\/ -->\n<title>TURVALLINEN HARRASTUSYMP\u00c4RIST\u00d6 - IF Gnistan<\/title>\n<meta name=\"robots\" content=\"index, follow, max-snippet:-1, max-image-preview:large, max-video-preview:-1\" \/>\n<link rel=\"canonical\" href=\"https:\/\/gnistan.fi\/en\/turvallinen-harrastusymparisto\/\" \/>\n<meta property=\"og:locale\" content=\"en_US\" \/>\n<meta property=\"og:type\" content=\"article\" \/>\n<meta property=\"og:title\" content=\"TURVALLINEN HARRASTUSYMP\u00c4RIST\u00d6 - IF Gnistan\" \/>\n<meta property=\"og:description\" content=\"IF Gnistan ry tarjoaa lapselle p\u00e4ihteett\u00f6m\u00e4n, v\u00e4kivallattoman ja turvallisen ymp\u00e4rist\u00f6n. Haluamme ehk\u00e4ist\u00e4 toiminnassamme kaikenlaisen lapseen kohdistuvan h\u00e4irinn\u00e4n, v\u00e4kivallan, syrjinn\u00e4n ja hyv\u00e4ksik\u00e4yt\u00f6n. Suunnitelma turvallisen harrastusymp\u00e4rist\u00f6n varmistamiseksi alaik\u00e4isille lapsille sis\u00e4lt\u00e4\u00e4 toimintamallit ep\u00e4asiallisen k\u00e4yt\u00f6ksen ennaltaehk\u00e4isyyn, sellaisen puuttumiseen ja selvitt\u00e4miseen. Yhteystiedot h\u00e4irint\u00e4- ja kiusaamistapauksissa: Toimitusjohtaja Ilkka Vanala ilkka.vanala@gnistan.fi p. 0505533954 Seurakoordinaattori Nina Lehtonen nina.lehtonen@gnistan.fi, 0503643954 Osoite palautekyselyyn, jonka kautta [&hellip;]\" \/>\n<meta property=\"og:url\" content=\"https:\/\/gnistan.fi\/en\/turvallinen-harrastusymparisto\/\" \/>\n<meta property=\"og:site_name\" content=\"IF Gnistan\" \/>\n<meta property=\"article:publisher\" content=\"https:\/\/facebook.com\/ifgnistan\" \/>\n<meta property=\"article:modified_time\" content=\"2024-12-04T19:21:50+00:00\" \/>\n<meta property=\"og:image\" content=\"https:\/\/gnistan.fi\/wp-content\/uploads\/2024\/11\/gnistan-default-featured-2024-c.webp\" \/>\n\t<meta property=\"og:image:width\" content=\"1920\" \/>\n\t<meta property=\"og:image:height\" content=\"1080\" \/>\n\t<meta property=\"og:image:type\" content=\"image\/webp\" \/>\n<meta name=\"twitter:card\" content=\"summary_large_image\" \/>\n<meta name=\"twitter:site\" content=\"@ifgnistan1924\" \/>\n<meta name=\"twitter:label1\" content=\"Est. reading time\" \/>\n\t<meta name=\"twitter:data1\" content=\"1 minute\" \/>\n<script type=\"application\/ld+json\" class=\"yoast-schema-graph\">{\"@context\":\"https:\\\/\\\/schema.org\",\"@graph\":[{\"@type\":\"WebPage\",\"@id\":\"https:\\\/\\\/gnistan.fi\\\/en\\\/turvallinen-harrastusymparisto\\\/\",\"url\":\"https:\\\/\\\/gnistan.fi\\\/en\\\/turvallinen-harrastusymparisto\\\/\",\"name\":\"TURVALLINEN HARRASTUSYMP\u00c4RIST\u00d6 - IF Gnistan\",\"isPartOf\":{\"@id\":\"https:\\\/\\\/gnistan.fi\\\/#website\"},\"primaryImageOfPage\":{\"@id\":\"https:\\\/\\\/gnistan.fi\\\/en\\\/turvallinen-harrastusymparisto\\\/#primaryimage\"},\"image\":{\"@id\":\"https:\\\/\\\/gnistan.fi\\\/en\\\/turvallinen-harrastusymparisto\\\/#primaryimage\"},\"thumbnailUrl\":\"https:\\\/\\\/gnistan.fi\\\/wp-content\\\/uploads\\\/2024\\\/11\\\/gnistan-default-featured-2024-c.webp\",\"datePublished\":\"2023-02-06T21:34:34+00:00\",\"dateModified\":\"2024-12-04T19:21:50+00:00\",\"breadcrumb\":{\"@id\":\"https:\\\/\\\/gnistan.fi\\\/en\\\/turvallinen-harrastusymparisto\\\/#breadcrumb\"},\"inLanguage\":\"en-US\",\"potentialAction\":[{\"@type\":\"ReadAction\",\"target\":[\"https:\\\/\\\/gnistan.fi\\\/en\\\/turvallinen-harrastusymparisto\\\/\"]}]},{\"@type\":\"ImageObject\",\"inLanguage\":\"en-US\",\"@id\":\"https:\\\/\\\/gnistan.fi\\\/en\\\/turvallinen-harrastusymparisto\\\/#primaryimage\",\"url\":\"https:\\\/\\\/gnistan.fi\\\/wp-content\\\/uploads\\\/2024\\\/11\\\/gnistan-default-featured-2024-c.webp\",\"contentUrl\":\"https:\\\/\\\/gnistan.fi\\\/wp-content\\\/uploads\\\/2024\\\/11\\\/gnistan-default-featured-2024-c.webp\",\"width\":1920,\"height\":1080},{\"@type\":\"BreadcrumbList\",\"@id\":\"https:\\\/\\\/gnistan.fi\\\/en\\\/turvallinen-harrastusymparisto\\\/#breadcrumb\",\"itemListElement\":[{\"@type\":\"ListItem\",\"position\":1,\"name\":\"Etusivu\",\"item\":\"https:\\\/\\\/gnistan.fi\\\/\"},{\"@type\":\"ListItem\",\"position\":2,\"name\":\"TURVALLINEN HARRASTUSYMP\u00c4RIST\u00d6\"}]},{\"@type\":\"WebSite\",\"@id\":\"https:\\\/\\\/gnistan.fi\\\/#website\",\"url\":\"https:\\\/\\\/gnistan.fi\\\/\",\"name\":\"IF Gnistan\",\"description\":\"Viralliset sivut\",\"publisher\":{\"@id\":\"https:\\\/\\\/gnistan.fi\\\/#organization\"},\"potentialAction\":[{\"@type\":\"SearchAction\",\"target\":{\"@type\":\"EntryPoint\",\"urlTemplate\":\"https:\\\/\\\/gnistan.fi\\\/?s={search_term_string}\"},\"query-input\":{\"@type\":\"PropertyValueSpecification\",\"valueRequired\":true,\"valueName\":\"search_term_string\"}}],\"inLanguage\":\"en-US\"},{\"@type\":\"Organization\",\"@id\":\"https:\\\/\\\/gnistan.fi\\\/#organization\",\"name\":\"IF Gnistan\",\"url\":\"https:\\\/\\\/gnistan.fi\\\/\",\"logo\":{\"@type\":\"ImageObject\",\"inLanguage\":\"en-US\",\"@id\":\"https:\\\/\\\/gnistan.fi\\\/#\\\/schema\\\/logo\\\/image\\\/\",\"url\":\"https:\\\/\\\/gnistan.fi\\\/wp-content\\\/uploads\\\/2019\\\/10\\\/if-gnistan-vector-logo.svg\",\"contentUrl\":\"https:\\\/\\\/gnistan.fi\\\/wp-content\\\/uploads\\\/2019\\\/10\\\/if-gnistan-vector-logo.svg\",\"width\":269,\"height\":314,\"caption\":\"IF Gnistan\"},\"image\":{\"@id\":\"https:\\\/\\\/gnistan.fi\\\/#\\\/schema\\\/logo\\\/image\\\/\"},\"sameAs\":[\"https:\\\/\\\/facebook.com\\\/ifgnistan\",\"https:\\\/\\\/x.com\\\/ifgnistan1924\",\"https:\\\/\\\/instagram.com\\\/ifgnistan1924\",\"https:\\\/\\\/www.linkedin.com\\\/company\\\/ifgnistan\\\/\"]}]}<\/script>\n<!-- \/ Yoast SEO plugin. -->","yoast_head_json":{"title":"TURVALLINEN HARRASTUSYMP\u00c4RIST\u00d6 - IF Gnistan","robots":{"index":"index","follow":"follow","max-snippet":"max-snippet:-1","max-image-preview":"max-image-preview:large","max-video-preview":"max-video-preview:-1"},"canonical":"https:\/\/gnistan.fi\/en\/turvallinen-harrastusymparisto\/","og_locale":"en_US","og_type":"article","og_title":"TURVALLINEN HARRASTUSYMP\u00c4RIST\u00d6 - IF Gnistan","og_description":"IF Gnistan ry tarjoaa lapselle p\u00e4ihteett\u00f6m\u00e4n, v\u00e4kivallattoman ja turvallisen ymp\u00e4rist\u00f6n. Haluamme ehk\u00e4ist\u00e4 toiminnassamme kaikenlaisen lapseen kohdistuvan h\u00e4irinn\u00e4n, v\u00e4kivallan, syrjinn\u00e4n ja hyv\u00e4ksik\u00e4yt\u00f6n. Suunnitelma turvallisen harrastusymp\u00e4rist\u00f6n varmistamiseksi alaik\u00e4isille lapsille sis\u00e4lt\u00e4\u00e4 toimintamallit ep\u00e4asiallisen k\u00e4yt\u00f6ksen ennaltaehk\u00e4isyyn, sellaisen puuttumiseen ja selvitt\u00e4miseen. Yhteystiedot h\u00e4irint\u00e4- ja kiusaamistapauksissa: Toimitusjohtaja Ilkka Vanala ilkka.vanala@gnistan.fi p. 0505533954 Seurakoordinaattori Nina Lehtonen nina.lehtonen@gnistan.fi, 0503643954 Osoite palautekyselyyn, jonka kautta [&hellip;]","og_url":"https:\/\/gnistan.fi\/en\/turvallinen-harrastusymparisto\/","og_site_name":"IF Gnistan","article_publisher":"https:\/\/facebook.com\/ifgnistan","article_modified_time":"2024-12-04T19:21:50+00:00","og_image":[{"width":1920,"height":1080,"url":"https:\/\/gnistan.fi\/wp-content\/uploads\/2024\/11\/gnistan-default-featured-2024-c.webp","type":"image\/webp"}],"twitter_card":"summary_large_image","twitter_site":"@ifgnistan1924","twitter_misc":{"Est. reading time":"1 minute"},"schema":{"@context":"https:\/\/schema.org","@graph":[{"@type":"WebPage","@id":"https:\/\/gnistan.fi\/en\/turvallinen-harrastusymparisto\/","url":"https:\/\/gnistan.fi\/en\/turvallinen-harrastusymparisto\/","name":"TURVALLINEN HARRASTUSYMP\u00c4RIST\u00d6 - IF Gnistan","isPartOf":{"@id":"https:\/\/gnistan.fi\/#website"},"primaryImageOfPage":{"@id":"https:\/\/gnistan.fi\/en\/turvallinen-harrastusymparisto\/#primaryimage"},"image":{"@id":"https:\/\/gnistan.fi\/en\/turvallinen-harrastusymparisto\/#primaryimage"},"thumbnailUrl":"https:\/\/gnistan.fi\/wp-content\/uploads\/2024\/11\/gnistan-default-featured-2024-c.webp","datePublished":"2023-02-06T21:34:34+00:00","dateModified":"2024-12-04T19:21:50+00:00","breadcrumb":{"@id":"https:\/\/gnistan.fi\/en\/turvallinen-harrastusymparisto\/#breadcrumb"},"inLanguage":"en-US","potentialAction":[{"@type":"ReadAction","target":["https:\/\/gnistan.fi\/en\/turvallinen-harrastusymparisto\/"]}]},{"@type":"ImageObject","inLanguage":"en-US","@id":"https:\/\/gnistan.fi\/en\/turvallinen-harrastusymparisto\/#primaryimage","url":"https:\/\/gnistan.fi\/wp-content\/uploads\/2024\/11\/gnistan-default-featured-2024-c.webp","contentUrl":"https:\/\/gnistan.fi\/wp-content\/uploads\/2024\/11\/gnistan-default-featured-2024-c.webp","width":1920,"height":1080},{"@type":"BreadcrumbList","@id":"https:\/\/gnistan.fi\/en\/turvallinen-harrastusymparisto\/#breadcrumb","itemListElement":[{"@type":"ListItem","position":1,"name":"Etusivu","item":"https:\/\/gnistan.fi\/"},{"@type":"ListItem","position":2,"name":"TURVALLINEN HARRASTUSYMP\u00c4RIST\u00d6"}]},{"@type":"WebSite","@id":"https:\/\/gnistan.fi\/#website","url":"https:\/\/gnistan.fi\/","name":"IF Gnistan","description":"Viralliset sivut","publisher":{"@id":"https:\/\/gnistan.fi\/#organization"},"potentialAction":[{"@type":"SearchAction","target":{"@type":"EntryPoint","urlTemplate":"https:\/\/gnistan.fi\/?s={search_term_string}"},"query-input":{"@type":"PropertyValueSpecification","valueRequired":true,"valueName":"search_term_string"}}],"inLanguage":"en-US"},{"@type":"Organization","@id":"https:\/\/gnistan.fi\/#organization","name":"IF Gnistan","url":"https:\/\/gnistan.fi\/","logo":{"@type":"ImageObject","inLanguage":"en-US","@id":"https:\/\/gnistan.fi\/#\/schema\/logo\/image\/","url":"https:\/\/gnistan.fi\/wp-content\/uploads\/2019\/10\/if-gnistan-vector-logo.svg","contentUrl":"https:\/\/gnistan.fi\/wp-content\/uploads\/2019\/10\/if-gnistan-vector-logo.svg","width":269,"height":314,"caption":"IF Gnistan"},"image":{"@id":"https:\/\/gnistan.fi\/#\/schema\/logo\/image\/"},"sameAs":["https:\/\/facebook.com\/ifgnistan","https:\/\/x.com\/ifgnistan1924","https:\/\/instagram.com\/ifgnistan1924","https:\/\/www.linkedin.com\/company\/ifgnistan\/"]}]}},"jetpack_sharing_enabled":true,"_links":{"self":[{"href":"https:\/\/gnistan.fi\/en\/wp-json\/wp\/v2\/pages\/24441","targetHints":{"allow":["GET"]}}],"collection":[{"href":"https:\/\/gnistan.fi\/en\/wp-json\/wp\/v2\/pages"}],"about":[{"href":"https:\/\/gnistan.fi\/en\/wp-json\/wp\/v2\/types\/page"}],"author":[{"embeddable":true,"href":"https:\/\/gnistan.fi\/en\/wp-json\/wp\/v2\/users\/27"}],"replies":[{"embeddable":true,"href":"https:\/\/gnistan.fi\/en\/wp-json\/wp\/v2\/comments?post=24441"}],"version-history":[{"count":7,"href":"https:\/\/gnistan.fi\/en\/wp-json\/wp\/v2\/pages\/24441\/revisions"}],"predecessor-version":[{"id":37103,"href":"https:\/\/gnistan.fi\/en\/wp-json\/wp\/v2\/pages\/24441\/revisions\/37103"}],"wp:featuredmedia":[{"embeddable":true,"href":"https:\/\/gnistan.fi\/en\/wp-json\/wp\/v2\/media\/36703"}],"wp:attachment":[{"href":"https:\/\/gnistan.fi\/en\/wp-json\/wp\/v2\/media?parent=24441"}],"curies":[{"name":"wp","href":"https:\/\/api.w.org\/{rel}","templated":true}]}}