{"id":24430,"date":"2023-02-06T22:12:22","date_gmt":"2023-02-06T20:12:22","guid":{"rendered":"https:\/\/gnistan.fi\/?page_id=24430"},"modified":"2023-07-20T16:52:58","modified_gmt":"2023-07-20T13:52:58","slug":"toimintaperiaatteemme","status":"publish","type":"page","link":"https:\/\/gnistan.fi\/en\/toimintaperiaatteemme\/","title":{"rendered":"TOIMINTAPERIAATTEEMME"},"content":{"rendered":"<p>IF Gnistan on yksi Suomen vanhimmista jalkapalloseuroista. Seura on Suomen Palloliiton Etel\u00e4-Suomen alueen suurimpia juniorikasvattajia sek\u00e4 merkitt\u00e4v\u00e4 liikunnallinen vaikuttaja kasvavassa Oulunkyl\u00e4ss\u00e4 ja sen l\u00e4hiymp\u00e4rist\u00f6n alueella.<\/p>\n\n\n\n<p>Gnistanin lisenssipelaajien m\u00e4\u00e4r\u00e4 on l\u00e4hes 1200 ja Palloliiton eri sarjoissa pelaa yhteens\u00e4 yli 60 seuran joukkuetta. Seuraty\u00f6t\u00e4 tehd\u00e4\u00e4n nuorimmista tytt\u00f6- ja poikajuniorista aina aikuisten joukkueisiin asti. Pelaamaan p\u00e4\u00e4sev\u00e4t niin kuntoilu- ja harrastefutaajat kuin kilpapolkuun t\u00e4ht\u00e4\u00e4v\u00e4t pelaajat. Haluamme tuottaa korkeatasoisia pelaajia niin kansalliselle kuin kansainv\u00e4liselle tasolle. Varsinaisen joukkuetoiminnan lis\u00e4ksi Gnistan tarjoaa iltap\u00e4iv\u00e4kerhotoimintaa, aikuisten jalkapallokerhoja sek\u00e4 ns. matalan kynnyksen toimintaa. <\/p>\n\n\n\n<p>Toimintaamme ohjaa seuran <strong><a href=\"https:\/\/gnistan.fi\/en\/arvot\/\" data-type=\"URL\" data-id=\"https:\/\/gnistan.fi\/arvot\/\">arvot<\/a><\/strong>, jotka yhdess\u00e4 <strong><a href=\"https:\/\/gnistan.fi\/en\/gnistan-metodi\/\" data-type=\"URL\" data-id=\"https:\/\/gnistan.fi\/gnistan-metodi\/\">IF Gnistan Metodin<\/a><\/strong>, <strong>Strategian<\/strong> ja Valmennuslinjan kanssa muodostavat sen mit\u00e4 me olemme, miten me toimimme ja mitk\u00e4 ovat tavoitteemme ja visiomme.<\/p>","protected":false},"excerpt":{"rendered":"<p>IF Gnistan on yksi Suomen vanhimmista jalkapalloseuroista. Seura on Suomen Palloliiton Etel\u00e4-Suomen alueen suurimpia juniorikasvattajia sek\u00e4 merkitt\u00e4v\u00e4 liikunnallinen vaikuttaja kasvavassa Oulunkyl\u00e4ss\u00e4 ja sen l\u00e4hiymp\u00e4rist\u00f6n alueella. Gnistanin lisenssipelaajien m\u00e4\u00e4r\u00e4 on l\u00e4hes 1200 ja Palloliiton eri sarjoissa pelaa yhteens\u00e4 yli 60 seuran joukkuetta. Seuraty\u00f6t\u00e4 tehd\u00e4\u00e4n nuorimmista tytt\u00f6- ja poikajuniorista aina aikuisten joukkueisiin asti. Pelaamaan p\u00e4\u00e4sev\u00e4t niin kuntoilu- [&hellip;]<\/p>\n","protected":false},"author":27,"featured_media":36703,"parent":0,"menu_order":0,"comment_status":"closed","ping_status":"closed","template":"","meta":{"_acf_changed":false,"footnotes":""},"class_list":["post-24430","page","type-page","status-publish","has-post-thumbnail","hentry"],"acf":[],"yoast_head":"<!-- This site is optimized with the Yoast SEO plugin v27.3 - https:\/\/yoast.com\/product\/yoast-seo-wordpress\/ -->\n<title>TOIMINTAPERIAATTEEMME - IF Gnistan<\/title>\n<meta name=\"robots\" content=\"index, follow, max-snippet:-1, max-image-preview:large, max-video-preview:-1\" \/>\n<link rel=\"canonical\" href=\"https:\/\/gnistan.fi\/en\/toimintaperiaatteemme\/\" \/>\n<meta property=\"og:locale\" content=\"en_US\" \/>\n<meta property=\"og:type\" content=\"article\" \/>\n<meta property=\"og:title\" content=\"TOIMINTAPERIAATTEEMME - IF Gnistan\" \/>\n<meta property=\"og:description\" content=\"IF Gnistan on yksi Suomen vanhimmista jalkapalloseuroista. Seura on Suomen Palloliiton Etel\u00e4-Suomen alueen suurimpia juniorikasvattajia sek\u00e4 merkitt\u00e4v\u00e4 liikunnallinen vaikuttaja kasvavassa Oulunkyl\u00e4ss\u00e4 ja sen l\u00e4hiymp\u00e4rist\u00f6n alueella. Gnistanin lisenssipelaajien m\u00e4\u00e4r\u00e4 on l\u00e4hes 1200 ja Palloliiton eri sarjoissa pelaa yhteens\u00e4 yli 60 seuran joukkuetta. Seuraty\u00f6t\u00e4 tehd\u00e4\u00e4n nuorimmista tytt\u00f6- ja poikajuniorista aina aikuisten joukkueisiin asti. Pelaamaan p\u00e4\u00e4sev\u00e4t niin kuntoilu- [&hellip;]\" \/>\n<meta property=\"og:url\" content=\"https:\/\/gnistan.fi\/en\/toimintaperiaatteemme\/\" \/>\n<meta property=\"og:site_name\" content=\"IF Gnistan\" \/>\n<meta property=\"article:publisher\" content=\"https:\/\/facebook.com\/ifgnistan\" \/>\n<meta property=\"article:modified_time\" content=\"2023-07-20T13:52:58+00:00\" \/>\n<meta property=\"og:image\" content=\"https:\/\/gnistan.fi\/wp-content\/uploads\/2024\/11\/gnistan-default-featured-2024-c.webp\" \/>\n\t<meta property=\"og:image:width\" content=\"1920\" \/>\n\t<meta property=\"og:image:height\" content=\"1080\" \/>\n\t<meta property=\"og:image:type\" content=\"image\/webp\" \/>\n<meta name=\"twitter:card\" content=\"summary_large_image\" \/>\n<meta name=\"twitter:site\" content=\"@ifgnistan1924\" \/>\n<meta name=\"twitter:label1\" content=\"Est. reading time\" \/>\n\t<meta name=\"twitter:data1\" content=\"1 minute\" \/>\n<script type=\"application\/ld+json\" class=\"yoast-schema-graph\">{\"@context\":\"https:\\\/\\\/schema.org\",\"@graph\":[{\"@type\":\"WebPage\",\"@id\":\"https:\\\/\\\/gnistan.fi\\\/en\\\/toimintaperiaatteemme\\\/\",\"url\":\"https:\\\/\\\/gnistan.fi\\\/en\\\/toimintaperiaatteemme\\\/\",\"name\":\"TOIMINTAPERIAATTEEMME - IF Gnistan\",\"isPartOf\":{\"@id\":\"https:\\\/\\\/gnistan.fi\\\/#website\"},\"primaryImageOfPage\":{\"@id\":\"https:\\\/\\\/gnistan.fi\\\/en\\\/toimintaperiaatteemme\\\/#primaryimage\"},\"image\":{\"@id\":\"https:\\\/\\\/gnistan.fi\\\/en\\\/toimintaperiaatteemme\\\/#primaryimage\"},\"thumbnailUrl\":\"https:\\\/\\\/gnistan.fi\\\/wp-content\\\/uploads\\\/2024\\\/11\\\/gnistan-default-featured-2024-c.webp\",\"datePublished\":\"2023-02-06T20:12:22+00:00\",\"dateModified\":\"2023-07-20T13:52:58+00:00\",\"breadcrumb\":{\"@id\":\"https:\\\/\\\/gnistan.fi\\\/en\\\/toimintaperiaatteemme\\\/#breadcrumb\"},\"inLanguage\":\"en-US\",\"potentialAction\":[{\"@type\":\"ReadAction\",\"target\":[\"https:\\\/\\\/gnistan.fi\\\/en\\\/toimintaperiaatteemme\\\/\"]}]},{\"@type\":\"ImageObject\",\"inLanguage\":\"en-US\",\"@id\":\"https:\\\/\\\/gnistan.fi\\\/en\\\/toimintaperiaatteemme\\\/#primaryimage\",\"url\":\"https:\\\/\\\/gnistan.fi\\\/wp-content\\\/uploads\\\/2024\\\/11\\\/gnistan-default-featured-2024-c.webp\",\"contentUrl\":\"https:\\\/\\\/gnistan.fi\\\/wp-content\\\/uploads\\\/2024\\\/11\\\/gnistan-default-featured-2024-c.webp\",\"width\":1920,\"height\":1080},{\"@type\":\"BreadcrumbList\",\"@id\":\"https:\\\/\\\/gnistan.fi\\\/en\\\/toimintaperiaatteemme\\\/#breadcrumb\",\"itemListElement\":[{\"@type\":\"ListItem\",\"position\":1,\"name\":\"Etusivu\",\"item\":\"https:\\\/\\\/gnistan.fi\\\/\"},{\"@type\":\"ListItem\",\"position\":2,\"name\":\"TOIMINTAPERIAATTEEMME\"}]},{\"@type\":\"WebSite\",\"@id\":\"https:\\\/\\\/gnistan.fi\\\/#website\",\"url\":\"https:\\\/\\\/gnistan.fi\\\/\",\"name\":\"IF Gnistan\",\"description\":\"Viralliset sivut\",\"publisher\":{\"@id\":\"https:\\\/\\\/gnistan.fi\\\/#organization\"},\"potentialAction\":[{\"@type\":\"SearchAction\",\"target\":{\"@type\":\"EntryPoint\",\"urlTemplate\":\"https:\\\/\\\/gnistan.fi\\\/?s={search_term_string}\"},\"query-input\":{\"@type\":\"PropertyValueSpecification\",\"valueRequired\":true,\"valueName\":\"search_term_string\"}}],\"inLanguage\":\"en-US\"},{\"@type\":\"Organization\",\"@id\":\"https:\\\/\\\/gnistan.fi\\\/#organization\",\"name\":\"IF Gnistan\",\"url\":\"https:\\\/\\\/gnistan.fi\\\/\",\"logo\":{\"@type\":\"ImageObject\",\"inLanguage\":\"en-US\",\"@id\":\"https:\\\/\\\/gnistan.fi\\\/#\\\/schema\\\/logo\\\/image\\\/\",\"url\":\"https:\\\/\\\/gnistan.fi\\\/wp-content\\\/uploads\\\/2019\\\/10\\\/if-gnistan-vector-logo.svg\",\"contentUrl\":\"https:\\\/\\\/gnistan.fi\\\/wp-content\\\/uploads\\\/2019\\\/10\\\/if-gnistan-vector-logo.svg\",\"width\":269,\"height\":314,\"caption\":\"IF Gnistan\"},\"image\":{\"@id\":\"https:\\\/\\\/gnistan.fi\\\/#\\\/schema\\\/logo\\\/image\\\/\"},\"sameAs\":[\"https:\\\/\\\/facebook.com\\\/ifgnistan\",\"https:\\\/\\\/x.com\\\/ifgnistan1924\",\"https:\\\/\\\/instagram.com\\\/ifgnistan1924\",\"https:\\\/\\\/www.linkedin.com\\\/company\\\/ifgnistan\\\/\"]}]}<\/script>\n<!-- \/ Yoast SEO plugin. -->","yoast_head_json":{"title":"TOIMINTAPERIAATTEEMME - IF Gnistan","robots":{"index":"index","follow":"follow","max-snippet":"max-snippet:-1","max-image-preview":"max-image-preview:large","max-video-preview":"max-video-preview:-1"},"canonical":"https:\/\/gnistan.fi\/en\/toimintaperiaatteemme\/","og_locale":"en_US","og_type":"article","og_title":"TOIMINTAPERIAATTEEMME - IF Gnistan","og_description":"IF Gnistan on yksi Suomen vanhimmista jalkapalloseuroista. Seura on Suomen Palloliiton Etel\u00e4-Suomen alueen suurimpia juniorikasvattajia sek\u00e4 merkitt\u00e4v\u00e4 liikunnallinen vaikuttaja kasvavassa Oulunkyl\u00e4ss\u00e4 ja sen l\u00e4hiymp\u00e4rist\u00f6n alueella. Gnistanin lisenssipelaajien m\u00e4\u00e4r\u00e4 on l\u00e4hes 1200 ja Palloliiton eri sarjoissa pelaa yhteens\u00e4 yli 60 seuran joukkuetta. Seuraty\u00f6t\u00e4 tehd\u00e4\u00e4n nuorimmista tytt\u00f6- ja poikajuniorista aina aikuisten joukkueisiin asti. Pelaamaan p\u00e4\u00e4sev\u00e4t niin kuntoilu- [&hellip;]","og_url":"https:\/\/gnistan.fi\/en\/toimintaperiaatteemme\/","og_site_name":"IF Gnistan","article_publisher":"https:\/\/facebook.com\/ifgnistan","article_modified_time":"2023-07-20T13:52:58+00:00","og_image":[{"width":1920,"height":1080,"url":"https:\/\/gnistan.fi\/wp-content\/uploads\/2024\/11\/gnistan-default-featured-2024-c.webp","type":"image\/webp"}],"twitter_card":"summary_large_image","twitter_site":"@ifgnistan1924","twitter_misc":{"Est. reading time":"1 minute"},"schema":{"@context":"https:\/\/schema.org","@graph":[{"@type":"WebPage","@id":"https:\/\/gnistan.fi\/en\/toimintaperiaatteemme\/","url":"https:\/\/gnistan.fi\/en\/toimintaperiaatteemme\/","name":"TOIMINTAPERIAATTEEMME - IF Gnistan","isPartOf":{"@id":"https:\/\/gnistan.fi\/#website"},"primaryImageOfPage":{"@id":"https:\/\/gnistan.fi\/en\/toimintaperiaatteemme\/#primaryimage"},"image":{"@id":"https:\/\/gnistan.fi\/en\/toimintaperiaatteemme\/#primaryimage"},"thumbnailUrl":"https:\/\/gnistan.fi\/wp-content\/uploads\/2024\/11\/gnistan-default-featured-2024-c.webp","datePublished":"2023-02-06T20:12:22+00:00","dateModified":"2023-07-20T13:52:58+00:00","breadcrumb":{"@id":"https:\/\/gnistan.fi\/en\/toimintaperiaatteemme\/#breadcrumb"},"inLanguage":"en-US","potentialAction":[{"@type":"ReadAction","target":["https:\/\/gnistan.fi\/en\/toimintaperiaatteemme\/"]}]},{"@type":"ImageObject","inLanguage":"en-US","@id":"https:\/\/gnistan.fi\/en\/toimintaperiaatteemme\/#primaryimage","url":"https:\/\/gnistan.fi\/wp-content\/uploads\/2024\/11\/gnistan-default-featured-2024-c.webp","contentUrl":"https:\/\/gnistan.fi\/wp-content\/uploads\/2024\/11\/gnistan-default-featured-2024-c.webp","width":1920,"height":1080},{"@type":"BreadcrumbList","@id":"https:\/\/gnistan.fi\/en\/toimintaperiaatteemme\/#breadcrumb","itemListElement":[{"@type":"ListItem","position":1,"name":"Etusivu","item":"https:\/\/gnistan.fi\/"},{"@type":"ListItem","position":2,"name":"TOIMINTAPERIAATTEEMME"}]},{"@type":"WebSite","@id":"https:\/\/gnistan.fi\/#website","url":"https:\/\/gnistan.fi\/","name":"IF Gnistan","description":"Viralliset sivut","publisher":{"@id":"https:\/\/gnistan.fi\/#organization"},"potentialAction":[{"@type":"SearchAction","target":{"@type":"EntryPoint","urlTemplate":"https:\/\/gnistan.fi\/?s={search_term_string}"},"query-input":{"@type":"PropertyValueSpecification","valueRequired":true,"valueName":"search_term_string"}}],"inLanguage":"en-US"},{"@type":"Organization","@id":"https:\/\/gnistan.fi\/#organization","name":"IF Gnistan","url":"https:\/\/gnistan.fi\/","logo":{"@type":"ImageObject","inLanguage":"en-US","@id":"https:\/\/gnistan.fi\/#\/schema\/logo\/image\/","url":"https:\/\/gnistan.fi\/wp-content\/uploads\/2019\/10\/if-gnistan-vector-logo.svg","contentUrl":"https:\/\/gnistan.fi\/wp-content\/uploads\/2019\/10\/if-gnistan-vector-logo.svg","width":269,"height":314,"caption":"IF Gnistan"},"image":{"@id":"https:\/\/gnistan.fi\/#\/schema\/logo\/image\/"},"sameAs":["https:\/\/facebook.com\/ifgnistan","https:\/\/x.com\/ifgnistan1924","https:\/\/instagram.com\/ifgnistan1924","https:\/\/www.linkedin.com\/company\/ifgnistan\/"]}]}},"jetpack_sharing_enabled":true,"_links":{"self":[{"href":"https:\/\/gnistan.fi\/en\/wp-json\/wp\/v2\/pages\/24430","targetHints":{"allow":["GET"]}}],"collection":[{"href":"https:\/\/gnistan.fi\/en\/wp-json\/wp\/v2\/pages"}],"about":[{"href":"https:\/\/gnistan.fi\/en\/wp-json\/wp\/v2\/types\/page"}],"author":[{"embeddable":true,"href":"https:\/\/gnistan.fi\/en\/wp-json\/wp\/v2\/users\/27"}],"replies":[{"embeddable":true,"href":"https:\/\/gnistan.fi\/en\/wp-json\/wp\/v2\/comments?post=24430"}],"version-history":[{"count":3,"href":"https:\/\/gnistan.fi\/en\/wp-json\/wp\/v2\/pages\/24430\/revisions"}],"predecessor-version":[{"id":25756,"href":"https:\/\/gnistan.fi\/en\/wp-json\/wp\/v2\/pages\/24430\/revisions\/25756"}],"wp:featuredmedia":[{"embeddable":true,"href":"https:\/\/gnistan.fi\/en\/wp-json\/wp\/v2\/media\/36703"}],"wp:attachment":[{"href":"https:\/\/gnistan.fi\/en\/wp-json\/wp\/v2\/media?parent=24430"}],"curies":[{"name":"wp","href":"https:\/\/api.w.org\/{rel}","templated":true}]}}