{"id":23479,"date":"2022-10-12T12:34:56","date_gmt":"2022-10-12T09:34:56","guid":{"rendered":"https:\/\/gnistan.fi\/?page_id=23479"},"modified":"2025-08-11T21:39:20","modified_gmt":"2025-08-11T18:39:20","slug":"seuran-saannot-juniorijoukkueille","status":"publish","type":"page","link":"https:\/\/gnistan.fi\/en\/seuran-saannot-juniorijoukkueille\/","title":{"rendered":"CLUB RULES FOR JUNIOR TEAMS"},"content":{"rendered":"<p>The aim of the shared rules is to give everyone the opportunity to develop and reach their full potential as a player at their own pace, to enjoy themselves as a member of their team and to find new friends, to create a safe and positive atmosphere, to experience a strong sense of community, to learn healthy lifestyles and to find a spark for a physically active lifestyle.<\/p>\n\n\n\n<p>Team rules approved by the parents' meeting are observed in each team's activities. The team rules are aligned with the club rules.<\/p>\n\n\n\n<div data-wp-interactive=\"core\/file\" class=\"wp-block-file\"><object data-wp-bind--hidden=\"!state.hasPdfPreview\" hidden class=\"wp-block-file__embed\" data=\"https:\/\/gnistan.fi\/wp-content\/uploads\/2025\/08\/Seuran-saannot-juniorijoukkueille-seka-seuraukset-1.pdf\" type=\"application\/pdf\" style=\"width:100%;height:600px\" aria-label=\"Embed of Seuran s\u00e4\u00e4nn\u00f6t juniorijoukkueille sek\u00e4 seuraukset (1).\"><\/object><a id=\"wp-block-file--media-5a2ddb24-04b0-4d82-b7fa-863195cbde1c\" href=\"https:\/\/gnistan.fi\/wp-content\/uploads\/2025\/08\/Seuran-saannot-juniorijoukkueille-seka-seuraukset-1.pdf\">Seuran s\u00e4\u00e4nn\u00f6t juniorijoukkueille sek\u00e4 seuraukset (1)<\/a><a href=\"https:\/\/gnistan.fi\/wp-content\/uploads\/2025\/08\/Seuran-saannot-juniorijoukkueille-seka-seuraukset-1.pdf\" class=\"wp-block-file__button wp-element-button\" download aria-describedby=\"wp-block-file--media-5a2ddb24-04b0-4d82-b7fa-863195cbde1c\">Download<\/a><\/div>\n\n\n\n<p><\/p>","protected":false},"excerpt":{"rendered":"<p>Yhteisten s\u00e4\u00e4nt\u00f6jen tavoitteena on antaa kaikille mahdollisuus kehitty\u00e4 pelaajana omaan huippuunsa omaan tahtiin, viihty\u00e4 joukkueessa ja seurassa sek\u00e4 l\u00f6yt\u00e4\u00e4 uusia yst\u00e4vi\u00e4, luoda turvallinen ja kannustava ilmapiiri, kokea yhteis\u00f6llisyytt\u00e4, oppia terveellisi\u00e4 el\u00e4m\u00e4ntapoja sek\u00e4 l\u00f6yt\u00e4\u00e4 kipin\u00e4 liikunnalliselle el\u00e4m\u00e4lle. Joukkueen toiminnassa noudatetaan vanhempainkokouksen hyv\u00e4ksymi\u00e4 joukkueen s\u00e4\u00e4nt\u00f6j\u00e4. Joukkueen s\u00e4\u00e4nn\u00f6t my\u00f6t\u00e4ilev\u00e4t seuran s\u00e4\u00e4nt\u00f6j\u00e4.<\/p>","protected":false},"author":27,"featured_media":36703,"parent":0,"menu_order":0,"comment_status":"closed","ping_status":"closed","template":"","meta":{"_acf_changed":false,"footnotes":""},"class_list":["post-23479","page","type-page","status-publish","has-post-thumbnail","hentry"],"acf":[],"yoast_head":"<!-- This site is optimized with the Yoast SEO plugin v27.3 - https:\/\/yoast.com\/product\/yoast-seo-wordpress\/ -->\n<title>SEURAN S\u00c4\u00c4NN\u00d6T JUNIORIJOUKKUEILLE - IF Gnistan<\/title>\n<meta name=\"robots\" content=\"index, follow, max-snippet:-1, max-image-preview:large, max-video-preview:-1\" \/>\n<link rel=\"canonical\" href=\"https:\/\/gnistan.fi\/en\/seuran-saannot-juniorijoukkueille\/\" \/>\n<meta property=\"og:locale\" content=\"en_US\" \/>\n<meta property=\"og:type\" content=\"article\" \/>\n<meta property=\"og:title\" content=\"SEURAN S\u00c4\u00c4NN\u00d6T JUNIORIJOUKKUEILLE - IF Gnistan\" \/>\n<meta property=\"og:description\" content=\"Yhteisten s\u00e4\u00e4nt\u00f6jen tavoitteena on antaa kaikille mahdollisuus kehitty\u00e4 pelaajana omaan huippuunsa omaan tahtiin, viihty\u00e4 joukkueessa ja seurassa sek\u00e4 l\u00f6yt\u00e4\u00e4 uusia yst\u00e4vi\u00e4, luoda turvallinen ja kannustava ilmapiiri, kokea yhteis\u00f6llisyytt\u00e4, oppia terveellisi\u00e4 el\u00e4m\u00e4ntapoja sek\u00e4 l\u00f6yt\u00e4\u00e4 kipin\u00e4 liikunnalliselle el\u00e4m\u00e4lle. Joukkueen toiminnassa noudatetaan vanhempainkokouksen hyv\u00e4ksymi\u00e4 joukkueen s\u00e4\u00e4nt\u00f6j\u00e4. Joukkueen s\u00e4\u00e4nn\u00f6t my\u00f6t\u00e4ilev\u00e4t seuran s\u00e4\u00e4nt\u00f6j\u00e4.\" \/>\n<meta property=\"og:url\" content=\"https:\/\/gnistan.fi\/en\/seuran-saannot-juniorijoukkueille\/\" \/>\n<meta property=\"og:site_name\" content=\"IF Gnistan\" \/>\n<meta property=\"article:publisher\" content=\"https:\/\/facebook.com\/ifgnistan\" \/>\n<meta property=\"article:modified_time\" content=\"2025-08-11T18:39:20+00:00\" \/>\n<meta property=\"og:image\" content=\"https:\/\/gnistan.fi\/wp-content\/uploads\/2024\/11\/gnistan-default-featured-2024-c.webp\" \/>\n\t<meta property=\"og:image:width\" content=\"1920\" \/>\n\t<meta property=\"og:image:height\" content=\"1080\" \/>\n\t<meta property=\"og:image:type\" content=\"image\/webp\" \/>\n<meta name=\"twitter:card\" content=\"summary_large_image\" \/>\n<meta name=\"twitter:site\" content=\"@ifgnistan1924\" \/>\n<meta name=\"twitter:label1\" content=\"Est. reading time\" \/>\n\t<meta name=\"twitter:data1\" content=\"1 minute\" \/>\n<script type=\"application\/ld+json\" class=\"yoast-schema-graph\">{\"@context\":\"https:\\\/\\\/schema.org\",\"@graph\":[{\"@type\":\"WebPage\",\"@id\":\"https:\\\/\\\/gnistan.fi\\\/seuran-saannot-juniorijoukkueille\\\/\",\"url\":\"https:\\\/\\\/gnistan.fi\\\/seuran-saannot-juniorijoukkueille\\\/\",\"name\":\"SEURAN S\u00c4\u00c4NN\u00d6T JUNIORIJOUKKUEILLE - IF Gnistan\",\"isPartOf\":{\"@id\":\"https:\\\/\\\/gnistan.fi\\\/#website\"},\"primaryImageOfPage\":{\"@id\":\"https:\\\/\\\/gnistan.fi\\\/seuran-saannot-juniorijoukkueille\\\/#primaryimage\"},\"image\":{\"@id\":\"https:\\\/\\\/gnistan.fi\\\/seuran-saannot-juniorijoukkueille\\\/#primaryimage\"},\"thumbnailUrl\":\"https:\\\/\\\/gnistan.fi\\\/wp-content\\\/uploads\\\/2024\\\/11\\\/gnistan-default-featured-2024-c.webp\",\"datePublished\":\"2022-10-12T09:34:56+00:00\",\"dateModified\":\"2025-08-11T18:39:20+00:00\",\"breadcrumb\":{\"@id\":\"https:\\\/\\\/gnistan.fi\\\/seuran-saannot-juniorijoukkueille\\\/#breadcrumb\"},\"inLanguage\":\"en-US\",\"potentialAction\":[{\"@type\":\"ReadAction\",\"target\":[\"https:\\\/\\\/gnistan.fi\\\/seuran-saannot-juniorijoukkueille\\\/\"]}]},{\"@type\":\"ImageObject\",\"inLanguage\":\"en-US\",\"@id\":\"https:\\\/\\\/gnistan.fi\\\/seuran-saannot-juniorijoukkueille\\\/#primaryimage\",\"url\":\"https:\\\/\\\/gnistan.fi\\\/wp-content\\\/uploads\\\/2024\\\/11\\\/gnistan-default-featured-2024-c.webp\",\"contentUrl\":\"https:\\\/\\\/gnistan.fi\\\/wp-content\\\/uploads\\\/2024\\\/11\\\/gnistan-default-featured-2024-c.webp\",\"width\":1920,\"height\":1080},{\"@type\":\"BreadcrumbList\",\"@id\":\"https:\\\/\\\/gnistan.fi\\\/seuran-saannot-juniorijoukkueille\\\/#breadcrumb\",\"itemListElement\":[{\"@type\":\"ListItem\",\"position\":1,\"name\":\"Etusivu\",\"item\":\"https:\\\/\\\/gnistan.fi\\\/\"},{\"@type\":\"ListItem\",\"position\":2,\"name\":\"SEURAN S\u00c4\u00c4NN\u00d6T JUNIORIJOUKKUEILLE\"}]},{\"@type\":\"WebSite\",\"@id\":\"https:\\\/\\\/gnistan.fi\\\/#website\",\"url\":\"https:\\\/\\\/gnistan.fi\\\/\",\"name\":\"IF Gnistan\",\"description\":\"Viralliset sivut\",\"publisher\":{\"@id\":\"https:\\\/\\\/gnistan.fi\\\/#organization\"},\"potentialAction\":[{\"@type\":\"SearchAction\",\"target\":{\"@type\":\"EntryPoint\",\"urlTemplate\":\"https:\\\/\\\/gnistan.fi\\\/?s={search_term_string}\"},\"query-input\":{\"@type\":\"PropertyValueSpecification\",\"valueRequired\":true,\"valueName\":\"search_term_string\"}}],\"inLanguage\":\"en-US\"},{\"@type\":\"Organization\",\"@id\":\"https:\\\/\\\/gnistan.fi\\\/#organization\",\"name\":\"IF Gnistan\",\"url\":\"https:\\\/\\\/gnistan.fi\\\/\",\"logo\":{\"@type\":\"ImageObject\",\"inLanguage\":\"en-US\",\"@id\":\"https:\\\/\\\/gnistan.fi\\\/#\\\/schema\\\/logo\\\/image\\\/\",\"url\":\"https:\\\/\\\/gnistan.fi\\\/wp-content\\\/uploads\\\/2019\\\/10\\\/if-gnistan-vector-logo.svg\",\"contentUrl\":\"https:\\\/\\\/gnistan.fi\\\/wp-content\\\/uploads\\\/2019\\\/10\\\/if-gnistan-vector-logo.svg\",\"width\":269,\"height\":314,\"caption\":\"IF Gnistan\"},\"image\":{\"@id\":\"https:\\\/\\\/gnistan.fi\\\/#\\\/schema\\\/logo\\\/image\\\/\"},\"sameAs\":[\"https:\\\/\\\/facebook.com\\\/ifgnistan\",\"https:\\\/\\\/x.com\\\/ifgnistan1924\",\"https:\\\/\\\/instagram.com\\\/ifgnistan1924\",\"https:\\\/\\\/www.linkedin.com\\\/company\\\/ifgnistan\\\/\"]}]}<\/script>\n<!-- \/ Yoast SEO plugin. -->","yoast_head_json":{"title":"SEURAN S\u00c4\u00c4NN\u00d6T JUNIORIJOUKKUEILLE - IF Gnistan","robots":{"index":"index","follow":"follow","max-snippet":"max-snippet:-1","max-image-preview":"max-image-preview:large","max-video-preview":"max-video-preview:-1"},"canonical":"https:\/\/gnistan.fi\/en\/seuran-saannot-juniorijoukkueille\/","og_locale":"en_US","og_type":"article","og_title":"SEURAN S\u00c4\u00c4NN\u00d6T JUNIORIJOUKKUEILLE - IF Gnistan","og_description":"Yhteisten s\u00e4\u00e4nt\u00f6jen tavoitteena on antaa kaikille mahdollisuus kehitty\u00e4 pelaajana omaan huippuunsa omaan tahtiin, viihty\u00e4 joukkueessa ja seurassa sek\u00e4 l\u00f6yt\u00e4\u00e4 uusia yst\u00e4vi\u00e4, luoda turvallinen ja kannustava ilmapiiri, kokea yhteis\u00f6llisyytt\u00e4, oppia terveellisi\u00e4 el\u00e4m\u00e4ntapoja sek\u00e4 l\u00f6yt\u00e4\u00e4 kipin\u00e4 liikunnalliselle el\u00e4m\u00e4lle. Joukkueen toiminnassa noudatetaan vanhempainkokouksen hyv\u00e4ksymi\u00e4 joukkueen s\u00e4\u00e4nt\u00f6j\u00e4. Joukkueen s\u00e4\u00e4nn\u00f6t my\u00f6t\u00e4ilev\u00e4t seuran s\u00e4\u00e4nt\u00f6j\u00e4.","og_url":"https:\/\/gnistan.fi\/en\/seuran-saannot-juniorijoukkueille\/","og_site_name":"IF Gnistan","article_publisher":"https:\/\/facebook.com\/ifgnistan","article_modified_time":"2025-08-11T18:39:20+00:00","og_image":[{"width":1920,"height":1080,"url":"https:\/\/gnistan.fi\/wp-content\/uploads\/2024\/11\/gnistan-default-featured-2024-c.webp","type":"image\/webp"}],"twitter_card":"summary_large_image","twitter_site":"@ifgnistan1924","twitter_misc":{"Est. reading time":"1 minute"},"schema":{"@context":"https:\/\/schema.org","@graph":[{"@type":"WebPage","@id":"https:\/\/gnistan.fi\/seuran-saannot-juniorijoukkueille\/","url":"https:\/\/gnistan.fi\/seuran-saannot-juniorijoukkueille\/","name":"SEURAN S\u00c4\u00c4NN\u00d6T JUNIORIJOUKKUEILLE - IF Gnistan","isPartOf":{"@id":"https:\/\/gnistan.fi\/#website"},"primaryImageOfPage":{"@id":"https:\/\/gnistan.fi\/seuran-saannot-juniorijoukkueille\/#primaryimage"},"image":{"@id":"https:\/\/gnistan.fi\/seuran-saannot-juniorijoukkueille\/#primaryimage"},"thumbnailUrl":"https:\/\/gnistan.fi\/wp-content\/uploads\/2024\/11\/gnistan-default-featured-2024-c.webp","datePublished":"2022-10-12T09:34:56+00:00","dateModified":"2025-08-11T18:39:20+00:00","breadcrumb":{"@id":"https:\/\/gnistan.fi\/seuran-saannot-juniorijoukkueille\/#breadcrumb"},"inLanguage":"en-US","potentialAction":[{"@type":"ReadAction","target":["https:\/\/gnistan.fi\/seuran-saannot-juniorijoukkueille\/"]}]},{"@type":"ImageObject","inLanguage":"en-US","@id":"https:\/\/gnistan.fi\/seuran-saannot-juniorijoukkueille\/#primaryimage","url":"https:\/\/gnistan.fi\/wp-content\/uploads\/2024\/11\/gnistan-default-featured-2024-c.webp","contentUrl":"https:\/\/gnistan.fi\/wp-content\/uploads\/2024\/11\/gnistan-default-featured-2024-c.webp","width":1920,"height":1080},{"@type":"BreadcrumbList","@id":"https:\/\/gnistan.fi\/seuran-saannot-juniorijoukkueille\/#breadcrumb","itemListElement":[{"@type":"ListItem","position":1,"name":"Etusivu","item":"https:\/\/gnistan.fi\/"},{"@type":"ListItem","position":2,"name":"SEURAN S\u00c4\u00c4NN\u00d6T JUNIORIJOUKKUEILLE"}]},{"@type":"WebSite","@id":"https:\/\/gnistan.fi\/#website","url":"https:\/\/gnistan.fi\/","name":"IF Gnistan","description":"Viralliset sivut","publisher":{"@id":"https:\/\/gnistan.fi\/#organization"},"potentialAction":[{"@type":"SearchAction","target":{"@type":"EntryPoint","urlTemplate":"https:\/\/gnistan.fi\/?s={search_term_string}"},"query-input":{"@type":"PropertyValueSpecification","valueRequired":true,"valueName":"search_term_string"}}],"inLanguage":"en-US"},{"@type":"Organization","@id":"https:\/\/gnistan.fi\/#organization","name":"IF Gnistan","url":"https:\/\/gnistan.fi\/","logo":{"@type":"ImageObject","inLanguage":"en-US","@id":"https:\/\/gnistan.fi\/#\/schema\/logo\/image\/","url":"https:\/\/gnistan.fi\/wp-content\/uploads\/2019\/10\/if-gnistan-vector-logo.svg","contentUrl":"https:\/\/gnistan.fi\/wp-content\/uploads\/2019\/10\/if-gnistan-vector-logo.svg","width":269,"height":314,"caption":"IF Gnistan"},"image":{"@id":"https:\/\/gnistan.fi\/#\/schema\/logo\/image\/"},"sameAs":["https:\/\/facebook.com\/ifgnistan","https:\/\/x.com\/ifgnistan1924","https:\/\/instagram.com\/ifgnistan1924","https:\/\/www.linkedin.com\/company\/ifgnistan\/"]}]}},"jetpack_sharing_enabled":true,"_links":{"self":[{"href":"https:\/\/gnistan.fi\/en\/wp-json\/wp\/v2\/pages\/23479","targetHints":{"allow":["GET"]}}],"collection":[{"href":"https:\/\/gnistan.fi\/en\/wp-json\/wp\/v2\/pages"}],"about":[{"href":"https:\/\/gnistan.fi\/en\/wp-json\/wp\/v2\/types\/page"}],"author":[{"embeddable":true,"href":"https:\/\/gnistan.fi\/en\/wp-json\/wp\/v2\/users\/27"}],"replies":[{"embeddable":true,"href":"https:\/\/gnistan.fi\/en\/wp-json\/wp\/v2\/comments?post=23479"}],"version-history":[{"count":9,"href":"https:\/\/gnistan.fi\/en\/wp-json\/wp\/v2\/pages\/23479\/revisions"}],"predecessor-version":[{"id":41108,"href":"https:\/\/gnistan.fi\/en\/wp-json\/wp\/v2\/pages\/23479\/revisions\/41108"}],"wp:featuredmedia":[{"embeddable":true,"href":"https:\/\/gnistan.fi\/en\/wp-json\/wp\/v2\/media\/36703"}],"wp:attachment":[{"href":"https:\/\/gnistan.fi\/en\/wp-json\/wp\/v2\/media?parent=23479"}],"curies":[{"name":"wp","href":"https:\/\/api.w.org\/{rel}","templated":true}]}}