{"id":23447,"date":"2022-10-12T10:36:53","date_gmt":"2022-10-12T07:36:53","guid":{"rendered":"https:\/\/gnistan.fi\/?page_id=23447"},"modified":"2025-06-03T00:12:52","modified_gmt":"2025-06-02T21:12:52","slug":"turvallisuusohjeistus","status":"publish","type":"page","link":"https:\/\/gnistan.fi\/en\/turvallisuusohjeistus\/","title":{"rendered":"SAFETY GUIDELINES"},"content":{"rendered":"<p>J\u00e4sentemme, henkil\u00f6st\u00f6mme \u00a0ja vieraidemme turvallisuus on meille ensiarvoisen t\u00e4rke\u00e4\u00e4. Haluamme, ett\u00e4 toimintaamme ja tapahtumiimme voi osallistua turvallisin mielin ja nauttia jalkapallon iloista.<\/p>\n\n\n\n<p>IF Gnistan junior teams aim to prevent undesirable incidents. Whenever such incidents occur, the goal is to resolve them promptly and in a controlled manner. Achieving this goal requires various kinds of advance preparation, training and practice. It is important to have the right attitude towards identifying and preventing hazardous incidents so that they can be avoided. If an undesirable incident occurs, the safety guidelines help IF Gnistan's staff and members to take appropriate action in different situations.<\/p>\n\n\n\n<p>The safety guidelines cover the following topics:<\/p>\n\n\n\n<p>- The sites covered by the safety plan<\/p>\n\n\n\n<p>- The safety organisation<\/p>\n\n\n\n<p>- Potential threats<\/p>\n\n\n\n<p>- Injuries<\/p>\n\n\n\n<p>- Event security<\/p>\n\n\n\n<p>- Other<\/p>\n\n\n\n<p>- Field safety<\/p>\n\n\n\n<p>The plan for ensuring a safe hobby environment for minors is included at the end of the safety plan and published separately on the club's website.<\/p>\n\n\n\n<p>The safety guidelines in full: <\/p>\n\n\n\n<div data-wp-interactive=\"core\/file\" class=\"wp-block-file\"><object data-wp-bind--hidden=\"!state.hasPdfPreview\" hidden class=\"wp-block-file__embed\" data=\"https:\/\/gnistan.fi\/wp-content\/uploads\/2025\/06\/IF-Gnistan-ry-turvallisuusohjeistus.pdf\" type=\"application\/pdf\" style=\"width:100%;height:600px\" aria-label=\"Embed of IF Gnistan ry turvallisuusohjeistus.\"><\/object><a id=\"wp-block-file--media-361955c3-c329-430e-a728-160061d307f9\" href=\"https:\/\/gnistan.fi\/wp-content\/uploads\/2025\/06\/IF-Gnistan-ry-turvallisuusohjeistus.pdf\">IF Gnistan ry safety guidelines<\/a><a href=\"https:\/\/gnistan.fi\/wp-content\/uploads\/2025\/06\/IF-Gnistan-ry-turvallisuusohjeistus.pdf\" class=\"wp-block-file__button wp-element-button\" download aria-describedby=\"wp-block-file--media-361955c3-c329-430e-a728-160061d307f9\">Download<\/a><\/div>","protected":false},"excerpt":{"rendered":"<p>J\u00e4sentemme, henkil\u00f6st\u00f6mme \u00a0ja vieraidemme turvallisuus on meille ensiarvoisen t\u00e4rke\u00e4\u00e4. Haluamme, ett\u00e4 toimintaamme ja tapahtumiimme voi osallistua turvallisin mielin ja nauttia jalkapallon iloista. IF Gnistan juniorit pyrkii ennalta ehk\u00e4isem\u00e4\u00e4n ei toivottuja tapahtumia, mutta niiden sattuessa selvitt\u00e4m\u00e4\u00e4n ne hallitusti ja nopeasti. T\u00e4ss\u00e4 onnistuminen edellytt\u00e4\u00e4 monella tavalla ennakkoon varautumista, koulutusta ja harjoitusta. T\u00e4rke\u00e4\u00e4 on oikea suhtautuminen vaaratilanteiden tunnistamiseen [&hellip;]<\/p>\n","protected":false},"author":27,"featured_media":36703,"parent":0,"menu_order":0,"comment_status":"closed","ping_status":"closed","template":"","meta":{"_acf_changed":false,"footnotes":""},"class_list":["post-23447","page","type-page","status-publish","has-post-thumbnail","hentry"],"acf":[],"yoast_head":"<!-- This site is optimized with the Yoast SEO plugin v27.3 - https:\/\/yoast.com\/product\/yoast-seo-wordpress\/ -->\n<title>TURVALLISUUSOHJEISTUS - IF Gnistan<\/title>\n<meta name=\"robots\" content=\"index, follow, max-snippet:-1, max-image-preview:large, max-video-preview:-1\" \/>\n<link rel=\"canonical\" href=\"https:\/\/gnistan.fi\/en\/turvallisuusohjeistus\/\" \/>\n<meta property=\"og:locale\" content=\"en_US\" \/>\n<meta property=\"og:type\" content=\"article\" \/>\n<meta property=\"og:title\" content=\"TURVALLISUUSOHJEISTUS - IF Gnistan\" \/>\n<meta property=\"og:description\" content=\"J\u00e4sentemme, henkil\u00f6st\u00f6mme \u00a0ja vieraidemme turvallisuus on meille ensiarvoisen t\u00e4rke\u00e4\u00e4. Haluamme, ett\u00e4 toimintaamme ja tapahtumiimme voi osallistua turvallisin mielin ja nauttia jalkapallon iloista. IF Gnistan juniorit pyrkii ennalta ehk\u00e4isem\u00e4\u00e4n ei toivottuja tapahtumia, mutta niiden sattuessa selvitt\u00e4m\u00e4\u00e4n ne hallitusti ja nopeasti. T\u00e4ss\u00e4 onnistuminen edellytt\u00e4\u00e4 monella tavalla ennakkoon varautumista, koulutusta ja harjoitusta. T\u00e4rke\u00e4\u00e4 on oikea suhtautuminen vaaratilanteiden tunnistamiseen [&hellip;]\" \/>\n<meta property=\"og:url\" content=\"https:\/\/gnistan.fi\/en\/turvallisuusohjeistus\/\" \/>\n<meta property=\"og:site_name\" content=\"IF Gnistan\" \/>\n<meta property=\"article:publisher\" content=\"https:\/\/facebook.com\/ifgnistan\" \/>\n<meta property=\"article:modified_time\" content=\"2025-06-02T21:12:52+00:00\" \/>\n<meta property=\"og:image\" content=\"https:\/\/gnistan.fi\/wp-content\/uploads\/2024\/11\/gnistan-default-featured-2024-c.webp\" \/>\n\t<meta property=\"og:image:width\" content=\"1920\" \/>\n\t<meta property=\"og:image:height\" content=\"1080\" \/>\n\t<meta property=\"og:image:type\" content=\"image\/webp\" \/>\n<meta name=\"twitter:card\" content=\"summary_large_image\" \/>\n<meta name=\"twitter:site\" content=\"@ifgnistan1924\" \/>\n<meta name=\"twitter:label1\" content=\"Est. reading time\" \/>\n\t<meta name=\"twitter:data1\" content=\"1 minute\" \/>\n<script type=\"application\/ld+json\" class=\"yoast-schema-graph\">{\"@context\":\"https:\\\/\\\/schema.org\",\"@graph\":[{\"@type\":\"WebPage\",\"@id\":\"https:\\\/\\\/gnistan.fi\\\/turvallisuusohjeistus\\\/\",\"url\":\"https:\\\/\\\/gnistan.fi\\\/turvallisuusohjeistus\\\/\",\"name\":\"TURVALLISUUSOHJEISTUS - IF Gnistan\",\"isPartOf\":{\"@id\":\"https:\\\/\\\/gnistan.fi\\\/#website\"},\"primaryImageOfPage\":{\"@id\":\"https:\\\/\\\/gnistan.fi\\\/turvallisuusohjeistus\\\/#primaryimage\"},\"image\":{\"@id\":\"https:\\\/\\\/gnistan.fi\\\/turvallisuusohjeistus\\\/#primaryimage\"},\"thumbnailUrl\":\"https:\\\/\\\/gnistan.fi\\\/wp-content\\\/uploads\\\/2024\\\/11\\\/gnistan-default-featured-2024-c.webp\",\"datePublished\":\"2022-10-12T07:36:53+00:00\",\"dateModified\":\"2025-06-02T21:12:52+00:00\",\"breadcrumb\":{\"@id\":\"https:\\\/\\\/gnistan.fi\\\/turvallisuusohjeistus\\\/#breadcrumb\"},\"inLanguage\":\"en-US\",\"potentialAction\":[{\"@type\":\"ReadAction\",\"target\":[\"https:\\\/\\\/gnistan.fi\\\/turvallisuusohjeistus\\\/\"]}]},{\"@type\":\"ImageObject\",\"inLanguage\":\"en-US\",\"@id\":\"https:\\\/\\\/gnistan.fi\\\/turvallisuusohjeistus\\\/#primaryimage\",\"url\":\"https:\\\/\\\/gnistan.fi\\\/wp-content\\\/uploads\\\/2024\\\/11\\\/gnistan-default-featured-2024-c.webp\",\"contentUrl\":\"https:\\\/\\\/gnistan.fi\\\/wp-content\\\/uploads\\\/2024\\\/11\\\/gnistan-default-featured-2024-c.webp\",\"width\":1920,\"height\":1080},{\"@type\":\"BreadcrumbList\",\"@id\":\"https:\\\/\\\/gnistan.fi\\\/turvallisuusohjeistus\\\/#breadcrumb\",\"itemListElement\":[{\"@type\":\"ListItem\",\"position\":1,\"name\":\"Etusivu\",\"item\":\"https:\\\/\\\/gnistan.fi\\\/\"},{\"@type\":\"ListItem\",\"position\":2,\"name\":\"TURVALLISUUSOHJEISTUS\"}]},{\"@type\":\"WebSite\",\"@id\":\"https:\\\/\\\/gnistan.fi\\\/#website\",\"url\":\"https:\\\/\\\/gnistan.fi\\\/\",\"name\":\"IF Gnistan\",\"description\":\"Viralliset sivut\",\"publisher\":{\"@id\":\"https:\\\/\\\/gnistan.fi\\\/#organization\"},\"potentialAction\":[{\"@type\":\"SearchAction\",\"target\":{\"@type\":\"EntryPoint\",\"urlTemplate\":\"https:\\\/\\\/gnistan.fi\\\/?s={search_term_string}\"},\"query-input\":{\"@type\":\"PropertyValueSpecification\",\"valueRequired\":true,\"valueName\":\"search_term_string\"}}],\"inLanguage\":\"en-US\"},{\"@type\":\"Organization\",\"@id\":\"https:\\\/\\\/gnistan.fi\\\/#organization\",\"name\":\"IF Gnistan\",\"url\":\"https:\\\/\\\/gnistan.fi\\\/\",\"logo\":{\"@type\":\"ImageObject\",\"inLanguage\":\"en-US\",\"@id\":\"https:\\\/\\\/gnistan.fi\\\/#\\\/schema\\\/logo\\\/image\\\/\",\"url\":\"https:\\\/\\\/gnistan.fi\\\/wp-content\\\/uploads\\\/2019\\\/10\\\/if-gnistan-vector-logo.svg\",\"contentUrl\":\"https:\\\/\\\/gnistan.fi\\\/wp-content\\\/uploads\\\/2019\\\/10\\\/if-gnistan-vector-logo.svg\",\"width\":269,\"height\":314,\"caption\":\"IF Gnistan\"},\"image\":{\"@id\":\"https:\\\/\\\/gnistan.fi\\\/#\\\/schema\\\/logo\\\/image\\\/\"},\"sameAs\":[\"https:\\\/\\\/facebook.com\\\/ifgnistan\",\"https:\\\/\\\/x.com\\\/ifgnistan1924\",\"https:\\\/\\\/instagram.com\\\/ifgnistan1924\",\"https:\\\/\\\/www.linkedin.com\\\/company\\\/ifgnistan\\\/\"]}]}<\/script>\n<!-- \/ Yoast SEO plugin. -->","yoast_head_json":{"title":"TURVALLISUUSOHJEISTUS - IF Gnistan","robots":{"index":"index","follow":"follow","max-snippet":"max-snippet:-1","max-image-preview":"max-image-preview:large","max-video-preview":"max-video-preview:-1"},"canonical":"https:\/\/gnistan.fi\/en\/turvallisuusohjeistus\/","og_locale":"en_US","og_type":"article","og_title":"TURVALLISUUSOHJEISTUS - IF Gnistan","og_description":"J\u00e4sentemme, henkil\u00f6st\u00f6mme \u00a0ja vieraidemme turvallisuus on meille ensiarvoisen t\u00e4rke\u00e4\u00e4. Haluamme, ett\u00e4 toimintaamme ja tapahtumiimme voi osallistua turvallisin mielin ja nauttia jalkapallon iloista. IF Gnistan juniorit pyrkii ennalta ehk\u00e4isem\u00e4\u00e4n ei toivottuja tapahtumia, mutta niiden sattuessa selvitt\u00e4m\u00e4\u00e4n ne hallitusti ja nopeasti. T\u00e4ss\u00e4 onnistuminen edellytt\u00e4\u00e4 monella tavalla ennakkoon varautumista, koulutusta ja harjoitusta. T\u00e4rke\u00e4\u00e4 on oikea suhtautuminen vaaratilanteiden tunnistamiseen [&hellip;]","og_url":"https:\/\/gnistan.fi\/en\/turvallisuusohjeistus\/","og_site_name":"IF Gnistan","article_publisher":"https:\/\/facebook.com\/ifgnistan","article_modified_time":"2025-06-02T21:12:52+00:00","og_image":[{"width":1920,"height":1080,"url":"https:\/\/gnistan.fi\/wp-content\/uploads\/2024\/11\/gnistan-default-featured-2024-c.webp","type":"image\/webp"}],"twitter_card":"summary_large_image","twitter_site":"@ifgnistan1924","twitter_misc":{"Est. reading time":"1 minute"},"schema":{"@context":"https:\/\/schema.org","@graph":[{"@type":"WebPage","@id":"https:\/\/gnistan.fi\/turvallisuusohjeistus\/","url":"https:\/\/gnistan.fi\/turvallisuusohjeistus\/","name":"TURVALLISUUSOHJEISTUS - IF Gnistan","isPartOf":{"@id":"https:\/\/gnistan.fi\/#website"},"primaryImageOfPage":{"@id":"https:\/\/gnistan.fi\/turvallisuusohjeistus\/#primaryimage"},"image":{"@id":"https:\/\/gnistan.fi\/turvallisuusohjeistus\/#primaryimage"},"thumbnailUrl":"https:\/\/gnistan.fi\/wp-content\/uploads\/2024\/11\/gnistan-default-featured-2024-c.webp","datePublished":"2022-10-12T07:36:53+00:00","dateModified":"2025-06-02T21:12:52+00:00","breadcrumb":{"@id":"https:\/\/gnistan.fi\/turvallisuusohjeistus\/#breadcrumb"},"inLanguage":"en-US","potentialAction":[{"@type":"ReadAction","target":["https:\/\/gnistan.fi\/turvallisuusohjeistus\/"]}]},{"@type":"ImageObject","inLanguage":"en-US","@id":"https:\/\/gnistan.fi\/turvallisuusohjeistus\/#primaryimage","url":"https:\/\/gnistan.fi\/wp-content\/uploads\/2024\/11\/gnistan-default-featured-2024-c.webp","contentUrl":"https:\/\/gnistan.fi\/wp-content\/uploads\/2024\/11\/gnistan-default-featured-2024-c.webp","width":1920,"height":1080},{"@type":"BreadcrumbList","@id":"https:\/\/gnistan.fi\/turvallisuusohjeistus\/#breadcrumb","itemListElement":[{"@type":"ListItem","position":1,"name":"Etusivu","item":"https:\/\/gnistan.fi\/"},{"@type":"ListItem","position":2,"name":"TURVALLISUUSOHJEISTUS"}]},{"@type":"WebSite","@id":"https:\/\/gnistan.fi\/#website","url":"https:\/\/gnistan.fi\/","name":"IF Gnistan","description":"Viralliset sivut","publisher":{"@id":"https:\/\/gnistan.fi\/#organization"},"potentialAction":[{"@type":"SearchAction","target":{"@type":"EntryPoint","urlTemplate":"https:\/\/gnistan.fi\/?s={search_term_string}"},"query-input":{"@type":"PropertyValueSpecification","valueRequired":true,"valueName":"search_term_string"}}],"inLanguage":"en-US"},{"@type":"Organization","@id":"https:\/\/gnistan.fi\/#organization","name":"IF Gnistan","url":"https:\/\/gnistan.fi\/","logo":{"@type":"ImageObject","inLanguage":"en-US","@id":"https:\/\/gnistan.fi\/#\/schema\/logo\/image\/","url":"https:\/\/gnistan.fi\/wp-content\/uploads\/2019\/10\/if-gnistan-vector-logo.svg","contentUrl":"https:\/\/gnistan.fi\/wp-content\/uploads\/2019\/10\/if-gnistan-vector-logo.svg","width":269,"height":314,"caption":"IF Gnistan"},"image":{"@id":"https:\/\/gnistan.fi\/#\/schema\/logo\/image\/"},"sameAs":["https:\/\/facebook.com\/ifgnistan","https:\/\/x.com\/ifgnistan1924","https:\/\/instagram.com\/ifgnistan1924","https:\/\/www.linkedin.com\/company\/ifgnistan\/"]}]}},"jetpack_sharing_enabled":true,"_links":{"self":[{"href":"https:\/\/gnistan.fi\/en\/wp-json\/wp\/v2\/pages\/23447","targetHints":{"allow":["GET"]}}],"collection":[{"href":"https:\/\/gnistan.fi\/en\/wp-json\/wp\/v2\/pages"}],"about":[{"href":"https:\/\/gnistan.fi\/en\/wp-json\/wp\/v2\/types\/page"}],"author":[{"embeddable":true,"href":"https:\/\/gnistan.fi\/en\/wp-json\/wp\/v2\/users\/27"}],"replies":[{"embeddable":true,"href":"https:\/\/gnistan.fi\/en\/wp-json\/wp\/v2\/comments?post=23447"}],"version-history":[{"count":7,"href":"https:\/\/gnistan.fi\/en\/wp-json\/wp\/v2\/pages\/23447\/revisions"}],"predecessor-version":[{"id":40336,"href":"https:\/\/gnistan.fi\/en\/wp-json\/wp\/v2\/pages\/23447\/revisions\/40336"}],"wp:featuredmedia":[{"embeddable":true,"href":"https:\/\/gnistan.fi\/en\/wp-json\/wp\/v2\/media\/36703"}],"wp:attachment":[{"href":"https:\/\/gnistan.fi\/en\/wp-json\/wp\/v2\/media?parent=23447"}],"curies":[{"name":"wp","href":"https:\/\/api.w.org\/{rel}","templated":true}]}}