{"id":23400,"date":"2022-10-04T12:00:27","date_gmt":"2022-10-04T09:00:27","guid":{"rendered":"https:\/\/gnistan.fi\/?page_id=23400"},"modified":"2026-01-20T12:25:30","modified_gmt":"2026-01-20T10:25:30","slug":"p2017","status":"publish","type":"page","link":"https:\/\/gnistan.fi\/en\/p2017\/","title":{"rendered":"P2017"},"content":{"rendered":"<figure class=\"wp-block-image size-large\"><img fetchpriority=\"high\" decoding=\"async\" width=\"1024\" height=\"555\" src=\"https:\/\/gnistan.fi\/wp-content\/uploads\/2025\/06\/P2017-1024x555.jpg\" alt=\"\" class=\"wp-image-40485\" srcset=\"https:\/\/gnistan.fi\/wp-content\/uploads\/2025\/06\/P2017-1024x555.jpg 1024w, https:\/\/gnistan.fi\/wp-content\/uploads\/2025\/06\/P2017-300x162.jpg 300w, https:\/\/gnistan.fi\/wp-content\/uploads\/2025\/06\/P2017-768x416.jpg 768w, https:\/\/gnistan.fi\/wp-content\/uploads\/2025\/06\/P2017-1536x832.jpg 1536w, https:\/\/gnistan.fi\/wp-content\/uploads\/2025\/06\/P2017-2048x1109.jpg 2048w, https:\/\/gnistan.fi\/wp-content\/uploads\/2025\/06\/P2017-18x10.jpg 18w\" sizes=\"(max-width: 1024px) 100vw, 1024px\" \/><\/figure>\n\n\n\n<p>TULE MUKAAN PELAAMAAN MEID\u00c4N JOUKKUEESEEN!&nbsp;<\/p>\n\n\n\n<p><strong>Treenit<\/strong><\/p>\n\n\n\n<p>P2017 harjoittelee kaksi p\u00e4iv\u00e4\u00e4 viikossa. Kes\u00e4kaudella toukokuusta lokakuun loppuun treenaamme&nbsp; tiistaisin ja perjantaisin. Mukaan tarvitset: oman juomapullon ja pallon (koko 3) sek\u00e4 liikunnalliset s\u00e4\u00e4nmukaiset vaatteet.<\/p>\n\n\n\n<p><strong>Kokeilu<\/strong><\/p>\n\n\n\n<p>Harjoituksiin voi tulla kokeilemaan muutaman viikon ajan veloituksetta. Ilmoita alla olevaan mailiin, kiinnostuksesi joukkueesta ja milloin olisit tulossa treenej\u00e4 kokeilemaan.&nbsp;&nbsp;<\/p>\n\n\n\n<p><strong>Liittyminen<\/strong><\/p>\n\n\n\n<p>Kun lopullinen p\u00e4\u00e4t\u00f6s joukkueeseen liittymiseen on tehty, laita asiasta viel\u00e4 uusi s\u00e4hk\u00f6postiviesti ja kirjaudu vasta sitten myclubiin.<\/p>\n\n\n\n<p><strong>Joukkueesta<\/strong><\/p>\n\n\n\n<p>Joukkueemme koostuu niin pidemp\u00e4\u00e4n mukana olleista ja ihan uusista pelaajista. Harjoituksissa ja peleiss\u00e4 pelaajat jaetaan taitotason mukaisiin ryhmiin. Tietoa joukkueen toiminnasta sek\u00e4 pelivaatteiden hankinnasta voit kysy\u00e4 my\u00f6s joukkueenjohtajilta.&nbsp;<\/p>\n\n\n\n<p>N\u00e4hd\u00e4\u00e4n kentill\u00e4!<\/p>\n\n\n\n<p>Joukkueenjohtajat: Annika ja Jonna&nbsp;<a href=\"mailto:gnistanp17@gmail.com\">gnistanp17@gmail.com<\/a><\/p>\n\n\n\n<p>Vastuuvalmentaja: Riku (Richard Tiberi)<\/p>","protected":false},"excerpt":{"rendered":"<p>TULE MUKAAN PELAAMAAN MEID\u00c4N JOUKKUEESEEN!&nbsp; Treenit P2017 harjoittelee kaksi p\u00e4iv\u00e4\u00e4 viikossa. Kes\u00e4kaudella toukokuusta lokakuun loppuun treenaamme&nbsp; tiistaisin ja perjantaisin. Mukaan tarvitset: oman juomapullon ja pallon (koko 3) sek\u00e4 liikunnalliset s\u00e4\u00e4nmukaiset vaatteet. Kokeilu Harjoituksiin voi tulla kokeilemaan muutaman viikon ajan veloituksetta. Ilmoita alla olevaan mailiin, kiinnostuksesi joukkueesta ja milloin olisit tulossa treenej\u00e4 kokeilemaan.&nbsp;&nbsp; Liittyminen Kun lopullinen [&hellip;]<\/p>\n","protected":false},"author":27,"featured_media":36703,"parent":0,"menu_order":0,"comment_status":"closed","ping_status":"closed","template":"","meta":{"_acf_changed":false,"footnotes":""},"class_list":["post-23400","page","type-page","status-publish","has-post-thumbnail","hentry"],"acf":[],"yoast_head":"<!-- This site is optimized with the Yoast SEO plugin v27.3 - https:\/\/yoast.com\/product\/yoast-seo-wordpress\/ -->\n<title>P2017 - IF Gnistan<\/title>\n<meta name=\"robots\" content=\"index, follow, max-snippet:-1, max-image-preview:large, max-video-preview:-1\" \/>\n<link rel=\"canonical\" href=\"https:\/\/gnistan.fi\/en\/p2017\/\" \/>\n<meta property=\"og:locale\" content=\"en_US\" \/>\n<meta property=\"og:type\" content=\"article\" \/>\n<meta property=\"og:title\" content=\"P2017 - IF Gnistan\" \/>\n<meta property=\"og:description\" content=\"TULE MUKAAN PELAAMAAN MEID\u00c4N JOUKKUEESEEN!&nbsp; Treenit P2017 harjoittelee kaksi p\u00e4iv\u00e4\u00e4 viikossa. Kes\u00e4kaudella toukokuusta lokakuun loppuun treenaamme&nbsp; tiistaisin ja perjantaisin. Mukaan tarvitset: oman juomapullon ja pallon (koko 3) sek\u00e4 liikunnalliset s\u00e4\u00e4nmukaiset vaatteet. Kokeilu Harjoituksiin voi tulla kokeilemaan muutaman viikon ajan veloituksetta. Ilmoita alla olevaan mailiin, kiinnostuksesi joukkueesta ja milloin olisit tulossa treenej\u00e4 kokeilemaan.&nbsp;&nbsp; Liittyminen Kun lopullinen [&hellip;]\" \/>\n<meta property=\"og:url\" content=\"https:\/\/gnistan.fi\/en\/p2017\/\" \/>\n<meta property=\"og:site_name\" content=\"IF Gnistan\" \/>\n<meta property=\"article:publisher\" content=\"https:\/\/facebook.com\/ifgnistan\" \/>\n<meta property=\"article:modified_time\" content=\"2026-01-20T10:25:30+00:00\" \/>\n<meta property=\"og:image\" content=\"https:\/\/gnistan.fi\/wp-content\/uploads\/2025\/06\/P2017-scaled.jpg\" \/>\n\t<meta property=\"og:image:width\" content=\"2560\" \/>\n\t<meta property=\"og:image:height\" content=\"1386\" \/>\n\t<meta property=\"og:image:type\" content=\"image\/jpeg\" \/>\n<meta name=\"twitter:card\" content=\"summary_large_image\" \/>\n<meta name=\"twitter:site\" content=\"@ifgnistan1924\" \/>\n<meta name=\"twitter:label1\" content=\"Est. reading time\" \/>\n\t<meta name=\"twitter:data1\" content=\"1 minute\" \/>\n<script type=\"application\/ld+json\" class=\"yoast-schema-graph\">{\"@context\":\"https:\\\/\\\/schema.org\",\"@graph\":[{\"@type\":\"WebPage\",\"@id\":\"https:\\\/\\\/gnistan.fi\\\/p2017\\\/\",\"url\":\"https:\\\/\\\/gnistan.fi\\\/p2017\\\/\",\"name\":\"P2017 - IF Gnistan\",\"isPartOf\":{\"@id\":\"https:\\\/\\\/gnistan.fi\\\/#website\"},\"primaryImageOfPage\":{\"@id\":\"https:\\\/\\\/gnistan.fi\\\/p2017\\\/#primaryimage\"},\"image\":{\"@id\":\"https:\\\/\\\/gnistan.fi\\\/p2017\\\/#primaryimage\"},\"thumbnailUrl\":\"https:\\\/\\\/gnistan.fi\\\/wp-content\\\/uploads\\\/2024\\\/11\\\/gnistan-default-featured-2024-c.webp\",\"datePublished\":\"2022-10-04T09:00:27+00:00\",\"dateModified\":\"2026-01-20T10:25:30+00:00\",\"breadcrumb\":{\"@id\":\"https:\\\/\\\/gnistan.fi\\\/p2017\\\/#breadcrumb\"},\"inLanguage\":\"en-US\",\"potentialAction\":[{\"@type\":\"ReadAction\",\"target\":[\"https:\\\/\\\/gnistan.fi\\\/p2017\\\/\"]}]},{\"@type\":\"ImageObject\",\"inLanguage\":\"en-US\",\"@id\":\"https:\\\/\\\/gnistan.fi\\\/p2017\\\/#primaryimage\",\"url\":\"https:\\\/\\\/gnistan.fi\\\/wp-content\\\/uploads\\\/2024\\\/11\\\/gnistan-default-featured-2024-c.webp\",\"contentUrl\":\"https:\\\/\\\/gnistan.fi\\\/wp-content\\\/uploads\\\/2024\\\/11\\\/gnistan-default-featured-2024-c.webp\",\"width\":1920,\"height\":1080},{\"@type\":\"BreadcrumbList\",\"@id\":\"https:\\\/\\\/gnistan.fi\\\/p2017\\\/#breadcrumb\",\"itemListElement\":[{\"@type\":\"ListItem\",\"position\":1,\"name\":\"Etusivu\",\"item\":\"https:\\\/\\\/gnistan.fi\\\/\"},{\"@type\":\"ListItem\",\"position\":2,\"name\":\"P2017\"}]},{\"@type\":\"WebSite\",\"@id\":\"https:\\\/\\\/gnistan.fi\\\/#website\",\"url\":\"https:\\\/\\\/gnistan.fi\\\/\",\"name\":\"IF Gnistan\",\"description\":\"Viralliset sivut\",\"publisher\":{\"@id\":\"https:\\\/\\\/gnistan.fi\\\/#organization\"},\"potentialAction\":[{\"@type\":\"SearchAction\",\"target\":{\"@type\":\"EntryPoint\",\"urlTemplate\":\"https:\\\/\\\/gnistan.fi\\\/?s={search_term_string}\"},\"query-input\":{\"@type\":\"PropertyValueSpecification\",\"valueRequired\":true,\"valueName\":\"search_term_string\"}}],\"inLanguage\":\"en-US\"},{\"@type\":\"Organization\",\"@id\":\"https:\\\/\\\/gnistan.fi\\\/#organization\",\"name\":\"IF Gnistan\",\"url\":\"https:\\\/\\\/gnistan.fi\\\/\",\"logo\":{\"@type\":\"ImageObject\",\"inLanguage\":\"en-US\",\"@id\":\"https:\\\/\\\/gnistan.fi\\\/#\\\/schema\\\/logo\\\/image\\\/\",\"url\":\"https:\\\/\\\/gnistan.fi\\\/wp-content\\\/uploads\\\/2019\\\/10\\\/if-gnistan-vector-logo.svg\",\"contentUrl\":\"https:\\\/\\\/gnistan.fi\\\/wp-content\\\/uploads\\\/2019\\\/10\\\/if-gnistan-vector-logo.svg\",\"width\":269,\"height\":314,\"caption\":\"IF Gnistan\"},\"image\":{\"@id\":\"https:\\\/\\\/gnistan.fi\\\/#\\\/schema\\\/logo\\\/image\\\/\"},\"sameAs\":[\"https:\\\/\\\/facebook.com\\\/ifgnistan\",\"https:\\\/\\\/x.com\\\/ifgnistan1924\",\"https:\\\/\\\/instagram.com\\\/ifgnistan1924\",\"https:\\\/\\\/www.linkedin.com\\\/company\\\/ifgnistan\\\/\"]}]}<\/script>\n<!-- \/ Yoast SEO plugin. -->","yoast_head_json":{"title":"P2017 - IF Gnistan","robots":{"index":"index","follow":"follow","max-snippet":"max-snippet:-1","max-image-preview":"max-image-preview:large","max-video-preview":"max-video-preview:-1"},"canonical":"https:\/\/gnistan.fi\/en\/p2017\/","og_locale":"en_US","og_type":"article","og_title":"P2017 - IF Gnistan","og_description":"TULE MUKAAN PELAAMAAN MEID\u00c4N JOUKKUEESEEN!&nbsp; Treenit P2017 harjoittelee kaksi p\u00e4iv\u00e4\u00e4 viikossa. Kes\u00e4kaudella toukokuusta lokakuun loppuun treenaamme&nbsp; tiistaisin ja perjantaisin. Mukaan tarvitset: oman juomapullon ja pallon (koko 3) sek\u00e4 liikunnalliset s\u00e4\u00e4nmukaiset vaatteet. Kokeilu Harjoituksiin voi tulla kokeilemaan muutaman viikon ajan veloituksetta. Ilmoita alla olevaan mailiin, kiinnostuksesi joukkueesta ja milloin olisit tulossa treenej\u00e4 kokeilemaan.&nbsp;&nbsp; Liittyminen Kun lopullinen [&hellip;]","og_url":"https:\/\/gnistan.fi\/en\/p2017\/","og_site_name":"IF Gnistan","article_publisher":"https:\/\/facebook.com\/ifgnistan","article_modified_time":"2026-01-20T10:25:30+00:00","og_image":[{"width":2560,"height":1386,"url":"https:\/\/gnistan.fi\/wp-content\/uploads\/2025\/06\/P2017-scaled.jpg","type":"image\/jpeg"}],"twitter_card":"summary_large_image","twitter_site":"@ifgnistan1924","twitter_misc":{"Est. reading time":"1 minute"},"schema":{"@context":"https:\/\/schema.org","@graph":[{"@type":"WebPage","@id":"https:\/\/gnistan.fi\/p2017\/","url":"https:\/\/gnistan.fi\/p2017\/","name":"P2017 - IF Gnistan","isPartOf":{"@id":"https:\/\/gnistan.fi\/#website"},"primaryImageOfPage":{"@id":"https:\/\/gnistan.fi\/p2017\/#primaryimage"},"image":{"@id":"https:\/\/gnistan.fi\/p2017\/#primaryimage"},"thumbnailUrl":"https:\/\/gnistan.fi\/wp-content\/uploads\/2024\/11\/gnistan-default-featured-2024-c.webp","datePublished":"2022-10-04T09:00:27+00:00","dateModified":"2026-01-20T10:25:30+00:00","breadcrumb":{"@id":"https:\/\/gnistan.fi\/p2017\/#breadcrumb"},"inLanguage":"en-US","potentialAction":[{"@type":"ReadAction","target":["https:\/\/gnistan.fi\/p2017\/"]}]},{"@type":"ImageObject","inLanguage":"en-US","@id":"https:\/\/gnistan.fi\/p2017\/#primaryimage","url":"https:\/\/gnistan.fi\/wp-content\/uploads\/2024\/11\/gnistan-default-featured-2024-c.webp","contentUrl":"https:\/\/gnistan.fi\/wp-content\/uploads\/2024\/11\/gnistan-default-featured-2024-c.webp","width":1920,"height":1080},{"@type":"BreadcrumbList","@id":"https:\/\/gnistan.fi\/p2017\/#breadcrumb","itemListElement":[{"@type":"ListItem","position":1,"name":"Etusivu","item":"https:\/\/gnistan.fi\/"},{"@type":"ListItem","position":2,"name":"P2017"}]},{"@type":"WebSite","@id":"https:\/\/gnistan.fi\/#website","url":"https:\/\/gnistan.fi\/","name":"IF Gnistan","description":"Viralliset sivut","publisher":{"@id":"https:\/\/gnistan.fi\/#organization"},"potentialAction":[{"@type":"SearchAction","target":{"@type":"EntryPoint","urlTemplate":"https:\/\/gnistan.fi\/?s={search_term_string}"},"query-input":{"@type":"PropertyValueSpecification","valueRequired":true,"valueName":"search_term_string"}}],"inLanguage":"en-US"},{"@type":"Organization","@id":"https:\/\/gnistan.fi\/#organization","name":"IF Gnistan","url":"https:\/\/gnistan.fi\/","logo":{"@type":"ImageObject","inLanguage":"en-US","@id":"https:\/\/gnistan.fi\/#\/schema\/logo\/image\/","url":"https:\/\/gnistan.fi\/wp-content\/uploads\/2019\/10\/if-gnistan-vector-logo.svg","contentUrl":"https:\/\/gnistan.fi\/wp-content\/uploads\/2019\/10\/if-gnistan-vector-logo.svg","width":269,"height":314,"caption":"IF Gnistan"},"image":{"@id":"https:\/\/gnistan.fi\/#\/schema\/logo\/image\/"},"sameAs":["https:\/\/facebook.com\/ifgnistan","https:\/\/x.com\/ifgnistan1924","https:\/\/instagram.com\/ifgnistan1924","https:\/\/www.linkedin.com\/company\/ifgnistan\/"]}]}},"jetpack_sharing_enabled":true,"_links":{"self":[{"href":"https:\/\/gnistan.fi\/en\/wp-json\/wp\/v2\/pages\/23400","targetHints":{"allow":["GET"]}}],"collection":[{"href":"https:\/\/gnistan.fi\/en\/wp-json\/wp\/v2\/pages"}],"about":[{"href":"https:\/\/gnistan.fi\/en\/wp-json\/wp\/v2\/types\/page"}],"author":[{"embeddable":true,"href":"https:\/\/gnistan.fi\/en\/wp-json\/wp\/v2\/users\/27"}],"replies":[{"embeddable":true,"href":"https:\/\/gnistan.fi\/en\/wp-json\/wp\/v2\/comments?post=23400"}],"version-history":[{"count":20,"href":"https:\/\/gnistan.fi\/en\/wp-json\/wp\/v2\/pages\/23400\/revisions"}],"predecessor-version":[{"id":40945,"href":"https:\/\/gnistan.fi\/en\/wp-json\/wp\/v2\/pages\/23400\/revisions\/40945"}],"wp:featuredmedia":[{"embeddable":true,"href":"https:\/\/gnistan.fi\/en\/wp-json\/wp\/v2\/media\/36703"}],"wp:attachment":[{"href":"https:\/\/gnistan.fi\/en\/wp-json\/wp\/v2\/media?parent=23400"}],"curies":[{"name":"wp","href":"https:\/\/api.w.org\/{rel}","templated":true}]}}