{"id":21788,"date":"2022-03-21T13:18:30","date_gmt":"2022-03-21T11:18:30","guid":{"rendered":"https:\/\/gnistan.fi\/?page_id=21788"},"modified":"2022-04-29T11:23:19","modified_gmt":"2022-04-29T08:23:19","slug":"rohkeiden-pelaajien-leiri","status":"publish","type":"page","link":"https:\/\/gnistan.fi\/en\/rohkeiden-pelaajien-leiri\/","title":{"rendered":"Rohkeiden pelaajien leiri"},"content":{"rendered":"<p>Gnistanin kes\u00e4n 2022 toinen kes\u00e4leiri on kes\u00e4kuun puoliv\u00e4liss\u00e4 j\u00e4rjestett\u00e4v\u00e4 rohkeiden pelaajien leiri. Rohkeus ja itseluottamus ovat t\u00e4rkeit\u00e4 ominaisuuksia jalkapalloilijalle, joka pyrkii kohti huippua. Rohkeiden pelaajien kasvattaminen on osa seuramme strategiaa, ja se onkin p\u00e4\u00e4teemana t\u00e4ll\u00e4 leirill\u00e4. Haluamme opettaa pelaajia johtamaan joukkuettaan esimerkiksi t\u00e4rkeill\u00e4 taklauksilla tai rohkealla pallon pelaamisella eteenp\u00e4in. Opetamme pelaajia pelaamaan paineen alla sek\u00e4 k\u00e4ytt\u00e4m\u00e4\u00e4n ennakkoluulottomasti ja oikea-aikaisesti kikkoja, taitoja ja harhautuksia. T\u00e4ll\u00e4 leirill\u00e4 pelaajat p\u00e4\u00e4sev\u00e4t kokeilemaan monia uusia asioita ja harjoittelemaan kasvamista joukkueensa johtavaksi pelaajaksi.<\/p>\n\n\n\n<p>Muistathan, ett\u00e4 t\u00e4ll\u00e4k\u00e4\u00e4n leirill\u00e4 ei mainittuja ominaisuuksia valmiiksi tarvitse, vaan tarkoituksena on juurikin oppia niit\u00e4 leiriviikon aikana! Ja tietysti tarkoituksena on my\u00f6s pit\u00e4\u00e4 hauskaa vanhojen ja uusien pelikavereiden kanssa ja nauttia kes\u00e4p\u00e4ivist\u00e4 jalkapallon parissa!<\/p>\n\n\n\n<p>Kenelle: kaikille 2009-2015 syntyneille jalkapallon harrastajille<\/p>\n\n\n\n<p>Milloin: 13.6.-17.6.2022 &#8211; p\u00e4ivitt\u00e4in kello 9.00 \u2013 14.30<\/p>\n\n\n\n<p>Miss\u00e4: Mustapekka Areena, Oulunkyl\u00e4<\/p>\n\n\n\n<p>Hinta: 135e (sis. laadukkaat harjoitukset koulutettujen valmentajiemme johdolla ja p\u00e4ivitt\u00e4isen lounaan)<\/p>\n\n\n\n<p>Mukaan: tavalliset s\u00e4\u00e4n mukaiset jalkapalloharjoitteluvarusteet, juomapullo sek\u00e4 pient\u00e4 ev\u00e4st\u00e4 mielen mukaan<\/p>\n\n\n\n<p><strong><a href=\"https:\/\/forms.gle\/n7AXBLPgx39oZyLB8\" data-type=\"URL\" data-id=\"https:\/\/forms.gle\/n7AXBLPgx39oZyLB8\">Ilmoittaudu mukaan leirille t\u00e4st\u00e4 linkist\u00e4!<\/a><\/strong><\/p>\n\n\n\n<p>Kysymyksiin aiheesta vastaa Niclas Nortemo, 044 922 0481 niclas.nortemo@gnistan.fi<\/p>","protected":false},"excerpt":{"rendered":"<p>Gnistanin kes\u00e4n 2022 toinen kes\u00e4leiri on kes\u00e4kuun puoliv\u00e4liss\u00e4 j\u00e4rjestett\u00e4v\u00e4 rohkeiden pelaajien leiri. Rohkeus ja itseluottamus ovat t\u00e4rkeit\u00e4 ominaisuuksia jalkapalloilijalle, joka pyrkii kohti huippua. Rohkeiden pelaajien kasvattaminen on osa seuramme strategiaa, ja se onkin p\u00e4\u00e4teemana t\u00e4ll\u00e4 leirill\u00e4. Haluamme opettaa pelaajia johtamaan joukkuettaan esimerkiksi t\u00e4rkeill\u00e4 taklauksilla tai rohkealla pallon pelaamisella eteenp\u00e4in. Opetamme pelaajia pelaamaan paineen alla sek\u00e4 [&hellip;]<\/p>\n","protected":false},"author":8,"featured_media":36703,"parent":0,"menu_order":0,"comment_status":"closed","ping_status":"closed","template":"","meta":{"_acf_changed":false,"footnotes":""},"class_list":["post-21788","page","type-page","status-publish","has-post-thumbnail","hentry"],"acf":[],"yoast_head":"<!-- This site is optimized with the Yoast SEO plugin v27.4 - https:\/\/yoast.com\/product\/yoast-seo-wordpress\/ -->\n<title>Rohkeiden pelaajien leiri - IF Gnistan<\/title>\n<meta name=\"robots\" content=\"index, follow, max-snippet:-1, max-image-preview:large, max-video-preview:-1\" \/>\n<link rel=\"canonical\" href=\"https:\/\/gnistan.fi\/en\/rohkeiden-pelaajien-leiri\/\" \/>\n<meta property=\"og:locale\" content=\"en_US\" \/>\n<meta property=\"og:type\" content=\"article\" \/>\n<meta property=\"og:title\" content=\"Rohkeiden pelaajien leiri - IF Gnistan\" \/>\n<meta property=\"og:description\" content=\"Gnistanin kes\u00e4n 2022 toinen kes\u00e4leiri on kes\u00e4kuun puoliv\u00e4liss\u00e4 j\u00e4rjestett\u00e4v\u00e4 rohkeiden pelaajien leiri. Rohkeus ja itseluottamus ovat t\u00e4rkeit\u00e4 ominaisuuksia jalkapalloilijalle, joka pyrkii kohti huippua. Rohkeiden pelaajien kasvattaminen on osa seuramme strategiaa, ja se onkin p\u00e4\u00e4teemana t\u00e4ll\u00e4 leirill\u00e4. Haluamme opettaa pelaajia johtamaan joukkuettaan esimerkiksi t\u00e4rkeill\u00e4 taklauksilla tai rohkealla pallon pelaamisella eteenp\u00e4in. Opetamme pelaajia pelaamaan paineen alla sek\u00e4 [&hellip;]\" \/>\n<meta property=\"og:url\" content=\"https:\/\/gnistan.fi\/en\/rohkeiden-pelaajien-leiri\/\" \/>\n<meta property=\"og:site_name\" content=\"IF Gnistan\" \/>\n<meta property=\"article:publisher\" content=\"https:\/\/facebook.com\/ifgnistan\" \/>\n<meta property=\"article:modified_time\" content=\"2022-04-29T08:23:19+00:00\" \/>\n<meta property=\"og:image\" content=\"https:\/\/gnistan.fi\/wp-content\/uploads\/2024\/11\/gnistan-default-featured-2024-c.webp\" \/>\n\t<meta property=\"og:image:width\" content=\"1920\" \/>\n\t<meta property=\"og:image:height\" content=\"1080\" \/>\n\t<meta property=\"og:image:type\" content=\"image\/webp\" \/>\n<meta name=\"twitter:card\" content=\"summary_large_image\" \/>\n<meta name=\"twitter:site\" content=\"@ifgnistan1924\" \/>\n<meta name=\"twitter:label1\" content=\"Est. reading time\" \/>\n\t<meta name=\"twitter:data1\" content=\"1 minute\" \/>\n<script type=\"application\/ld+json\" class=\"yoast-schema-graph\">{\"@context\":\"https:\\\/\\\/schema.org\",\"@graph\":[{\"@type\":\"WebPage\",\"@id\":\"https:\\\/\\\/gnistan.fi\\\/rohkeiden-pelaajien-leiri\\\/\",\"url\":\"https:\\\/\\\/gnistan.fi\\\/rohkeiden-pelaajien-leiri\\\/\",\"name\":\"Rohkeiden pelaajien leiri - IF Gnistan\",\"isPartOf\":{\"@id\":\"https:\\\/\\\/gnistan.fi\\\/#website\"},\"primaryImageOfPage\":{\"@id\":\"https:\\\/\\\/gnistan.fi\\\/rohkeiden-pelaajien-leiri\\\/#primaryimage\"},\"image\":{\"@id\":\"https:\\\/\\\/gnistan.fi\\\/rohkeiden-pelaajien-leiri\\\/#primaryimage\"},\"thumbnailUrl\":\"https:\\\/\\\/gnistan.fi\\\/wp-content\\\/uploads\\\/2024\\\/11\\\/gnistan-default-featured-2024-c.webp\",\"datePublished\":\"2022-03-21T11:18:30+00:00\",\"dateModified\":\"2022-04-29T08:23:19+00:00\",\"breadcrumb\":{\"@id\":\"https:\\\/\\\/gnistan.fi\\\/rohkeiden-pelaajien-leiri\\\/#breadcrumb\"},\"inLanguage\":\"en-US\",\"potentialAction\":[{\"@type\":\"ReadAction\",\"target\":[\"https:\\\/\\\/gnistan.fi\\\/rohkeiden-pelaajien-leiri\\\/\"]}]},{\"@type\":\"ImageObject\",\"inLanguage\":\"en-US\",\"@id\":\"https:\\\/\\\/gnistan.fi\\\/rohkeiden-pelaajien-leiri\\\/#primaryimage\",\"url\":\"https:\\\/\\\/gnistan.fi\\\/wp-content\\\/uploads\\\/2024\\\/11\\\/gnistan-default-featured-2024-c.webp\",\"contentUrl\":\"https:\\\/\\\/gnistan.fi\\\/wp-content\\\/uploads\\\/2024\\\/11\\\/gnistan-default-featured-2024-c.webp\",\"width\":1920,\"height\":1080},{\"@type\":\"BreadcrumbList\",\"@id\":\"https:\\\/\\\/gnistan.fi\\\/rohkeiden-pelaajien-leiri\\\/#breadcrumb\",\"itemListElement\":[{\"@type\":\"ListItem\",\"position\":1,\"name\":\"Etusivu\",\"item\":\"https:\\\/\\\/gnistan.fi\\\/\"},{\"@type\":\"ListItem\",\"position\":2,\"name\":\"Rohkeiden pelaajien leiri\"}]},{\"@type\":\"WebSite\",\"@id\":\"https:\\\/\\\/gnistan.fi\\\/#website\",\"url\":\"https:\\\/\\\/gnistan.fi\\\/\",\"name\":\"IF Gnistan\",\"description\":\"Viralliset sivut\",\"publisher\":{\"@id\":\"https:\\\/\\\/gnistan.fi\\\/#organization\"},\"potentialAction\":[{\"@type\":\"SearchAction\",\"target\":{\"@type\":\"EntryPoint\",\"urlTemplate\":\"https:\\\/\\\/gnistan.fi\\\/?s={search_term_string}\"},\"query-input\":{\"@type\":\"PropertyValueSpecification\",\"valueRequired\":true,\"valueName\":\"search_term_string\"}}],\"inLanguage\":\"en-US\"},{\"@type\":\"Organization\",\"@id\":\"https:\\\/\\\/gnistan.fi\\\/#organization\",\"name\":\"IF Gnistan\",\"url\":\"https:\\\/\\\/gnistan.fi\\\/\",\"logo\":{\"@type\":\"ImageObject\",\"inLanguage\":\"en-US\",\"@id\":\"https:\\\/\\\/gnistan.fi\\\/#\\\/schema\\\/logo\\\/image\\\/\",\"url\":\"https:\\\/\\\/gnistan.fi\\\/wp-content\\\/uploads\\\/2019\\\/10\\\/if-gnistan-vector-logo.svg\",\"contentUrl\":\"https:\\\/\\\/gnistan.fi\\\/wp-content\\\/uploads\\\/2019\\\/10\\\/if-gnistan-vector-logo.svg\",\"width\":269,\"height\":314,\"caption\":\"IF Gnistan\"},\"image\":{\"@id\":\"https:\\\/\\\/gnistan.fi\\\/#\\\/schema\\\/logo\\\/image\\\/\"},\"sameAs\":[\"https:\\\/\\\/facebook.com\\\/ifgnistan\",\"https:\\\/\\\/x.com\\\/ifgnistan1924\",\"https:\\\/\\\/instagram.com\\\/ifgnistan1924\",\"https:\\\/\\\/www.linkedin.com\\\/company\\\/ifgnistan\\\/\"]}]}<\/script>\n<!-- \/ Yoast SEO plugin. -->","yoast_head_json":{"title":"Rohkeiden pelaajien leiri - IF Gnistan","robots":{"index":"index","follow":"follow","max-snippet":"max-snippet:-1","max-image-preview":"max-image-preview:large","max-video-preview":"max-video-preview:-1"},"canonical":"https:\/\/gnistan.fi\/en\/rohkeiden-pelaajien-leiri\/","og_locale":"en_US","og_type":"article","og_title":"Rohkeiden pelaajien leiri - IF Gnistan","og_description":"Gnistanin kes\u00e4n 2022 toinen kes\u00e4leiri on kes\u00e4kuun puoliv\u00e4liss\u00e4 j\u00e4rjestett\u00e4v\u00e4 rohkeiden pelaajien leiri. Rohkeus ja itseluottamus ovat t\u00e4rkeit\u00e4 ominaisuuksia jalkapalloilijalle, joka pyrkii kohti huippua. Rohkeiden pelaajien kasvattaminen on osa seuramme strategiaa, ja se onkin p\u00e4\u00e4teemana t\u00e4ll\u00e4 leirill\u00e4. Haluamme opettaa pelaajia johtamaan joukkuettaan esimerkiksi t\u00e4rkeill\u00e4 taklauksilla tai rohkealla pallon pelaamisella eteenp\u00e4in. Opetamme pelaajia pelaamaan paineen alla sek\u00e4 [&hellip;]","og_url":"https:\/\/gnistan.fi\/en\/rohkeiden-pelaajien-leiri\/","og_site_name":"IF Gnistan","article_publisher":"https:\/\/facebook.com\/ifgnistan","article_modified_time":"2022-04-29T08:23:19+00:00","og_image":[{"width":1920,"height":1080,"url":"https:\/\/gnistan.fi\/wp-content\/uploads\/2024\/11\/gnistan-default-featured-2024-c.webp","type":"image\/webp"}],"twitter_card":"summary_large_image","twitter_site":"@ifgnistan1924","twitter_misc":{"Est. reading time":"1 minute"},"schema":{"@context":"https:\/\/schema.org","@graph":[{"@type":"WebPage","@id":"https:\/\/gnistan.fi\/rohkeiden-pelaajien-leiri\/","url":"https:\/\/gnistan.fi\/rohkeiden-pelaajien-leiri\/","name":"Rohkeiden pelaajien leiri - IF Gnistan","isPartOf":{"@id":"https:\/\/gnistan.fi\/#website"},"primaryImageOfPage":{"@id":"https:\/\/gnistan.fi\/rohkeiden-pelaajien-leiri\/#primaryimage"},"image":{"@id":"https:\/\/gnistan.fi\/rohkeiden-pelaajien-leiri\/#primaryimage"},"thumbnailUrl":"https:\/\/gnistan.fi\/wp-content\/uploads\/2024\/11\/gnistan-default-featured-2024-c.webp","datePublished":"2022-03-21T11:18:30+00:00","dateModified":"2022-04-29T08:23:19+00:00","breadcrumb":{"@id":"https:\/\/gnistan.fi\/rohkeiden-pelaajien-leiri\/#breadcrumb"},"inLanguage":"en-US","potentialAction":[{"@type":"ReadAction","target":["https:\/\/gnistan.fi\/rohkeiden-pelaajien-leiri\/"]}]},{"@type":"ImageObject","inLanguage":"en-US","@id":"https:\/\/gnistan.fi\/rohkeiden-pelaajien-leiri\/#primaryimage","url":"https:\/\/gnistan.fi\/wp-content\/uploads\/2024\/11\/gnistan-default-featured-2024-c.webp","contentUrl":"https:\/\/gnistan.fi\/wp-content\/uploads\/2024\/11\/gnistan-default-featured-2024-c.webp","width":1920,"height":1080},{"@type":"BreadcrumbList","@id":"https:\/\/gnistan.fi\/rohkeiden-pelaajien-leiri\/#breadcrumb","itemListElement":[{"@type":"ListItem","position":1,"name":"Etusivu","item":"https:\/\/gnistan.fi\/"},{"@type":"ListItem","position":2,"name":"Rohkeiden pelaajien leiri"}]},{"@type":"WebSite","@id":"https:\/\/gnistan.fi\/#website","url":"https:\/\/gnistan.fi\/","name":"IF Gnistan","description":"Viralliset sivut","publisher":{"@id":"https:\/\/gnistan.fi\/#organization"},"potentialAction":[{"@type":"SearchAction","target":{"@type":"EntryPoint","urlTemplate":"https:\/\/gnistan.fi\/?s={search_term_string}"},"query-input":{"@type":"PropertyValueSpecification","valueRequired":true,"valueName":"search_term_string"}}],"inLanguage":"en-US"},{"@type":"Organization","@id":"https:\/\/gnistan.fi\/#organization","name":"IF Gnistan","url":"https:\/\/gnistan.fi\/","logo":{"@type":"ImageObject","inLanguage":"en-US","@id":"https:\/\/gnistan.fi\/#\/schema\/logo\/image\/","url":"https:\/\/gnistan.fi\/wp-content\/uploads\/2019\/10\/if-gnistan-vector-logo.svg","contentUrl":"https:\/\/gnistan.fi\/wp-content\/uploads\/2019\/10\/if-gnistan-vector-logo.svg","width":269,"height":314,"caption":"IF Gnistan"},"image":{"@id":"https:\/\/gnistan.fi\/#\/schema\/logo\/image\/"},"sameAs":["https:\/\/facebook.com\/ifgnistan","https:\/\/x.com\/ifgnistan1924","https:\/\/instagram.com\/ifgnistan1924","https:\/\/www.linkedin.com\/company\/ifgnistan\/"]}]}},"jetpack_sharing_enabled":true,"_links":{"self":[{"href":"https:\/\/gnistan.fi\/en\/wp-json\/wp\/v2\/pages\/21788","targetHints":{"allow":["GET"]}}],"collection":[{"href":"https:\/\/gnistan.fi\/en\/wp-json\/wp\/v2\/pages"}],"about":[{"href":"https:\/\/gnistan.fi\/en\/wp-json\/wp\/v2\/types\/page"}],"author":[{"embeddable":true,"href":"https:\/\/gnistan.fi\/en\/wp-json\/wp\/v2\/users\/8"}],"replies":[{"embeddable":true,"href":"https:\/\/gnistan.fi\/en\/wp-json\/wp\/v2\/comments?post=21788"}],"version-history":[{"count":2,"href":"https:\/\/gnistan.fi\/en\/wp-json\/wp\/v2\/pages\/21788\/revisions"}],"predecessor-version":[{"id":22270,"href":"https:\/\/gnistan.fi\/en\/wp-json\/wp\/v2\/pages\/21788\/revisions\/22270"}],"wp:featuredmedia":[{"embeddable":true,"href":"https:\/\/gnistan.fi\/en\/wp-json\/wp\/v2\/media\/36703"}],"wp:attachment":[{"href":"https:\/\/gnistan.fi\/en\/wp-json\/wp\/v2\/media?parent=21788"}],"curies":[{"name":"wp","href":"https:\/\/api.w.org\/{rel}","templated":true}]}}