{"id":21628,"date":"2022-02-28T11:45:50","date_gmt":"2022-02-28T09:45:50","guid":{"rendered":"https:\/\/gnistan.fi\/?page_id=21628"},"modified":"2025-01-31T17:17:30","modified_gmt":"2025-01-31T15:17:30","slug":"leirit-kerhot","status":"publish","type":"page","link":"https:\/\/gnistan.fi\/en\/leirit-kerhot\/","title":{"rendered":"Camps, clubs and football schools"},"content":{"rendered":"<p>IF Gnistan regularly organises camps, clubs and schools for people of all ages! Click a heading below to read more.<\/p>\n\n\n\n<h4 class=\"wp-block-heading\">KIDS<\/h4>\n\n\n\n<p><a href=\"https:\/\/gnistan.fi\/en\/perhefutis\/\">Family football<\/a><\/p>\n\n\n\n<p><a href=\"https:\/\/gnistan.fi\/en\/futiskerho\/\" data-type=\"URL\" data-id=\"https:\/\/gnistan.fi\/futiskerho\/\">Football club<\/a><\/p>\n\n\n\n<p><a href=\"https:\/\/gnistan.fi\/en\/iltapaivakerho\/\">Afternoon club - IF Gnistan<\/a><\/p>\n\n\n\n<p><a href=\"https:\/\/gnistan.fi\/en\/kesaleirit\/\">Kes\u00e4n leirit<\/a><\/p>\n\n\n\n<h4 class=\"wp-block-heading\">ADULTS<\/h4>\n\n\n\n<p><a href=\"https:\/\/gnistan.fi\/en\/football-fitness-kuntofutis\/\">FOOTBALL FITNESS - IF Gnistan<\/a><\/p>\n\n\n\n<p><\/p>\n\n\n\n<p><\/p>\n\n\n\n<p class=\"has-white-color has-text-color\" style=\"font-style:normal;font-weight:100\">Leirit Kerho ilt\u00e4p\u00e4iv\u00e4kerho jalkapallokoulu Perhefutis kes\u00e4leirit<\/p>","protected":false},"excerpt":{"rendered":"<p>IF Gnistan j\u00e4rjest\u00e4\u00e4 jatkuvasti monenlaisia leirej\u00e4, kerhoja ja kouluja kaikenik\u00e4isille ihmisille! Lue lis\u00e4\u00e4 klikkaamalla haluamaasi otsikkoa alapuolelta. LAPSET \/ BARN \/ KIDS Perhefutis Futiskerho Iltap\u00e4iv\u00e4kerho \u2013 IF Gnistan Kes\u00e4n leirit AIKUISET \/ VUXNA \/ ADULTS FOOTBALL FITNESS KUNTOFUTIS \u2013 IF Gnistan Leirit Kerho ilt\u00e4p\u00e4iv\u00e4kerho jalkapallokoulu Perhefutis kes\u00e4leirit<\/p>","protected":false},"author":8,"featured_media":36703,"parent":0,"menu_order":0,"comment_status":"closed","ping_status":"closed","template":"","meta":{"_acf_changed":false,"footnotes":""},"class_list":["post-21628","page","type-page","status-publish","has-post-thumbnail","hentry"],"acf":[],"yoast_head":"<!-- This site is optimized with the Yoast SEO plugin v27.3 - https:\/\/yoast.com\/product\/yoast-seo-wordpress\/ -->\n<title>Leirit, kerhot ja jalkapallokoulut - IF Gnistan<\/title>\n<meta name=\"robots\" content=\"index, follow, max-snippet:-1, max-image-preview:large, max-video-preview:-1\" \/>\n<link rel=\"canonical\" href=\"https:\/\/gnistan.fi\/en\/leirit-kerhot\/\" \/>\n<meta property=\"og:locale\" content=\"en_US\" \/>\n<meta property=\"og:type\" content=\"article\" \/>\n<meta property=\"og:title\" content=\"Leirit, kerhot ja jalkapallokoulut - IF Gnistan\" \/>\n<meta property=\"og:description\" content=\"IF Gnistan j\u00e4rjest\u00e4\u00e4 jatkuvasti monenlaisia leirej\u00e4, kerhoja ja kouluja kaikenik\u00e4isille ihmisille! Lue lis\u00e4\u00e4 klikkaamalla haluamaasi otsikkoa alapuolelta. LAPSET \/ BARN \/ KIDS Perhefutis Futiskerho Iltap\u00e4iv\u00e4kerho \u2013 IF Gnistan Kes\u00e4n leirit AIKUISET \/ VUXNA \/ ADULTS FOOTBALL FITNESS KUNTOFUTIS \u2013 IF Gnistan Leirit Kerho ilt\u00e4p\u00e4iv\u00e4kerho jalkapallokoulu Perhefutis kes\u00e4leirit\" \/>\n<meta property=\"og:url\" content=\"https:\/\/gnistan.fi\/en\/leirit-kerhot\/\" \/>\n<meta property=\"og:site_name\" content=\"IF Gnistan\" \/>\n<meta property=\"article:publisher\" content=\"https:\/\/facebook.com\/ifgnistan\" \/>\n<meta property=\"article:modified_time\" content=\"2025-01-31T15:17:30+00:00\" \/>\n<meta property=\"og:image\" content=\"https:\/\/gnistan.fi\/wp-content\/uploads\/2024\/11\/gnistan-default-featured-2024-c.webp\" \/>\n\t<meta property=\"og:image:width\" content=\"1920\" \/>\n\t<meta property=\"og:image:height\" content=\"1080\" \/>\n\t<meta property=\"og:image:type\" content=\"image\/webp\" \/>\n<meta name=\"twitter:card\" content=\"summary_large_image\" \/>\n<meta name=\"twitter:site\" content=\"@ifgnistan1924\" \/>\n<script type=\"application\/ld+json\" class=\"yoast-schema-graph\">{\"@context\":\"https:\\\/\\\/schema.org\",\"@graph\":[{\"@type\":\"WebPage\",\"@id\":\"https:\\\/\\\/gnistan.fi\\\/leirit-kerhot\\\/\",\"url\":\"https:\\\/\\\/gnistan.fi\\\/leirit-kerhot\\\/\",\"name\":\"Leirit, kerhot ja jalkapallokoulut - IF Gnistan\",\"isPartOf\":{\"@id\":\"https:\\\/\\\/gnistan.fi\\\/#website\"},\"primaryImageOfPage\":{\"@id\":\"https:\\\/\\\/gnistan.fi\\\/leirit-kerhot\\\/#primaryimage\"},\"image\":{\"@id\":\"https:\\\/\\\/gnistan.fi\\\/leirit-kerhot\\\/#primaryimage\"},\"thumbnailUrl\":\"https:\\\/\\\/gnistan.fi\\\/wp-content\\\/uploads\\\/2024\\\/11\\\/gnistan-default-featured-2024-c.webp\",\"datePublished\":\"2022-02-28T09:45:50+00:00\",\"dateModified\":\"2025-01-31T15:17:30+00:00\",\"breadcrumb\":{\"@id\":\"https:\\\/\\\/gnistan.fi\\\/leirit-kerhot\\\/#breadcrumb\"},\"inLanguage\":\"en-US\",\"potentialAction\":[{\"@type\":\"ReadAction\",\"target\":[\"https:\\\/\\\/gnistan.fi\\\/leirit-kerhot\\\/\"]}]},{\"@type\":\"ImageObject\",\"inLanguage\":\"en-US\",\"@id\":\"https:\\\/\\\/gnistan.fi\\\/leirit-kerhot\\\/#primaryimage\",\"url\":\"https:\\\/\\\/gnistan.fi\\\/wp-content\\\/uploads\\\/2024\\\/11\\\/gnistan-default-featured-2024-c.webp\",\"contentUrl\":\"https:\\\/\\\/gnistan.fi\\\/wp-content\\\/uploads\\\/2024\\\/11\\\/gnistan-default-featured-2024-c.webp\",\"width\":1920,\"height\":1080},{\"@type\":\"BreadcrumbList\",\"@id\":\"https:\\\/\\\/gnistan.fi\\\/leirit-kerhot\\\/#breadcrumb\",\"itemListElement\":[{\"@type\":\"ListItem\",\"position\":1,\"name\":\"Etusivu\",\"item\":\"https:\\\/\\\/gnistan.fi\\\/\"},{\"@type\":\"ListItem\",\"position\":2,\"name\":\"Leirit, kerhot ja jalkapallokoulut\"}]},{\"@type\":\"WebSite\",\"@id\":\"https:\\\/\\\/gnistan.fi\\\/#website\",\"url\":\"https:\\\/\\\/gnistan.fi\\\/\",\"name\":\"IF Gnistan\",\"description\":\"Viralliset sivut\",\"publisher\":{\"@id\":\"https:\\\/\\\/gnistan.fi\\\/#organization\"},\"potentialAction\":[{\"@type\":\"SearchAction\",\"target\":{\"@type\":\"EntryPoint\",\"urlTemplate\":\"https:\\\/\\\/gnistan.fi\\\/?s={search_term_string}\"},\"query-input\":{\"@type\":\"PropertyValueSpecification\",\"valueRequired\":true,\"valueName\":\"search_term_string\"}}],\"inLanguage\":\"en-US\"},{\"@type\":\"Organization\",\"@id\":\"https:\\\/\\\/gnistan.fi\\\/#organization\",\"name\":\"IF Gnistan\",\"url\":\"https:\\\/\\\/gnistan.fi\\\/\",\"logo\":{\"@type\":\"ImageObject\",\"inLanguage\":\"en-US\",\"@id\":\"https:\\\/\\\/gnistan.fi\\\/#\\\/schema\\\/logo\\\/image\\\/\",\"url\":\"https:\\\/\\\/gnistan.fi\\\/wp-content\\\/uploads\\\/2019\\\/10\\\/if-gnistan-vector-logo.svg\",\"contentUrl\":\"https:\\\/\\\/gnistan.fi\\\/wp-content\\\/uploads\\\/2019\\\/10\\\/if-gnistan-vector-logo.svg\",\"width\":269,\"height\":314,\"caption\":\"IF Gnistan\"},\"image\":{\"@id\":\"https:\\\/\\\/gnistan.fi\\\/#\\\/schema\\\/logo\\\/image\\\/\"},\"sameAs\":[\"https:\\\/\\\/facebook.com\\\/ifgnistan\",\"https:\\\/\\\/x.com\\\/ifgnistan1924\",\"https:\\\/\\\/instagram.com\\\/ifgnistan1924\",\"https:\\\/\\\/www.linkedin.com\\\/company\\\/ifgnistan\\\/\"]}]}<\/script>\n<!-- \/ Yoast SEO plugin. -->","yoast_head_json":{"title":"Leirit, kerhot ja jalkapallokoulut - IF Gnistan","robots":{"index":"index","follow":"follow","max-snippet":"max-snippet:-1","max-image-preview":"max-image-preview:large","max-video-preview":"max-video-preview:-1"},"canonical":"https:\/\/gnistan.fi\/en\/leirit-kerhot\/","og_locale":"en_US","og_type":"article","og_title":"Leirit, kerhot ja jalkapallokoulut - IF Gnistan","og_description":"IF Gnistan j\u00e4rjest\u00e4\u00e4 jatkuvasti monenlaisia leirej\u00e4, kerhoja ja kouluja kaikenik\u00e4isille ihmisille! Lue lis\u00e4\u00e4 klikkaamalla haluamaasi otsikkoa alapuolelta. LAPSET \/ BARN \/ KIDS Perhefutis Futiskerho Iltap\u00e4iv\u00e4kerho \u2013 IF Gnistan Kes\u00e4n leirit AIKUISET \/ VUXNA \/ ADULTS FOOTBALL FITNESS KUNTOFUTIS \u2013 IF Gnistan Leirit Kerho ilt\u00e4p\u00e4iv\u00e4kerho jalkapallokoulu Perhefutis kes\u00e4leirit","og_url":"https:\/\/gnistan.fi\/en\/leirit-kerhot\/","og_site_name":"IF Gnistan","article_publisher":"https:\/\/facebook.com\/ifgnistan","article_modified_time":"2025-01-31T15:17:30+00:00","og_image":[{"width":1920,"height":1080,"url":"https:\/\/gnistan.fi\/wp-content\/uploads\/2024\/11\/gnistan-default-featured-2024-c.webp","type":"image\/webp"}],"twitter_card":"summary_large_image","twitter_site":"@ifgnistan1924","schema":{"@context":"https:\/\/schema.org","@graph":[{"@type":"WebPage","@id":"https:\/\/gnistan.fi\/leirit-kerhot\/","url":"https:\/\/gnistan.fi\/leirit-kerhot\/","name":"Leirit, kerhot ja jalkapallokoulut - IF Gnistan","isPartOf":{"@id":"https:\/\/gnistan.fi\/#website"},"primaryImageOfPage":{"@id":"https:\/\/gnistan.fi\/leirit-kerhot\/#primaryimage"},"image":{"@id":"https:\/\/gnistan.fi\/leirit-kerhot\/#primaryimage"},"thumbnailUrl":"https:\/\/gnistan.fi\/wp-content\/uploads\/2024\/11\/gnistan-default-featured-2024-c.webp","datePublished":"2022-02-28T09:45:50+00:00","dateModified":"2025-01-31T15:17:30+00:00","breadcrumb":{"@id":"https:\/\/gnistan.fi\/leirit-kerhot\/#breadcrumb"},"inLanguage":"en-US","potentialAction":[{"@type":"ReadAction","target":["https:\/\/gnistan.fi\/leirit-kerhot\/"]}]},{"@type":"ImageObject","inLanguage":"en-US","@id":"https:\/\/gnistan.fi\/leirit-kerhot\/#primaryimage","url":"https:\/\/gnistan.fi\/wp-content\/uploads\/2024\/11\/gnistan-default-featured-2024-c.webp","contentUrl":"https:\/\/gnistan.fi\/wp-content\/uploads\/2024\/11\/gnistan-default-featured-2024-c.webp","width":1920,"height":1080},{"@type":"BreadcrumbList","@id":"https:\/\/gnistan.fi\/leirit-kerhot\/#breadcrumb","itemListElement":[{"@type":"ListItem","position":1,"name":"Etusivu","item":"https:\/\/gnistan.fi\/"},{"@type":"ListItem","position":2,"name":"Leirit, kerhot ja jalkapallokoulut"}]},{"@type":"WebSite","@id":"https:\/\/gnistan.fi\/#website","url":"https:\/\/gnistan.fi\/","name":"IF Gnistan","description":"Viralliset sivut","publisher":{"@id":"https:\/\/gnistan.fi\/#organization"},"potentialAction":[{"@type":"SearchAction","target":{"@type":"EntryPoint","urlTemplate":"https:\/\/gnistan.fi\/?s={search_term_string}"},"query-input":{"@type":"PropertyValueSpecification","valueRequired":true,"valueName":"search_term_string"}}],"inLanguage":"en-US"},{"@type":"Organization","@id":"https:\/\/gnistan.fi\/#organization","name":"IF Gnistan","url":"https:\/\/gnistan.fi\/","logo":{"@type":"ImageObject","inLanguage":"en-US","@id":"https:\/\/gnistan.fi\/#\/schema\/logo\/image\/","url":"https:\/\/gnistan.fi\/wp-content\/uploads\/2019\/10\/if-gnistan-vector-logo.svg","contentUrl":"https:\/\/gnistan.fi\/wp-content\/uploads\/2019\/10\/if-gnistan-vector-logo.svg","width":269,"height":314,"caption":"IF Gnistan"},"image":{"@id":"https:\/\/gnistan.fi\/#\/schema\/logo\/image\/"},"sameAs":["https:\/\/facebook.com\/ifgnistan","https:\/\/x.com\/ifgnistan1924","https:\/\/instagram.com\/ifgnistan1924","https:\/\/www.linkedin.com\/company\/ifgnistan\/"]}]}},"jetpack_sharing_enabled":true,"_links":{"self":[{"href":"https:\/\/gnistan.fi\/en\/wp-json\/wp\/v2\/pages\/21628","targetHints":{"allow":["GET"]}}],"collection":[{"href":"https:\/\/gnistan.fi\/en\/wp-json\/wp\/v2\/pages"}],"about":[{"href":"https:\/\/gnistan.fi\/en\/wp-json\/wp\/v2\/types\/page"}],"author":[{"embeddable":true,"href":"https:\/\/gnistan.fi\/en\/wp-json\/wp\/v2\/users\/8"}],"replies":[{"embeddable":true,"href":"https:\/\/gnistan.fi\/en\/wp-json\/wp\/v2\/comments?post=21628"}],"version-history":[{"count":17,"href":"https:\/\/gnistan.fi\/en\/wp-json\/wp\/v2\/pages\/21628\/revisions"}],"predecessor-version":[{"id":38342,"href":"https:\/\/gnistan.fi\/en\/wp-json\/wp\/v2\/pages\/21628\/revisions\/38342"}],"wp:featuredmedia":[{"embeddable":true,"href":"https:\/\/gnistan.fi\/en\/wp-json\/wp\/v2\/media\/36703"}],"wp:attachment":[{"href":"https:\/\/gnistan.fi\/en\/wp-json\/wp\/v2\/media?parent=21628"}],"curies":[{"name":"wp","href":"https:\/\/api.w.org\/{rel}","templated":true}]}}