{"id":20825,"date":"2021-11-09T13:22:14","date_gmt":"2021-11-09T11:22:14","guid":{"rendered":"https:\/\/gnistan.fi\/?page_id=20825"},"modified":"2025-10-17T12:54:43","modified_gmt":"2025-10-17T09:54:43","slug":"t14-15","status":"publish","type":"page","link":"https:\/\/gnistan.fi\/en\/t14-15\/","title":{"rendered":"T2014-15"},"content":{"rendered":"<figure class=\"wp-block-image aligncenter size-large\"><img fetchpriority=\"high\" decoding=\"async\" width=\"1024\" height=\"682\" src=\"https:\/\/gnistan.fi\/wp-content\/uploads\/2025\/06\/T2014_15-1-1024x682.jpg\" alt=\"\" class=\"wp-image-40506\" srcset=\"https:\/\/gnistan.fi\/wp-content\/uploads\/2025\/06\/T2014_15-1-1024x682.jpg 1024w, https:\/\/gnistan.fi\/wp-content\/uploads\/2025\/06\/T2014_15-1-300x200.jpg 300w, https:\/\/gnistan.fi\/wp-content\/uploads\/2025\/06\/T2014_15-1-768x512.jpg 768w, https:\/\/gnistan.fi\/wp-content\/uploads\/2025\/06\/T2014_15-1-1536x1024.jpg 1536w, https:\/\/gnistan.fi\/wp-content\/uploads\/2025\/06\/T2014_15-1-2048x1365.jpg 2048w, https:\/\/gnistan.fi\/wp-content\/uploads\/2025\/06\/T2014_15-1-18x12.jpg 18w\" sizes=\"(max-width: 1024px) 100vw, 1024px\" \/><figcaption class=\"wp-element-caption\">T2014-15 2025<\/figcaption><\/figure>\n\n\n\n<p>TULE MUKAAN PELAAMAAN! Kaikki halukkaat ovat tervetulleita joukkueeseen!<\/p>\n\n\n\n<p>Joukkueeseemme otetaan mukaan uusia pelaajia! Sek\u00e4 jo jalkapalloa pelanneet, ett\u00e4 ihan uudet harrastajat ovat tervetulleita. Kaikille l\u00f6ytyy sopivat ryhm\u00e4t harjoituksissa ja peleiss\u00e4.<\/p>\n\n\n\n<p>Joukkueessamme voi kokeilla ensimm\u00e4isen kuukauden ajan ilman sitoutumista ja maksuja, ja p\u00e4\u00e4tt\u00e4\u00e4 sitten haluaako olla mukana. Ilmoitathan joukkueenjohtajalle, kun tulette ensimm\u00e4ist\u00e4 kertaa mukaan harjoituksiin. Kun p\u00e4\u00e4t\u00e4tte ilmoittautua mukaan joukkueeseemme ja liitty\u00e4 seuraamme voitte tehd\u00e4 sen t\u00e4\u00e4lt\u00e4:&nbsp;<a href=\"https:\/\/gnistan.fi\/en\/become-a-member\/\">J\u00e4seneksi \u2013 IF Gnistan<\/a>&nbsp; Ilmoittautumisenne j\u00e4lkeen teid\u00e4t liitet\u00e4\u00e4n seuramme j\u00e4senpalveluun MyClubiin, mist\u00e4 n\u00e4ette joukkueen tapahtumakalenterin ja p\u00e4\u00e4sette osallistumaan joukkueen tapahtumiin. Kehotamme teit\u00e4 lukemaan joukkueen t\u00e4rke\u00e4t ohjeistukset MyClubin tiedotteista liitytty\u00e4nne joukkueeseen. Saatte ilmoittautumisen my\u00f6t\u00e4 my\u00f6s seuran j\u00e4senmaksun sek\u00e4 joukkuemaksun.<\/p>\n\n\n\n<p>GNISTAN T2014\/15<\/p>\n\n\n\n<p>Joukkueemme koostuu kahdesta ik\u00e4ryhm\u00e4st\u00e4, ja harjoituksissa pelaajat jaetaan taitotason mukaisiin ryhmiin. Jokaiselle pyrit\u00e4\u00e4n antamaan mahdollisuus kehitty\u00e4 omassa tahdissa ja omantasoisessa seurassa kohti omaa huippua. Jokainen pelaaja on t\u00e4rke\u00e4 osa joukkuettamme!<\/p>\n\n\n\n<p>Harjoittelemme p\u00e4\u00e4osin omalla kotikent\u00e4ll\u00e4mme Mustapekka Areenalla kolme kertaa viikossa.&nbsp;Seura tarjoaa my\u00f6s mahdollisuuden lis\u00e4harjoituksiin.<\/p>\n\n\n\n<p>Lis\u00e4tietoja:<\/p>\n\n\n\n<p>S\u00e4hk\u00f6posti: <a href=\"mailto:gnistant14ja15@gmail.com\">gnistant14ja15@gmail.com<\/a><\/p>\n\n\n\n<p>P\u00e4\u00e4valmentaja: Abdirahman Bile<\/p>\n\n\n\n<p>Apuvalmentajat: Samuel Suriano ja Daniela Tiainen<\/p>\n\n\n\n<p>Joukkueenjohtaja Marko Gr\u00f6nholm<\/p>\n\n\n\n<p>p. 040-7727451<\/p>\n\n\n\n<p>Tervetuloa pelaamaan jalkapalloa hyv\u00e4ss\u00e4 seurassa!<\/p>","protected":false},"excerpt":{"rendered":"<p>TULE MUKAAN PELAAMAAN! Kaikki halukkaat ovat tervetulleita joukkueeseen! Joukkueeseemme otetaan mukaan uusia pelaajia! Sek\u00e4 jo jalkapalloa pelanneet, ett\u00e4 ihan uudet harrastajat ovat tervetulleita. Kaikille l\u00f6ytyy sopivat ryhm\u00e4t harjoituksissa ja peleiss\u00e4. Joukkueessamme voi kokeilla ensimm\u00e4isen kuukauden ajan ilman sitoutumista ja maksuja, ja p\u00e4\u00e4tt\u00e4\u00e4 sitten haluaako olla mukana. Ilmoitathan joukkueenjohtajalle, kun tulette ensimm\u00e4ist\u00e4 kertaa mukaan harjoituksiin. Kun [&hellip;]<\/p>\n","protected":false},"author":13,"featured_media":36703,"parent":0,"menu_order":0,"comment_status":"closed","ping_status":"closed","template":"","meta":{"_acf_changed":false,"footnotes":""},"class_list":["post-20825","page","type-page","status-publish","has-post-thumbnail","hentry"],"acf":[],"yoast_head":"<!-- This site is optimized with the Yoast SEO plugin v27.3 - https:\/\/yoast.com\/product\/yoast-seo-wordpress\/ -->\n<title>T2014-15 - IF Gnistan<\/title>\n<meta name=\"robots\" content=\"index, follow, max-snippet:-1, max-image-preview:large, max-video-preview:-1\" \/>\n<link rel=\"canonical\" href=\"https:\/\/gnistan.fi\/en\/t14-15\/\" \/>\n<meta property=\"og:locale\" content=\"en_US\" \/>\n<meta property=\"og:type\" content=\"article\" \/>\n<meta property=\"og:title\" content=\"T2014-15 - IF Gnistan\" \/>\n<meta property=\"og:description\" content=\"TULE MUKAAN PELAAMAAN! Kaikki halukkaat ovat tervetulleita joukkueeseen! Joukkueeseemme otetaan mukaan uusia pelaajia! Sek\u00e4 jo jalkapalloa pelanneet, ett\u00e4 ihan uudet harrastajat ovat tervetulleita. Kaikille l\u00f6ytyy sopivat ryhm\u00e4t harjoituksissa ja peleiss\u00e4. Joukkueessamme voi kokeilla ensimm\u00e4isen kuukauden ajan ilman sitoutumista ja maksuja, ja p\u00e4\u00e4tt\u00e4\u00e4 sitten haluaako olla mukana. Ilmoitathan joukkueenjohtajalle, kun tulette ensimm\u00e4ist\u00e4 kertaa mukaan harjoituksiin. Kun [&hellip;]\" \/>\n<meta property=\"og:url\" content=\"https:\/\/gnistan.fi\/en\/t14-15\/\" \/>\n<meta property=\"og:site_name\" content=\"IF Gnistan\" \/>\n<meta property=\"article:publisher\" content=\"https:\/\/facebook.com\/ifgnistan\" \/>\n<meta property=\"article:modified_time\" content=\"2025-10-17T09:54:43+00:00\" \/>\n<meta property=\"og:image\" content=\"https:\/\/gnistan.fi\/wp-content\/uploads\/2025\/06\/T2014_15-1-scaled.jpg\" \/>\n\t<meta property=\"og:image:width\" content=\"2560\" \/>\n\t<meta property=\"og:image:height\" content=\"1706\" \/>\n\t<meta property=\"og:image:type\" content=\"image\/jpeg\" \/>\n<meta name=\"twitter:card\" content=\"summary_large_image\" \/>\n<meta name=\"twitter:site\" content=\"@ifgnistan1924\" \/>\n<script type=\"application\/ld+json\" class=\"yoast-schema-graph\">{\"@context\":\"https:\\\/\\\/schema.org\",\"@graph\":[{\"@type\":\"WebPage\",\"@id\":\"https:\\\/\\\/gnistan.fi\\\/t14-15\\\/\",\"url\":\"https:\\\/\\\/gnistan.fi\\\/t14-15\\\/\",\"name\":\"T2014-15 - IF Gnistan\",\"isPartOf\":{\"@id\":\"https:\\\/\\\/gnistan.fi\\\/#website\"},\"primaryImageOfPage\":{\"@id\":\"https:\\\/\\\/gnistan.fi\\\/t14-15\\\/#primaryimage\"},\"image\":{\"@id\":\"https:\\\/\\\/gnistan.fi\\\/t14-15\\\/#primaryimage\"},\"thumbnailUrl\":\"https:\\\/\\\/gnistan.fi\\\/wp-content\\\/uploads\\\/2024\\\/11\\\/gnistan-default-featured-2024-c.webp\",\"datePublished\":\"2021-11-09T11:22:14+00:00\",\"dateModified\":\"2025-10-17T09:54:43+00:00\",\"breadcrumb\":{\"@id\":\"https:\\\/\\\/gnistan.fi\\\/t14-15\\\/#breadcrumb\"},\"inLanguage\":\"en-US\",\"potentialAction\":[{\"@type\":\"ReadAction\",\"target\":[\"https:\\\/\\\/gnistan.fi\\\/t14-15\\\/\"]}]},{\"@type\":\"ImageObject\",\"inLanguage\":\"en-US\",\"@id\":\"https:\\\/\\\/gnistan.fi\\\/t14-15\\\/#primaryimage\",\"url\":\"https:\\\/\\\/gnistan.fi\\\/wp-content\\\/uploads\\\/2024\\\/11\\\/gnistan-default-featured-2024-c.webp\",\"contentUrl\":\"https:\\\/\\\/gnistan.fi\\\/wp-content\\\/uploads\\\/2024\\\/11\\\/gnistan-default-featured-2024-c.webp\",\"width\":1920,\"height\":1080},{\"@type\":\"BreadcrumbList\",\"@id\":\"https:\\\/\\\/gnistan.fi\\\/t14-15\\\/#breadcrumb\",\"itemListElement\":[{\"@type\":\"ListItem\",\"position\":1,\"name\":\"Etusivu\",\"item\":\"https:\\\/\\\/gnistan.fi\\\/\"},{\"@type\":\"ListItem\",\"position\":2,\"name\":\"T2014-15\"}]},{\"@type\":\"WebSite\",\"@id\":\"https:\\\/\\\/gnistan.fi\\\/#website\",\"url\":\"https:\\\/\\\/gnistan.fi\\\/\",\"name\":\"IF Gnistan\",\"description\":\"Viralliset sivut\",\"publisher\":{\"@id\":\"https:\\\/\\\/gnistan.fi\\\/#organization\"},\"potentialAction\":[{\"@type\":\"SearchAction\",\"target\":{\"@type\":\"EntryPoint\",\"urlTemplate\":\"https:\\\/\\\/gnistan.fi\\\/?s={search_term_string}\"},\"query-input\":{\"@type\":\"PropertyValueSpecification\",\"valueRequired\":true,\"valueName\":\"search_term_string\"}}],\"inLanguage\":\"en-US\"},{\"@type\":\"Organization\",\"@id\":\"https:\\\/\\\/gnistan.fi\\\/#organization\",\"name\":\"IF Gnistan\",\"url\":\"https:\\\/\\\/gnistan.fi\\\/\",\"logo\":{\"@type\":\"ImageObject\",\"inLanguage\":\"en-US\",\"@id\":\"https:\\\/\\\/gnistan.fi\\\/#\\\/schema\\\/logo\\\/image\\\/\",\"url\":\"https:\\\/\\\/gnistan.fi\\\/wp-content\\\/uploads\\\/2019\\\/10\\\/if-gnistan-vector-logo.svg\",\"contentUrl\":\"https:\\\/\\\/gnistan.fi\\\/wp-content\\\/uploads\\\/2019\\\/10\\\/if-gnistan-vector-logo.svg\",\"width\":269,\"height\":314,\"caption\":\"IF Gnistan\"},\"image\":{\"@id\":\"https:\\\/\\\/gnistan.fi\\\/#\\\/schema\\\/logo\\\/image\\\/\"},\"sameAs\":[\"https:\\\/\\\/facebook.com\\\/ifgnistan\",\"https:\\\/\\\/x.com\\\/ifgnistan1924\",\"https:\\\/\\\/instagram.com\\\/ifgnistan1924\",\"https:\\\/\\\/www.linkedin.com\\\/company\\\/ifgnistan\\\/\"]}]}<\/script>\n<!-- \/ Yoast SEO plugin. -->","yoast_head_json":{"title":"T2014-15 - IF Gnistan","robots":{"index":"index","follow":"follow","max-snippet":"max-snippet:-1","max-image-preview":"max-image-preview:large","max-video-preview":"max-video-preview:-1"},"canonical":"https:\/\/gnistan.fi\/en\/t14-15\/","og_locale":"en_US","og_type":"article","og_title":"T2014-15 - IF Gnistan","og_description":"TULE MUKAAN PELAAMAAN! Kaikki halukkaat ovat tervetulleita joukkueeseen! Joukkueeseemme otetaan mukaan uusia pelaajia! Sek\u00e4 jo jalkapalloa pelanneet, ett\u00e4 ihan uudet harrastajat ovat tervetulleita. Kaikille l\u00f6ytyy sopivat ryhm\u00e4t harjoituksissa ja peleiss\u00e4. Joukkueessamme voi kokeilla ensimm\u00e4isen kuukauden ajan ilman sitoutumista ja maksuja, ja p\u00e4\u00e4tt\u00e4\u00e4 sitten haluaako olla mukana. Ilmoitathan joukkueenjohtajalle, kun tulette ensimm\u00e4ist\u00e4 kertaa mukaan harjoituksiin. Kun [&hellip;]","og_url":"https:\/\/gnistan.fi\/en\/t14-15\/","og_site_name":"IF Gnistan","article_publisher":"https:\/\/facebook.com\/ifgnistan","article_modified_time":"2025-10-17T09:54:43+00:00","og_image":[{"width":2560,"height":1706,"url":"https:\/\/gnistan.fi\/wp-content\/uploads\/2025\/06\/T2014_15-1-scaled.jpg","type":"image\/jpeg"}],"twitter_card":"summary_large_image","twitter_site":"@ifgnistan1924","schema":{"@context":"https:\/\/schema.org","@graph":[{"@type":"WebPage","@id":"https:\/\/gnistan.fi\/t14-15\/","url":"https:\/\/gnistan.fi\/t14-15\/","name":"T2014-15 - IF Gnistan","isPartOf":{"@id":"https:\/\/gnistan.fi\/#website"},"primaryImageOfPage":{"@id":"https:\/\/gnistan.fi\/t14-15\/#primaryimage"},"image":{"@id":"https:\/\/gnistan.fi\/t14-15\/#primaryimage"},"thumbnailUrl":"https:\/\/gnistan.fi\/wp-content\/uploads\/2024\/11\/gnistan-default-featured-2024-c.webp","datePublished":"2021-11-09T11:22:14+00:00","dateModified":"2025-10-17T09:54:43+00:00","breadcrumb":{"@id":"https:\/\/gnistan.fi\/t14-15\/#breadcrumb"},"inLanguage":"en-US","potentialAction":[{"@type":"ReadAction","target":["https:\/\/gnistan.fi\/t14-15\/"]}]},{"@type":"ImageObject","inLanguage":"en-US","@id":"https:\/\/gnistan.fi\/t14-15\/#primaryimage","url":"https:\/\/gnistan.fi\/wp-content\/uploads\/2024\/11\/gnistan-default-featured-2024-c.webp","contentUrl":"https:\/\/gnistan.fi\/wp-content\/uploads\/2024\/11\/gnistan-default-featured-2024-c.webp","width":1920,"height":1080},{"@type":"BreadcrumbList","@id":"https:\/\/gnistan.fi\/t14-15\/#breadcrumb","itemListElement":[{"@type":"ListItem","position":1,"name":"Etusivu","item":"https:\/\/gnistan.fi\/"},{"@type":"ListItem","position":2,"name":"T2014-15"}]},{"@type":"WebSite","@id":"https:\/\/gnistan.fi\/#website","url":"https:\/\/gnistan.fi\/","name":"IF Gnistan","description":"Viralliset sivut","publisher":{"@id":"https:\/\/gnistan.fi\/#organization"},"potentialAction":[{"@type":"SearchAction","target":{"@type":"EntryPoint","urlTemplate":"https:\/\/gnistan.fi\/?s={search_term_string}"},"query-input":{"@type":"PropertyValueSpecification","valueRequired":true,"valueName":"search_term_string"}}],"inLanguage":"en-US"},{"@type":"Organization","@id":"https:\/\/gnistan.fi\/#organization","name":"IF Gnistan","url":"https:\/\/gnistan.fi\/","logo":{"@type":"ImageObject","inLanguage":"en-US","@id":"https:\/\/gnistan.fi\/#\/schema\/logo\/image\/","url":"https:\/\/gnistan.fi\/wp-content\/uploads\/2019\/10\/if-gnistan-vector-logo.svg","contentUrl":"https:\/\/gnistan.fi\/wp-content\/uploads\/2019\/10\/if-gnistan-vector-logo.svg","width":269,"height":314,"caption":"IF Gnistan"},"image":{"@id":"https:\/\/gnistan.fi\/#\/schema\/logo\/image\/"},"sameAs":["https:\/\/facebook.com\/ifgnistan","https:\/\/x.com\/ifgnistan1924","https:\/\/instagram.com\/ifgnistan1924","https:\/\/www.linkedin.com\/company\/ifgnistan\/"]}]}},"jetpack_sharing_enabled":true,"_links":{"self":[{"href":"https:\/\/gnistan.fi\/en\/wp-json\/wp\/v2\/pages\/20825","targetHints":{"allow":["GET"]}}],"collection":[{"href":"https:\/\/gnistan.fi\/en\/wp-json\/wp\/v2\/pages"}],"about":[{"href":"https:\/\/gnistan.fi\/en\/wp-json\/wp\/v2\/types\/page"}],"author":[{"embeddable":true,"href":"https:\/\/gnistan.fi\/en\/wp-json\/wp\/v2\/users\/13"}],"replies":[{"embeddable":true,"href":"https:\/\/gnistan.fi\/en\/wp-json\/wp\/v2\/comments?post=20825"}],"version-history":[{"count":18,"href":"https:\/\/gnistan.fi\/en\/wp-json\/wp\/v2\/pages\/20825\/revisions"}],"predecessor-version":[{"id":42357,"href":"https:\/\/gnistan.fi\/en\/wp-json\/wp\/v2\/pages\/20825\/revisions\/42357"}],"wp:featuredmedia":[{"embeddable":true,"href":"https:\/\/gnistan.fi\/en\/wp-json\/wp\/v2\/media\/36703"}],"wp:attachment":[{"href":"https:\/\/gnistan.fi\/en\/wp-json\/wp\/v2\/media?parent=20825"}],"curies":[{"name":"wp","href":"https:\/\/api.w.org\/{rel}","templated":true}]}}