{"id":18791,"date":"2021-04-07T15:44:18","date_gmt":"2021-04-07T12:44:18","guid":{"rendered":"https:\/\/gnistan.fi\/?page_id=18791"},"modified":"2026-03-26T18:27:46","modified_gmt":"2026-03-26T16:27:46","slug":"perhefutis","status":"publish","type":"page","link":"https:\/\/gnistan.fi\/en\/perhefutis\/","title":{"rendered":"Family football"},"content":{"rendered":"\t\t<div data-elementor-type=\"wp-page\" data-elementor-id=\"18791\" class=\"elementor elementor-18791\" data-elementor-post-type=\"page\">\n\t\t\t\t<div class=\"elementor-element elementor-element-27e64f6 e-flex e-con-boxed e-con e-parent\" data-id=\"27e64f6\" data-element_type=\"container\" data-e-type=\"container\">\n\t\t\t\t\t<div class=\"e-con-inner\">\n\t\t\t\t<div class=\"elementor-element elementor-element-5f9ae5ea elementor-widget elementor-widget-text-editor\" data-id=\"5f9ae5ea\" data-element_type=\"widget\" data-e-type=\"widget\" data-widget_type=\"text-editor.default\">\n\t\t\t\t\t\t\t\t\t<figure class=\"wp-block-image aligncenter size-large is-resized\"><img fetchpriority=\"high\" decoding=\"async\" width=\"1024\" height=\"1011\" class=\"wp-image-40639\" style=\"width: 502px; height: auto;\" src=\"https:\/\/gnistan.fi\/wp-content\/uploads\/2025\/06\/WhatsApp-Image-2024-11-29-at-18.21.56_eca5932c-muokattu-1024x1011.jpg\" alt=\"\" srcset=\"https:\/\/gnistan.fi\/wp-content\/uploads\/2025\/06\/WhatsApp-Image-2024-11-29-at-18.21.56_eca5932c-muokattu-1024x1011.jpg 1024w, https:\/\/gnistan.fi\/wp-content\/uploads\/2025\/06\/WhatsApp-Image-2024-11-29-at-18.21.56_eca5932c-muokattu-300x296.jpg 300w, https:\/\/gnistan.fi\/wp-content\/uploads\/2025\/06\/WhatsApp-Image-2024-11-29-at-18.21.56_eca5932c-muokattu-768x758.jpg 768w, https:\/\/gnistan.fi\/wp-content\/uploads\/2025\/06\/WhatsApp-Image-2024-11-29-at-18.21.56_eca5932c-muokattu-1536x1516.jpg 1536w, https:\/\/gnistan.fi\/wp-content\/uploads\/2025\/06\/WhatsApp-Image-2024-11-29-at-18.21.56_eca5932c-muokattu-12x12.jpg 12w, https:\/\/gnistan.fi\/wp-content\/uploads\/2025\/06\/WhatsApp-Image-2024-11-29-at-18.21.56_eca5932c-muokattu.jpg 1653w\" sizes=\"(max-width: 1024px) 100vw, 1024px\" \/><\/figure>\n<p><!-- \/wp:image --><!-- wp:paragraph --><\/p>\n<p><strong>IF Gnistan j\u00e4rjest\u00e4\u00e4 Perhefutista ymp\u00e4rivuoden &#8211; Ilmoittautuminen kes\u00e4n ryhmiin nyt auki \u2013 tule mukaan!<\/strong><\/p>\n<p>Perhefutis on lapsen ja vanhemman yhteinen harrastus, jossa nautitaan liikunnasta monipuolisesti ja turvallisesti sek\u00e4 leikit\u00e4\u00e4n pallon kanssa. Toiminta perustuu yhteiseen oppimiseen ja oivaltamiseen huolettomassa ilmapiiriss\u00e4. Perhefutiksessa suositeltu ik\u00e4 on noin 2-5 -vuotiaille lapsille yhdess\u00e4 oman aikuisen kanssa. Lis\u00e4ksi perhefutiksessa p\u00e4\u00e4st\u00e4\u00e4n tutustumaan muihin perheisiin Oulunkyl\u00e4n alueelta.<\/p>\n<p><!-- \/wp:paragraph --><!-- wp:paragraph --><\/p>\n<p><!-- \/wp:paragraph --><!-- wp:paragraph --><\/p>\n<p>Monille perhefutis on ensimm\u00e4isi\u00e4 kokeiluja harrastamisen parissa, joten pid\u00e4mme t\u00e4rke\u00e4n\u00e4, ett\u00e4 ilmapiiri on turvallinen, l\u00e4mminhenkinen ja jokainen p\u00e4\u00e4see kokeilemaan uusia asioita omaan tahtiin. Ohjaajamme ovat kokeneita lasten parissa toimineita ammattilaisia. IF Gnistan j\u00e4rjest\u00e4\u00e4 Perhefutista ymp\u00e4rivuoden lyhyin\u00e4 kursseina, jolloin kurssin aikana harjoittelemme kerran viikossa 45 minuuttia. Harjoituspaikkana kes\u00e4ll\u00e4 toimii Oulunkyl\u00e4n urheilupuisto tai Laajasuon liikuntapuisto ja talvella harjoittelemme Oulunkyl\u00e4n l\u00e4hialueella koulun salissa.<\/p>\n<p><!-- \/wp:paragraph --><!-- wp:paragraph --><\/p>\n<p><b>Toukokuusta eteenp\u00e4in<\/b> Perhefutis siirtyy ulos ja tarjoamme ryhmi\u00e4 useammalle p\u00e4iv\u00e4lle! Kes\u00e4n ensimm\u00e4iset ryhm\u00e4t aloittavat <strong>toukokuun alussa ja p\u00e4\u00e4ttyv\u00e4t Juhannukseen<\/strong>. T\u00e4m\u00e4n j\u00e4lkeen pid\u00e4mme kes\u00e4taukoa ja palaamme taas elokuussa uusien kurssien kanssa.\u00a0<span style=\"font-size: 1rem;\">Tarkemmat tiedot suoraan kurssien kuvauksissa alla olevien linkkien kautta.<\/span><\/p>\n<p><img decoding=\"async\" class=\"size-medium wp-image-44628 alignright\" src=\"https:\/\/gnistan.fi\/wp-content\/uploads\/2026\/03\/Gnistan-t-paita-1-225x300.jpg\" alt=\"\" width=\"225\" height=\"300\" srcset=\"https:\/\/gnistan.fi\/wp-content\/uploads\/2026\/03\/Gnistan-t-paita-1-225x300.jpg 225w, https:\/\/gnistan.fi\/wp-content\/uploads\/2026\/03\/Gnistan-t-paita-1-768x1024.jpg 768w, https:\/\/gnistan.fi\/wp-content\/uploads\/2026\/03\/Gnistan-t-paita-1-1152x1536.jpg 1152w, https:\/\/gnistan.fi\/wp-content\/uploads\/2026\/03\/Gnistan-t-paita-1-1536x2048.jpg 1536w, https:\/\/gnistan.fi\/wp-content\/uploads\/2026\/03\/Gnistan-t-paita-1-9x12.jpg 9w, https:\/\/gnistan.fi\/wp-content\/uploads\/2026\/03\/Gnistan-t-paita-1-scaled.jpg 1920w\" sizes=\"(max-width: 225px) 100vw, 225px\" \/><\/p>\n<p><!-- \/wp:paragraph --><!-- wp:paragraph --><\/p>\n<p>Mik\u00e4li haluatte\u00a0tunnustaa IF Gnistanin v\u00e4ri\u00e4, on nyt my\u00f6s mahdollisuus tilata ilmoittautumisen\u00a0yhteydess\u00e4 sininen IF Gnistan paita! Tilatut paidat jaetaan kurssin alussa.<\/p>\n<p><!-- \/wp:paragraph --><!-- wp:paragraph --><\/p>\n<p>\u00a0<\/p>\n<p>Aika:<\/p>\n<ul>\n<li>TORSTAI klo 17-17.45\u00a0<\/li>\n<li>SUNNUNTAI klo 10-10.45<\/li>\n<li>SUNNUNTAI klo 11-11.45<\/li>\n<\/ul>\n<p><!-- \/wp:paragraph --><!-- wp:paragraph {\"metadata\":{\"name\":\"Laajasuon liikuntapuisto - Poutunkuja 8\"}} --><\/p>\n<p>Paikka: \u00a0<\/p>\n<ul>\n<li>Torstaisin Pikkupekka Areenalla<\/li>\n<li>Sunnuntaisin Laajasuon Liikuntapuistossa<\/li>\n<\/ul>\n<p><!-- \/wp:paragraph --><!-- wp:paragraph --><\/p>\n<p>Hinta:\u00a0<\/p>\n<ul>\n<li>Torstain ryhm\u00e4ll\u00e4 6 harjoituskertaa: 55 euroa<\/li>\n<li>Sunnuntain ryhm\u00e4ll\u00e4 7 harjoituskertaa: 60 euroa<\/li>\n<\/ul>\n<p><!-- \/wp:paragraph --><!-- wp:html --><!-- myClub embed JS - start --><\/p>\n<div class=\"myclub-embed\" data-url=\"https:\/\/ifgnistan.myclub.fi\/course_embeds\/31675?token=0a03818f7214b6814f1b00cf167b85c4c528dd60\">\u00a0<\/div>\n<p><script>(function(d, s, id) { var js, mjs = d.getElementsByTagName(s)[0]; if (d.getElementById(id)) return; js = d.createElement(s); js.id = id; js.async = true; js.src = \"https:\/\/d2ubdm6yoox6gh.cloudfront.net\/assets\/myclub-embed.js\"; mjs.parentNode.insertBefore(js, mjs); }(document, 'script', 'myclub-embed-js'));<\/script><\/p>\n<p><!-- myClub embed JS - end --><!-- \/wp:html --><!-- wp:paragraph --><\/p>\n<p>Peruutusehdot: Kerhon voi perua viikkoa ennen ryhm\u00e4n aloitusta asti veloituksetta. Ryhm\u00e4n toiminta toteutuu, kun osallistujia on v\u00e4hint\u00e4\u00e4n 10. Olemme erikseen yhteydess\u00e4 osallistujiin mahdollisen peruuntumisen sattuessa.<\/p>\n<p><!-- \/wp:paragraph --><!-- wp:paragraph --><\/p>\n<p>Huom. osallistujia ei ole vakuutettu j\u00e4rjest\u00e4j\u00e4n toimesta.<\/p>\n<p><!-- \/wp:paragraph --><!-- wp:paragraph --><\/p>\n<p>Lis\u00e4tiedot:\u00a0<a href=\"mailto:nea.sunila@gnistan.fi\">nea.sunila@gnistan.fi<\/a><\/p>\n<p><!-- \/wp:paragraph --><!-- wp:paragraph --><\/p>\n<p><!-- \/wp:paragraph --><\/p>\t\t\t\t\t\t\t\t<\/div>\n\t\t\t\t\t<\/div>\n\t\t\t\t<\/div>\n\t\t\t\t<\/div>\n\t\t","protected":false},"excerpt":{"rendered":"<p>IF Gnistan j\u00e4rjest\u00e4\u00e4 Perhefutista ymp\u00e4rivuoden &#8211; Ilmoittautuminen kes\u00e4n ryhmiin nyt auki \u2013 tule mukaan! Perhefutis on lapsen ja vanhemman yhteinen harrastus, jossa nautitaan liikunnasta monipuolisesti ja turvallisesti sek\u00e4 leikit\u00e4\u00e4n pallon kanssa. Toiminta perustuu yhteiseen oppimiseen ja oivaltamiseen huolettomassa ilmapiiriss\u00e4. Perhefutiksessa suositeltu ik\u00e4 on noin 2-5 -vuotiaille lapsille yhdess\u00e4 oman aikuisen kanssa. Lis\u00e4ksi perhefutiksessa p\u00e4\u00e4st\u00e4\u00e4n tutustumaan [&hellip;]<\/p>\n","protected":false},"author":27,"featured_media":36703,"parent":0,"menu_order":0,"comment_status":"closed","ping_status":"closed","template":"","meta":{"_acf_changed":false,"footnotes":""},"class_list":["post-18791","page","type-page","status-publish","has-post-thumbnail","hentry"],"acf":[],"yoast_head":"<!-- This site is optimized with the Yoast SEO plugin v27.3 - https:\/\/yoast.com\/product\/yoast-seo-wordpress\/ -->\n<title>Perhefutis - IF Gnistan<\/title>\n<meta name=\"description\" content=\"Perhefutis on lapsen ja vanhemman yhteinen harrastus, jossa nautitaan liikunnasta turvallisessa ymp\u00e4rist\u00f6ss\u00e4. Ilmoittaudu nyt!\" \/>\n<meta name=\"robots\" content=\"index, follow, max-snippet:-1, max-image-preview:large, max-video-preview:-1\" \/>\n<link rel=\"canonical\" href=\"https:\/\/gnistan.fi\/en\/perhefutis\/\" \/>\n<meta property=\"og:locale\" content=\"en_US\" \/>\n<meta property=\"og:type\" content=\"article\" \/>\n<meta property=\"og:title\" content=\"Perhefutis - IF Gnistan\" \/>\n<meta property=\"og:description\" content=\"Perhefutis on lapsen ja vanhemman yhteinen harrastus, jossa nautitaan liikunnasta turvallisessa ymp\u00e4rist\u00f6ss\u00e4. Ilmoittaudu nyt!\" \/>\n<meta property=\"og:url\" content=\"https:\/\/gnistan.fi\/en\/perhefutis\/\" \/>\n<meta property=\"og:site_name\" content=\"IF Gnistan\" \/>\n<meta property=\"article:publisher\" content=\"https:\/\/facebook.com\/ifgnistan\" \/>\n<meta property=\"article:modified_time\" content=\"2026-03-26T16:27:46+00:00\" \/>\n<meta property=\"og:image\" content=\"https:\/\/gnistan.fi\/wp-content\/uploads\/2024\/11\/gnistan-default-featured-2024-c.webp\" \/>\n\t<meta property=\"og:image:width\" content=\"1920\" \/>\n\t<meta property=\"og:image:height\" content=\"1080\" \/>\n\t<meta property=\"og:image:type\" content=\"image\/webp\" \/>\n<meta name=\"twitter:card\" content=\"summary_large_image\" \/>\n<meta name=\"twitter:site\" content=\"@ifgnistan1924\" \/>\n<meta name=\"twitter:label1\" content=\"Est. reading time\" \/>\n\t<meta name=\"twitter:data1\" content=\"2 minutes\" \/>\n<script type=\"application\/ld+json\" class=\"yoast-schema-graph\">{\"@context\":\"https:\\\/\\\/schema.org\",\"@graph\":[{\"@type\":\"WebPage\",\"@id\":\"https:\\\/\\\/gnistan.fi\\\/perhefutis\\\/\",\"url\":\"https:\\\/\\\/gnistan.fi\\\/perhefutis\\\/\",\"name\":\"Perhefutis - IF Gnistan\",\"isPartOf\":{\"@id\":\"https:\\\/\\\/gnistan.fi\\\/#website\"},\"primaryImageOfPage\":{\"@id\":\"https:\\\/\\\/gnistan.fi\\\/perhefutis\\\/#primaryimage\"},\"image\":{\"@id\":\"https:\\\/\\\/gnistan.fi\\\/perhefutis\\\/#primaryimage\"},\"thumbnailUrl\":\"https:\\\/\\\/gnistan.fi\\\/wp-content\\\/uploads\\\/2024\\\/11\\\/gnistan-default-featured-2024-c.webp\",\"datePublished\":\"2021-04-07T12:44:18+00:00\",\"dateModified\":\"2026-03-26T16:27:46+00:00\",\"description\":\"Perhefutis on lapsen ja vanhemman yhteinen harrastus, jossa nautitaan liikunnasta turvallisessa ymp\u00e4rist\u00f6ss\u00e4. Ilmoittaudu nyt!\",\"breadcrumb\":{\"@id\":\"https:\\\/\\\/gnistan.fi\\\/perhefutis\\\/#breadcrumb\"},\"inLanguage\":\"en-US\",\"potentialAction\":[{\"@type\":\"ReadAction\",\"target\":[\"https:\\\/\\\/gnistan.fi\\\/perhefutis\\\/\"]}]},{\"@type\":\"ImageObject\",\"inLanguage\":\"en-US\",\"@id\":\"https:\\\/\\\/gnistan.fi\\\/perhefutis\\\/#primaryimage\",\"url\":\"https:\\\/\\\/gnistan.fi\\\/wp-content\\\/uploads\\\/2024\\\/11\\\/gnistan-default-featured-2024-c.webp\",\"contentUrl\":\"https:\\\/\\\/gnistan.fi\\\/wp-content\\\/uploads\\\/2024\\\/11\\\/gnistan-default-featured-2024-c.webp\",\"width\":1920,\"height\":1080},{\"@type\":\"BreadcrumbList\",\"@id\":\"https:\\\/\\\/gnistan.fi\\\/perhefutis\\\/#breadcrumb\",\"itemListElement\":[{\"@type\":\"ListItem\",\"position\":1,\"name\":\"Etusivu\",\"item\":\"https:\\\/\\\/gnistan.fi\\\/\"},{\"@type\":\"ListItem\",\"position\":2,\"name\":\"Perhefutis\"}]},{\"@type\":\"WebSite\",\"@id\":\"https:\\\/\\\/gnistan.fi\\\/#website\",\"url\":\"https:\\\/\\\/gnistan.fi\\\/\",\"name\":\"IF Gnistan\",\"description\":\"Viralliset sivut\",\"publisher\":{\"@id\":\"https:\\\/\\\/gnistan.fi\\\/#organization\"},\"potentialAction\":[{\"@type\":\"SearchAction\",\"target\":{\"@type\":\"EntryPoint\",\"urlTemplate\":\"https:\\\/\\\/gnistan.fi\\\/?s={search_term_string}\"},\"query-input\":{\"@type\":\"PropertyValueSpecification\",\"valueRequired\":true,\"valueName\":\"search_term_string\"}}],\"inLanguage\":\"en-US\"},{\"@type\":\"Organization\",\"@id\":\"https:\\\/\\\/gnistan.fi\\\/#organization\",\"name\":\"IF Gnistan\",\"url\":\"https:\\\/\\\/gnistan.fi\\\/\",\"logo\":{\"@type\":\"ImageObject\",\"inLanguage\":\"en-US\",\"@id\":\"https:\\\/\\\/gnistan.fi\\\/#\\\/schema\\\/logo\\\/image\\\/\",\"url\":\"https:\\\/\\\/gnistan.fi\\\/wp-content\\\/uploads\\\/2019\\\/10\\\/if-gnistan-vector-logo.svg\",\"contentUrl\":\"https:\\\/\\\/gnistan.fi\\\/wp-content\\\/uploads\\\/2019\\\/10\\\/if-gnistan-vector-logo.svg\",\"width\":269,\"height\":314,\"caption\":\"IF Gnistan\"},\"image\":{\"@id\":\"https:\\\/\\\/gnistan.fi\\\/#\\\/schema\\\/logo\\\/image\\\/\"},\"sameAs\":[\"https:\\\/\\\/facebook.com\\\/ifgnistan\",\"https:\\\/\\\/x.com\\\/ifgnistan1924\",\"https:\\\/\\\/instagram.com\\\/ifgnistan1924\",\"https:\\\/\\\/www.linkedin.com\\\/company\\\/ifgnistan\\\/\"]}]}<\/script>\n<!-- \/ Yoast SEO plugin. -->","yoast_head_json":{"title":"Perhefutis - IF Gnistan","description":"Perhefutis on lapsen ja vanhemman yhteinen harrastus, jossa nautitaan liikunnasta turvallisessa ymp\u00e4rist\u00f6ss\u00e4. Ilmoittaudu nyt!","robots":{"index":"index","follow":"follow","max-snippet":"max-snippet:-1","max-image-preview":"max-image-preview:large","max-video-preview":"max-video-preview:-1"},"canonical":"https:\/\/gnistan.fi\/en\/perhefutis\/","og_locale":"en_US","og_type":"article","og_title":"Perhefutis - IF Gnistan","og_description":"Perhefutis on lapsen ja vanhemman yhteinen harrastus, jossa nautitaan liikunnasta turvallisessa ymp\u00e4rist\u00f6ss\u00e4. Ilmoittaudu nyt!","og_url":"https:\/\/gnistan.fi\/en\/perhefutis\/","og_site_name":"IF Gnistan","article_publisher":"https:\/\/facebook.com\/ifgnistan","article_modified_time":"2026-03-26T16:27:46+00:00","og_image":[{"width":1920,"height":1080,"url":"https:\/\/gnistan.fi\/wp-content\/uploads\/2024\/11\/gnistan-default-featured-2024-c.webp","type":"image\/webp"}],"twitter_card":"summary_large_image","twitter_site":"@ifgnistan1924","twitter_misc":{"Est. reading time":"2 minutes"},"schema":{"@context":"https:\/\/schema.org","@graph":[{"@type":"WebPage","@id":"https:\/\/gnistan.fi\/perhefutis\/","url":"https:\/\/gnistan.fi\/perhefutis\/","name":"Perhefutis - IF Gnistan","isPartOf":{"@id":"https:\/\/gnistan.fi\/#website"},"primaryImageOfPage":{"@id":"https:\/\/gnistan.fi\/perhefutis\/#primaryimage"},"image":{"@id":"https:\/\/gnistan.fi\/perhefutis\/#primaryimage"},"thumbnailUrl":"https:\/\/gnistan.fi\/wp-content\/uploads\/2024\/11\/gnistan-default-featured-2024-c.webp","datePublished":"2021-04-07T12:44:18+00:00","dateModified":"2026-03-26T16:27:46+00:00","description":"Perhefutis on lapsen ja vanhemman yhteinen harrastus, jossa nautitaan liikunnasta turvallisessa ymp\u00e4rist\u00f6ss\u00e4. Ilmoittaudu nyt!","breadcrumb":{"@id":"https:\/\/gnistan.fi\/perhefutis\/#breadcrumb"},"inLanguage":"en-US","potentialAction":[{"@type":"ReadAction","target":["https:\/\/gnistan.fi\/perhefutis\/"]}]},{"@type":"ImageObject","inLanguage":"en-US","@id":"https:\/\/gnistan.fi\/perhefutis\/#primaryimage","url":"https:\/\/gnistan.fi\/wp-content\/uploads\/2024\/11\/gnistan-default-featured-2024-c.webp","contentUrl":"https:\/\/gnistan.fi\/wp-content\/uploads\/2024\/11\/gnistan-default-featured-2024-c.webp","width":1920,"height":1080},{"@type":"BreadcrumbList","@id":"https:\/\/gnistan.fi\/perhefutis\/#breadcrumb","itemListElement":[{"@type":"ListItem","position":1,"name":"Etusivu","item":"https:\/\/gnistan.fi\/"},{"@type":"ListItem","position":2,"name":"Perhefutis"}]},{"@type":"WebSite","@id":"https:\/\/gnistan.fi\/#website","url":"https:\/\/gnistan.fi\/","name":"IF Gnistan","description":"Viralliset sivut","publisher":{"@id":"https:\/\/gnistan.fi\/#organization"},"potentialAction":[{"@type":"SearchAction","target":{"@type":"EntryPoint","urlTemplate":"https:\/\/gnistan.fi\/?s={search_term_string}"},"query-input":{"@type":"PropertyValueSpecification","valueRequired":true,"valueName":"search_term_string"}}],"inLanguage":"en-US"},{"@type":"Organization","@id":"https:\/\/gnistan.fi\/#organization","name":"IF Gnistan","url":"https:\/\/gnistan.fi\/","logo":{"@type":"ImageObject","inLanguage":"en-US","@id":"https:\/\/gnistan.fi\/#\/schema\/logo\/image\/","url":"https:\/\/gnistan.fi\/wp-content\/uploads\/2019\/10\/if-gnistan-vector-logo.svg","contentUrl":"https:\/\/gnistan.fi\/wp-content\/uploads\/2019\/10\/if-gnistan-vector-logo.svg","width":269,"height":314,"caption":"IF Gnistan"},"image":{"@id":"https:\/\/gnistan.fi\/#\/schema\/logo\/image\/"},"sameAs":["https:\/\/facebook.com\/ifgnistan","https:\/\/x.com\/ifgnistan1924","https:\/\/instagram.com\/ifgnistan1924","https:\/\/www.linkedin.com\/company\/ifgnistan\/"]}]}},"jetpack_sharing_enabled":true,"_links":{"self":[{"href":"https:\/\/gnistan.fi\/en\/wp-json\/wp\/v2\/pages\/18791","targetHints":{"allow":["GET"]}}],"collection":[{"href":"https:\/\/gnistan.fi\/en\/wp-json\/wp\/v2\/pages"}],"about":[{"href":"https:\/\/gnistan.fi\/en\/wp-json\/wp\/v2\/types\/page"}],"author":[{"embeddable":true,"href":"https:\/\/gnistan.fi\/en\/wp-json\/wp\/v2\/users\/27"}],"replies":[{"embeddable":true,"href":"https:\/\/gnistan.fi\/en\/wp-json\/wp\/v2\/comments?post=18791"}],"version-history":[{"count":20,"href":"https:\/\/gnistan.fi\/en\/wp-json\/wp\/v2\/pages\/18791\/revisions"}],"predecessor-version":[{"id":44634,"href":"https:\/\/gnistan.fi\/en\/wp-json\/wp\/v2\/pages\/18791\/revisions\/44634"}],"wp:featuredmedia":[{"embeddable":true,"href":"https:\/\/gnistan.fi\/en\/wp-json\/wp\/v2\/media\/36703"}],"wp:attachment":[{"href":"https:\/\/gnistan.fi\/en\/wp-json\/wp\/v2\/media?parent=18791"}],"curies":[{"name":"wp","href":"https:\/\/api.w.org\/{rel}","templated":true}]}}