{"id":18610,"date":"2021-03-22T20:37:25","date_gmt":"2021-03-22T18:37:25","guid":{"rendered":"https:\/\/gnistan.fi\/?page_id=18610"},"modified":"2025-03-17T12:03:14","modified_gmt":"2025-03-17T10:03:14","slug":"iltapaivakerho","status":"publish","type":"page","link":"https:\/\/gnistan.fi\/en\/iltapaivakerho\/","title":{"rendered":"Gnistan Afternoon Club"},"content":{"rendered":"<p>IF Gnistan j\u00e4rjest\u00e4\u00e4 ensimm\u00e4isen- ja toisen luokka-asteen koululaisille\u00a0iltap\u00e4iv\u00e4kerhotoimintaa turvallisessa ymp\u00e4rist\u00f6ss\u00e4 koulun tiloissa. Iltap\u00e4iv\u00e4kerhon toimintaa j\u00e4rjestet\u00e4\u00e4n Oulunkyl\u00e4n ala-asteella Teinintien koulun toimipisteell\u00e4 lukukaudella 2024-2025. Iltap\u00e4iv\u00e4kerho tarjoaa turvallisen paikan lapselle koulup\u00e4iv\u00e4n j\u00e4lkeen ja mahdollisuuden mielekk\u00e4\u00e4seen ja virkist\u00e4v\u00e4\u00e4n toimintaan p\u00e4iv\u00e4n p\u00e4\u00e4tteeksi. J\u00e4rjest\u00e4mme monipuolista, ohjattua ja omaehtoista liikuntaa sek\u00e4 muuta toimintaa lapsille. Iltap\u00e4iv\u00e4kerho ei ole jalkapallopainotteinen, mutta kannustamme monipuoliseen liikunnallisuuteen. Tarjoamme my\u00f6s v\u00e4lipalan sek\u00e4 mahdollisuuden l\u00e4ksyjen tekemiseen.<\/p>\n\n\n\n<p class=\"translation-block\">Ohjaajillamme on kokemusta iltap\u00e4iv\u00e4kerhotoiminnasta tai lasten kanssa toimimisesta ja osa heist\u00e4 toimii my\u00f6s valmentajana Gnistanin jalkapalloseurassa.<br>Osa kokeneista ohjaajistamme omaa kasvatusalan ja\/tai liikunta-alan tutkinnon.<\/p>\n\n\n\n<p>Applications for IF Gnistan\u2019s afternoon club activities are accepted via the City of Helsinki\u2019s application procedure, as is the case with other afternoon clubs in Helsinki.&nbsp;<br><\/p>\n\n\n\n<h2 class=\"wp-block-heading\">HAE MUKAAN!<\/h2>\n\n\n\n<p><strong>Application for afternoon club activities 2024\u20132025<\/strong><br>Children are selected for afternoon activities for one schoolyear at a time. Unlike in previous years, applications are primarily accepted through Wilma.<\/p>\n\n\n\n<p><strong>The application period for activities in the 2024\u20132025 schoolyear is from 13 March to 17 April 2024<\/strong><\/p>\n\n\n\n<p>Applications by pupils starting second grade and pupils in special education are accepted simultaneously with pupils starting first grade.<\/p>\n\n\n\n<p>Please refer to the City of Helsinki website for updated application instructions and the Wilma link (<a href=\"http:\/\/www.hel.fi\/iltapaivatoiminta\">www.hel.fi\/iltapaivatoiminta<\/a>).<\/p>\n\n\n\n<p><strong>Customer fees vary depending on the selected time of attendance:<\/strong><br>12:00\u201317:00 agreement: \u20ac120\/month<br>12:00\u201316:00 agreement: \u20ac100\/month<\/p>\n\n\n\n<p>The customer fee is the same for all afternoon clubs. The time of attendance for the afternoon club can be changed once during the schoolyear, and this must be done officially by sending an e-mail to the afternoon club\u2019s email address: iltapaivakerho@gnistan.fi. Changes cannot be made retroactively. You can apply for a fee reduction for afternoon club fees by using the form available on the City of Helsinki website.<\/p>\n\n\n\n<p><\/p>","protected":false},"excerpt":{"rendered":"<p>IF Gnistan j\u00e4rjest\u00e4\u00e4 ensimm\u00e4isen- ja toisen luokka-asteen koululaisille\u00a0iltap\u00e4iv\u00e4kerhotoimintaa turvallisessa ymp\u00e4rist\u00f6ss\u00e4 koulun tiloissa. Iltap\u00e4iv\u00e4kerhon toimintaa j\u00e4rjestet\u00e4\u00e4n Oulunkyl\u00e4n ala-asteella Teinintien koulun toimipisteell\u00e4 lukukaudella 2024-2025. Iltap\u00e4iv\u00e4kerho tarjoaa turvallisen paikan lapselle koulup\u00e4iv\u00e4n j\u00e4lkeen ja mahdollisuuden mielekk\u00e4\u00e4seen ja virkist\u00e4v\u00e4\u00e4n toimintaan p\u00e4iv\u00e4n p\u00e4\u00e4tteeksi. J\u00e4rjest\u00e4mme monipuolista, ohjattua ja omaehtoista liikuntaa sek\u00e4 muuta toimintaa lapsille. Iltap\u00e4iv\u00e4kerho ei ole jalkapallopainotteinen, mutta kannustamme monipuoliseen liikunnallisuuteen. [&hellip;]<\/p>\n","protected":false},"author":13,"featured_media":36666,"parent":0,"menu_order":0,"comment_status":"closed","ping_status":"closed","template":"","meta":{"_acf_changed":false,"footnotes":""},"class_list":["post-18610","page","type-page","status-publish","has-post-thumbnail","hentry"],"acf":[],"yoast_head":"<!-- This site is optimized with the Yoast SEO plugin v27.3 - https:\/\/yoast.com\/product\/yoast-seo-wordpress\/ -->\n<title>Gnistan iltap\u00e4iv\u00e4kerho - IF Gnistan<\/title>\n<meta name=\"description\" content=\"IF Gnistanin iltap\u00e4iv\u00e4kerho j\u00e4rjest\u00e4\u00e4 toimintaa koululaisille\u00a0turvallisessa ymp\u00e4rist\u00f6ss\u00e4 koulun tiloissa.\" \/>\n<meta name=\"robots\" content=\"index, follow, max-snippet:-1, max-image-preview:large, max-video-preview:-1\" \/>\n<link rel=\"canonical\" href=\"https:\/\/gnistan.fi\/en\/iltapaivakerho\/\" \/>\n<meta property=\"og:locale\" content=\"en_US\" \/>\n<meta property=\"og:type\" content=\"article\" \/>\n<meta property=\"og:title\" content=\"Gnistan iltap\u00e4iv\u00e4kerho - IF Gnistan\" \/>\n<meta property=\"og:description\" content=\"IF Gnistanin iltap\u00e4iv\u00e4kerho j\u00e4rjest\u00e4\u00e4 toimintaa koululaisille\u00a0turvallisessa ymp\u00e4rist\u00f6ss\u00e4 koulun tiloissa.\" \/>\n<meta property=\"og:url\" content=\"https:\/\/gnistan.fi\/en\/iltapaivakerho\/\" \/>\n<meta property=\"og:site_name\" content=\"IF Gnistan\" \/>\n<meta property=\"article:publisher\" content=\"https:\/\/facebook.com\/ifgnistan\" \/>\n<meta property=\"article:modified_time\" content=\"2025-03-17T10:03:14+00:00\" \/>\n<meta property=\"og:image\" content=\"https:\/\/gnistan.fi\/wp-content\/uploads\/2024\/10\/IMG_4723-scaled-e1730108568808.jpg\" \/>\n\t<meta property=\"og:image:width\" content=\"2560\" \/>\n\t<meta property=\"og:image:height\" content=\"1344\" \/>\n\t<meta property=\"og:image:type\" content=\"image\/jpeg\" \/>\n<meta name=\"twitter:card\" content=\"summary_large_image\" \/>\n<meta name=\"twitter:site\" content=\"@ifgnistan1924\" \/>\n<meta name=\"twitter:label1\" content=\"Est. reading time\" \/>\n\t<meta name=\"twitter:data1\" content=\"2 minutes\" \/>\n<script type=\"application\/ld+json\" class=\"yoast-schema-graph\">{\"@context\":\"https:\\\/\\\/schema.org\",\"@graph\":[{\"@type\":\"WebPage\",\"@id\":\"https:\\\/\\\/gnistan.fi\\\/iltapaivakerho\\\/\",\"url\":\"https:\\\/\\\/gnistan.fi\\\/iltapaivakerho\\\/\",\"name\":\"Gnistan iltap\u00e4iv\u00e4kerho - IF Gnistan\",\"isPartOf\":{\"@id\":\"https:\\\/\\\/gnistan.fi\\\/#website\"},\"primaryImageOfPage\":{\"@id\":\"https:\\\/\\\/gnistan.fi\\\/iltapaivakerho\\\/#primaryimage\"},\"image\":{\"@id\":\"https:\\\/\\\/gnistan.fi\\\/iltapaivakerho\\\/#primaryimage\"},\"thumbnailUrl\":\"https:\\\/\\\/gnistan.fi\\\/wp-content\\\/uploads\\\/2024\\\/10\\\/IMG_4723-scaled-e1730108568808.jpg\",\"datePublished\":\"2021-03-22T18:37:25+00:00\",\"dateModified\":\"2025-03-17T10:03:14+00:00\",\"description\":\"IF Gnistanin iltap\u00e4iv\u00e4kerho j\u00e4rjest\u00e4\u00e4 toimintaa koululaisille\u00a0turvallisessa ymp\u00e4rist\u00f6ss\u00e4 koulun tiloissa.\",\"breadcrumb\":{\"@id\":\"https:\\\/\\\/gnistan.fi\\\/iltapaivakerho\\\/#breadcrumb\"},\"inLanguage\":\"en-US\",\"potentialAction\":[{\"@type\":\"ReadAction\",\"target\":[\"https:\\\/\\\/gnistan.fi\\\/iltapaivakerho\\\/\"]}]},{\"@type\":\"ImageObject\",\"inLanguage\":\"en-US\",\"@id\":\"https:\\\/\\\/gnistan.fi\\\/iltapaivakerho\\\/#primaryimage\",\"url\":\"https:\\\/\\\/gnistan.fi\\\/wp-content\\\/uploads\\\/2024\\\/10\\\/IMG_4723-scaled-e1730108568808.jpg\",\"contentUrl\":\"https:\\\/\\\/gnistan.fi\\\/wp-content\\\/uploads\\\/2024\\\/10\\\/IMG_4723-scaled-e1730108568808.jpg\",\"width\":2560,\"height\":1344},{\"@type\":\"BreadcrumbList\",\"@id\":\"https:\\\/\\\/gnistan.fi\\\/iltapaivakerho\\\/#breadcrumb\",\"itemListElement\":[{\"@type\":\"ListItem\",\"position\":1,\"name\":\"Etusivu\",\"item\":\"https:\\\/\\\/gnistan.fi\\\/\"},{\"@type\":\"ListItem\",\"position\":2,\"name\":\"Gnistan iltap\u00e4iv\u00e4kerho\"}]},{\"@type\":\"WebSite\",\"@id\":\"https:\\\/\\\/gnistan.fi\\\/#website\",\"url\":\"https:\\\/\\\/gnistan.fi\\\/\",\"name\":\"IF Gnistan\",\"description\":\"Viralliset sivut\",\"publisher\":{\"@id\":\"https:\\\/\\\/gnistan.fi\\\/#organization\"},\"potentialAction\":[{\"@type\":\"SearchAction\",\"target\":{\"@type\":\"EntryPoint\",\"urlTemplate\":\"https:\\\/\\\/gnistan.fi\\\/?s={search_term_string}\"},\"query-input\":{\"@type\":\"PropertyValueSpecification\",\"valueRequired\":true,\"valueName\":\"search_term_string\"}}],\"inLanguage\":\"en-US\"},{\"@type\":\"Organization\",\"@id\":\"https:\\\/\\\/gnistan.fi\\\/#organization\",\"name\":\"IF Gnistan\",\"url\":\"https:\\\/\\\/gnistan.fi\\\/\",\"logo\":{\"@type\":\"ImageObject\",\"inLanguage\":\"en-US\",\"@id\":\"https:\\\/\\\/gnistan.fi\\\/#\\\/schema\\\/logo\\\/image\\\/\",\"url\":\"https:\\\/\\\/gnistan.fi\\\/wp-content\\\/uploads\\\/2019\\\/10\\\/if-gnistan-vector-logo.svg\",\"contentUrl\":\"https:\\\/\\\/gnistan.fi\\\/wp-content\\\/uploads\\\/2019\\\/10\\\/if-gnistan-vector-logo.svg\",\"width\":269,\"height\":314,\"caption\":\"IF Gnistan\"},\"image\":{\"@id\":\"https:\\\/\\\/gnistan.fi\\\/#\\\/schema\\\/logo\\\/image\\\/\"},\"sameAs\":[\"https:\\\/\\\/facebook.com\\\/ifgnistan\",\"https:\\\/\\\/x.com\\\/ifgnistan1924\",\"https:\\\/\\\/instagram.com\\\/ifgnistan1924\",\"https:\\\/\\\/www.linkedin.com\\\/company\\\/ifgnistan\\\/\"]}]}<\/script>\n<!-- \/ Yoast SEO plugin. -->","yoast_head_json":{"title":"Gnistan iltap\u00e4iv\u00e4kerho - IF Gnistan","description":"IF Gnistanin iltap\u00e4iv\u00e4kerho j\u00e4rjest\u00e4\u00e4 toimintaa koululaisille\u00a0turvallisessa ymp\u00e4rist\u00f6ss\u00e4 koulun tiloissa.","robots":{"index":"index","follow":"follow","max-snippet":"max-snippet:-1","max-image-preview":"max-image-preview:large","max-video-preview":"max-video-preview:-1"},"canonical":"https:\/\/gnistan.fi\/en\/iltapaivakerho\/","og_locale":"en_US","og_type":"article","og_title":"Gnistan iltap\u00e4iv\u00e4kerho - IF Gnistan","og_description":"IF Gnistanin iltap\u00e4iv\u00e4kerho j\u00e4rjest\u00e4\u00e4 toimintaa koululaisille\u00a0turvallisessa ymp\u00e4rist\u00f6ss\u00e4 koulun tiloissa.","og_url":"https:\/\/gnistan.fi\/en\/iltapaivakerho\/","og_site_name":"IF Gnistan","article_publisher":"https:\/\/facebook.com\/ifgnistan","article_modified_time":"2025-03-17T10:03:14+00:00","og_image":[{"width":2560,"height":1344,"url":"https:\/\/gnistan.fi\/wp-content\/uploads\/2024\/10\/IMG_4723-scaled-e1730108568808.jpg","type":"image\/jpeg"}],"twitter_card":"summary_large_image","twitter_site":"@ifgnistan1924","twitter_misc":{"Est. reading time":"2 minutes"},"schema":{"@context":"https:\/\/schema.org","@graph":[{"@type":"WebPage","@id":"https:\/\/gnistan.fi\/iltapaivakerho\/","url":"https:\/\/gnistan.fi\/iltapaivakerho\/","name":"Gnistan iltap\u00e4iv\u00e4kerho - IF Gnistan","isPartOf":{"@id":"https:\/\/gnistan.fi\/#website"},"primaryImageOfPage":{"@id":"https:\/\/gnistan.fi\/iltapaivakerho\/#primaryimage"},"image":{"@id":"https:\/\/gnistan.fi\/iltapaivakerho\/#primaryimage"},"thumbnailUrl":"https:\/\/gnistan.fi\/wp-content\/uploads\/2024\/10\/IMG_4723-scaled-e1730108568808.jpg","datePublished":"2021-03-22T18:37:25+00:00","dateModified":"2025-03-17T10:03:14+00:00","description":"IF Gnistanin iltap\u00e4iv\u00e4kerho j\u00e4rjest\u00e4\u00e4 toimintaa koululaisille\u00a0turvallisessa ymp\u00e4rist\u00f6ss\u00e4 koulun tiloissa.","breadcrumb":{"@id":"https:\/\/gnistan.fi\/iltapaivakerho\/#breadcrumb"},"inLanguage":"en-US","potentialAction":[{"@type":"ReadAction","target":["https:\/\/gnistan.fi\/iltapaivakerho\/"]}]},{"@type":"ImageObject","inLanguage":"en-US","@id":"https:\/\/gnistan.fi\/iltapaivakerho\/#primaryimage","url":"https:\/\/gnistan.fi\/wp-content\/uploads\/2024\/10\/IMG_4723-scaled-e1730108568808.jpg","contentUrl":"https:\/\/gnistan.fi\/wp-content\/uploads\/2024\/10\/IMG_4723-scaled-e1730108568808.jpg","width":2560,"height":1344},{"@type":"BreadcrumbList","@id":"https:\/\/gnistan.fi\/iltapaivakerho\/#breadcrumb","itemListElement":[{"@type":"ListItem","position":1,"name":"Etusivu","item":"https:\/\/gnistan.fi\/"},{"@type":"ListItem","position":2,"name":"Gnistan iltap\u00e4iv\u00e4kerho"}]},{"@type":"WebSite","@id":"https:\/\/gnistan.fi\/#website","url":"https:\/\/gnistan.fi\/","name":"IF Gnistan","description":"Viralliset sivut","publisher":{"@id":"https:\/\/gnistan.fi\/#organization"},"potentialAction":[{"@type":"SearchAction","target":{"@type":"EntryPoint","urlTemplate":"https:\/\/gnistan.fi\/?s={search_term_string}"},"query-input":{"@type":"PropertyValueSpecification","valueRequired":true,"valueName":"search_term_string"}}],"inLanguage":"en-US"},{"@type":"Organization","@id":"https:\/\/gnistan.fi\/#organization","name":"IF Gnistan","url":"https:\/\/gnistan.fi\/","logo":{"@type":"ImageObject","inLanguage":"en-US","@id":"https:\/\/gnistan.fi\/#\/schema\/logo\/image\/","url":"https:\/\/gnistan.fi\/wp-content\/uploads\/2019\/10\/if-gnistan-vector-logo.svg","contentUrl":"https:\/\/gnistan.fi\/wp-content\/uploads\/2019\/10\/if-gnistan-vector-logo.svg","width":269,"height":314,"caption":"IF Gnistan"},"image":{"@id":"https:\/\/gnistan.fi\/#\/schema\/logo\/image\/"},"sameAs":["https:\/\/facebook.com\/ifgnistan","https:\/\/x.com\/ifgnistan1924","https:\/\/instagram.com\/ifgnistan1924","https:\/\/www.linkedin.com\/company\/ifgnistan\/"]}]}},"jetpack_sharing_enabled":true,"_links":{"self":[{"href":"https:\/\/gnistan.fi\/en\/wp-json\/wp\/v2\/pages\/18610","targetHints":{"allow":["GET"]}}],"collection":[{"href":"https:\/\/gnistan.fi\/en\/wp-json\/wp\/v2\/pages"}],"about":[{"href":"https:\/\/gnistan.fi\/en\/wp-json\/wp\/v2\/types\/page"}],"author":[{"embeddable":true,"href":"https:\/\/gnistan.fi\/en\/wp-json\/wp\/v2\/users\/13"}],"replies":[{"embeddable":true,"href":"https:\/\/gnistan.fi\/en\/wp-json\/wp\/v2\/comments?post=18610"}],"version-history":[{"count":12,"href":"https:\/\/gnistan.fi\/en\/wp-json\/wp\/v2\/pages\/18610\/revisions"}],"predecessor-version":[{"id":38861,"href":"https:\/\/gnistan.fi\/en\/wp-json\/wp\/v2\/pages\/18610\/revisions\/38861"}],"wp:featuredmedia":[{"embeddable":true,"href":"https:\/\/gnistan.fi\/en\/wp-json\/wp\/v2\/media\/36666"}],"wp:attachment":[{"href":"https:\/\/gnistan.fi\/en\/wp-json\/wp\/v2\/media?parent=18610"}],"curies":[{"name":"wp","href":"https:\/\/api.w.org\/{rel}","templated":true}]}}