{"id":18216,"date":"2021-02-23T13:25:48","date_gmt":"2021-02-23T11:25:48","guid":{"rendered":"https:\/\/gnistan.fi\/?page_id=18216"},"modified":"2024-03-14T15:55:16","modified_gmt":"2024-03-14T13:55:16","slug":"gnistanin-maalivahtileiri","status":"publish","type":"page","link":"https:\/\/gnistan.fi\/en\/gnistanin-maalivahtileiri\/","title":{"rendered":"Maalivahtileiri"},"content":{"rendered":"\n<h4 class=\"wp-block-heading has-text-align-center\">ILMOITTAUTUMINEN ON NYT AUKI<\/h4>\n\n\n\n<figure class=\"wp-block-image size-full\"><img fetchpriority=\"high\" decoding=\"async\" width=\"1024\" height=\"683\" src=\"https:\/\/gnistan.fi\/wp-content\/uploads\/2023\/02\/Gnistan-PePo-5-0-miesten-Ykkonen-5.6.2022-32-of-115.jpg\" alt=\"\" class=\"wp-image-24536\" srcset=\"https:\/\/gnistan.fi\/wp-content\/uploads\/2023\/02\/Gnistan-PePo-5-0-miesten-Ykkonen-5.6.2022-32-of-115.jpg 1024w, https:\/\/gnistan.fi\/wp-content\/uploads\/2023\/02\/Gnistan-PePo-5-0-miesten-Ykkonen-5.6.2022-32-of-115-600x400.jpg 600w, https:\/\/gnistan.fi\/wp-content\/uploads\/2023\/02\/Gnistan-PePo-5-0-miesten-Ykkonen-5.6.2022-32-of-115-300x200.jpg 300w, https:\/\/gnistan.fi\/wp-content\/uploads\/2023\/02\/Gnistan-PePo-5-0-miesten-Ykkonen-5.6.2022-32-of-115-768x512.jpg 768w, https:\/\/gnistan.fi\/wp-content\/uploads\/2023\/02\/Gnistan-PePo-5-0-miesten-Ykkonen-5.6.2022-32-of-115-128x85.jpg 128w, https:\/\/gnistan.fi\/wp-content\/uploads\/2023\/02\/Gnistan-PePo-5-0-miesten-Ykkonen-5.6.2022-32-of-115-32x21.jpg 32w\" sizes=\"(max-width: 1024px) 100vw, 1024px\" \/><\/figure>\n\n\n\n<p>Gnistanin <strong>Maalivahtileiri<\/strong> j\u00e4rjestet\u00e4\u00e4n 17-19.6.2024 Mustapekka Areenalla Oulunkyl\u00e4ss\u00e4. Maalivahtileiri on suunnattu seuran omille sek\u00e4 muiden seurojen 7-13-vuotiaille tyt\u00f6ille ja pojille, jotka ovat aloitelleet tai pelanneet jo pidemp\u00e4\u00e4n maalivahtina. Leiri j\u00e4rjestet\u00e4\u00e4n viime vuoden tapaan iltap\u00e4iv\u00e4leirin\u00e4 klo 13-16, jossa p\u00e4iv\u00e4\u00e4n kuuluu aina kaksi harjoitusta ja v\u00e4lipala. Leirill\u00e4 p\u00e4\u00e4set oppimaan monipuolisia maalivahdin taitoja ja kokemaan hauskaa yhdess\u00e4oloa!<\/p>\n\n\n\n<p>Leirin vastuuvet\u00e4j\u00e4n\u00e4 toimii maalivahtivalmentaja. Leirill\u00e4 vierailevat my\u00f6s Gnistanin edustusjoukkueiden maalivahteja, joilta p\u00e4\u00e4set n\u00e4kem\u00e4\u00e4n esimerkkej\u00e4 ja kuulemaan kokemuksia heid\u00e4n harjoittelusta ja pelaamisesta. Leirin hinta on 75 \u20ac sis\u00e4lt\u00e4en jokaiselle osallistujalle jaettavan leirituotteen.<\/p>\n\n\n\n<!-- myClub embed JS - start -->\n<div class=\"myclub-embed\" data-url=\"https:\/\/ifgnistan.myclub.fi\/groups\/71789\/course_embeds\/27989?token=56f3b950e522dd9b1fc6651f690804b575649cab\"><\/div>\n<script>(function(d, s, id) { var js, mjs = d.getElementsByTagName(s)[0]; if (d.getElementById(id)) return; js = d.createElement(s); js.id = id; js.async = true; js.src = \"https:\/\/d2ubdm6yoox6gh.cloudfront.net\/assets\/myclub-embed.js\"; mjs.parentNode.insertBefore(js, mjs); }(document, 'script', 'myclub-embed-js'));<\/script>\n<!-- myClub embed JS - end -->\n","protected":false},"excerpt":{"rendered":"<p>ILMOITTAUTUMINEN ON NYT AUKI Gnistanin Maalivahtileiri j\u00e4rjestet\u00e4\u00e4n 17-19.6.2024 Mustapekka Areenalla Oulunkyl\u00e4ss\u00e4. Maalivahtileiri on suunnattu seuran omille sek\u00e4 muiden seurojen 7-13-vuotiaille tyt\u00f6ille ja pojille, jotka ovat aloitelleet tai pelanneet jo pidemp\u00e4\u00e4n maalivahtina. Leiri j\u00e4rjestet\u00e4\u00e4n viime vuoden tapaan iltap\u00e4iv\u00e4leirin\u00e4 klo 13-16, jossa p\u00e4iv\u00e4\u00e4n kuuluu aina kaksi harjoitusta ja v\u00e4lipala. Leirill\u00e4 p\u00e4\u00e4set oppimaan monipuolisia maalivahdin taitoja ja kokemaan [&hellip;]<\/p>\n","protected":false},"author":24,"featured_media":36703,"parent":0,"menu_order":0,"comment_status":"closed","ping_status":"closed","template":"","meta":{"_acf_changed":false,"footnotes":""},"class_list":["post-18216","page","type-page","status-publish","has-post-thumbnail","hentry"],"acf":[],"yoast_head":"<!-- This site is optimized with the Yoast SEO plugin v27.4 - https:\/\/yoast.com\/product\/yoast-seo-wordpress\/ -->\n<title>Maalivahtileiri - IF Gnistan<\/title>\n<meta name=\"robots\" content=\"index, follow, max-snippet:-1, max-image-preview:large, max-video-preview:-1\" \/>\n<link rel=\"canonical\" href=\"https:\/\/gnistan.fi\/en\/gnistanin-maalivahtileiri\/\" \/>\n<meta property=\"og:locale\" content=\"en_US\" \/>\n<meta property=\"og:type\" content=\"article\" \/>\n<meta property=\"og:title\" content=\"Maalivahtileiri - IF Gnistan\" \/>\n<meta property=\"og:description\" content=\"ILMOITTAUTUMINEN ON NYT AUKI Gnistanin Maalivahtileiri j\u00e4rjestet\u00e4\u00e4n 17-19.6.2024 Mustapekka Areenalla Oulunkyl\u00e4ss\u00e4. Maalivahtileiri on suunnattu seuran omille sek\u00e4 muiden seurojen 7-13-vuotiaille tyt\u00f6ille ja pojille, jotka ovat aloitelleet tai pelanneet jo pidemp\u00e4\u00e4n maalivahtina. Leiri j\u00e4rjestet\u00e4\u00e4n viime vuoden tapaan iltap\u00e4iv\u00e4leirin\u00e4 klo 13-16, jossa p\u00e4iv\u00e4\u00e4n kuuluu aina kaksi harjoitusta ja v\u00e4lipala. Leirill\u00e4 p\u00e4\u00e4set oppimaan monipuolisia maalivahdin taitoja ja kokemaan [&hellip;]\" \/>\n<meta property=\"og:url\" content=\"https:\/\/gnistan.fi\/en\/gnistanin-maalivahtileiri\/\" \/>\n<meta property=\"og:site_name\" content=\"IF Gnistan\" \/>\n<meta property=\"article:publisher\" content=\"https:\/\/facebook.com\/ifgnistan\" \/>\n<meta property=\"article:modified_time\" content=\"2024-03-14T13:55:16+00:00\" \/>\n<meta property=\"og:image\" content=\"https:\/\/gnistan.fi\/wp-content\/uploads\/2024\/11\/gnistan-default-featured-2024-c.webp\" \/>\n\t<meta property=\"og:image:width\" content=\"1920\" \/>\n\t<meta property=\"og:image:height\" content=\"1080\" \/>\n\t<meta property=\"og:image:type\" content=\"image\/webp\" \/>\n<meta name=\"twitter:card\" content=\"summary_large_image\" \/>\n<meta name=\"twitter:site\" content=\"@ifgnistan1924\" \/>\n<meta name=\"twitter:label1\" content=\"Est. reading time\" \/>\n\t<meta name=\"twitter:data1\" content=\"1 minute\" \/>\n<script type=\"application\/ld+json\" class=\"yoast-schema-graph\">{\"@context\":\"https:\\\/\\\/schema.org\",\"@graph\":[{\"@type\":\"WebPage\",\"@id\":\"https:\\\/\\\/gnistan.fi\\\/gnistanin-maalivahtileiri\\\/\",\"url\":\"https:\\\/\\\/gnistan.fi\\\/gnistanin-maalivahtileiri\\\/\",\"name\":\"Maalivahtileiri - IF Gnistan\",\"isPartOf\":{\"@id\":\"https:\\\/\\\/gnistan.fi\\\/#website\"},\"primaryImageOfPage\":{\"@id\":\"https:\\\/\\\/gnistan.fi\\\/gnistanin-maalivahtileiri\\\/#primaryimage\"},\"image\":{\"@id\":\"https:\\\/\\\/gnistan.fi\\\/gnistanin-maalivahtileiri\\\/#primaryimage\"},\"thumbnailUrl\":\"https:\\\/\\\/gnistan.fi\\\/wp-content\\\/uploads\\\/2024\\\/11\\\/gnistan-default-featured-2024-c.webp\",\"datePublished\":\"2021-02-23T11:25:48+00:00\",\"dateModified\":\"2024-03-14T13:55:16+00:00\",\"breadcrumb\":{\"@id\":\"https:\\\/\\\/gnistan.fi\\\/gnistanin-maalivahtileiri\\\/#breadcrumb\"},\"inLanguage\":\"en-US\",\"potentialAction\":[{\"@type\":\"ReadAction\",\"target\":[\"https:\\\/\\\/gnistan.fi\\\/gnistanin-maalivahtileiri\\\/\"]}]},{\"@type\":\"ImageObject\",\"inLanguage\":\"en-US\",\"@id\":\"https:\\\/\\\/gnistan.fi\\\/gnistanin-maalivahtileiri\\\/#primaryimage\",\"url\":\"https:\\\/\\\/gnistan.fi\\\/wp-content\\\/uploads\\\/2024\\\/11\\\/gnistan-default-featured-2024-c.webp\",\"contentUrl\":\"https:\\\/\\\/gnistan.fi\\\/wp-content\\\/uploads\\\/2024\\\/11\\\/gnistan-default-featured-2024-c.webp\",\"width\":1920,\"height\":1080},{\"@type\":\"BreadcrumbList\",\"@id\":\"https:\\\/\\\/gnistan.fi\\\/gnistanin-maalivahtileiri\\\/#breadcrumb\",\"itemListElement\":[{\"@type\":\"ListItem\",\"position\":1,\"name\":\"Etusivu\",\"item\":\"https:\\\/\\\/gnistan.fi\\\/\"},{\"@type\":\"ListItem\",\"position\":2,\"name\":\"Maalivahtileiri\"}]},{\"@type\":\"WebSite\",\"@id\":\"https:\\\/\\\/gnistan.fi\\\/#website\",\"url\":\"https:\\\/\\\/gnistan.fi\\\/\",\"name\":\"IF Gnistan\",\"description\":\"Viralliset sivut\",\"publisher\":{\"@id\":\"https:\\\/\\\/gnistan.fi\\\/#organization\"},\"potentialAction\":[{\"@type\":\"SearchAction\",\"target\":{\"@type\":\"EntryPoint\",\"urlTemplate\":\"https:\\\/\\\/gnistan.fi\\\/?s={search_term_string}\"},\"query-input\":{\"@type\":\"PropertyValueSpecification\",\"valueRequired\":true,\"valueName\":\"search_term_string\"}}],\"inLanguage\":\"en-US\"},{\"@type\":\"Organization\",\"@id\":\"https:\\\/\\\/gnistan.fi\\\/#organization\",\"name\":\"IF Gnistan\",\"url\":\"https:\\\/\\\/gnistan.fi\\\/\",\"logo\":{\"@type\":\"ImageObject\",\"inLanguage\":\"en-US\",\"@id\":\"https:\\\/\\\/gnistan.fi\\\/#\\\/schema\\\/logo\\\/image\\\/\",\"url\":\"https:\\\/\\\/gnistan.fi\\\/wp-content\\\/uploads\\\/2019\\\/10\\\/if-gnistan-vector-logo.svg\",\"contentUrl\":\"https:\\\/\\\/gnistan.fi\\\/wp-content\\\/uploads\\\/2019\\\/10\\\/if-gnistan-vector-logo.svg\",\"width\":269,\"height\":314,\"caption\":\"IF Gnistan\"},\"image\":{\"@id\":\"https:\\\/\\\/gnistan.fi\\\/#\\\/schema\\\/logo\\\/image\\\/\"},\"sameAs\":[\"https:\\\/\\\/facebook.com\\\/ifgnistan\",\"https:\\\/\\\/x.com\\\/ifgnistan1924\",\"https:\\\/\\\/instagram.com\\\/ifgnistan1924\",\"https:\\\/\\\/www.linkedin.com\\\/company\\\/ifgnistan\\\/\"]}]}<\/script>\n<!-- \/ Yoast SEO plugin. -->","yoast_head_json":{"title":"Maalivahtileiri - IF Gnistan","robots":{"index":"index","follow":"follow","max-snippet":"max-snippet:-1","max-image-preview":"max-image-preview:large","max-video-preview":"max-video-preview:-1"},"canonical":"https:\/\/gnistan.fi\/en\/gnistanin-maalivahtileiri\/","og_locale":"en_US","og_type":"article","og_title":"Maalivahtileiri - IF Gnistan","og_description":"ILMOITTAUTUMINEN ON NYT AUKI Gnistanin Maalivahtileiri j\u00e4rjestet\u00e4\u00e4n 17-19.6.2024 Mustapekka Areenalla Oulunkyl\u00e4ss\u00e4. Maalivahtileiri on suunnattu seuran omille sek\u00e4 muiden seurojen 7-13-vuotiaille tyt\u00f6ille ja pojille, jotka ovat aloitelleet tai pelanneet jo pidemp\u00e4\u00e4n maalivahtina. Leiri j\u00e4rjestet\u00e4\u00e4n viime vuoden tapaan iltap\u00e4iv\u00e4leirin\u00e4 klo 13-16, jossa p\u00e4iv\u00e4\u00e4n kuuluu aina kaksi harjoitusta ja v\u00e4lipala. Leirill\u00e4 p\u00e4\u00e4set oppimaan monipuolisia maalivahdin taitoja ja kokemaan [&hellip;]","og_url":"https:\/\/gnistan.fi\/en\/gnistanin-maalivahtileiri\/","og_site_name":"IF Gnistan","article_publisher":"https:\/\/facebook.com\/ifgnistan","article_modified_time":"2024-03-14T13:55:16+00:00","og_image":[{"width":1920,"height":1080,"url":"https:\/\/gnistan.fi\/wp-content\/uploads\/2024\/11\/gnistan-default-featured-2024-c.webp","type":"image\/webp"}],"twitter_card":"summary_large_image","twitter_site":"@ifgnistan1924","twitter_misc":{"Est. reading time":"1 minute"},"schema":{"@context":"https:\/\/schema.org","@graph":[{"@type":"WebPage","@id":"https:\/\/gnistan.fi\/gnistanin-maalivahtileiri\/","url":"https:\/\/gnistan.fi\/gnistanin-maalivahtileiri\/","name":"Maalivahtileiri - IF Gnistan","isPartOf":{"@id":"https:\/\/gnistan.fi\/#website"},"primaryImageOfPage":{"@id":"https:\/\/gnistan.fi\/gnistanin-maalivahtileiri\/#primaryimage"},"image":{"@id":"https:\/\/gnistan.fi\/gnistanin-maalivahtileiri\/#primaryimage"},"thumbnailUrl":"https:\/\/gnistan.fi\/wp-content\/uploads\/2024\/11\/gnistan-default-featured-2024-c.webp","datePublished":"2021-02-23T11:25:48+00:00","dateModified":"2024-03-14T13:55:16+00:00","breadcrumb":{"@id":"https:\/\/gnistan.fi\/gnistanin-maalivahtileiri\/#breadcrumb"},"inLanguage":"en-US","potentialAction":[{"@type":"ReadAction","target":["https:\/\/gnistan.fi\/gnistanin-maalivahtileiri\/"]}]},{"@type":"ImageObject","inLanguage":"en-US","@id":"https:\/\/gnistan.fi\/gnistanin-maalivahtileiri\/#primaryimage","url":"https:\/\/gnistan.fi\/wp-content\/uploads\/2024\/11\/gnistan-default-featured-2024-c.webp","contentUrl":"https:\/\/gnistan.fi\/wp-content\/uploads\/2024\/11\/gnistan-default-featured-2024-c.webp","width":1920,"height":1080},{"@type":"BreadcrumbList","@id":"https:\/\/gnistan.fi\/gnistanin-maalivahtileiri\/#breadcrumb","itemListElement":[{"@type":"ListItem","position":1,"name":"Etusivu","item":"https:\/\/gnistan.fi\/"},{"@type":"ListItem","position":2,"name":"Maalivahtileiri"}]},{"@type":"WebSite","@id":"https:\/\/gnistan.fi\/#website","url":"https:\/\/gnistan.fi\/","name":"IF Gnistan","description":"Viralliset sivut","publisher":{"@id":"https:\/\/gnistan.fi\/#organization"},"potentialAction":[{"@type":"SearchAction","target":{"@type":"EntryPoint","urlTemplate":"https:\/\/gnistan.fi\/?s={search_term_string}"},"query-input":{"@type":"PropertyValueSpecification","valueRequired":true,"valueName":"search_term_string"}}],"inLanguage":"en-US"},{"@type":"Organization","@id":"https:\/\/gnistan.fi\/#organization","name":"IF Gnistan","url":"https:\/\/gnistan.fi\/","logo":{"@type":"ImageObject","inLanguage":"en-US","@id":"https:\/\/gnistan.fi\/#\/schema\/logo\/image\/","url":"https:\/\/gnistan.fi\/wp-content\/uploads\/2019\/10\/if-gnistan-vector-logo.svg","contentUrl":"https:\/\/gnistan.fi\/wp-content\/uploads\/2019\/10\/if-gnistan-vector-logo.svg","width":269,"height":314,"caption":"IF Gnistan"},"image":{"@id":"https:\/\/gnistan.fi\/#\/schema\/logo\/image\/"},"sameAs":["https:\/\/facebook.com\/ifgnistan","https:\/\/x.com\/ifgnistan1924","https:\/\/instagram.com\/ifgnistan1924","https:\/\/www.linkedin.com\/company\/ifgnistan\/"]}]}},"jetpack_sharing_enabled":true,"_links":{"self":[{"href":"https:\/\/gnistan.fi\/en\/wp-json\/wp\/v2\/pages\/18216","targetHints":{"allow":["GET"]}}],"collection":[{"href":"https:\/\/gnistan.fi\/en\/wp-json\/wp\/v2\/pages"}],"about":[{"href":"https:\/\/gnistan.fi\/en\/wp-json\/wp\/v2\/types\/page"}],"author":[{"embeddable":true,"href":"https:\/\/gnistan.fi\/en\/wp-json\/wp\/v2\/users\/24"}],"replies":[{"embeddable":true,"href":"https:\/\/gnistan.fi\/en\/wp-json\/wp\/v2\/comments?post=18216"}],"version-history":[{"count":19,"href":"https:\/\/gnistan.fi\/en\/wp-json\/wp\/v2\/pages\/18216\/revisions"}],"predecessor-version":[{"id":27637,"href":"https:\/\/gnistan.fi\/en\/wp-json\/wp\/v2\/pages\/18216\/revisions\/27637"}],"wp:featuredmedia":[{"embeddable":true,"href":"https:\/\/gnistan.fi\/en\/wp-json\/wp\/v2\/media\/36703"}],"wp:attachment":[{"href":"https:\/\/gnistan.fi\/en\/wp-json\/wp\/v2\/media?parent=18216"}],"curies":[{"name":"wp","href":"https:\/\/api.w.org\/{rel}","templated":true}]}}