{"id":18127,"date":"2021-02-13T19:46:15","date_gmt":"2021-02-13T17:46:15","guid":{"rendered":"https:\/\/gnistan.fi\/?page_id=18127"},"modified":"2026-04-07T12:24:24","modified_gmt":"2026-04-07T09:24:24","slug":"p15","status":"publish","type":"page","link":"https:\/\/gnistan.fi\/en\/p15\/","title":{"rendered":"P2015"},"content":{"rendered":"<figure class=\"wp-block-image aligncenter size-large\"><img fetchpriority=\"high\" decoding=\"async\" width=\"1024\" height=\"683\" src=\"https:\/\/gnistan.fi\/wp-content\/uploads\/2025\/06\/P2015_kilpa-1024x683.jpg\" alt=\"\" class=\"wp-image-40477\" srcset=\"https:\/\/gnistan.fi\/wp-content\/uploads\/2025\/06\/P2015_kilpa-1024x683.jpg 1024w, https:\/\/gnistan.fi\/wp-content\/uploads\/2025\/06\/P2015_kilpa-300x200.jpg 300w, https:\/\/gnistan.fi\/wp-content\/uploads\/2025\/06\/P2015_kilpa-768x512.jpg 768w, https:\/\/gnistan.fi\/wp-content\/uploads\/2025\/06\/P2015_kilpa-1536x1024.jpg 1536w, https:\/\/gnistan.fi\/wp-content\/uploads\/2025\/06\/P2015_kilpa-2048x1365.jpg 2048w, https:\/\/gnistan.fi\/wp-content\/uploads\/2025\/06\/P2015_kilpa-18x12.jpg 18w\" sizes=\"(max-width: 1024px) 100vw, 1024px\" \/><figcaption class=\"wp-element-caption\">P2015 Kilpa 2025<\/figcaption><\/figure>\n\n\n\n<figure class=\"wp-block-image aligncenter size-large\"><img decoding=\"async\" width=\"1024\" height=\"683\" src=\"https:\/\/gnistan.fi\/wp-content\/uploads\/2025\/06\/P2015_kilpa2-1024x683.jpg\" alt=\"\" class=\"wp-image-40478\" srcset=\"https:\/\/gnistan.fi\/wp-content\/uploads\/2025\/06\/P2015_kilpa2-1024x683.jpg 1024w, https:\/\/gnistan.fi\/wp-content\/uploads\/2025\/06\/P2015_kilpa2-300x200.jpg 300w, https:\/\/gnistan.fi\/wp-content\/uploads\/2025\/06\/P2015_kilpa2-768x512.jpg 768w, https:\/\/gnistan.fi\/wp-content\/uploads\/2025\/06\/P2015_kilpa2-1536x1024.jpg 1536w, https:\/\/gnistan.fi\/wp-content\/uploads\/2025\/06\/P2015_kilpa2-2048x1366.jpg 2048w, https:\/\/gnistan.fi\/wp-content\/uploads\/2025\/06\/P2015_kilpa2-18x12.jpg 18w\" sizes=\"(max-width: 1024px) 100vw, 1024px\" \/><figcaption class=\"wp-element-caption\">P2015 Kilpa 2 2025<\/figcaption><\/figure>\n\n\n\n<figure class=\"wp-block-image aligncenter size-large\"><img decoding=\"async\" width=\"1024\" height=\"683\" src=\"https:\/\/gnistan.fi\/wp-content\/uploads\/2025\/06\/P2015_haaste-1024x683.jpg\" alt=\"\" class=\"wp-image-40479\" srcset=\"https:\/\/gnistan.fi\/wp-content\/uploads\/2025\/06\/P2015_haaste-1024x683.jpg 1024w, https:\/\/gnistan.fi\/wp-content\/uploads\/2025\/06\/P2015_haaste-300x200.jpg 300w, https:\/\/gnistan.fi\/wp-content\/uploads\/2025\/06\/P2015_haaste-768x512.jpg 768w, https:\/\/gnistan.fi\/wp-content\/uploads\/2025\/06\/P2015_haaste-1536x1024.jpg 1536w, https:\/\/gnistan.fi\/wp-content\/uploads\/2025\/06\/P2015_haaste-2048x1365.jpg 2048w, https:\/\/gnistan.fi\/wp-content\/uploads\/2025\/06\/P2015_haaste-18x12.jpg 18w\" sizes=\"(max-width: 1024px) 100vw, 1024px\" \/><figcaption class=\"wp-element-caption\">P2015 Haaste 2025<\/figcaption><\/figure>\n\n\n\n<p>Tervetuloa joukkueemme sivulle!<br><br>Joukkueemme harjoitusajat ja lis\u00e4tiedot toiminnastamme saatte joukkueenjohtajiltamme. Kilpajoukkueiden try-outit ovat p\u00e4\u00e4ttyneet ja uusia pelaajia otamme Haaste-joukkueeseen. Harjoituksiin voi tulla kokeilemaan muutaman viikon ajan veloituksetta. Ilmoitattehan joukkueenjohtajallemme, kun tulette ensimm\u00e4ist\u00e4 kertaa harjoituksiin. Valmennuksellisiin kysymyksiin vastaa joukkueen vastuuvalmentaja.<br><br>Kun p\u00e4\u00e4t\u00e4tte ilmoittautua mukaan joukkueeseemme ja liitty\u00e4 seuraamme voitte tehd\u00e4 sen t\u00e4\u00e4lt\u00e4:\u00a0<a href=\"https:\/\/gnistan.fi\/en\/become-a-member\/\" target=\"_blank\" rel=\"noreferrer noopener\">J\u00e4seneksi \u2013 IF Gnistan<\/a>\u00a0Ilmoittautumisenne j\u00e4lkeen teid\u00e4t liitet\u00e4\u00e4n seuramme j\u00e4senpalveluun MyClubiin, mist\u00e4 n\u00e4ette joukkueen tapahtumakalenterin ja p\u00e4\u00e4sette osallistumaan joukkueen tapahtumiin. Kehotamme teit\u00e4 lukemaan joukkueen t\u00e4rke\u00e4t ohjeistukset MyClubin tiedotteista liitytty\u00e4nne joukkueeseen.<br>Saatte ilmoittautumisen my\u00f6t\u00e4 my\u00f6s seuran j\u00e4senmaksun sek\u00e4 joukkuemaksun.\u00a0<br><br>Harjoittelemme kolme kertaa viikossa Oulunkyl\u00e4n Markku.fi ja Pikkupekka Areenoilla.\u00a0T\u00e4m\u00e4n lis\u00e4ksi osallistumme turnauksiin ja muihin pelitapahtumiin.<br><br><strong>Kilpa 1<br><\/strong>Vastuuvalmentaja: Mehmet Hetemaj<br>Jojo:\u00a0<a href=\"mailto:gnistanp15@gmail.com\">gnistanp15@gmail.com<\/a><\/p>\n\n\n\n<p><br><strong>Kilpa 2<br><\/strong>Vastuuvalmentaja: Jukka Halme (1.1.2026-)<br>Jojo:&nbsp;<a href=\"mailto:gnistanp15kilpa2@gmail.com\">gnistanp15kilpa2@gmail.com<\/a>&nbsp;<\/p>\n\n\n\n<p><br><strong>Haaste<\/strong><br>Vastuuvalmentaja: Joona Tapani<br>Jojo:&nbsp;<a href=\"mailto:gnistanp15haaste@gmail.com\">gnistanp15haaste@gmail.com<\/a><\/p>\n\n\n\n<p>Linkki joukkuueen IG tiliin:&nbsp;<a rel=\"noreferrer noopener\" target=\"_blank\" href=\"https:\/\/www.instagram.com\/gnistan.p15\/\">https:\/\/www.instagram.com\/gnistan.p15<\/a><\/p>\n\n\n\n<p><br><\/p>\n\n\n\n<p><\/p>","protected":false},"excerpt":{"rendered":"<p>Tervetuloa joukkueemme sivulle! Joukkueemme harjoitusajat ja lis\u00e4tiedot toiminnastamme saatte joukkueenjohtajiltamme. Kilpajoukkueiden try-outit ovat p\u00e4\u00e4ttyneet ja uusia pelaajia otamme Haaste-joukkueeseen. Harjoituksiin voi tulla kokeilemaan muutaman viikon ajan veloituksetta. Ilmoitattehan joukkueenjohtajallemme, kun tulette ensimm\u00e4ist\u00e4 kertaa harjoituksiin. Valmennuksellisiin kysymyksiin vastaa joukkueen vastuuvalmentaja. Kun p\u00e4\u00e4t\u00e4tte ilmoittautua mukaan joukkueeseemme ja liitty\u00e4 seuraamme voitte tehd\u00e4 sen t\u00e4\u00e4lt\u00e4:\u00a0J\u00e4seneksi \u2013 IF Gnistan\u00a0Ilmoittautumisenne j\u00e4lkeen [&hellip;]<\/p>\n","protected":false},"author":4,"featured_media":36703,"parent":0,"menu_order":0,"comment_status":"closed","ping_status":"closed","template":"","meta":{"_acf_changed":false,"footnotes":""},"class_list":["post-18127","page","type-page","status-publish","has-post-thumbnail","hentry"],"acf":[],"yoast_head":"<!-- This site is optimized with the Yoast SEO plugin v27.3 - https:\/\/yoast.com\/product\/yoast-seo-wordpress\/ -->\n<title>P2015 - IF Gnistan<\/title>\n<meta name=\"robots\" content=\"index, follow, max-snippet:-1, max-image-preview:large, max-video-preview:-1\" \/>\n<link rel=\"canonical\" href=\"https:\/\/gnistan.fi\/en\/p15\/\" \/>\n<meta property=\"og:locale\" content=\"en_US\" \/>\n<meta property=\"og:type\" content=\"article\" \/>\n<meta property=\"og:title\" content=\"P2015 - IF Gnistan\" \/>\n<meta property=\"og:description\" content=\"Tervetuloa joukkueemme sivulle! Joukkueemme harjoitusajat ja lis\u00e4tiedot toiminnastamme saatte joukkueenjohtajiltamme. Kilpajoukkueiden try-outit ovat p\u00e4\u00e4ttyneet ja uusia pelaajia otamme Haaste-joukkueeseen. Harjoituksiin voi tulla kokeilemaan muutaman viikon ajan veloituksetta. Ilmoitattehan joukkueenjohtajallemme, kun tulette ensimm\u00e4ist\u00e4 kertaa harjoituksiin. Valmennuksellisiin kysymyksiin vastaa joukkueen vastuuvalmentaja. Kun p\u00e4\u00e4t\u00e4tte ilmoittautua mukaan joukkueeseemme ja liitty\u00e4 seuraamme voitte tehd\u00e4 sen t\u00e4\u00e4lt\u00e4:\u00a0J\u00e4seneksi \u2013 IF Gnistan\u00a0Ilmoittautumisenne j\u00e4lkeen [&hellip;]\" \/>\n<meta property=\"og:url\" content=\"https:\/\/gnistan.fi\/en\/p15\/\" \/>\n<meta property=\"og:site_name\" content=\"IF Gnistan\" \/>\n<meta property=\"article:publisher\" content=\"https:\/\/facebook.com\/ifgnistan\" \/>\n<meta property=\"article:modified_time\" content=\"2026-04-07T09:24:24+00:00\" \/>\n<meta property=\"og:image\" content=\"https:\/\/gnistan.fi\/wp-content\/uploads\/2025\/06\/P2015_kilpa-scaled.jpg\" \/>\n\t<meta property=\"og:image:width\" content=\"2560\" \/>\n\t<meta property=\"og:image:height\" content=\"1706\" \/>\n\t<meta property=\"og:image:type\" content=\"image\/jpeg\" \/>\n<meta name=\"twitter:card\" content=\"summary_large_image\" \/>\n<meta name=\"twitter:site\" content=\"@ifgnistan1924\" \/>\n<meta name=\"twitter:label1\" content=\"Est. reading time\" \/>\n\t<meta name=\"twitter:data1\" content=\"2 minutes\" \/>\n<script type=\"application\/ld+json\" class=\"yoast-schema-graph\">{\"@context\":\"https:\\\/\\\/schema.org\",\"@graph\":[{\"@type\":\"WebPage\",\"@id\":\"https:\\\/\\\/gnistan.fi\\\/p15\\\/\",\"url\":\"https:\\\/\\\/gnistan.fi\\\/p15\\\/\",\"name\":\"P2015 - IF Gnistan\",\"isPartOf\":{\"@id\":\"https:\\\/\\\/gnistan.fi\\\/#website\"},\"primaryImageOfPage\":{\"@id\":\"https:\\\/\\\/gnistan.fi\\\/p15\\\/#primaryimage\"},\"image\":{\"@id\":\"https:\\\/\\\/gnistan.fi\\\/p15\\\/#primaryimage\"},\"thumbnailUrl\":\"https:\\\/\\\/gnistan.fi\\\/wp-content\\\/uploads\\\/2024\\\/11\\\/gnistan-default-featured-2024-c.webp\",\"datePublished\":\"2021-02-13T17:46:15+00:00\",\"dateModified\":\"2026-04-07T09:24:24+00:00\",\"breadcrumb\":{\"@id\":\"https:\\\/\\\/gnistan.fi\\\/p15\\\/#breadcrumb\"},\"inLanguage\":\"en-US\",\"potentialAction\":[{\"@type\":\"ReadAction\",\"target\":[\"https:\\\/\\\/gnistan.fi\\\/p15\\\/\"]}]},{\"@type\":\"ImageObject\",\"inLanguage\":\"en-US\",\"@id\":\"https:\\\/\\\/gnistan.fi\\\/p15\\\/#primaryimage\",\"url\":\"https:\\\/\\\/gnistan.fi\\\/wp-content\\\/uploads\\\/2024\\\/11\\\/gnistan-default-featured-2024-c.webp\",\"contentUrl\":\"https:\\\/\\\/gnistan.fi\\\/wp-content\\\/uploads\\\/2024\\\/11\\\/gnistan-default-featured-2024-c.webp\",\"width\":1920,\"height\":1080},{\"@type\":\"BreadcrumbList\",\"@id\":\"https:\\\/\\\/gnistan.fi\\\/p15\\\/#breadcrumb\",\"itemListElement\":[{\"@type\":\"ListItem\",\"position\":1,\"name\":\"Etusivu\",\"item\":\"https:\\\/\\\/gnistan.fi\\\/\"},{\"@type\":\"ListItem\",\"position\":2,\"name\":\"P2015\"}]},{\"@type\":\"WebSite\",\"@id\":\"https:\\\/\\\/gnistan.fi\\\/#website\",\"url\":\"https:\\\/\\\/gnistan.fi\\\/\",\"name\":\"IF Gnistan\",\"description\":\"Viralliset sivut\",\"publisher\":{\"@id\":\"https:\\\/\\\/gnistan.fi\\\/#organization\"},\"potentialAction\":[{\"@type\":\"SearchAction\",\"target\":{\"@type\":\"EntryPoint\",\"urlTemplate\":\"https:\\\/\\\/gnistan.fi\\\/?s={search_term_string}\"},\"query-input\":{\"@type\":\"PropertyValueSpecification\",\"valueRequired\":true,\"valueName\":\"search_term_string\"}}],\"inLanguage\":\"en-US\"},{\"@type\":\"Organization\",\"@id\":\"https:\\\/\\\/gnistan.fi\\\/#organization\",\"name\":\"IF Gnistan\",\"url\":\"https:\\\/\\\/gnistan.fi\\\/\",\"logo\":{\"@type\":\"ImageObject\",\"inLanguage\":\"en-US\",\"@id\":\"https:\\\/\\\/gnistan.fi\\\/#\\\/schema\\\/logo\\\/image\\\/\",\"url\":\"https:\\\/\\\/gnistan.fi\\\/wp-content\\\/uploads\\\/2019\\\/10\\\/if-gnistan-vector-logo.svg\",\"contentUrl\":\"https:\\\/\\\/gnistan.fi\\\/wp-content\\\/uploads\\\/2019\\\/10\\\/if-gnistan-vector-logo.svg\",\"width\":269,\"height\":314,\"caption\":\"IF Gnistan\"},\"image\":{\"@id\":\"https:\\\/\\\/gnistan.fi\\\/#\\\/schema\\\/logo\\\/image\\\/\"},\"sameAs\":[\"https:\\\/\\\/facebook.com\\\/ifgnistan\",\"https:\\\/\\\/x.com\\\/ifgnistan1924\",\"https:\\\/\\\/instagram.com\\\/ifgnistan1924\",\"https:\\\/\\\/www.linkedin.com\\\/company\\\/ifgnistan\\\/\"]}]}<\/script>\n<!-- \/ Yoast SEO plugin. -->","yoast_head_json":{"title":"P2015 - IF Gnistan","robots":{"index":"index","follow":"follow","max-snippet":"max-snippet:-1","max-image-preview":"max-image-preview:large","max-video-preview":"max-video-preview:-1"},"canonical":"https:\/\/gnistan.fi\/en\/p15\/","og_locale":"en_US","og_type":"article","og_title":"P2015 - IF Gnistan","og_description":"Tervetuloa joukkueemme sivulle! Joukkueemme harjoitusajat ja lis\u00e4tiedot toiminnastamme saatte joukkueenjohtajiltamme. Kilpajoukkueiden try-outit ovat p\u00e4\u00e4ttyneet ja uusia pelaajia otamme Haaste-joukkueeseen. Harjoituksiin voi tulla kokeilemaan muutaman viikon ajan veloituksetta. Ilmoitattehan joukkueenjohtajallemme, kun tulette ensimm\u00e4ist\u00e4 kertaa harjoituksiin. Valmennuksellisiin kysymyksiin vastaa joukkueen vastuuvalmentaja. Kun p\u00e4\u00e4t\u00e4tte ilmoittautua mukaan joukkueeseemme ja liitty\u00e4 seuraamme voitte tehd\u00e4 sen t\u00e4\u00e4lt\u00e4:\u00a0J\u00e4seneksi \u2013 IF Gnistan\u00a0Ilmoittautumisenne j\u00e4lkeen [&hellip;]","og_url":"https:\/\/gnistan.fi\/en\/p15\/","og_site_name":"IF Gnistan","article_publisher":"https:\/\/facebook.com\/ifgnistan","article_modified_time":"2026-04-07T09:24:24+00:00","og_image":[{"width":2560,"height":1706,"url":"https:\/\/gnistan.fi\/wp-content\/uploads\/2025\/06\/P2015_kilpa-scaled.jpg","type":"image\/jpeg"}],"twitter_card":"summary_large_image","twitter_site":"@ifgnistan1924","twitter_misc":{"Est. reading time":"2 minutes"},"schema":{"@context":"https:\/\/schema.org","@graph":[{"@type":"WebPage","@id":"https:\/\/gnistan.fi\/p15\/","url":"https:\/\/gnistan.fi\/p15\/","name":"P2015 - IF Gnistan","isPartOf":{"@id":"https:\/\/gnistan.fi\/#website"},"primaryImageOfPage":{"@id":"https:\/\/gnistan.fi\/p15\/#primaryimage"},"image":{"@id":"https:\/\/gnistan.fi\/p15\/#primaryimage"},"thumbnailUrl":"https:\/\/gnistan.fi\/wp-content\/uploads\/2024\/11\/gnistan-default-featured-2024-c.webp","datePublished":"2021-02-13T17:46:15+00:00","dateModified":"2026-04-07T09:24:24+00:00","breadcrumb":{"@id":"https:\/\/gnistan.fi\/p15\/#breadcrumb"},"inLanguage":"en-US","potentialAction":[{"@type":"ReadAction","target":["https:\/\/gnistan.fi\/p15\/"]}]},{"@type":"ImageObject","inLanguage":"en-US","@id":"https:\/\/gnistan.fi\/p15\/#primaryimage","url":"https:\/\/gnistan.fi\/wp-content\/uploads\/2024\/11\/gnistan-default-featured-2024-c.webp","contentUrl":"https:\/\/gnistan.fi\/wp-content\/uploads\/2024\/11\/gnistan-default-featured-2024-c.webp","width":1920,"height":1080},{"@type":"BreadcrumbList","@id":"https:\/\/gnistan.fi\/p15\/#breadcrumb","itemListElement":[{"@type":"ListItem","position":1,"name":"Etusivu","item":"https:\/\/gnistan.fi\/"},{"@type":"ListItem","position":2,"name":"P2015"}]},{"@type":"WebSite","@id":"https:\/\/gnistan.fi\/#website","url":"https:\/\/gnistan.fi\/","name":"IF Gnistan","description":"Viralliset sivut","publisher":{"@id":"https:\/\/gnistan.fi\/#organization"},"potentialAction":[{"@type":"SearchAction","target":{"@type":"EntryPoint","urlTemplate":"https:\/\/gnistan.fi\/?s={search_term_string}"},"query-input":{"@type":"PropertyValueSpecification","valueRequired":true,"valueName":"search_term_string"}}],"inLanguage":"en-US"},{"@type":"Organization","@id":"https:\/\/gnistan.fi\/#organization","name":"IF Gnistan","url":"https:\/\/gnistan.fi\/","logo":{"@type":"ImageObject","inLanguage":"en-US","@id":"https:\/\/gnistan.fi\/#\/schema\/logo\/image\/","url":"https:\/\/gnistan.fi\/wp-content\/uploads\/2019\/10\/if-gnistan-vector-logo.svg","contentUrl":"https:\/\/gnistan.fi\/wp-content\/uploads\/2019\/10\/if-gnistan-vector-logo.svg","width":269,"height":314,"caption":"IF Gnistan"},"image":{"@id":"https:\/\/gnistan.fi\/#\/schema\/logo\/image\/"},"sameAs":["https:\/\/facebook.com\/ifgnistan","https:\/\/x.com\/ifgnistan1924","https:\/\/instagram.com\/ifgnistan1924","https:\/\/www.linkedin.com\/company\/ifgnistan\/"]}]}},"jetpack_sharing_enabled":true,"_links":{"self":[{"href":"https:\/\/gnistan.fi\/en\/wp-json\/wp\/v2\/pages\/18127","targetHints":{"allow":["GET"]}}],"collection":[{"href":"https:\/\/gnistan.fi\/en\/wp-json\/wp\/v2\/pages"}],"about":[{"href":"https:\/\/gnistan.fi\/en\/wp-json\/wp\/v2\/types\/page"}],"author":[{"embeddable":true,"href":"https:\/\/gnistan.fi\/en\/wp-json\/wp\/v2\/users\/4"}],"replies":[{"embeddable":true,"href":"https:\/\/gnistan.fi\/en\/wp-json\/wp\/v2\/comments?post=18127"}],"version-history":[{"count":20,"href":"https:\/\/gnistan.fi\/en\/wp-json\/wp\/v2\/pages\/18127\/revisions"}],"predecessor-version":[{"id":44876,"href":"https:\/\/gnistan.fi\/en\/wp-json\/wp\/v2\/pages\/18127\/revisions\/44876"}],"wp:featuredmedia":[{"embeddable":true,"href":"https:\/\/gnistan.fi\/en\/wp-json\/wp\/v2\/media\/36703"}],"wp:attachment":[{"href":"https:\/\/gnistan.fi\/en\/wp-json\/wp\/v2\/media?parent=18127"}],"curies":[{"name":"wp","href":"https:\/\/api.w.org\/{rel}","templated":true}]}}