{"id":15426,"date":"2020-03-27T10:14:30","date_gmt":"2020-03-27T08:14:30","guid":{"rendered":"https:\/\/gnistan.fi\/?page_id=15426"},"modified":"2025-01-16T11:09:13","modified_gmt":"2025-01-16T09:09:13","slug":"kipinaturnaus","status":"publish","type":"page","link":"https:\/\/gnistan.fi\/en\/kipinaturnaus\/","title":{"rendered":"Kipin\u00e4turnaus 2025"},"content":{"rendered":"<p>Kipin\u00e4turnaus on vuosittain j\u00e4rjestett\u00e4v\u00e4 tytt\u00f6jen jalkapalloturnaus Helsingin Oulunkyl\u00e4ss\u00e4 ja j\u00e4rjestet\u00e4\u00e4n t\u00e4n\u00e4 vuonna jo yhdeks\u00e4nnen&nbsp;kerran. Turnaus pelataan 6.-7.9.2025.<br><br>T\u00e4n\u00e4 vuonna turnauksessa on sarjoja ik\u00e4luokissa: T2013, T2014, T2015, T2016 ja T2017\/18. Turnauksen j\u00e4rjestelyist\u00e4 vastaavat If Gnistanin tytt\u00f6jen joukkueet ik\u00e4luokissa 2014-2016.&nbsp;<\/p>\n\n\n\n<p>Kauden 2024\u00a0turnaukseen osallistui 76 joukkuetta ja pelej\u00e4 pelattiin kahden p\u00e4iv\u00e4n aikana kaiken kaikkiaan 152. Turnaus oli historiansa suurin t\u00e4h\u00e4n menness\u00e4.<br><br>Lis\u00e4tietoja s\u00e4hk\u00f6postilla:\u00a0<a href=\"mailto:kipinaturnaus@gmail.com\">kipinaturnaus@gmail.com<\/a><\/p>\n\n\n\n<p>Turnauksen nettisivuille:&nbsp;<a rel=\"noreferrer noopener\" target=\"_blank\" href=\"https:\/\/gnistankipinaturnaus.wordpress.com\/about\/\">https:\/\/gnistankipinaturnaus.wordpress.com\/<\/a><\/p>\n\n\n\n<p>Tavataan syyskuussa Ogelissa!<\/p>\n\n\n\n<p>\u200b<a href=\"https:\/\/www.gnistan.net\/\"><\/a><\/p>","protected":false},"excerpt":{"rendered":"<p>Kipin\u00e4turnaus on vuosittain j\u00e4rjestett\u00e4v\u00e4 tytt\u00f6jen jalkapalloturnaus Helsingin Oulunkyl\u00e4ss\u00e4 ja j\u00e4rjestet\u00e4\u00e4n t\u00e4n\u00e4 vuonna jo yhdeks\u00e4nnen&nbsp;kerran. Turnaus pelataan 6.-7.9.2025. T\u00e4n\u00e4 vuonna turnauksessa on sarjoja ik\u00e4luokissa: T2013, T2014, T2015, T2016 ja T2017\/18. Turnauksen j\u00e4rjestelyist\u00e4 vastaavat If Gnistanin tytt\u00f6jen joukkueet ik\u00e4luokissa 2014-2016.&nbsp; Kauden 2024\u00a0turnaukseen osallistui 76 joukkuetta ja pelej\u00e4 pelattiin kahden p\u00e4iv\u00e4n aikana kaiken kaikkiaan 152. Turnaus oli historiansa [&hellip;]<\/p>\n","protected":false},"author":13,"featured_media":36703,"parent":0,"menu_order":0,"comment_status":"closed","ping_status":"closed","template":"","meta":{"_acf_changed":false,"footnotes":""},"class_list":["post-15426","page","type-page","status-publish","has-post-thumbnail","hentry"],"acf":[],"yoast_head":"<!-- This site is optimized with the Yoast SEO plugin v27.3 - https:\/\/yoast.com\/product\/yoast-seo-wordpress\/ -->\n<title>Kipin\u00e4turnaus 2025 - IF Gnistan<\/title>\n<meta name=\"robots\" content=\"index, follow, max-snippet:-1, max-image-preview:large, max-video-preview:-1\" \/>\n<link rel=\"canonical\" href=\"https:\/\/gnistan.fi\/en\/kipinaturnaus\/\" \/>\n<meta property=\"og:locale\" content=\"en_US\" \/>\n<meta property=\"og:type\" content=\"article\" \/>\n<meta property=\"og:title\" content=\"Kipin\u00e4turnaus 2025 - IF Gnistan\" \/>\n<meta property=\"og:description\" content=\"Kipin\u00e4turnaus on vuosittain j\u00e4rjestett\u00e4v\u00e4 tytt\u00f6jen jalkapalloturnaus Helsingin Oulunkyl\u00e4ss\u00e4 ja j\u00e4rjestet\u00e4\u00e4n t\u00e4n\u00e4 vuonna jo yhdeks\u00e4nnen&nbsp;kerran. Turnaus pelataan 6.-7.9.2025. T\u00e4n\u00e4 vuonna turnauksessa on sarjoja ik\u00e4luokissa: T2013, T2014, T2015, T2016 ja T2017\/18. Turnauksen j\u00e4rjestelyist\u00e4 vastaavat If Gnistanin tytt\u00f6jen joukkueet ik\u00e4luokissa 2014-2016.&nbsp; Kauden 2024\u00a0turnaukseen osallistui 76 joukkuetta ja pelej\u00e4 pelattiin kahden p\u00e4iv\u00e4n aikana kaiken kaikkiaan 152. Turnaus oli historiansa [&hellip;]\" \/>\n<meta property=\"og:url\" content=\"https:\/\/gnistan.fi\/en\/kipinaturnaus\/\" \/>\n<meta property=\"og:site_name\" content=\"IF Gnistan\" \/>\n<meta property=\"article:publisher\" content=\"https:\/\/facebook.com\/ifgnistan\" \/>\n<meta property=\"article:modified_time\" content=\"2025-01-16T09:09:13+00:00\" \/>\n<meta property=\"og:image\" content=\"https:\/\/gnistan.fi\/wp-content\/uploads\/2024\/11\/gnistan-default-featured-2024-c.webp\" \/>\n\t<meta property=\"og:image:width\" content=\"1920\" \/>\n\t<meta property=\"og:image:height\" content=\"1080\" \/>\n\t<meta property=\"og:image:type\" content=\"image\/webp\" \/>\n<meta name=\"twitter:card\" content=\"summary_large_image\" \/>\n<meta name=\"twitter:site\" content=\"@ifgnistan1924\" \/>\n<script type=\"application\/ld+json\" class=\"yoast-schema-graph\">{\"@context\":\"https:\\\/\\\/schema.org\",\"@graph\":[{\"@type\":\"WebPage\",\"@id\":\"https:\\\/\\\/gnistan.fi\\\/kipinaturnaus\\\/\",\"url\":\"https:\\\/\\\/gnistan.fi\\\/kipinaturnaus\\\/\",\"name\":\"Kipin\u00e4turnaus 2025 - IF Gnistan\",\"isPartOf\":{\"@id\":\"https:\\\/\\\/gnistan.fi\\\/#website\"},\"primaryImageOfPage\":{\"@id\":\"https:\\\/\\\/gnistan.fi\\\/kipinaturnaus\\\/#primaryimage\"},\"image\":{\"@id\":\"https:\\\/\\\/gnistan.fi\\\/kipinaturnaus\\\/#primaryimage\"},\"thumbnailUrl\":\"https:\\\/\\\/gnistan.fi\\\/wp-content\\\/uploads\\\/2024\\\/11\\\/gnistan-default-featured-2024-c.webp\",\"datePublished\":\"2020-03-27T08:14:30+00:00\",\"dateModified\":\"2025-01-16T09:09:13+00:00\",\"breadcrumb\":{\"@id\":\"https:\\\/\\\/gnistan.fi\\\/kipinaturnaus\\\/#breadcrumb\"},\"inLanguage\":\"en-US\",\"potentialAction\":[{\"@type\":\"ReadAction\",\"target\":[\"https:\\\/\\\/gnistan.fi\\\/kipinaturnaus\\\/\"]}]},{\"@type\":\"ImageObject\",\"inLanguage\":\"en-US\",\"@id\":\"https:\\\/\\\/gnistan.fi\\\/kipinaturnaus\\\/#primaryimage\",\"url\":\"https:\\\/\\\/gnistan.fi\\\/wp-content\\\/uploads\\\/2024\\\/11\\\/gnistan-default-featured-2024-c.webp\",\"contentUrl\":\"https:\\\/\\\/gnistan.fi\\\/wp-content\\\/uploads\\\/2024\\\/11\\\/gnistan-default-featured-2024-c.webp\",\"width\":1920,\"height\":1080},{\"@type\":\"BreadcrumbList\",\"@id\":\"https:\\\/\\\/gnistan.fi\\\/kipinaturnaus\\\/#breadcrumb\",\"itemListElement\":[{\"@type\":\"ListItem\",\"position\":1,\"name\":\"Etusivu\",\"item\":\"https:\\\/\\\/gnistan.fi\\\/\"},{\"@type\":\"ListItem\",\"position\":2,\"name\":\"Kipin\u00e4turnaus 2025\"}]},{\"@type\":\"WebSite\",\"@id\":\"https:\\\/\\\/gnistan.fi\\\/#website\",\"url\":\"https:\\\/\\\/gnistan.fi\\\/\",\"name\":\"IF Gnistan\",\"description\":\"Viralliset sivut\",\"publisher\":{\"@id\":\"https:\\\/\\\/gnistan.fi\\\/#organization\"},\"potentialAction\":[{\"@type\":\"SearchAction\",\"target\":{\"@type\":\"EntryPoint\",\"urlTemplate\":\"https:\\\/\\\/gnistan.fi\\\/?s={search_term_string}\"},\"query-input\":{\"@type\":\"PropertyValueSpecification\",\"valueRequired\":true,\"valueName\":\"search_term_string\"}}],\"inLanguage\":\"en-US\"},{\"@type\":\"Organization\",\"@id\":\"https:\\\/\\\/gnistan.fi\\\/#organization\",\"name\":\"IF Gnistan\",\"url\":\"https:\\\/\\\/gnistan.fi\\\/\",\"logo\":{\"@type\":\"ImageObject\",\"inLanguage\":\"en-US\",\"@id\":\"https:\\\/\\\/gnistan.fi\\\/#\\\/schema\\\/logo\\\/image\\\/\",\"url\":\"https:\\\/\\\/gnistan.fi\\\/wp-content\\\/uploads\\\/2019\\\/10\\\/if-gnistan-vector-logo.svg\",\"contentUrl\":\"https:\\\/\\\/gnistan.fi\\\/wp-content\\\/uploads\\\/2019\\\/10\\\/if-gnistan-vector-logo.svg\",\"width\":269,\"height\":314,\"caption\":\"IF Gnistan\"},\"image\":{\"@id\":\"https:\\\/\\\/gnistan.fi\\\/#\\\/schema\\\/logo\\\/image\\\/\"},\"sameAs\":[\"https:\\\/\\\/facebook.com\\\/ifgnistan\",\"https:\\\/\\\/x.com\\\/ifgnistan1924\",\"https:\\\/\\\/instagram.com\\\/ifgnistan1924\",\"https:\\\/\\\/www.linkedin.com\\\/company\\\/ifgnistan\\\/\"]}]}<\/script>\n<!-- \/ Yoast SEO plugin. -->","yoast_head_json":{"title":"Kipin\u00e4turnaus 2025 - IF Gnistan","robots":{"index":"index","follow":"follow","max-snippet":"max-snippet:-1","max-image-preview":"max-image-preview:large","max-video-preview":"max-video-preview:-1"},"canonical":"https:\/\/gnistan.fi\/en\/kipinaturnaus\/","og_locale":"en_US","og_type":"article","og_title":"Kipin\u00e4turnaus 2025 - IF Gnistan","og_description":"Kipin\u00e4turnaus on vuosittain j\u00e4rjestett\u00e4v\u00e4 tytt\u00f6jen jalkapalloturnaus Helsingin Oulunkyl\u00e4ss\u00e4 ja j\u00e4rjestet\u00e4\u00e4n t\u00e4n\u00e4 vuonna jo yhdeks\u00e4nnen&nbsp;kerran. Turnaus pelataan 6.-7.9.2025. T\u00e4n\u00e4 vuonna turnauksessa on sarjoja ik\u00e4luokissa: T2013, T2014, T2015, T2016 ja T2017\/18. Turnauksen j\u00e4rjestelyist\u00e4 vastaavat If Gnistanin tytt\u00f6jen joukkueet ik\u00e4luokissa 2014-2016.&nbsp; Kauden 2024\u00a0turnaukseen osallistui 76 joukkuetta ja pelej\u00e4 pelattiin kahden p\u00e4iv\u00e4n aikana kaiken kaikkiaan 152. Turnaus oli historiansa [&hellip;]","og_url":"https:\/\/gnistan.fi\/en\/kipinaturnaus\/","og_site_name":"IF Gnistan","article_publisher":"https:\/\/facebook.com\/ifgnistan","article_modified_time":"2025-01-16T09:09:13+00:00","og_image":[{"width":1920,"height":1080,"url":"https:\/\/gnistan.fi\/wp-content\/uploads\/2024\/11\/gnistan-default-featured-2024-c.webp","type":"image\/webp"}],"twitter_card":"summary_large_image","twitter_site":"@ifgnistan1924","schema":{"@context":"https:\/\/schema.org","@graph":[{"@type":"WebPage","@id":"https:\/\/gnistan.fi\/kipinaturnaus\/","url":"https:\/\/gnistan.fi\/kipinaturnaus\/","name":"Kipin\u00e4turnaus 2025 - IF Gnistan","isPartOf":{"@id":"https:\/\/gnistan.fi\/#website"},"primaryImageOfPage":{"@id":"https:\/\/gnistan.fi\/kipinaturnaus\/#primaryimage"},"image":{"@id":"https:\/\/gnistan.fi\/kipinaturnaus\/#primaryimage"},"thumbnailUrl":"https:\/\/gnistan.fi\/wp-content\/uploads\/2024\/11\/gnistan-default-featured-2024-c.webp","datePublished":"2020-03-27T08:14:30+00:00","dateModified":"2025-01-16T09:09:13+00:00","breadcrumb":{"@id":"https:\/\/gnistan.fi\/kipinaturnaus\/#breadcrumb"},"inLanguage":"en-US","potentialAction":[{"@type":"ReadAction","target":["https:\/\/gnistan.fi\/kipinaturnaus\/"]}]},{"@type":"ImageObject","inLanguage":"en-US","@id":"https:\/\/gnistan.fi\/kipinaturnaus\/#primaryimage","url":"https:\/\/gnistan.fi\/wp-content\/uploads\/2024\/11\/gnistan-default-featured-2024-c.webp","contentUrl":"https:\/\/gnistan.fi\/wp-content\/uploads\/2024\/11\/gnistan-default-featured-2024-c.webp","width":1920,"height":1080},{"@type":"BreadcrumbList","@id":"https:\/\/gnistan.fi\/kipinaturnaus\/#breadcrumb","itemListElement":[{"@type":"ListItem","position":1,"name":"Etusivu","item":"https:\/\/gnistan.fi\/"},{"@type":"ListItem","position":2,"name":"Kipin\u00e4turnaus 2025"}]},{"@type":"WebSite","@id":"https:\/\/gnistan.fi\/#website","url":"https:\/\/gnistan.fi\/","name":"IF Gnistan","description":"Viralliset sivut","publisher":{"@id":"https:\/\/gnistan.fi\/#organization"},"potentialAction":[{"@type":"SearchAction","target":{"@type":"EntryPoint","urlTemplate":"https:\/\/gnistan.fi\/?s={search_term_string}"},"query-input":{"@type":"PropertyValueSpecification","valueRequired":true,"valueName":"search_term_string"}}],"inLanguage":"en-US"},{"@type":"Organization","@id":"https:\/\/gnistan.fi\/#organization","name":"IF Gnistan","url":"https:\/\/gnistan.fi\/","logo":{"@type":"ImageObject","inLanguage":"en-US","@id":"https:\/\/gnistan.fi\/#\/schema\/logo\/image\/","url":"https:\/\/gnistan.fi\/wp-content\/uploads\/2019\/10\/if-gnistan-vector-logo.svg","contentUrl":"https:\/\/gnistan.fi\/wp-content\/uploads\/2019\/10\/if-gnistan-vector-logo.svg","width":269,"height":314,"caption":"IF Gnistan"},"image":{"@id":"https:\/\/gnistan.fi\/#\/schema\/logo\/image\/"},"sameAs":["https:\/\/facebook.com\/ifgnistan","https:\/\/x.com\/ifgnistan1924","https:\/\/instagram.com\/ifgnistan1924","https:\/\/www.linkedin.com\/company\/ifgnistan\/"]}]}},"jetpack_sharing_enabled":true,"_links":{"self":[{"href":"https:\/\/gnistan.fi\/en\/wp-json\/wp\/v2\/pages\/15426","targetHints":{"allow":["GET"]}}],"collection":[{"href":"https:\/\/gnistan.fi\/en\/wp-json\/wp\/v2\/pages"}],"about":[{"href":"https:\/\/gnistan.fi\/en\/wp-json\/wp\/v2\/types\/page"}],"author":[{"embeddable":true,"href":"https:\/\/gnistan.fi\/en\/wp-json\/wp\/v2\/users\/13"}],"replies":[{"embeddable":true,"href":"https:\/\/gnistan.fi\/en\/wp-json\/wp\/v2\/comments?post=15426"}],"version-history":[{"count":18,"href":"https:\/\/gnistan.fi\/en\/wp-json\/wp\/v2\/pages\/15426\/revisions"}],"predecessor-version":[{"id":37748,"href":"https:\/\/gnistan.fi\/en\/wp-json\/wp\/v2\/pages\/15426\/revisions\/37748"}],"wp:featuredmedia":[{"embeddable":true,"href":"https:\/\/gnistan.fi\/en\/wp-json\/wp\/v2\/media\/36703"}],"wp:attachment":[{"href":"https:\/\/gnistan.fi\/en\/wp-json\/wp\/v2\/media?parent=15426"}],"curies":[{"name":"wp","href":"https:\/\/api.w.org\/{rel}","templated":true}]}}