{"id":14380,"date":"2019-10-31T15:14:16","date_gmt":"2019-10-31T13:14:16","guid":{"rendered":"https:\/\/gnistan.fi\/?page_id=14380"},"modified":"2026-04-07T11:05:42","modified_gmt":"2026-04-07T08:05:42","slug":"ottelut","status":"publish","type":"page","link":"https:\/\/gnistan.fi\/en\/naiset\/ottelut\/","title":{"rendered":"Women's first team"},"content":{"rendered":"<div class=\"wp-block-columns is-layout-flex wp-container-core-columns-is-layout-28f84493 wp-block-columns-is-layout-flex\">\n<div class=\"wp-block-column is-layout-flow wp-block-column-is-layout-flow\" style=\"flex-basis:100%\">\n<h2 class=\"wp-block-heading\">Kansallinen Cup<\/h2>\n\n\n\n<figure class=\"wp-block-table alignwide\"><table><tbody><tr><td><div class=\"block-editor-rich-text__editable rich-text\" role=\"textbox\" contenteditable=\"true\" aria-multiline=\"true\" aria-label=\"Sivun sis\u00e4lt\u00f6solun teksti\">P\u00e4iv\u00e4<\/div><\/td><td><div class=\"block-editor-rich-text__editable rich-text\" role=\"textbox\" contenteditable=\"true\" aria-multiline=\"true\" aria-label=\"Sivun sis\u00e4lt\u00f6solun teksti\">PVM.<\/div><\/td><td><div class=\"block-editor-rich-text__editable rich-text\" role=\"textbox\" contenteditable=\"true\" aria-multiline=\"true\" aria-label=\"Sivun sis\u00e4lt\u00f6solun teksti\">Aika<\/div><\/td><td><div class=\"block-editor-rich-text__editable rich-text\" role=\"textbox\" contenteditable=\"true\" aria-multiline=\"true\" aria-label=\"Sivun sis\u00e4lt\u00f6solun teksti\">Paikka<\/div><\/td><td><div class=\"block-editor-rich-text__editable rich-text\" role=\"textbox\" contenteditable=\"true\" aria-multiline=\"true\" aria-label=\"Sivun sis\u00e4lt\u00f6solun teksti\">Koti<\/div><\/td><td><div class=\"block-editor-rich-text__editable rich-text\" role=\"textbox\" contenteditable=\"true\" aria-multiline=\"true\" aria-label=\"Sivun sis\u00e4lt\u00f6solun teksti\">Vieras<\/div><\/td><td><div class=\"block-editor-rich-text__editable rich-text\" role=\"textbox\" contenteditable=\"true\" aria-multiline=\"true\" aria-label=\"Sivun sis\u00e4lt\u00f6solun teksti\">Tulos<\/div><\/td><td><div class=\"block-editor-rich-text__editable rich-text\" role=\"textbox\" contenteditable=\"true\" aria-multiline=\"true\" aria-label=\"Sivun sis\u00e4lt\u00f6solun teksti\">Ennakko<\/div><\/td><td><div class=\"block-editor-rich-text__editable rich-text\" role=\"textbox\" contenteditable=\"true\" aria-multiline=\"true\" aria-label=\"Sivun sis\u00e4lt\u00f6solun teksti\">Raportti<\/div><\/td><\/tr><tr><td>Su<\/td><td>18.1.<\/td><td><div class=\"block-editor-rich-text__editable rich-text\" role=\"textbox\" contenteditable=\"true\" aria-multiline=\"true\" aria-label=\"Sivun sis\u00e4lt\u00f6solun teksti\">1<span style=\"font-family: inherit; font-size: inherit; font-weight: inherit; color: initial;\">4.30<\/span><\/div><\/td><td>Talin halli<\/td><td><div class=\"block-editor-rich-text__editable rich-text\" role=\"textbox\" contenteditable=\"true\" aria-multiline=\"true\" aria-label=\"Sivun sis\u00e4lt\u00f6solun teksti\">IF Gnistan<\/div><\/td><td><div class=\"block-editor-rich-text__editable rich-text\" role=\"textbox\" contenteditable=\"true\" aria-multiline=\"true\" aria-label=\"Sivun sis\u00e4lt\u00f6solun teksti\">KuPS<\/div><\/td><td><div class=\"block-editor-rich-text__editable rich-text\" role=\"textbox\" contenteditable=\"true\" aria-multiline=\"true\" aria-label=\"Sivun sis\u00e4lt\u00f6solun teksti\"><span style=\"font-family: inherit; font-size: inherit; font-weight: inherit; color: initial;\">0-2<\/span><\/div><\/td><td><div class=\"block-editor-rich-text__editable rich-text\" role=\"textbox\" contenteditable=\"true\" aria-multiline=\"true\" aria-label=\"Sivun sis\u00e4lt\u00f6solun teksti\"><a style=\"font-family: inherit; font-size: inherit; font-weight: inherit;\" href=\"https:\/\/gnistan.fi\/en\/2026\/01\/if-gnistan-kohtaa-kupsin-historiallisessa-kansallisen-cupin-ottelussa-sunnuntaina\/\">Ennakko<\/a><\/div><\/td><td><a href=\"https:\/\/gnistan.fi\/en\/2026\/01\/historiallinen-kansallisen-cupin-peli-paattyi-tiukkaan-tappioon\/\">Raportti<\/a><\/td><\/tr><tr><td><div class=\"block-editor-rich-text__editable rich-text\" role=\"textbox\" contenteditable=\"true\" aria-multiline=\"true\" aria-label=\"Sivun sis\u00e4lt\u00f6solun teksti\">La<\/div><\/td><td><div class=\"block-editor-rich-text__editable rich-text\" role=\"textbox\" contenteditable=\"true\" aria-multiline=\"true\" aria-label=\"Sivun sis\u00e4lt\u00f6solun teksti\">24.1.<\/div><\/td><td><div class=\"block-editor-rich-text__editable rich-text\" role=\"textbox\" contenteditable=\"true\" aria-multiline=\"true\" aria-label=\"Sivun sis\u00e4lt\u00f6solun teksti\">15.00&nbsp;<\/div><\/td><td><div class=\"block-editor-rich-text__editable rich-text\" role=\"textbox\" contenteditable=\"true\" aria-multiline=\"true\" aria-label=\"Sivun sis\u00e4lt\u00f6solun teksti\">Lippum\u00e4ki ylipainehalli<\/div><\/td><td><div class=\"block-editor-rich-text__editable rich-text\" role=\"textbox\" contenteditable=\"true\" aria-multiline=\"true\" aria-label=\"Sivun sis\u00e4lt\u00f6solun teksti\">KuPS<\/div><\/td><td><div class=\"block-editor-rich-text__editable rich-text\" role=\"textbox\" contenteditable=\"true\" aria-multiline=\"true\" aria-label=\"Sivun sis\u00e4lt\u00f6solun teksti\">IF Gnistan&nbsp;<\/div><\/td><td>5-0<\/td><td><a href=\"https:\/\/gnistan.fi\/en\/2026\/01\/otteluennakko-kups-if-gnistan-kansallisen-cupin-ratkaiseva-toinen-osaottelu-pelataan-huomenna\/\" type=\"link\" id=\"https:\/\/gnistan.fi\/2026\/01\/otteluennakko-kups-if-gnistan-kansallisen-cupin-ratkaiseva-toinen-osaottelu-pelataan-huomenna\/\">Ennakko<\/a><div class=\"block-editor-rich-text__editable rich-text\" role=\"textbox\" contenteditable=\"true\" aria-multiline=\"true\" aria-label=\"Sivun sis\u00e4lt\u00f6solun teksti\"><\/div><\/td><td><a href=\"https:\/\/gnistan.fi\/en\/2026\/01\/otteluraportti-kylmaa-kyytia-kuopiossa-kansallinen-cup-paatokseen\/\" type=\"link\" id=\"https:\/\/gnistan.fi\/2026\/01\/otteluraportti-kylmaa-kyytia-kuopiossa-kansallinen-cup-paatokseen\/\">Raportti<\/a><div class=\"block-editor-rich-text__editable rich-text\" role=\"textbox\" contenteditable=\"true\" aria-multiline=\"true\" aria-label=\"Sivun sis\u00e4lt\u00f6solun teksti\"><\/div><\/td><\/tr><\/tbody><\/table><\/figure>\n\n\n\n<h2 class=\"wp-block-heading\">Harjoitusottelut<\/h2>\n\n\n\n<div class=\"wp-block-columns is-layout-flex wp-container-core-columns-is-layout-28f84493 wp-block-columns-is-layout-flex\">\n<div class=\"wp-block-column is-layout-flow wp-block-column-is-layout-flow\" style=\"flex-basis:100%\">\n<figure class=\"wp-block-table alignwide\"><table><tbody><tr><td><div class=\"block-editor-rich-text__editable rich-text\" role=\"textbox\" contenteditable=\"true\" aria-multiline=\"true\" aria-label=\"Sivun sis\u00e4lt\u00f6solun teksti\">P\u00e4iv\u00e4<\/div><\/td><td><div class=\"block-editor-rich-text__editable rich-text\" role=\"textbox\" contenteditable=\"true\" aria-multiline=\"true\" aria-label=\"Sivun sis\u00e4lt\u00f6solun teksti\">PVM.<\/div><\/td><td><div class=\"block-editor-rich-text__editable rich-text\" role=\"textbox\" contenteditable=\"true\" aria-multiline=\"true\" aria-label=\"Sivun sis\u00e4lt\u00f6solun teksti\">Aika<\/div><\/td><td><div class=\"block-editor-rich-text__editable rich-text\" role=\"textbox\" contenteditable=\"true\" aria-multiline=\"true\" aria-label=\"Sivun sis\u00e4lt\u00f6solun teksti\">Paikka<\/div><\/td><td><div class=\"block-editor-rich-text__editable rich-text\" role=\"textbox\" contenteditable=\"true\" aria-multiline=\"true\" aria-label=\"Sivun sis\u00e4lt\u00f6solun teksti\">Koti<\/div><\/td><td><div class=\"block-editor-rich-text__editable rich-text\" role=\"textbox\" contenteditable=\"true\" aria-multiline=\"true\" aria-label=\"Sivun sis\u00e4lt\u00f6solun teksti\">Vieras<\/div><\/td><td><div class=\"block-editor-rich-text__editable rich-text\" role=\"textbox\" contenteditable=\"true\" aria-multiline=\"true\" aria-label=\"Sivun sis\u00e4lt\u00f6solun teksti\">Tulos<\/div><\/td><td><div class=\"block-editor-rich-text__editable rich-text\" role=\"textbox\" contenteditable=\"true\" aria-multiline=\"true\" aria-label=\"Sivun sis\u00e4lt\u00f6solun teksti\">Ennakko<\/div><\/td><td><div class=\"block-editor-rich-text__editable rich-text\" role=\"textbox\" contenteditable=\"true\" aria-multiline=\"true\" aria-label=\"Sivun sis\u00e4lt\u00f6solun teksti\">Raportti<\/div><\/td><\/tr><tr><td>To<\/td><td>29.1.<\/td><td>15.30<\/td><td>KeravaSipoo Energia-Areena<\/td><td>PKKU<\/td><td>IF Gnistan<\/td><td>1-0<\/td><td><\/td><td><\/td><\/tr><tr><td>La<\/td><td>7.2.<\/td><td>12.30<\/td><td>Pirkkahalli<\/td><td>Ilves<\/td><td>IF Gnistan<\/td><td>2-2<\/td><td><\/td><td><\/td><\/tr><tr><td>La<\/td><td>28.2.<\/td><td>19.00<\/td><td>Pallomylly<\/td><td>IF Gnistan<\/td><td>HJS<\/td><td>4-2<\/td><td><\/td><td><\/td><\/tr><tr><td>Su<\/td><td>8.3.<\/td><td><div class=\"block-editor-rich-text__editable rich-text\" role=\"textbox\" contenteditable=\"true\" aria-multiline=\"true\" aria-label=\"Sivun sis\u00e4lt\u00f6solun teksti\">1<span style=\"font-family: inherit; font-size: inherit; font-weight: inherit; color: initial;\">3.15<\/span><\/div><\/td><td>Impivaara  Areena<\/td><td><div class=\"block-editor-rich-text__editable rich-text\" role=\"textbox\" contenteditable=\"true\" aria-multiline=\"true\" aria-label=\"Sivun sis\u00e4lt\u00f6solun teksti\">TPS<\/div><\/td><td><div class=\"block-editor-rich-text__editable rich-text\" role=\"textbox\" contenteditable=\"true\" aria-multiline=\"true\" aria-label=\"Sivun sis\u00e4lt\u00f6solun teksti\"><div class=\"block-editor-rich-text__editable rich-text\" role=\"textbox\" contenteditable=\"true\" aria-multiline=\"true\" aria-label=\"Sivun sis\u00e4lt\u00f6solun teksti\">IF Gnistan<\/div><\/div><\/td><td><div class=\"block-editor-rich-text__editable rich-text\" role=\"textbox\" contenteditable=\"true\" aria-multiline=\"true\" aria-label=\"Sivun sis\u00e4lt\u00f6solun teksti\"><span style=\"font-family: inherit; font-size: inherit; font-weight: inherit; color: initial;\">1-2<\/span><\/div><\/td><td><div class=\"block-editor-rich-text__editable rich-text\" role=\"textbox\" contenteditable=\"true\" aria-multiline=\"true\" aria-label=\"Sivun sis\u00e4lt\u00f6solun teksti\"><\/div><\/td><td><\/td><\/tr><tr><td>Su<\/td><td><div class=\"block-editor-rich-text__editable rich-text\" role=\"textbox\" contenteditable=\"true\" aria-multiline=\"true\" aria-label=\"Sivun sis\u00e4lt\u00f6solun teksti\">15.3.<\/div><\/td><td><div class=\"block-editor-rich-text__editable rich-text\" role=\"textbox\" contenteditable=\"true\" aria-multiline=\"true\" aria-label=\"Sivun sis\u00e4lt\u00f6solun teksti\">16.00&nbsp;<\/div><\/td><td><div class=\"block-editor-rich-text__editable rich-text\" role=\"textbox\" contenteditable=\"true\" aria-multiline=\"true\" aria-label=\"Sivun sis\u00e4lt\u00f6solun teksti\">Mustapekka Areena<\/div><\/td><td><div class=\"block-editor-rich-text__editable rich-text\" role=\"textbox\" contenteditable=\"true\" aria-multiline=\"true\" aria-label=\"Sivun sis\u00e4lt\u00f6solun teksti\"><div class=\"block-editor-rich-text__editable rich-text\" role=\"textbox\" contenteditable=\"true\" aria-multiline=\"true\" aria-label=\"Sivun sis\u00e4lt\u00f6solun teksti\">IF Gnistan<\/div><\/div><\/td><td><div class=\"block-editor-rich-text__editable rich-text\" role=\"textbox\" contenteditable=\"true\" aria-multiline=\"true\" aria-label=\"Sivun sis\u00e4lt\u00f6solun teksti\">EBK<\/div><\/td><td>3-0<\/td><td><div class=\"block-editor-rich-text__editable rich-text\" role=\"textbox\" contenteditable=\"true\" aria-multiline=\"true\" aria-label=\"Sivun sis\u00e4lt\u00f6solun teksti\"><\/div><\/td><td><div class=\"block-editor-rich-text__editable rich-text\" role=\"textbox\" contenteditable=\"true\" aria-multiline=\"true\" aria-label=\"Sivun sis\u00e4lt\u00f6solun teksti\"><\/div><\/td><\/tr><tr><td>La<\/td><td>21.3.<\/td><td>19.05<\/td><td>Pallomylly<\/td><td>IF Gnistan<\/td><td>IF Gnistan P11<\/td><td>0-3<\/td><td><\/td><td><\/td><\/tr><\/tbody><\/table><\/figure>\n<\/div>\n<\/div>\n\n\n\n<p><\/p>\n<\/div>\n<\/div>\n\n\n\n<h2 class=\"wp-block-heading\">Kansallinen Liiga 2026<\/h2>\n\n\n\n<figure class=\"wp-block-table\"><table><tbody><tr><td>P\u00e4iv\u00e4&nbsp;<\/td><td>PVM.&nbsp;<\/td><td>Aika&nbsp;<\/td><td>Paikka&nbsp;<\/td><td>Koti&nbsp;<\/td><td>Vieras&nbsp;<\/td><td>Tulos&nbsp;<\/td><td>Ennakko&nbsp;<\/td><td>Raportti&nbsp;<\/td><\/tr><tr><td>La&nbsp;<\/td><td>28.3.&nbsp;<\/td><td>17.00&nbsp;<\/td><td>Wikl\u00f6f Holding&nbsp;Arena&nbsp;<\/td><td>\u00c5land&nbsp;United&nbsp;<\/td><td>IF&nbsp;Gnistan&nbsp;<\/td><td>6-1<\/td><td><a href=\"https:\/\/gnistan.fi\/en\/2026\/03\/otteluennakko-historiallinen-kansallisen-liigan-avaus-lauantaina\/\">Ennakko<\/a><\/td><td><a href=\"https:\/\/gnistan.fi\/en\/2026\/03\/otteluraportti-vajaalukuinen-if-gnistan-taipui-aland-unitedille-kansallisen-liigan-avauksessa\/\">Raportti<\/a><\/td><\/tr><tr><td>La&nbsp;<\/td><td>4.4.&nbsp;<\/td><td>14.00&nbsp;<\/td><td>Markku.fi Areena\u00a0<\/td><td>IF&nbsp;Gnistan&nbsp;<\/td><td>HPS&nbsp;<\/td><td>1-2<\/td><td><a href=\"https:\/\/gnistan.fi\/en\/2026\/04\/otteluennakko-if-gnistan-emannoi-hpsa-lauantaina-kauden-kotiavauksessa\/\" type=\"link\" id=\"https:\/\/gnistan.fi\/2026\/04\/otteluennakko-if-gnistan-emannoi-hpsa-lauantaina-kauden-kotiavauksessa\/\">Ennakko<\/a><\/td><td><a href=\"https:\/\/gnistan.fi\/en\/2026\/04\/otteluraportti-hps-oli-briotech-kansallisen-liigan-kotiavauksessa-parempi\/\" type=\"link\" id=\"https:\/\/gnistan.fi\/2026\/04\/otteluraportti-hps-oli-briotech-kansallisen-liigan-kotiavauksessa-parempi\/\">Raportti<\/a><\/td><\/tr><tr><td>Pe&nbsp;<\/td><td>24.4.&nbsp;<\/td><td>19.00&nbsp;<\/td><td>Myyrm\u00e4en jalkapallostadion&nbsp;<\/td><td>PK-35 Vantaa&nbsp;<\/td><td>IF&nbsp;Gnistan&nbsp;<\/td><td>&nbsp;<\/td><td>&nbsp;<\/td><td>&nbsp;<\/td><\/tr><tr><td>La&nbsp;<\/td><td>2.5.&nbsp;<\/td><td>14.00&nbsp;<\/td><td>Markku.fi Areena\u00a0<\/td><td>IF&nbsp;Gnistan&nbsp;<\/td><td>VIFK&nbsp;<\/td><td>&nbsp;<\/td><td>&nbsp;<\/td><td>&nbsp;<\/td><\/tr><tr><td>La&nbsp;<\/td><td>9.5.&nbsp;<\/td><td>16.00&nbsp;<\/td><td>Bolt&nbsp;Arena&nbsp;<\/td><td>HJK&nbsp;<\/td><td>IF&nbsp;Gnistan&nbsp;<\/td><td>&nbsp;<\/td><td>&nbsp;<\/td><td>&nbsp;<\/td><\/tr><tr><td>Su&nbsp;<\/td><td>17.5.&nbsp;&nbsp;<\/td><td>13.00&nbsp;<\/td><td>Markku.fi Areena\u00a0<\/td><td>IF&nbsp;Gnistan&nbsp;<\/td><td>Ilves&nbsp;<\/td><td>&nbsp;<\/td><td>&nbsp;<\/td><td>&nbsp;<\/td><\/tr><tr><td>Pe&nbsp;<\/td><td>22.5.&nbsp;<\/td><td>18.30&nbsp;<\/td><td>V\u00c4RE Areena&nbsp;<\/td><td>KuPS&nbsp;<\/td><td>IF&nbsp;Gnistan&nbsp;<\/td><td>&nbsp;<\/td><td>&nbsp;<\/td><td>&nbsp;<\/td><\/tr><tr><td>Su&nbsp;<\/td><td>31.5.&nbsp;<\/td><td>14.00&nbsp;<\/td><td>Markku.fi Areena\u00a0<\/td><td>IF&nbsp;Gnistan&nbsp;<\/td><td>\u00c5land&nbsp;United&nbsp;<\/td><td>&nbsp;<\/td><td>&nbsp;<\/td><td>&nbsp;<\/td><\/tr><tr><td>La&nbsp;<\/td><td>13.6.&nbsp;<\/td><td>17.00&nbsp;<\/td><td>Briotech&nbsp;Arena&nbsp;&nbsp;<\/td><td>HPS&nbsp;<\/td><td>IF&nbsp;Gnistan&nbsp;<\/td><td>&nbsp;<\/td><td>&nbsp;<\/td><td>&nbsp;<\/td><\/tr><tr><td>La&nbsp;<\/td><td>27.6.&nbsp;<\/td><td>15.00&nbsp;<\/td><td>Markku.fi\u00a0Areena\u00a0<\/td><td>IF&nbsp;Gnistan&nbsp;<\/td><td>PK-35 Vantaa&nbsp;<\/td><td>&nbsp;<\/td><td>&nbsp;<\/td><td>&nbsp;<\/td><\/tr><tr><td>Su&nbsp;<\/td><td>5.7.&nbsp;<\/td><td>16.00&nbsp;<\/td><td>Lemonsoft&nbsp;Stadion&nbsp;<\/td><td>VIFK&nbsp;<\/td><td>IF&nbsp;Gnistan&nbsp;&nbsp;<\/td><td>&nbsp;<\/td><td>&nbsp;<\/td><td>&nbsp;<\/td><\/tr><tr><td>Su&nbsp;<\/td><td>12.7.&nbsp;<\/td><td>16.00&nbsp;<\/td><td>Markku.fi Areena\u00a0<\/td><td>IF&nbsp;Gnistan&nbsp;<\/td><td>HJK&nbsp;<\/td><td>&nbsp;<\/td><td>&nbsp;<\/td><td>&nbsp;<\/td><\/tr><tr><td>La&nbsp;<\/td><td>18.7.&nbsp;<\/td><td>14.00&nbsp;<\/td><td>Tammelan Stadion&nbsp;<\/td><td>Ilves&nbsp;<\/td><td>IF&nbsp;Gnistan&nbsp;<\/td><td>&nbsp;<\/td><td>&nbsp;<\/td><td>&nbsp;<\/td><\/tr><tr><td>La&nbsp;<\/td><td>25.7.&nbsp;<\/td><td>14.00&nbsp;<\/td><td>Markku.fi Areena\u00a0<\/td><td>IF&nbsp;Gnistan&nbsp;&nbsp;<\/td><td>KuPS&nbsp;<\/td><td>&nbsp;<\/td><td>&nbsp;<\/td><td>&nbsp;<\/td><\/tr><\/tbody><\/table><\/figure>\n\n\n\n<p><\/p>","protected":false},"excerpt":{"rendered":"<p>Kansallinen Cup P\u00e4iv\u00e4 PVM. Aika Paikka Koti Vieras Tulos Ennakko Raportti Su 18.1. 14.30 Talin halli IF Gnistan KuPS 0-2 Ennakko Raportti La 24.1. 15.00&nbsp; Lippum\u00e4ki ylipainehalli KuPS IF Gnistan&nbsp; 5-0 Ennakko Raportti Harjoitusottelut P\u00e4iv\u00e4 PVM. Aika Paikka Koti Vieras Tulos Ennakko Raportti To 29.1. 15.30 KeravaSipoo Energia-Areena PKKU IF Gnistan 1-0 La 7.2. 12.30 [&hellip;]<\/p>\n","protected":false},"author":1,"featured_media":36703,"parent":27,"menu_order":0,"comment_status":"closed","ping_status":"closed","template":"","meta":{"_acf_changed":false,"footnotes":""},"class_list":["post-14380","page","type-page","status-publish","has-post-thumbnail","hentry"],"acf":[],"yoast_head":"<!-- This site is optimized with the Yoast SEO plugin v27.3 - https:\/\/yoast.com\/product\/yoast-seo-wordpress\/ -->\n<title>Naiset edustus - IF Gnistan<\/title>\n<meta name=\"robots\" content=\"index, follow, max-snippet:-1, max-image-preview:large, max-video-preview:-1\" \/>\n<link rel=\"canonical\" href=\"https:\/\/gnistan.fi\/en\/naiset\/ottelut\/\" \/>\n<meta property=\"og:locale\" content=\"en_US\" \/>\n<meta property=\"og:type\" content=\"article\" \/>\n<meta property=\"og:title\" content=\"Naiset edustus - IF Gnistan\" \/>\n<meta property=\"og:description\" content=\"Kansallinen Cup P\u00e4iv\u00e4 PVM. Aika Paikka Koti Vieras Tulos Ennakko Raportti Su 18.1. 14.30 Talin halli IF Gnistan KuPS 0-2 Ennakko Raportti La 24.1. 15.00&nbsp; Lippum\u00e4ki ylipainehalli KuPS IF Gnistan&nbsp; 5-0 Ennakko Raportti Harjoitusottelut P\u00e4iv\u00e4 PVM. Aika Paikka Koti Vieras Tulos Ennakko Raportti To 29.1. 15.30 KeravaSipoo Energia-Areena PKKU IF Gnistan 1-0 La 7.2. 12.30 [&hellip;]\" \/>\n<meta property=\"og:url\" content=\"https:\/\/gnistan.fi\/en\/naiset\/ottelut\/\" \/>\n<meta property=\"og:site_name\" content=\"IF Gnistan\" \/>\n<meta property=\"article:publisher\" content=\"https:\/\/facebook.com\/ifgnistan\" \/>\n<meta property=\"article:modified_time\" content=\"2026-04-07T08:05:42+00:00\" \/>\n<meta property=\"og:image\" content=\"https:\/\/gnistan.fi\/wp-content\/uploads\/2024\/11\/gnistan-default-featured-2024-c.webp\" \/>\n\t<meta property=\"og:image:width\" content=\"1920\" \/>\n\t<meta property=\"og:image:height\" content=\"1080\" \/>\n\t<meta property=\"og:image:type\" content=\"image\/webp\" \/>\n<meta name=\"twitter:card\" content=\"summary_large_image\" \/>\n<meta name=\"twitter:site\" content=\"@ifgnistan1924\" \/>\n<meta name=\"twitter:label1\" content=\"Est. reading time\" \/>\n\t<meta name=\"twitter:data1\" content=\"2 minutes\" \/>\n<script type=\"application\/ld+json\" class=\"yoast-schema-graph\">{\"@context\":\"https:\\\/\\\/schema.org\",\"@graph\":[{\"@type\":\"WebPage\",\"@id\":\"https:\\\/\\\/gnistan.fi\\\/naiset\\\/ottelut\\\/\",\"url\":\"https:\\\/\\\/gnistan.fi\\\/naiset\\\/ottelut\\\/\",\"name\":\"Naiset edustus - IF Gnistan\",\"isPartOf\":{\"@id\":\"https:\\\/\\\/gnistan.fi\\\/#website\"},\"primaryImageOfPage\":{\"@id\":\"https:\\\/\\\/gnistan.fi\\\/naiset\\\/ottelut\\\/#primaryimage\"},\"image\":{\"@id\":\"https:\\\/\\\/gnistan.fi\\\/naiset\\\/ottelut\\\/#primaryimage\"},\"thumbnailUrl\":\"https:\\\/\\\/gnistan.fi\\\/wp-content\\\/uploads\\\/2024\\\/11\\\/gnistan-default-featured-2024-c.webp\",\"datePublished\":\"2019-10-31T13:14:16+00:00\",\"dateModified\":\"2026-04-07T08:05:42+00:00\",\"breadcrumb\":{\"@id\":\"https:\\\/\\\/gnistan.fi\\\/naiset\\\/ottelut\\\/#breadcrumb\"},\"inLanguage\":\"en-US\",\"potentialAction\":[{\"@type\":\"ReadAction\",\"target\":[\"https:\\\/\\\/gnistan.fi\\\/naiset\\\/ottelut\\\/\"]}]},{\"@type\":\"ImageObject\",\"inLanguage\":\"en-US\",\"@id\":\"https:\\\/\\\/gnistan.fi\\\/naiset\\\/ottelut\\\/#primaryimage\",\"url\":\"https:\\\/\\\/gnistan.fi\\\/wp-content\\\/uploads\\\/2024\\\/11\\\/gnistan-default-featured-2024-c.webp\",\"contentUrl\":\"https:\\\/\\\/gnistan.fi\\\/wp-content\\\/uploads\\\/2024\\\/11\\\/gnistan-default-featured-2024-c.webp\",\"width\":1920,\"height\":1080},{\"@type\":\"BreadcrumbList\",\"@id\":\"https:\\\/\\\/gnistan.fi\\\/naiset\\\/ottelut\\\/#breadcrumb\",\"itemListElement\":[{\"@type\":\"ListItem\",\"position\":1,\"name\":\"Etusivu\",\"item\":\"https:\\\/\\\/gnistan.fi\\\/\"},{\"@type\":\"ListItem\",\"position\":2,\"name\":\"Naiset\",\"item\":\"https:\\\/\\\/gnistan.fi\\\/naiset\\\/\"},{\"@type\":\"ListItem\",\"position\":3,\"name\":\"Naiset edustus\"}]},{\"@type\":\"WebSite\",\"@id\":\"https:\\\/\\\/gnistan.fi\\\/#website\",\"url\":\"https:\\\/\\\/gnistan.fi\\\/\",\"name\":\"IF Gnistan\",\"description\":\"Viralliset sivut\",\"publisher\":{\"@id\":\"https:\\\/\\\/gnistan.fi\\\/#organization\"},\"potentialAction\":[{\"@type\":\"SearchAction\",\"target\":{\"@type\":\"EntryPoint\",\"urlTemplate\":\"https:\\\/\\\/gnistan.fi\\\/?s={search_term_string}\"},\"query-input\":{\"@type\":\"PropertyValueSpecification\",\"valueRequired\":true,\"valueName\":\"search_term_string\"}}],\"inLanguage\":\"en-US\"},{\"@type\":\"Organization\",\"@id\":\"https:\\\/\\\/gnistan.fi\\\/#organization\",\"name\":\"IF Gnistan\",\"url\":\"https:\\\/\\\/gnistan.fi\\\/\",\"logo\":{\"@type\":\"ImageObject\",\"inLanguage\":\"en-US\",\"@id\":\"https:\\\/\\\/gnistan.fi\\\/#\\\/schema\\\/logo\\\/image\\\/\",\"url\":\"https:\\\/\\\/gnistan.fi\\\/wp-content\\\/uploads\\\/2019\\\/10\\\/if-gnistan-vector-logo.svg\",\"contentUrl\":\"https:\\\/\\\/gnistan.fi\\\/wp-content\\\/uploads\\\/2019\\\/10\\\/if-gnistan-vector-logo.svg\",\"width\":269,\"height\":314,\"caption\":\"IF Gnistan\"},\"image\":{\"@id\":\"https:\\\/\\\/gnistan.fi\\\/#\\\/schema\\\/logo\\\/image\\\/\"},\"sameAs\":[\"https:\\\/\\\/facebook.com\\\/ifgnistan\",\"https:\\\/\\\/x.com\\\/ifgnistan1924\",\"https:\\\/\\\/instagram.com\\\/ifgnistan1924\",\"https:\\\/\\\/www.linkedin.com\\\/company\\\/ifgnistan\\\/\"]}]}<\/script>\n<!-- \/ Yoast SEO plugin. -->","yoast_head_json":{"title":"Naiset edustus - IF Gnistan","robots":{"index":"index","follow":"follow","max-snippet":"max-snippet:-1","max-image-preview":"max-image-preview:large","max-video-preview":"max-video-preview:-1"},"canonical":"https:\/\/gnistan.fi\/en\/naiset\/ottelut\/","og_locale":"en_US","og_type":"article","og_title":"Naiset edustus - IF Gnistan","og_description":"Kansallinen Cup P\u00e4iv\u00e4 PVM. Aika Paikka Koti Vieras Tulos Ennakko Raportti Su 18.1. 14.30 Talin halli IF Gnistan KuPS 0-2 Ennakko Raportti La 24.1. 15.00&nbsp; Lippum\u00e4ki ylipainehalli KuPS IF Gnistan&nbsp; 5-0 Ennakko Raportti Harjoitusottelut P\u00e4iv\u00e4 PVM. Aika Paikka Koti Vieras Tulos Ennakko Raportti To 29.1. 15.30 KeravaSipoo Energia-Areena PKKU IF Gnistan 1-0 La 7.2. 12.30 [&hellip;]","og_url":"https:\/\/gnistan.fi\/en\/naiset\/ottelut\/","og_site_name":"IF Gnistan","article_publisher":"https:\/\/facebook.com\/ifgnistan","article_modified_time":"2026-04-07T08:05:42+00:00","og_image":[{"width":1920,"height":1080,"url":"https:\/\/gnistan.fi\/wp-content\/uploads\/2024\/11\/gnistan-default-featured-2024-c.webp","type":"image\/webp"}],"twitter_card":"summary_large_image","twitter_site":"@ifgnistan1924","twitter_misc":{"Est. reading time":"2 minutes"},"schema":{"@context":"https:\/\/schema.org","@graph":[{"@type":"WebPage","@id":"https:\/\/gnistan.fi\/naiset\/ottelut\/","url":"https:\/\/gnistan.fi\/naiset\/ottelut\/","name":"Naiset edustus - IF Gnistan","isPartOf":{"@id":"https:\/\/gnistan.fi\/#website"},"primaryImageOfPage":{"@id":"https:\/\/gnistan.fi\/naiset\/ottelut\/#primaryimage"},"image":{"@id":"https:\/\/gnistan.fi\/naiset\/ottelut\/#primaryimage"},"thumbnailUrl":"https:\/\/gnistan.fi\/wp-content\/uploads\/2024\/11\/gnistan-default-featured-2024-c.webp","datePublished":"2019-10-31T13:14:16+00:00","dateModified":"2026-04-07T08:05:42+00:00","breadcrumb":{"@id":"https:\/\/gnistan.fi\/naiset\/ottelut\/#breadcrumb"},"inLanguage":"en-US","potentialAction":[{"@type":"ReadAction","target":["https:\/\/gnistan.fi\/naiset\/ottelut\/"]}]},{"@type":"ImageObject","inLanguage":"en-US","@id":"https:\/\/gnistan.fi\/naiset\/ottelut\/#primaryimage","url":"https:\/\/gnistan.fi\/wp-content\/uploads\/2024\/11\/gnistan-default-featured-2024-c.webp","contentUrl":"https:\/\/gnistan.fi\/wp-content\/uploads\/2024\/11\/gnistan-default-featured-2024-c.webp","width":1920,"height":1080},{"@type":"BreadcrumbList","@id":"https:\/\/gnistan.fi\/naiset\/ottelut\/#breadcrumb","itemListElement":[{"@type":"ListItem","position":1,"name":"Etusivu","item":"https:\/\/gnistan.fi\/"},{"@type":"ListItem","position":2,"name":"Naiset","item":"https:\/\/gnistan.fi\/naiset\/"},{"@type":"ListItem","position":3,"name":"Naiset edustus"}]},{"@type":"WebSite","@id":"https:\/\/gnistan.fi\/#website","url":"https:\/\/gnistan.fi\/","name":"IF Gnistan","description":"Viralliset sivut","publisher":{"@id":"https:\/\/gnistan.fi\/#organization"},"potentialAction":[{"@type":"SearchAction","target":{"@type":"EntryPoint","urlTemplate":"https:\/\/gnistan.fi\/?s={search_term_string}"},"query-input":{"@type":"PropertyValueSpecification","valueRequired":true,"valueName":"search_term_string"}}],"inLanguage":"en-US"},{"@type":"Organization","@id":"https:\/\/gnistan.fi\/#organization","name":"IF Gnistan","url":"https:\/\/gnistan.fi\/","logo":{"@type":"ImageObject","inLanguage":"en-US","@id":"https:\/\/gnistan.fi\/#\/schema\/logo\/image\/","url":"https:\/\/gnistan.fi\/wp-content\/uploads\/2019\/10\/if-gnistan-vector-logo.svg","contentUrl":"https:\/\/gnistan.fi\/wp-content\/uploads\/2019\/10\/if-gnistan-vector-logo.svg","width":269,"height":314,"caption":"IF Gnistan"},"image":{"@id":"https:\/\/gnistan.fi\/#\/schema\/logo\/image\/"},"sameAs":["https:\/\/facebook.com\/ifgnistan","https:\/\/x.com\/ifgnistan1924","https:\/\/instagram.com\/ifgnistan1924","https:\/\/www.linkedin.com\/company\/ifgnistan\/"]}]}},"jetpack_sharing_enabled":true,"_links":{"self":[{"href":"https:\/\/gnistan.fi\/en\/wp-json\/wp\/v2\/pages\/14380","targetHints":{"allow":["GET"]}}],"collection":[{"href":"https:\/\/gnistan.fi\/en\/wp-json\/wp\/v2\/pages"}],"about":[{"href":"https:\/\/gnistan.fi\/en\/wp-json\/wp\/v2\/types\/page"}],"author":[{"embeddable":true,"href":"https:\/\/gnistan.fi\/en\/wp-json\/wp\/v2\/users\/1"}],"replies":[{"embeddable":true,"href":"https:\/\/gnistan.fi\/en\/wp-json\/wp\/v2\/comments?post=14380"}],"version-history":[{"count":19,"href":"https:\/\/gnistan.fi\/en\/wp-json\/wp\/v2\/pages\/14380\/revisions"}],"predecessor-version":[{"id":44861,"href":"https:\/\/gnistan.fi\/en\/wp-json\/wp\/v2\/pages\/14380\/revisions\/44861"}],"up":[{"embeddable":true,"href":"https:\/\/gnistan.fi\/en\/wp-json\/wp\/v2\/pages\/27"}],"wp:featuredmedia":[{"embeddable":true,"href":"https:\/\/gnistan.fi\/en\/wp-json\/wp\/v2\/media\/36703"}],"wp:attachment":[{"href":"https:\/\/gnistan.fi\/en\/wp-json\/wp\/v2\/media?parent=14380"}],"curies":[{"name":"wp","href":"https:\/\/api.w.org\/{rel}","templated":true}]}}