{"id":14250,"date":"2019-10-30T15:03:45","date_gmt":"2019-10-30T13:03:45","guid":{"rendered":"https:\/\/gnistan.fi\/?page_id=14250"},"modified":"2026-01-07T16:34:21","modified_gmt":"2026-01-07T14:34:21","slug":"t11","status":"publish","type":"page","link":"https:\/\/gnistan.fi\/en\/t11\/","title":{"rendered":"T2011"},"content":{"rendered":"<figure class=\"wp-block-image aligncenter size-large\"><img fetchpriority=\"high\" decoding=\"async\" width=\"1024\" height=\"555\" src=\"https:\/\/gnistan.fi\/wp-content\/uploads\/2025\/06\/T2010_T2011-1024x555.jpg\" alt=\"\" class=\"wp-image-40495\" srcset=\"https:\/\/gnistan.fi\/wp-content\/uploads\/2025\/06\/T2010_T2011-1024x555.jpg 1024w, https:\/\/gnistan.fi\/wp-content\/uploads\/2025\/06\/T2010_T2011-300x162.jpg 300w, https:\/\/gnistan.fi\/wp-content\/uploads\/2025\/06\/T2010_T2011-768x416.jpg 768w, https:\/\/gnistan.fi\/wp-content\/uploads\/2025\/06\/T2010_T2011-1536x832.jpg 1536w, https:\/\/gnistan.fi\/wp-content\/uploads\/2025\/06\/T2010_T2011-2048x1109.jpg 2048w, https:\/\/gnistan.fi\/wp-content\/uploads\/2025\/06\/T2010_T2011-18x10.jpg 18w\" sizes=\"(max-width: 1024px) 100vw, 1024px\" \/><figcaption class=\"wp-element-caption\">T2010-2011 2025<\/figcaption><\/figure>\n\n\n\n<p>GNISTAN T11 OTTAA MUKAAN UUSIA PELAAJIA! Kaikki halukkaat ovat tervetulleita joukkueeseen!&nbsp;<\/p>\n\n\n\n<p>Gnistanin 2011 syntyneiden joukkueessa pelaa t\u00e4ll\u00e4 hetkell\u00e4 parisenkymment\u00e4 tytt\u00f6\u00e4. Joukkueen kokeneimmilla pelaajilla on jo useita fudiskausia takana, mutta joukkueeseen on tullut koko ajan my\u00f6s uusia pelaajia mukaan. Sek\u00e4 jo jalkapalloa pelanneet ett\u00e4 ihan uudet harrastajat ovat tervetulleita. Kaikille l\u00f6ytyy sopivat ryhm\u00e4t harjoituksissa ja peleiss\u00e4.<\/p>\n\n\n\n<p>Vastuuvalmentaja Laura Hyv\u00f6nen<\/p>\n\n\n\n<p>Team Manager<a href=\"mailto:gnistan.t11@gmail.com\">: gnistan.t11@gmail.com<\/a><\/p>\n\n\n\n<p>Voit tutustua joukkueeseen my\u00f6s instagramissa:<a href=\"https:\/\/www.instagram.com\/gnistant2011\/\"> https:\/\/www.instagram.com\/gnistant2011\/<\/a><\/p>\n\n\n\n<p>Tervetuloa pelaamaan jalkapalloa hyv\u00e4ss\u00e4 seurassa!<\/p>\n\n\n\n<p><\/p>","protected":false},"excerpt":{"rendered":"<p>GNISTAN T11 OTTAA MUKAAN UUSIA PELAAJIA! Kaikki halukkaat ovat tervetulleita joukkueeseen!&nbsp; Gnistanin 2011 syntyneiden joukkueessa pelaa t\u00e4ll\u00e4 hetkell\u00e4 parisenkymment\u00e4 tytt\u00f6\u00e4. Joukkueen kokeneimmilla pelaajilla on jo useita fudiskausia takana, mutta joukkueeseen on tullut koko ajan my\u00f6s uusia pelaajia mukaan. Sek\u00e4 jo jalkapalloa pelanneet ett\u00e4 ihan uudet harrastajat ovat tervetulleita. Kaikille l\u00f6ytyy sopivat ryhm\u00e4t harjoituksissa ja peleiss\u00e4. [&hellip;]<\/p>\n","protected":false},"author":7,"featured_media":36703,"parent":0,"menu_order":0,"comment_status":"closed","ping_status":"closed","template":"","meta":{"_acf_changed":false,"footnotes":""},"class_list":["post-14250","page","type-page","status-publish","has-post-thumbnail","hentry"],"acf":[],"yoast_head":"<!-- This site is optimized with the Yoast SEO plugin v27.3 - https:\/\/yoast.com\/product\/yoast-seo-wordpress\/ -->\n<title>T2011 - IF Gnistan<\/title>\n<meta name=\"robots\" content=\"index, follow, max-snippet:-1, max-image-preview:large, max-video-preview:-1\" \/>\n<link rel=\"canonical\" href=\"https:\/\/gnistan.fi\/en\/t11\/\" \/>\n<meta property=\"og:locale\" content=\"en_US\" \/>\n<meta property=\"og:type\" content=\"article\" \/>\n<meta property=\"og:title\" content=\"T2011 - IF Gnistan\" \/>\n<meta property=\"og:description\" content=\"GNISTAN T11 OTTAA MUKAAN UUSIA PELAAJIA! Kaikki halukkaat ovat tervetulleita joukkueeseen!&nbsp; Gnistanin 2011 syntyneiden joukkueessa pelaa t\u00e4ll\u00e4 hetkell\u00e4 parisenkymment\u00e4 tytt\u00f6\u00e4. Joukkueen kokeneimmilla pelaajilla on jo useita fudiskausia takana, mutta joukkueeseen on tullut koko ajan my\u00f6s uusia pelaajia mukaan. Sek\u00e4 jo jalkapalloa pelanneet ett\u00e4 ihan uudet harrastajat ovat tervetulleita. Kaikille l\u00f6ytyy sopivat ryhm\u00e4t harjoituksissa ja peleiss\u00e4. [&hellip;]\" \/>\n<meta property=\"og:url\" content=\"https:\/\/gnistan.fi\/en\/t11\/\" \/>\n<meta property=\"og:site_name\" content=\"IF Gnistan\" \/>\n<meta property=\"article:publisher\" content=\"https:\/\/facebook.com\/ifgnistan\" \/>\n<meta property=\"article:modified_time\" content=\"2026-01-07T14:34:21+00:00\" \/>\n<meta property=\"og:image\" content=\"https:\/\/gnistan.fi\/wp-content\/uploads\/2025\/06\/T2010_T2011-scaled.jpg\" \/>\n\t<meta property=\"og:image:width\" content=\"2560\" \/>\n\t<meta property=\"og:image:height\" content=\"1386\" \/>\n\t<meta property=\"og:image:type\" content=\"image\/jpeg\" \/>\n<meta name=\"twitter:card\" content=\"summary_large_image\" \/>\n<meta name=\"twitter:site\" content=\"@ifgnistan1924\" \/>\n<meta name=\"twitter:label1\" content=\"Est. reading time\" \/>\n\t<meta name=\"twitter:data1\" content=\"1 minute\" \/>\n<script type=\"application\/ld+json\" class=\"yoast-schema-graph\">{\"@context\":\"https:\\\/\\\/schema.org\",\"@graph\":[{\"@type\":\"WebPage\",\"@id\":\"https:\\\/\\\/gnistan.fi\\\/t11\\\/\",\"url\":\"https:\\\/\\\/gnistan.fi\\\/t11\\\/\",\"name\":\"T2011 - IF Gnistan\",\"isPartOf\":{\"@id\":\"https:\\\/\\\/gnistan.fi\\\/#website\"},\"primaryImageOfPage\":{\"@id\":\"https:\\\/\\\/gnistan.fi\\\/t11\\\/#primaryimage\"},\"image\":{\"@id\":\"https:\\\/\\\/gnistan.fi\\\/t11\\\/#primaryimage\"},\"thumbnailUrl\":\"https:\\\/\\\/gnistan.fi\\\/wp-content\\\/uploads\\\/2024\\\/11\\\/gnistan-default-featured-2024-c.webp\",\"datePublished\":\"2019-10-30T13:03:45+00:00\",\"dateModified\":\"2026-01-07T14:34:21+00:00\",\"breadcrumb\":{\"@id\":\"https:\\\/\\\/gnistan.fi\\\/t11\\\/#breadcrumb\"},\"inLanguage\":\"en-US\",\"potentialAction\":[{\"@type\":\"ReadAction\",\"target\":[\"https:\\\/\\\/gnistan.fi\\\/t11\\\/\"]}]},{\"@type\":\"ImageObject\",\"inLanguage\":\"en-US\",\"@id\":\"https:\\\/\\\/gnistan.fi\\\/t11\\\/#primaryimage\",\"url\":\"https:\\\/\\\/gnistan.fi\\\/wp-content\\\/uploads\\\/2024\\\/11\\\/gnistan-default-featured-2024-c.webp\",\"contentUrl\":\"https:\\\/\\\/gnistan.fi\\\/wp-content\\\/uploads\\\/2024\\\/11\\\/gnistan-default-featured-2024-c.webp\",\"width\":1920,\"height\":1080},{\"@type\":\"BreadcrumbList\",\"@id\":\"https:\\\/\\\/gnistan.fi\\\/t11\\\/#breadcrumb\",\"itemListElement\":[{\"@type\":\"ListItem\",\"position\":1,\"name\":\"Etusivu\",\"item\":\"https:\\\/\\\/gnistan.fi\\\/\"},{\"@type\":\"ListItem\",\"position\":2,\"name\":\"T2011\"}]},{\"@type\":\"WebSite\",\"@id\":\"https:\\\/\\\/gnistan.fi\\\/#website\",\"url\":\"https:\\\/\\\/gnistan.fi\\\/\",\"name\":\"IF Gnistan\",\"description\":\"Viralliset sivut\",\"publisher\":{\"@id\":\"https:\\\/\\\/gnistan.fi\\\/#organization\"},\"potentialAction\":[{\"@type\":\"SearchAction\",\"target\":{\"@type\":\"EntryPoint\",\"urlTemplate\":\"https:\\\/\\\/gnistan.fi\\\/?s={search_term_string}\"},\"query-input\":{\"@type\":\"PropertyValueSpecification\",\"valueRequired\":true,\"valueName\":\"search_term_string\"}}],\"inLanguage\":\"en-US\"},{\"@type\":\"Organization\",\"@id\":\"https:\\\/\\\/gnistan.fi\\\/#organization\",\"name\":\"IF Gnistan\",\"url\":\"https:\\\/\\\/gnistan.fi\\\/\",\"logo\":{\"@type\":\"ImageObject\",\"inLanguage\":\"en-US\",\"@id\":\"https:\\\/\\\/gnistan.fi\\\/#\\\/schema\\\/logo\\\/image\\\/\",\"url\":\"https:\\\/\\\/gnistan.fi\\\/wp-content\\\/uploads\\\/2019\\\/10\\\/if-gnistan-vector-logo.svg\",\"contentUrl\":\"https:\\\/\\\/gnistan.fi\\\/wp-content\\\/uploads\\\/2019\\\/10\\\/if-gnistan-vector-logo.svg\",\"width\":269,\"height\":314,\"caption\":\"IF Gnistan\"},\"image\":{\"@id\":\"https:\\\/\\\/gnistan.fi\\\/#\\\/schema\\\/logo\\\/image\\\/\"},\"sameAs\":[\"https:\\\/\\\/facebook.com\\\/ifgnistan\",\"https:\\\/\\\/x.com\\\/ifgnistan1924\",\"https:\\\/\\\/instagram.com\\\/ifgnistan1924\",\"https:\\\/\\\/www.linkedin.com\\\/company\\\/ifgnistan\\\/\"]}]}<\/script>\n<!-- \/ Yoast SEO plugin. -->","yoast_head_json":{"title":"T2011 - IF Gnistan","robots":{"index":"index","follow":"follow","max-snippet":"max-snippet:-1","max-image-preview":"max-image-preview:large","max-video-preview":"max-video-preview:-1"},"canonical":"https:\/\/gnistan.fi\/en\/t11\/","og_locale":"en_US","og_type":"article","og_title":"T2011 - IF Gnistan","og_description":"GNISTAN T11 OTTAA MUKAAN UUSIA PELAAJIA! Kaikki halukkaat ovat tervetulleita joukkueeseen!&nbsp; Gnistanin 2011 syntyneiden joukkueessa pelaa t\u00e4ll\u00e4 hetkell\u00e4 parisenkymment\u00e4 tytt\u00f6\u00e4. Joukkueen kokeneimmilla pelaajilla on jo useita fudiskausia takana, mutta joukkueeseen on tullut koko ajan my\u00f6s uusia pelaajia mukaan. Sek\u00e4 jo jalkapalloa pelanneet ett\u00e4 ihan uudet harrastajat ovat tervetulleita. Kaikille l\u00f6ytyy sopivat ryhm\u00e4t harjoituksissa ja peleiss\u00e4. [&hellip;]","og_url":"https:\/\/gnistan.fi\/en\/t11\/","og_site_name":"IF Gnistan","article_publisher":"https:\/\/facebook.com\/ifgnistan","article_modified_time":"2026-01-07T14:34:21+00:00","og_image":[{"width":2560,"height":1386,"url":"https:\/\/gnistan.fi\/wp-content\/uploads\/2025\/06\/T2010_T2011-scaled.jpg","type":"image\/jpeg"}],"twitter_card":"summary_large_image","twitter_site":"@ifgnistan1924","twitter_misc":{"Est. reading time":"1 minute"},"schema":{"@context":"https:\/\/schema.org","@graph":[{"@type":"WebPage","@id":"https:\/\/gnistan.fi\/t11\/","url":"https:\/\/gnistan.fi\/t11\/","name":"T2011 - IF Gnistan","isPartOf":{"@id":"https:\/\/gnistan.fi\/#website"},"primaryImageOfPage":{"@id":"https:\/\/gnistan.fi\/t11\/#primaryimage"},"image":{"@id":"https:\/\/gnistan.fi\/t11\/#primaryimage"},"thumbnailUrl":"https:\/\/gnistan.fi\/wp-content\/uploads\/2024\/11\/gnistan-default-featured-2024-c.webp","datePublished":"2019-10-30T13:03:45+00:00","dateModified":"2026-01-07T14:34:21+00:00","breadcrumb":{"@id":"https:\/\/gnistan.fi\/t11\/#breadcrumb"},"inLanguage":"en-US","potentialAction":[{"@type":"ReadAction","target":["https:\/\/gnistan.fi\/t11\/"]}]},{"@type":"ImageObject","inLanguage":"en-US","@id":"https:\/\/gnistan.fi\/t11\/#primaryimage","url":"https:\/\/gnistan.fi\/wp-content\/uploads\/2024\/11\/gnistan-default-featured-2024-c.webp","contentUrl":"https:\/\/gnistan.fi\/wp-content\/uploads\/2024\/11\/gnistan-default-featured-2024-c.webp","width":1920,"height":1080},{"@type":"BreadcrumbList","@id":"https:\/\/gnistan.fi\/t11\/#breadcrumb","itemListElement":[{"@type":"ListItem","position":1,"name":"Etusivu","item":"https:\/\/gnistan.fi\/"},{"@type":"ListItem","position":2,"name":"T2011"}]},{"@type":"WebSite","@id":"https:\/\/gnistan.fi\/#website","url":"https:\/\/gnistan.fi\/","name":"IF Gnistan","description":"Viralliset sivut","publisher":{"@id":"https:\/\/gnistan.fi\/#organization"},"potentialAction":[{"@type":"SearchAction","target":{"@type":"EntryPoint","urlTemplate":"https:\/\/gnistan.fi\/?s={search_term_string}"},"query-input":{"@type":"PropertyValueSpecification","valueRequired":true,"valueName":"search_term_string"}}],"inLanguage":"en-US"},{"@type":"Organization","@id":"https:\/\/gnistan.fi\/#organization","name":"IF Gnistan","url":"https:\/\/gnistan.fi\/","logo":{"@type":"ImageObject","inLanguage":"en-US","@id":"https:\/\/gnistan.fi\/#\/schema\/logo\/image\/","url":"https:\/\/gnistan.fi\/wp-content\/uploads\/2019\/10\/if-gnistan-vector-logo.svg","contentUrl":"https:\/\/gnistan.fi\/wp-content\/uploads\/2019\/10\/if-gnistan-vector-logo.svg","width":269,"height":314,"caption":"IF Gnistan"},"image":{"@id":"https:\/\/gnistan.fi\/#\/schema\/logo\/image\/"},"sameAs":["https:\/\/facebook.com\/ifgnistan","https:\/\/x.com\/ifgnistan1924","https:\/\/instagram.com\/ifgnistan1924","https:\/\/www.linkedin.com\/company\/ifgnistan\/"]}]}},"jetpack_sharing_enabled":true,"_links":{"self":[{"href":"https:\/\/gnistan.fi\/en\/wp-json\/wp\/v2\/pages\/14250","targetHints":{"allow":["GET"]}}],"collection":[{"href":"https:\/\/gnistan.fi\/en\/wp-json\/wp\/v2\/pages"}],"about":[{"href":"https:\/\/gnistan.fi\/en\/wp-json\/wp\/v2\/types\/page"}],"author":[{"embeddable":true,"href":"https:\/\/gnistan.fi\/en\/wp-json\/wp\/v2\/users\/7"}],"replies":[{"embeddable":true,"href":"https:\/\/gnistan.fi\/en\/wp-json\/wp\/v2\/comments?post=14250"}],"version-history":[{"count":19,"href":"https:\/\/gnistan.fi\/en\/wp-json\/wp\/v2\/pages\/14250\/revisions"}],"predecessor-version":[{"id":43339,"href":"https:\/\/gnistan.fi\/en\/wp-json\/wp\/v2\/pages\/14250\/revisions\/43339"}],"wp:featuredmedia":[{"embeddable":true,"href":"https:\/\/gnistan.fi\/en\/wp-json\/wp\/v2\/media\/36703"}],"wp:attachment":[{"href":"https:\/\/gnistan.fi\/en\/wp-json\/wp\/v2\/media?parent=14250"}],"curies":[{"name":"wp","href":"https:\/\/api.w.org\/{rel}","templated":true}]}}