{"id":14243,"date":"2019-10-30T14:56:48","date_gmt":"2019-10-30T12:56:48","guid":{"rendered":"https:\/\/gnistan.fi\/?page_id=14243"},"modified":"2026-04-13T12:58:11","modified_gmt":"2026-04-13T09:58:11","slug":"tb-juniorit","status":"publish","type":"page","link":"https:\/\/gnistan.fi\/en\/tb-juniorit\/","title":{"rendered":"TB -JUNIORIT"},"content":{"rendered":"<figure class=\"wp-block-image aligncenter size-large\"><img fetchpriority=\"high\" decoding=\"async\" width=\"1024\" height=\"555\" src=\"https:\/\/gnistan.fi\/wp-content\/uploads\/2025\/06\/TB_TB2-1-1024x555.jpg\" alt=\"\" class=\"wp-image-40491\" srcset=\"https:\/\/gnistan.fi\/wp-content\/uploads\/2025\/06\/TB_TB2-1-1024x555.jpg 1024w, https:\/\/gnistan.fi\/wp-content\/uploads\/2025\/06\/TB_TB2-1-300x162.jpg 300w, https:\/\/gnistan.fi\/wp-content\/uploads\/2025\/06\/TB_TB2-1-768x416.jpg 768w, https:\/\/gnistan.fi\/wp-content\/uploads\/2025\/06\/TB_TB2-1-1536x832.jpg 1536w, https:\/\/gnistan.fi\/wp-content\/uploads\/2025\/06\/TB_TB2-1-2048x1109.jpg 2048w, https:\/\/gnistan.fi\/wp-content\/uploads\/2025\/06\/TB_TB2-1-18x10.jpg 18w\" sizes=\"(max-width: 1024px) 100vw, 1024px\" \/><figcaption class=\"wp-element-caption\">TB-juniorit 2025<\/figcaption><\/figure>\n\n\n\n<p>Gnistanin B-junioreissa pelaa vuosina 2008-2010 syntyneit\u00e4 pelaajia. Harjoittelemme ammattitaitoisten valmentajien johdolla loistavissa olosuhteissa Oulunkyl\u00e4n Markku.fi Areenan ja Pikkupekka Areenan tekonurmilla.<\/p>\n\n\n\n<p>Joukkueet osallistuvat Palloliiton sarjoihin, ja jokaiselle l\u00f6ytyy oma tasonsa harrastaa. Kilpajoukkueemme (B1) pelaa T18 SM-karsintaa, B2-joukkueemme T18 Kakkosta ja B3-joukkueemme T18 Kolmosta ja&nbsp;T18 8v8 Ykk\u00f6st\u00e4.&nbsp;K\u00e4ymme aktiivisesti turnauksissa ja leireill\u00e4, ja viet\u00e4mme yhdess\u00e4 aikaa futiksen ulkopuolellakin.<\/p>\n\n\n\n<p>Valmentajat:<br>B1: P\u00e4\u00e4valmentaja Kaisa Collin I Apuvalmentaja Ella Alakomi<br>B2: P\u00e4\u00e4valmentaja Jukka Halme | Apuvalmentaja Hilppa Tuomainen<br>B3: P\u00e4\u00e4valmentaja Kaius Krabbe | Apuvalmentaja Hilppa Tuomainen<\/p>\n\n\n\n<p>Yhteydenotot tapahtuvat joukkueenjohtajien kautta:<br>B1: Timo Parviainen, parviainen82@gmail.com tai gnistantb@gmail.com<br>B2: Sanna Helle sanna.k.simpanen@gmail.com, gnistantb@gmail.com<br>B3: Elina Str\u00f6m, gnistantb@gmail.com<\/p>\n\n\n\n<p>Voit seurata meit\u00e4 lis\u00e4\u00e4 t\u00e4\u00e4lt\u00e4: Gnistan TB (@gnistan_tb) \u2022 Instagram photos and videos ja&nbsp;Gnistan TB2 ja TB3 (@gnistantb2ja3)<\/p>\n\n\n\n<p><\/p>","protected":false},"excerpt":{"rendered":"<p>Gnistanin B-junioreissa pelaa vuosina 2008-2010 syntyneit\u00e4 pelaajia. Harjoittelemme ammattitaitoisten valmentajien johdolla loistavissa olosuhteissa Oulunkyl\u00e4n Markku.fi Areenan ja Pikkupekka Areenan tekonurmilla. Joukkueet osallistuvat Palloliiton sarjoihin, ja jokaiselle l\u00f6ytyy oma tasonsa harrastaa. Kilpajoukkueemme (B1) pelaa T18 SM-karsintaa, B2-joukkueemme T18 Kakkosta ja B3-joukkueemme T18 Kolmosta ja&nbsp;T18 8v8 Ykk\u00f6st\u00e4.&nbsp;K\u00e4ymme aktiivisesti turnauksissa ja leireill\u00e4, ja viet\u00e4mme yhdess\u00e4 aikaa futiksen ulkopuolellakin. [&hellip;]<\/p>\n","protected":false},"author":7,"featured_media":36703,"parent":0,"menu_order":0,"comment_status":"closed","ping_status":"closed","template":"","meta":{"_acf_changed":false,"footnotes":""},"class_list":["post-14243","page","type-page","status-publish","has-post-thumbnail","hentry"],"acf":[],"yoast_head":"<!-- This site is optimized with the Yoast SEO plugin v27.3 - https:\/\/yoast.com\/product\/yoast-seo-wordpress\/ -->\n<title>TB -JUNIORIT - IF Gnistan<\/title>\n<meta name=\"robots\" content=\"index, follow, max-snippet:-1, max-image-preview:large, max-video-preview:-1\" \/>\n<link rel=\"canonical\" href=\"https:\/\/gnistan.fi\/en\/tb-juniorit\/\" \/>\n<meta property=\"og:locale\" content=\"en_US\" \/>\n<meta property=\"og:type\" content=\"article\" \/>\n<meta property=\"og:title\" content=\"TB -JUNIORIT - IF Gnistan\" \/>\n<meta property=\"og:description\" content=\"Gnistanin B-junioreissa pelaa vuosina 2008-2010 syntyneit\u00e4 pelaajia. Harjoittelemme ammattitaitoisten valmentajien johdolla loistavissa olosuhteissa Oulunkyl\u00e4n Markku.fi Areenan ja Pikkupekka Areenan tekonurmilla. Joukkueet osallistuvat Palloliiton sarjoihin, ja jokaiselle l\u00f6ytyy oma tasonsa harrastaa. Kilpajoukkueemme (B1) pelaa T18 SM-karsintaa, B2-joukkueemme T18 Kakkosta ja B3-joukkueemme T18 Kolmosta ja&nbsp;T18 8v8 Ykk\u00f6st\u00e4.&nbsp;K\u00e4ymme aktiivisesti turnauksissa ja leireill\u00e4, ja viet\u00e4mme yhdess\u00e4 aikaa futiksen ulkopuolellakin. [&hellip;]\" \/>\n<meta property=\"og:url\" content=\"https:\/\/gnistan.fi\/en\/tb-juniorit\/\" \/>\n<meta property=\"og:site_name\" content=\"IF Gnistan\" \/>\n<meta property=\"article:publisher\" content=\"https:\/\/facebook.com\/ifgnistan\" \/>\n<meta property=\"article:modified_time\" content=\"2026-04-13T09:58:11+00:00\" \/>\n<meta property=\"og:image\" content=\"https:\/\/gnistan.fi\/wp-content\/uploads\/2025\/06\/TB_TB2-1-scaled.jpg\" \/>\n\t<meta property=\"og:image:width\" content=\"2560\" \/>\n\t<meta property=\"og:image:height\" content=\"1386\" \/>\n\t<meta property=\"og:image:type\" content=\"image\/jpeg\" \/>\n<meta name=\"twitter:card\" content=\"summary_large_image\" \/>\n<meta name=\"twitter:site\" content=\"@ifgnistan1924\" \/>\n<meta name=\"twitter:label1\" content=\"Est. reading time\" \/>\n\t<meta name=\"twitter:data1\" content=\"1 minute\" \/>\n<script type=\"application\/ld+json\" class=\"yoast-schema-graph\">{\"@context\":\"https:\\\/\\\/schema.org\",\"@graph\":[{\"@type\":\"WebPage\",\"@id\":\"https:\\\/\\\/gnistan.fi\\\/tb-juniorit\\\/\",\"url\":\"https:\\\/\\\/gnistan.fi\\\/tb-juniorit\\\/\",\"name\":\"TB -JUNIORIT - IF Gnistan\",\"isPartOf\":{\"@id\":\"https:\\\/\\\/gnistan.fi\\\/#website\"},\"primaryImageOfPage\":{\"@id\":\"https:\\\/\\\/gnistan.fi\\\/tb-juniorit\\\/#primaryimage\"},\"image\":{\"@id\":\"https:\\\/\\\/gnistan.fi\\\/tb-juniorit\\\/#primaryimage\"},\"thumbnailUrl\":\"https:\\\/\\\/gnistan.fi\\\/wp-content\\\/uploads\\\/2024\\\/11\\\/gnistan-default-featured-2024-c.webp\",\"datePublished\":\"2019-10-30T12:56:48+00:00\",\"dateModified\":\"2026-04-13T09:58:11+00:00\",\"breadcrumb\":{\"@id\":\"https:\\\/\\\/gnistan.fi\\\/tb-juniorit\\\/#breadcrumb\"},\"inLanguage\":\"en-US\",\"potentialAction\":[{\"@type\":\"ReadAction\",\"target\":[\"https:\\\/\\\/gnistan.fi\\\/tb-juniorit\\\/\"]}]},{\"@type\":\"ImageObject\",\"inLanguage\":\"en-US\",\"@id\":\"https:\\\/\\\/gnistan.fi\\\/tb-juniorit\\\/#primaryimage\",\"url\":\"https:\\\/\\\/gnistan.fi\\\/wp-content\\\/uploads\\\/2024\\\/11\\\/gnistan-default-featured-2024-c.webp\",\"contentUrl\":\"https:\\\/\\\/gnistan.fi\\\/wp-content\\\/uploads\\\/2024\\\/11\\\/gnistan-default-featured-2024-c.webp\",\"width\":1920,\"height\":1080},{\"@type\":\"BreadcrumbList\",\"@id\":\"https:\\\/\\\/gnistan.fi\\\/tb-juniorit\\\/#breadcrumb\",\"itemListElement\":[{\"@type\":\"ListItem\",\"position\":1,\"name\":\"Etusivu\",\"item\":\"https:\\\/\\\/gnistan.fi\\\/\"},{\"@type\":\"ListItem\",\"position\":2,\"name\":\"TB -JUNIORIT\"}]},{\"@type\":\"WebSite\",\"@id\":\"https:\\\/\\\/gnistan.fi\\\/#website\",\"url\":\"https:\\\/\\\/gnistan.fi\\\/\",\"name\":\"IF Gnistan\",\"description\":\"Viralliset sivut\",\"publisher\":{\"@id\":\"https:\\\/\\\/gnistan.fi\\\/#organization\"},\"potentialAction\":[{\"@type\":\"SearchAction\",\"target\":{\"@type\":\"EntryPoint\",\"urlTemplate\":\"https:\\\/\\\/gnistan.fi\\\/?s={search_term_string}\"},\"query-input\":{\"@type\":\"PropertyValueSpecification\",\"valueRequired\":true,\"valueName\":\"search_term_string\"}}],\"inLanguage\":\"en-US\"},{\"@type\":\"Organization\",\"@id\":\"https:\\\/\\\/gnistan.fi\\\/#organization\",\"name\":\"IF Gnistan\",\"url\":\"https:\\\/\\\/gnistan.fi\\\/\",\"logo\":{\"@type\":\"ImageObject\",\"inLanguage\":\"en-US\",\"@id\":\"https:\\\/\\\/gnistan.fi\\\/#\\\/schema\\\/logo\\\/image\\\/\",\"url\":\"https:\\\/\\\/gnistan.fi\\\/wp-content\\\/uploads\\\/2019\\\/10\\\/if-gnistan-vector-logo.svg\",\"contentUrl\":\"https:\\\/\\\/gnistan.fi\\\/wp-content\\\/uploads\\\/2019\\\/10\\\/if-gnistan-vector-logo.svg\",\"width\":269,\"height\":314,\"caption\":\"IF Gnistan\"},\"image\":{\"@id\":\"https:\\\/\\\/gnistan.fi\\\/#\\\/schema\\\/logo\\\/image\\\/\"},\"sameAs\":[\"https:\\\/\\\/facebook.com\\\/ifgnistan\",\"https:\\\/\\\/x.com\\\/ifgnistan1924\",\"https:\\\/\\\/instagram.com\\\/ifgnistan1924\",\"https:\\\/\\\/www.linkedin.com\\\/company\\\/ifgnistan\\\/\"]}]}<\/script>\n<!-- \/ Yoast SEO plugin. -->","yoast_head_json":{"title":"TB -JUNIORIT - IF Gnistan","robots":{"index":"index","follow":"follow","max-snippet":"max-snippet:-1","max-image-preview":"max-image-preview:large","max-video-preview":"max-video-preview:-1"},"canonical":"https:\/\/gnistan.fi\/en\/tb-juniorit\/","og_locale":"en_US","og_type":"article","og_title":"TB -JUNIORIT - IF Gnistan","og_description":"Gnistanin B-junioreissa pelaa vuosina 2008-2010 syntyneit\u00e4 pelaajia. Harjoittelemme ammattitaitoisten valmentajien johdolla loistavissa olosuhteissa Oulunkyl\u00e4n Markku.fi Areenan ja Pikkupekka Areenan tekonurmilla. Joukkueet osallistuvat Palloliiton sarjoihin, ja jokaiselle l\u00f6ytyy oma tasonsa harrastaa. Kilpajoukkueemme (B1) pelaa T18 SM-karsintaa, B2-joukkueemme T18 Kakkosta ja B3-joukkueemme T18 Kolmosta ja&nbsp;T18 8v8 Ykk\u00f6st\u00e4.&nbsp;K\u00e4ymme aktiivisesti turnauksissa ja leireill\u00e4, ja viet\u00e4mme yhdess\u00e4 aikaa futiksen ulkopuolellakin. [&hellip;]","og_url":"https:\/\/gnistan.fi\/en\/tb-juniorit\/","og_site_name":"IF Gnistan","article_publisher":"https:\/\/facebook.com\/ifgnistan","article_modified_time":"2026-04-13T09:58:11+00:00","og_image":[{"width":2560,"height":1386,"url":"https:\/\/gnistan.fi\/wp-content\/uploads\/2025\/06\/TB_TB2-1-scaled.jpg","type":"image\/jpeg"}],"twitter_card":"summary_large_image","twitter_site":"@ifgnistan1924","twitter_misc":{"Est. reading time":"1 minute"},"schema":{"@context":"https:\/\/schema.org","@graph":[{"@type":"WebPage","@id":"https:\/\/gnistan.fi\/tb-juniorit\/","url":"https:\/\/gnistan.fi\/tb-juniorit\/","name":"TB -JUNIORIT - IF Gnistan","isPartOf":{"@id":"https:\/\/gnistan.fi\/#website"},"primaryImageOfPage":{"@id":"https:\/\/gnistan.fi\/tb-juniorit\/#primaryimage"},"image":{"@id":"https:\/\/gnistan.fi\/tb-juniorit\/#primaryimage"},"thumbnailUrl":"https:\/\/gnistan.fi\/wp-content\/uploads\/2024\/11\/gnistan-default-featured-2024-c.webp","datePublished":"2019-10-30T12:56:48+00:00","dateModified":"2026-04-13T09:58:11+00:00","breadcrumb":{"@id":"https:\/\/gnistan.fi\/tb-juniorit\/#breadcrumb"},"inLanguage":"en-US","potentialAction":[{"@type":"ReadAction","target":["https:\/\/gnistan.fi\/tb-juniorit\/"]}]},{"@type":"ImageObject","inLanguage":"en-US","@id":"https:\/\/gnistan.fi\/tb-juniorit\/#primaryimage","url":"https:\/\/gnistan.fi\/wp-content\/uploads\/2024\/11\/gnistan-default-featured-2024-c.webp","contentUrl":"https:\/\/gnistan.fi\/wp-content\/uploads\/2024\/11\/gnistan-default-featured-2024-c.webp","width":1920,"height":1080},{"@type":"BreadcrumbList","@id":"https:\/\/gnistan.fi\/tb-juniorit\/#breadcrumb","itemListElement":[{"@type":"ListItem","position":1,"name":"Etusivu","item":"https:\/\/gnistan.fi\/"},{"@type":"ListItem","position":2,"name":"TB -JUNIORIT"}]},{"@type":"WebSite","@id":"https:\/\/gnistan.fi\/#website","url":"https:\/\/gnistan.fi\/","name":"IF Gnistan","description":"Viralliset sivut","publisher":{"@id":"https:\/\/gnistan.fi\/#organization"},"potentialAction":[{"@type":"SearchAction","target":{"@type":"EntryPoint","urlTemplate":"https:\/\/gnistan.fi\/?s={search_term_string}"},"query-input":{"@type":"PropertyValueSpecification","valueRequired":true,"valueName":"search_term_string"}}],"inLanguage":"en-US"},{"@type":"Organization","@id":"https:\/\/gnistan.fi\/#organization","name":"IF Gnistan","url":"https:\/\/gnistan.fi\/","logo":{"@type":"ImageObject","inLanguage":"en-US","@id":"https:\/\/gnistan.fi\/#\/schema\/logo\/image\/","url":"https:\/\/gnistan.fi\/wp-content\/uploads\/2019\/10\/if-gnistan-vector-logo.svg","contentUrl":"https:\/\/gnistan.fi\/wp-content\/uploads\/2019\/10\/if-gnistan-vector-logo.svg","width":269,"height":314,"caption":"IF Gnistan"},"image":{"@id":"https:\/\/gnistan.fi\/#\/schema\/logo\/image\/"},"sameAs":["https:\/\/facebook.com\/ifgnistan","https:\/\/x.com\/ifgnistan1924","https:\/\/instagram.com\/ifgnistan1924","https:\/\/www.linkedin.com\/company\/ifgnistan\/"]}]}},"jetpack_sharing_enabled":true,"_links":{"self":[{"href":"https:\/\/gnistan.fi\/en\/wp-json\/wp\/v2\/pages\/14243","targetHints":{"allow":["GET"]}}],"collection":[{"href":"https:\/\/gnistan.fi\/en\/wp-json\/wp\/v2\/pages"}],"about":[{"href":"https:\/\/gnistan.fi\/en\/wp-json\/wp\/v2\/types\/page"}],"author":[{"embeddable":true,"href":"https:\/\/gnistan.fi\/en\/wp-json\/wp\/v2\/users\/7"}],"replies":[{"embeddable":true,"href":"https:\/\/gnistan.fi\/en\/wp-json\/wp\/v2\/comments?post=14243"}],"version-history":[{"count":20,"href":"https:\/\/gnistan.fi\/en\/wp-json\/wp\/v2\/pages\/14243\/revisions"}],"predecessor-version":[{"id":45005,"href":"https:\/\/gnistan.fi\/en\/wp-json\/wp\/v2\/pages\/14243\/revisions\/45005"}],"wp:featuredmedia":[{"embeddable":true,"href":"https:\/\/gnistan.fi\/en\/wp-json\/wp\/v2\/media\/36703"}],"wp:attachment":[{"href":"https:\/\/gnistan.fi\/en\/wp-json\/wp\/v2\/media?parent=14243"}],"curies":[{"name":"wp","href":"https:\/\/api.w.org\/{rel}","templated":true}]}}