{"id":14076,"date":"2019-10-21T12:44:45","date_gmt":"2019-10-21T09:44:45","guid":{"rendered":"https:\/\/gnistan.fi\/?page_id=14076"},"modified":"2019-10-21T12:44:45","modified_gmt":"2019-10-21T09:44:45","slug":"ottelut-2015","status":"publish","type":"page","link":"https:\/\/gnistan.fi\/en\/ottelut-2015\/","title":{"rendered":"Ottelut 2015"},"content":{"rendered":"<h2 class=\"wp-block-heading\">Otteluohjelma &#8211; Kakkonen 2015, Suomen Cup &amp; harjoitusottelut<\/h2>\n\n\n\n<table class=\"wp-block-table\"><tbody><tr><th>Pvm<\/th><th>Paikka<\/th><th>Koti<\/th><th>Vieras<\/th><th>Tulos<\/th><th>Ennakko<\/th><th>Raportti<\/th><\/tr><tr><td>La 3.1. klo 21:00<\/td><td>Tali<\/td><td><strong>Gnistan<\/strong><\/td><td>PK-35 Vantaa Akt.harj<\/td><td>5 &#8211; 0<\/td><td>Ennakko<\/td><td><a href=\"https:\/\/gnistan.fi\/en\/2015\/01\/gnistan-avasi-kautensa-voitolla\/\">Raportti<\/a><\/td><\/tr><tr><td>La 10.1. klo 12:30<\/td><td>Legirus<\/td><td>HIFK<\/td><td><strong>Gnistan<\/strong>harj<\/td><td>1 &#8211; 0<\/td><td>Ennakko<\/td><td><a href=\"https:\/\/gnistan.fi\/en\/2015\/01\/hifk-niukasti-parempi-lauantaina\/\">Raportti<\/a><\/td><\/tr><tr><td>La 17.1. klo 19:30<\/td><td>Tali<\/td><td><strong>Gnistan<\/strong>harj<\/td><td>BK-46<\/td><td>6 &#8211; 1<\/td><td><a href=\"https:\/\/gnistan.fi\/en\/2015\/01\/tanaan-talissa-gnistan-bk-46\/\">Ennakko<\/a><\/td><td><a href=\"https:\/\/gnistan.fi\/en\/2015\/01\/gnistan-kaatoi-bk-46n-talissa\/\">Raportti<\/a><\/td><\/tr><tr><td>La 24.1. klo 14:00<\/td><td>Kauniainen<\/td><td>GrIFKharj<\/td><td><strong>Gnistan<\/strong><\/td><td>0 &#8211; 3<\/td><td>Ennakko<\/td><td><a href=\"https:\/\/gnistan.fi\/en\/2015\/01\/voitokas-vierailu-kauniaisiin\/\">Raportti<\/a><\/td><\/tr><tr><td>La 31.1. klo 21:00<\/td><td>Tali<\/td><td><strong>Gnistan<\/strong>harj<\/td><td>Klubi 04<\/td><td>2 &#8211; 2<\/td><td><a href=\"https:\/\/gnistan.fi\/en\/2015\/01\/gnistan-kohtaa-lauantaina-klubi-04n-talissa\/\">Ennakko<\/a><\/td><td><a href=\"https:\/\/gnistan.fi\/en\/2015\/02\/gnistan-ja-klubi-04-tasapeliin-talissa\/\">Raportti<\/a><\/td><\/tr><tr><td>Su 8.2. klo 21:00<\/td><td>Pallomylly<\/td><td><strong>Gnistan<\/strong>harj<\/td><td>FC Myllypuro<\/td><td>2 &#8211; 1<\/td><td>Ennakko<\/td><td><a href=\"https:\/\/gnistan.fi\/en\/2015\/02\/gnistan-kohtasi-fc-myllypuron-sunnuntaina\/\">Raportti<\/a><\/td><\/tr><tr><td>Ma 23.2. klo 20:00<\/td><td>Vuosaari<\/td><td>SUMU\/77cup<\/td><td><strong>Gnistan<\/strong><\/td><td>0 &#8211; 4<\/td><td><a href=\"https:\/\/gnistan.fi\/en\/2015\/02\/gnistan-aloittaa-suomen-cupin-tanaan-vuosaaressa\/\">Ennakko<\/a><\/td><td><a href=\"https:\/\/gnistan.fi\/en\/2015\/02\/gnistan-jatkoon-suomen-cupissa\/\">Raportti<\/a><\/td><\/tr><tr><td>La 28.2. klo 21:00<\/td><td>Tali<\/td><td><strong>Gnistan<\/strong>harj<\/td><td>GrIFK<\/td><td>0 &#8211; 0<\/td><td><a href=\"https:\/\/gnistan.fi\/en\/2015\/02\/treenipelit-jatkuvat-talissa-lauantaina\/\">Ennakko<\/a><\/td><td><a href=\"https:\/\/gnistan.fi\/en\/2015\/03\/gnistan-ja-grani-jaivat-ilman-maaleja-talissa\/\">Raportti<\/a><\/td><\/tr><tr><td>To 5.3. klo 20:20<\/td><td>FPA<\/td><td><strong>Gnistan<\/strong>harj<\/td><td>FC Kiffen 08<\/td><td>3 &#8211; 0<\/td><td><a href=\"https:\/\/gnistan.fi\/en\/2015\/03\/tanaan-vastassa-kiffen-ogelissa\/\">Ennakko<\/a><\/td><td><a href=\"https:\/\/gnistan.fi\/en\/2015\/03\/gnistan-loi-kiffenin-harjoitusottelussa\/\">Raportti<\/a><\/td><\/tr><tr><td>Su 15.3. klo 15:00<\/td><td>Laaksolahti<\/td><td>Sexyp\u00f6xytcup<\/td><td><strong>Gnistan<\/strong><\/td><td>1 &#8211; 2<\/td><td><a href=\"https:\/\/gnistan.fi\/en\/2015\/03\/suomen-cup-jatkuu-sunnuntaina-laaksolahdessa\/\">Ennakko<\/a><\/td><td><a href=\"https:\/\/gnistan.fi\/en\/2015\/03\/gnistan-loi-sexypoxyt-suomen-cupissa\/\">Raportti<\/a><\/td><\/tr><tr><td>La 21.3. klo 21:00<\/td><td>Tali<\/td><td><strong>Gnistan<\/strong>harj<\/td><td>ESC<\/td><td>1 &#8211; 0<\/td><td><a href=\"https:\/\/gnistan.fi\/en\/2015\/03\/gnistanilla-lauantaina-vastassa-esc\/\">Ennakko<\/a><\/td><td><a href=\"https:\/\/gnistan.fi\/en\/2015\/03\/gnistan-niukkaan-voittoon-escsta\/\">Raportti<\/a><\/td><\/tr><tr><td>Ke 1.4. klo 19:30<\/td><td>FPA<\/td><td><strong>Gnistan<\/strong>cup<\/td><td>BK-46<\/td><td>1 &#8211; 2<\/td><td><a href=\"https:\/\/gnistan.fi\/en\/2015\/03\/cup-huumaa-keskiviikkona-ogelissa\/\">Ennakko<\/a><\/td><td><a href=\"https:\/\/gnistan.fi\/en\/2015\/04\/gnistanin-cup-taival-paatokseen\/\">Raportti<\/a><\/td><\/tr><tr><td>La 11.4. klo 15:00<\/td><td>Mukkula<\/td><td>FC Lahti Akt.harj<\/td><td><strong>Gnistan<\/strong><\/td><td>1 &#8211; 0<\/td><td><a href=\"https:\/\/gnistan.fi\/en\/2015\/04\/gnistan-matkaa-lauantaina-lahteen\/\">Ennakko<\/a><\/td><td><a href=\"https:\/\/gnistan.fi\/en\/2015\/04\/gnistanille-tappio-lahdessa\/\">Raportti<\/a><\/td><\/tr><tr><td>La 18.4. klo 15:00<\/td><td>Myllym\u00e4ki<\/td><td>FC Futuraharj<\/td><td><strong>Gnistan<\/strong><\/td><td>0 &#8211; 6<\/td><td><a href=\"https:\/\/gnistan.fi\/en\/2015\/04\/kenraaliharjoitus-lauantaina-porvoossa\/\">Ennakko<\/a><\/td><td><a href=\"https:\/\/gnistan.fi\/en\/2015\/04\/maalihanat-auki-porvoossa\/\">Raportti<\/a><\/td><\/tr><tr><td>Su 26.4. klo 16:00<\/td><td>&nbsp;<\/td><td>NJS<\/td><td><strong>Gnistan<\/strong><\/td><td>1 &#8211; 1<\/td><td><a href=\"https:\/\/gnistan.fi\/en\/2015\/04\/uudistunut-gnistan-hamuaa-lohkonsa-karkea\/\">Ennakko<\/a><\/td><td><a href=\"https:\/\/gnistan.fi\/en\/2015\/04\/piste-tuliaisina-sarja-avauksesta\/\">Raportti<\/a><\/td><\/tr><tr><td>Ma 4.5. klo 18:30<\/td><td>&nbsp;<\/td><td>Atlantis<\/td><td><strong>Gnistan<\/strong><\/td><td>0 &#8211; 1<\/td><td><a href=\"https:\/\/gnistan.fi\/en\/2015\/05\/maanantaina-vastassa-atlantis\/\">Ennakko<\/a><\/td><td><a href=\"https:\/\/gnistan.fi\/en\/2015\/05\/voittotili-auki-atlantiksen-vieraana\/\">Raportti<\/a><\/td><\/tr><tr><td>Pe 8.5. klo 18:30<\/td><td>&nbsp;<\/td><td><strong>Gnistan<\/strong><\/td><td>TPV<\/td><td>3 &#8211; 1<\/td><td><a href=\"https:\/\/gnistan.fi\/en\/2015\/05\/perjantain-kotiavauksessa-vastassa-tpv\/\">Ennakko<\/a><\/td><td><a href=\"https:\/\/gnistan.fi\/en\/2015\/05\/kotiavauksesta-voitto\/\">Raportti<\/a><\/td><\/tr><tr><td>Ke 13.5. klo 18:30<\/td><td>FPA<\/td><td>K\u00e4Pa<\/td><td><strong>Gnistan<\/strong><\/td><td>3 &#8211; 3<\/td><td><a href=\"https:\/\/gnistan.fi\/en\/2015\/05\/keski-helsingin-derbyssa-vastassa-kapa\/\">Ennakko<\/a><\/td><td><a href=\"https:\/\/gnistan.fi\/en\/2015\/05\/paikallisottelusta-pistejako\/\">Raportti<\/a><\/td><\/tr><tr><td>Ma 18.5. klo 18:30<\/td><td>FPA<\/td><td><strong>Gnistan<\/strong><\/td><td>FC Honka<\/td><td>0 &#8211; 1<\/td><td><a href=\"https:\/\/gnistan.fi\/en\/2015\/05\/maanantaina-vastassa-kakkosen-tahtisikerma\/\">Ennakko<\/a><\/td><td><a href=\"https:\/\/gnistan.fi\/en\/2015\/05\/gnistanille-kauden-ensimmainen-tappio\/\">Raportti<\/a><\/td><\/tr><tr><td>Pe 22.5. klo 18:30<\/td><td>FPA<\/td><td><strong>Gnistan<\/strong><\/td><td>PKKU<\/td><td>1 &#8211; 0<\/td><td><a href=\"https:\/\/gnistan.fi\/en\/2015\/05\/perjantaina-vieraana-pkk-u\/\">Ennakko<\/a><\/td><td><a href=\"https:\/\/gnistan.fi\/en\/2015\/05\/paluu-voittojen-tielle\/\">Raportti<\/a><\/td><\/tr><tr><td>Pe 29.5. klo 18:30<\/td><td>Tammela<\/td><td>Ilves-Kissat<\/td><td><strong>Gnistan<\/strong><\/td><td>2 &#8211; 3<\/td><td><a href=\"https:\/\/gnistan.fi\/en\/2015\/05\/perjantaina-vastassa-ilves-kissat\/\">Ennakko<\/a><\/td><td><a href=\"https:\/\/gnistan.fi\/en\/2015\/05\/niukka-voitto-ilves-kissoista\/\">Raportti<\/a><\/td><\/tr><tr><td>Pe 5.6. klo 18:30<\/td><td>FPA<\/td><td><strong>Gnistan<\/strong><\/td><td>FC Vaajakoski<\/td><td>3 &#8211; 0<\/td><td><a href=\"https:\/\/gnistan.fi\/en\/2015\/06\/vieraskentalla-viihtyva-sarjanousija-haastaa-gnistanin\/\">Ennakko<\/a><\/td><td><a href=\"https:\/\/gnistan.fi\/en\/2015\/06\/vakuuttava-voitto-fc-vaajakoskesta\/\">Raportti<\/a><\/td><\/tr><tr><td>Su 14.6. klo 18:30<\/td><td>J\u00e4rvenp\u00e4\u00e4<\/td><td>J\u00e4PS<\/td><td><strong>Gnistan<\/strong><\/td><td>1 &#8211; 2<\/td><td><a href=\"https:\/\/gnistan.fi\/en\/2015\/06\/sarja-jatkuu-sunnuntaina-jarvenpaassa\/\">Ennakko<\/a><\/td><td><a href=\"https:\/\/gnistan.fi\/en\/2015\/06\/niukka-voitto-jarvenpaasta\/\">Raportti<\/a><\/td><\/tr><tr><td>Ke 17.6. klo 18:30<\/td><td>Klaukkala<\/td><td>NJS<\/td><td><strong>Gnistan<\/strong><\/td><td>1 &#8211; 1<\/td><td><a href=\"https:\/\/gnistan.fi\/en\/2015\/06\/gnistan-vierailee-keskiviikkona-klaukkalassa\/\">Ennakko<\/a><\/td><td><a href=\"https:\/\/gnistan.fi\/en\/2015\/06\/jalleen-tasapeli-njsn-vieraana\/\">Raportti<\/a><\/td><\/tr><tr><td>Ma 22.6. klo 18:30<\/td><td>FPA<\/td><td><strong>Gnistan<\/strong><\/td><td>Atlantis<\/td><td>1 &#8211; 1<\/td><td><a href=\"https:\/\/gnistan.fi\/en\/2015\/06\/maanantaina-vastassa-atlantiss\/\">Ennakko<\/a><\/td><td><a href=\"https:\/\/gnistan.fi\/en\/2015\/06\/gnistan-ja-atlantis-tasapeliin-fpalla\/\">Raportti<\/a><\/td><\/tr><tr><td>Ma 29.6. klo 18:30<\/td><td>Tammela<\/td><td>TPV<\/td><td><strong>Gnistan<\/strong><\/td><td>2 &#8211; 3<\/td><td><a href=\"https:\/\/gnistan.fi\/en\/2015\/06\/maanantaina-vierasottelu-tampereella\/\">Ennakko<\/a><\/td><td><a href=\"https:\/\/gnistan.fi\/en\/2015\/06\/gnistan-voitokas-karkiottelussa\/\">Raportti<\/a><\/td><\/tr><tr><td>Su 5.7. klo 18:30<\/td><td>FPA<\/td><td><strong>Gnistan<\/strong><\/td><td>K\u00e4Pa<\/td><td>1 &#8211; 0<\/td><td><a href=\"https:\/\/gnistan.fi\/en\/2015\/07\/stadin-derby-sunnuntaina-oulunkylassa\/\">Ennakko<\/a><\/td><td><a href=\"https:\/\/gnistan.fi\/en\/2015\/07\/gnistan-voitokas-derbyssa\/\">Raportti<\/a><\/td><\/tr><tr><td>La 18.7. klo 16:00<\/td><td>Kaleva UP<\/td><td>PKKU<\/td><td><strong>Gnistan<\/strong><\/td><td>4 &#8211; 2<\/td><td><a href=\"https:\/\/gnistan.fi\/en\/2015\/07\/pelit-jatkuvat-keravalla\/\">Ennakko<\/a><\/td><td><a href=\"https:\/\/gnistan.fi\/en\/2015\/07\/tappio-tuliaisina-keravalta\/\">Raportti<\/a><\/td><\/tr><tr><td>La 25.7. klo 16:00<\/td><td>FPA<\/td><td><strong>Gnistan<\/strong><\/td><td>Ilves-Kissat<\/td><td>2 &#8211; 1<\/td><td><a href=\"https:\/\/gnistan.fi\/en\/2015\/07\/gnistan-isannoi-ilves-kissoja-lauantaina\/\">Ennakko<\/a><\/td><td><a href=\"https:\/\/gnistan.fi\/en\/2015\/07\/vaikeuksien-kautta-voittoon\/\">Raportti<\/a><\/td><\/tr><tr><td>La 1.8. klo 16:00<\/td><td>Vaajakoski<\/td><td>FCV<\/td><td><strong>Gnistan<\/strong><\/td><td>0 &#8211; 2<\/td><td><a href=\"https:\/\/gnistan.fi\/en\/2015\/08\/vaajakoski-vastassa-vieraskentalla\/\">Ennakko<\/a><\/td><td><a href=\"https:\/\/gnistan.fi\/en\/2015\/08\/voittoisa-reissu-vaajakoskelle\/\">Raportti<\/a><\/td><\/tr><tr><td>Ke 5.8. klo 18:30<\/td><td>FPA<\/td><td><strong>Gnistan<\/strong><\/td><td>J\u00e4PS<\/td><td>2 &#8211; 0<\/td><td><a href=\"https:\/\/gnistan.fi\/en\/2015\/08\/japs-ensimmainen-vieras-kahden-kotiottelun-viikolla\/\">Ennakko<\/a><\/td><td><a href=\"https:\/\/gnistan.fi\/en\/2015\/08\/vakuuttava-voitto-japsista\/\">Raportti<\/a><\/td><\/tr><tr><td>La 8.8. klo 16:00<\/td><td>FPA<\/td><td><strong>Gnistan<\/strong><\/td><td>NJS<\/td><td>5 &#8211; 0<\/td><td><a href=\"https:\/\/gnistan.fi\/en\/2015\/08\/lauantaina-vieraana-njs\/\">Ennakko<\/a><\/td><td><a href=\"https:\/\/gnistan.fi\/en\/2015\/08\/gnistan-jatkoi-voitokkaasti-5-0-kotivoitolla-njssta\/\">Raportti<\/a><\/td><\/tr><tr><td>Pe 14.8. klo 18:30<\/td><td>Pallokentt\u00e4<\/td><td>Atlantis<\/td><td><strong>Gnistan<\/strong><\/td><td>2 &#8211; 1<\/td><td><a href=\"https:\/\/gnistan.fi\/en\/2015\/08\/perjantaina-vastassa-atlantis\/\">Ennakko<\/a><\/td><td><a href=\"https:\/\/gnistan.fi\/en\/2015\/08\/tappio-atlantiksen-vieraana\/\">Raportti<\/a><\/td><\/tr><tr><td>La 22.8. klo 16:00<\/td><td>FPA<\/td><td><strong>Gnistan<\/strong><\/td><td>TPV<\/td><td>0 &#8211; 0<\/td><td><a href=\"https:\/\/gnistan.fi\/en\/2015\/08\/gnistan-isannoi-lauantaina-tpvta\/\">Ennakko<\/a><\/td><td><a href=\"https:\/\/gnistan.fi\/en\/2015\/08\/maaliton-tasapeli-tpvta-vastaan\/\">Raportti<\/a><\/td><\/tr><tr><td>Su 30.8. klo 18:30<\/td><td>FPA<\/td><td>K\u00e4Pa<\/td><td><strong>Gnistan<\/strong><\/td><td>2 &#8211; 0<\/td><td><a href=\"https:\/\/gnistan.fi\/en\/2015\/08\/sunnuntaina-paikalliskamppailussa-vastassa-kapa\/\">Ennakko<\/a><\/td><td><a href=\"https:\/\/gnistan.fi\/en\/2015\/09\/tappio-tuliaisina-paikallispelista\/\">Raportti<\/a><\/td><\/tr><tr><td>La 5.9. klo 16:00<\/td><td>Tapiola<\/td><td>FC Honka<\/td><td><strong>Gnistan<\/strong><\/td><td>2 &#8211; 1<\/td><td><a href=\"https:\/\/gnistan.fi\/en\/2015\/09\/gnistan-haastaa-hongan-lauantaina-tapiolassa\/\">Ennakko<\/a><\/td><td><a href=\"https:\/\/gnistan.fi\/en\/2015\/09\/voitoton-putki-jatkui-honkaa-vastaan\/\">Raportti<\/a><\/td><\/tr><tr><td>Pe 11.9. klo 18:30<\/td><td>FPA<\/td><td><strong>Gnistan<\/strong><\/td><td>PKKU<\/td><td>3 &#8211; 1<\/td><td><a href=\"https:\/\/gnistan.fi\/en\/2015\/09\/pkku-perjantain-vieraana-oulunkylassa\/\">Ennakko<\/a><\/td><td><a href=\"https:\/\/gnistan.fi\/en\/2015\/09\/kolme-pistetta-pkkuta-vastaan\/\">Raportti<\/a><\/td><\/tr><tr><td>Ti 15.9. klo 18:30<\/td><td>FPA<\/td><td><strong>Gnistan<\/strong><\/td><td>FC Honka<\/td><td>1 &#8211; 1<\/td><td><a href=\"https:\/\/gnistan.fi\/en\/2015\/09\/gnistan-katkaisemaan-hongan-putkea-tiistaina\/\">Ennakko<\/a><\/td><td><a href=\"https:\/\/gnistan.fi\/en\/2015\/09\/gnistan-ja-honka-tasapeliin\/\">Raportti<\/a><\/td><\/tr><tr><td>La 19.9. klo 16:00<\/td><td>Tammela<\/td><td>Ilves-Kissat<\/td><td><strong>Gnistan<\/strong><\/td><td>2 &#8211; 1<\/td><td><a href=\"https:\/\/gnistan.fi\/en\/2015\/09\/tammelassa-vastassa-ilves-kissat\/\">Ennakko<\/a><\/td><td>Raportti<\/td><\/tr><tr><td>Pe 25.9. klo 18:30<\/td><td>FPA<\/td><td><strong>Gnistan<\/strong><\/td><td>FCV<\/td><td>1 &#8211; 3<\/td><td><a href=\"https:\/\/gnistan.fi\/en\/2015\/09\/perjantaina-kauden-viimeinen-kotiottelu\/\">Ennakko<\/a><\/td><td><a href=\"https:\/\/gnistan.fi\/en\/2015\/10\/kauden-viimeisesta-kotiottelusta-tappio\/\">Raportti<\/a><\/td><\/tr><tr><td>La 3.10. klo 14:00<\/td><td>J\u00e4rvenp\u00e4\u00e4<\/td><td>J\u00e4PS<\/td><td><strong>Gnistan<\/strong><\/td><td>0 &#8211; 0<\/td><td>Ennakko<\/td><td><a href=\"https:\/\/gnistan.fi\/en\/2015\/10\/maaliton-tasapeli-kauden-paatosottelussa\/\">Raportti<\/a><\/td><\/tr><\/tbody><\/table>","protected":false},"excerpt":{"rendered":"<p>Otteluohjelma &#8211; Kakkonen 2015, Suomen Cup &amp; harjoitusottelut Pvm Paikka Koti Vieras Tulos Ennakko Raportti La 3.1. klo 21:00 Tali Gnistan PK-35 Vantaa Akt.harj 5 &#8211; 0 Ennakko Raportti La 10.1. klo 12:30 Legirus HIFK Gnistanharj 1 &#8211; 0 Ennakko Raportti La 17.1. klo 19:30 Tali Gnistanharj BK-46 6 &#8211; 1 Ennakko Raportti La 24.1. [&hellip;]<\/p>\n","protected":false},"author":1,"featured_media":36703,"parent":0,"menu_order":0,"comment_status":"closed","ping_status":"closed","template":"","meta":{"_acf_changed":false,"footnotes":""},"class_list":["post-14076","page","type-page","status-publish","has-post-thumbnail","hentry"],"acf":[],"yoast_head":"<!-- This site is optimized with the Yoast SEO plugin v27.5 - https:\/\/yoast.com\/product\/yoast-seo-wordpress\/ -->\n<title>Ottelut 2015 - IF Gnistan<\/title>\n<meta name=\"robots\" content=\"index, follow, max-snippet:-1, max-image-preview:large, max-video-preview:-1\" \/>\n<link rel=\"canonical\" href=\"https:\/\/gnistan.fi\/en\/ottelut-2015\/\" \/>\n<meta property=\"og:locale\" content=\"en_US\" \/>\n<meta property=\"og:type\" content=\"article\" \/>\n<meta property=\"og:title\" content=\"Ottelut 2015 - IF Gnistan\" \/>\n<meta property=\"og:description\" content=\"Otteluohjelma &#8211; Kakkonen 2015, Suomen Cup &amp; harjoitusottelut Pvm Paikka Koti Vieras Tulos Ennakko Raportti La 3.1. klo 21:00 Tali Gnistan PK-35 Vantaa Akt.harj 5 &#8211; 0 Ennakko Raportti La 10.1. klo 12:30 Legirus HIFK Gnistanharj 1 &#8211; 0 Ennakko Raportti La 17.1. klo 19:30 Tali Gnistanharj BK-46 6 &#8211; 1 Ennakko Raportti La 24.1. [&hellip;]\" \/>\n<meta property=\"og:url\" content=\"https:\/\/gnistan.fi\/en\/ottelut-2015\/\" \/>\n<meta property=\"og:site_name\" content=\"IF Gnistan\" \/>\n<meta property=\"article:publisher\" content=\"https:\/\/facebook.com\/ifgnistan\" \/>\n<meta property=\"og:image\" content=\"https:\/\/gnistan.fi\/wp-content\/uploads\/2024\/11\/gnistan-default-featured-2024-c.webp\" \/>\n\t<meta property=\"og:image:width\" content=\"1920\" \/>\n\t<meta property=\"og:image:height\" content=\"1080\" \/>\n\t<meta property=\"og:image:type\" content=\"image\/webp\" \/>\n<meta name=\"twitter:card\" content=\"summary_large_image\" \/>\n<meta name=\"twitter:site\" content=\"@ifgnistan1924\" \/>\n<meta name=\"twitter:label1\" content=\"Est. reading time\" \/>\n\t<meta name=\"twitter:data1\" content=\"1 minute\" \/>\n<script type=\"application\/ld+json\" class=\"yoast-schema-graph\">{\"@context\":\"https:\\\/\\\/schema.org\",\"@graph\":[{\"@type\":\"WebPage\",\"@id\":\"https:\\\/\\\/gnistan.fi\\\/ottelut-2015\\\/\",\"url\":\"https:\\\/\\\/gnistan.fi\\\/ottelut-2015\\\/\",\"name\":\"Ottelut 2015 - IF Gnistan\",\"isPartOf\":{\"@id\":\"https:\\\/\\\/gnistan.fi\\\/#website\"},\"primaryImageOfPage\":{\"@id\":\"https:\\\/\\\/gnistan.fi\\\/ottelut-2015\\\/#primaryimage\"},\"image\":{\"@id\":\"https:\\\/\\\/gnistan.fi\\\/ottelut-2015\\\/#primaryimage\"},\"thumbnailUrl\":\"https:\\\/\\\/gnistan.fi\\\/wp-content\\\/uploads\\\/2024\\\/11\\\/gnistan-default-featured-2024-c.webp\",\"datePublished\":\"2019-10-21T09:44:45+00:00\",\"breadcrumb\":{\"@id\":\"https:\\\/\\\/gnistan.fi\\\/ottelut-2015\\\/#breadcrumb\"},\"inLanguage\":\"en-US\",\"potentialAction\":[{\"@type\":\"ReadAction\",\"target\":[\"https:\\\/\\\/gnistan.fi\\\/ottelut-2015\\\/\"]}]},{\"@type\":\"ImageObject\",\"inLanguage\":\"en-US\",\"@id\":\"https:\\\/\\\/gnistan.fi\\\/ottelut-2015\\\/#primaryimage\",\"url\":\"https:\\\/\\\/gnistan.fi\\\/wp-content\\\/uploads\\\/2024\\\/11\\\/gnistan-default-featured-2024-c.webp\",\"contentUrl\":\"https:\\\/\\\/gnistan.fi\\\/wp-content\\\/uploads\\\/2024\\\/11\\\/gnistan-default-featured-2024-c.webp\",\"width\":1920,\"height\":1080},{\"@type\":\"BreadcrumbList\",\"@id\":\"https:\\\/\\\/gnistan.fi\\\/ottelut-2015\\\/#breadcrumb\",\"itemListElement\":[{\"@type\":\"ListItem\",\"position\":1,\"name\":\"Etusivu\",\"item\":\"https:\\\/\\\/gnistan.fi\\\/\"},{\"@type\":\"ListItem\",\"position\":2,\"name\":\"Ottelut 2015\"}]},{\"@type\":\"WebSite\",\"@id\":\"https:\\\/\\\/gnistan.fi\\\/#website\",\"url\":\"https:\\\/\\\/gnistan.fi\\\/\",\"name\":\"IF Gnistan\",\"description\":\"Viralliset sivut\",\"publisher\":{\"@id\":\"https:\\\/\\\/gnistan.fi\\\/#organization\"},\"potentialAction\":[{\"@type\":\"SearchAction\",\"target\":{\"@type\":\"EntryPoint\",\"urlTemplate\":\"https:\\\/\\\/gnistan.fi\\\/?s={search_term_string}\"},\"query-input\":{\"@type\":\"PropertyValueSpecification\",\"valueRequired\":true,\"valueName\":\"search_term_string\"}}],\"inLanguage\":\"en-US\"},{\"@type\":\"Organization\",\"@id\":\"https:\\\/\\\/gnistan.fi\\\/#organization\",\"name\":\"IF Gnistan\",\"url\":\"https:\\\/\\\/gnistan.fi\\\/\",\"logo\":{\"@type\":\"ImageObject\",\"inLanguage\":\"en-US\",\"@id\":\"https:\\\/\\\/gnistan.fi\\\/#\\\/schema\\\/logo\\\/image\\\/\",\"url\":\"https:\\\/\\\/gnistan.fi\\\/wp-content\\\/uploads\\\/2019\\\/10\\\/if-gnistan-vector-logo.svg\",\"contentUrl\":\"https:\\\/\\\/gnistan.fi\\\/wp-content\\\/uploads\\\/2019\\\/10\\\/if-gnistan-vector-logo.svg\",\"width\":269,\"height\":314,\"caption\":\"IF Gnistan\"},\"image\":{\"@id\":\"https:\\\/\\\/gnistan.fi\\\/#\\\/schema\\\/logo\\\/image\\\/\"},\"sameAs\":[\"https:\\\/\\\/facebook.com\\\/ifgnistan\",\"https:\\\/\\\/x.com\\\/ifgnistan1924\",\"https:\\\/\\\/instagram.com\\\/ifgnistan1924\",\"https:\\\/\\\/www.linkedin.com\\\/company\\\/ifgnistan\\\/\"]}]}<\/script>\n<!-- \/ Yoast SEO plugin. -->","yoast_head_json":{"title":"Ottelut 2015 - IF Gnistan","robots":{"index":"index","follow":"follow","max-snippet":"max-snippet:-1","max-image-preview":"max-image-preview:large","max-video-preview":"max-video-preview:-1"},"canonical":"https:\/\/gnistan.fi\/en\/ottelut-2015\/","og_locale":"en_US","og_type":"article","og_title":"Ottelut 2015 - IF Gnistan","og_description":"Otteluohjelma &#8211; Kakkonen 2015, Suomen Cup &amp; harjoitusottelut Pvm Paikka Koti Vieras Tulos Ennakko Raportti La 3.1. klo 21:00 Tali Gnistan PK-35 Vantaa Akt.harj 5 &#8211; 0 Ennakko Raportti La 10.1. klo 12:30 Legirus HIFK Gnistanharj 1 &#8211; 0 Ennakko Raportti La 17.1. klo 19:30 Tali Gnistanharj BK-46 6 &#8211; 1 Ennakko Raportti La 24.1. [&hellip;]","og_url":"https:\/\/gnistan.fi\/en\/ottelut-2015\/","og_site_name":"IF Gnistan","article_publisher":"https:\/\/facebook.com\/ifgnistan","og_image":[{"width":1920,"height":1080,"url":"https:\/\/gnistan.fi\/wp-content\/uploads\/2024\/11\/gnistan-default-featured-2024-c.webp","type":"image\/webp"}],"twitter_card":"summary_large_image","twitter_site":"@ifgnistan1924","twitter_misc":{"Est. reading time":"1 minute"},"schema":{"@context":"https:\/\/schema.org","@graph":[{"@type":"WebPage","@id":"https:\/\/gnistan.fi\/ottelut-2015\/","url":"https:\/\/gnistan.fi\/ottelut-2015\/","name":"Ottelut 2015 - IF Gnistan","isPartOf":{"@id":"https:\/\/gnistan.fi\/#website"},"primaryImageOfPage":{"@id":"https:\/\/gnistan.fi\/ottelut-2015\/#primaryimage"},"image":{"@id":"https:\/\/gnistan.fi\/ottelut-2015\/#primaryimage"},"thumbnailUrl":"https:\/\/gnistan.fi\/wp-content\/uploads\/2024\/11\/gnistan-default-featured-2024-c.webp","datePublished":"2019-10-21T09:44:45+00:00","breadcrumb":{"@id":"https:\/\/gnistan.fi\/ottelut-2015\/#breadcrumb"},"inLanguage":"en-US","potentialAction":[{"@type":"ReadAction","target":["https:\/\/gnistan.fi\/ottelut-2015\/"]}]},{"@type":"ImageObject","inLanguage":"en-US","@id":"https:\/\/gnistan.fi\/ottelut-2015\/#primaryimage","url":"https:\/\/gnistan.fi\/wp-content\/uploads\/2024\/11\/gnistan-default-featured-2024-c.webp","contentUrl":"https:\/\/gnistan.fi\/wp-content\/uploads\/2024\/11\/gnistan-default-featured-2024-c.webp","width":1920,"height":1080},{"@type":"BreadcrumbList","@id":"https:\/\/gnistan.fi\/ottelut-2015\/#breadcrumb","itemListElement":[{"@type":"ListItem","position":1,"name":"Etusivu","item":"https:\/\/gnistan.fi\/"},{"@type":"ListItem","position":2,"name":"Ottelut 2015"}]},{"@type":"WebSite","@id":"https:\/\/gnistan.fi\/#website","url":"https:\/\/gnistan.fi\/","name":"IF Gnistan","description":"Viralliset sivut","publisher":{"@id":"https:\/\/gnistan.fi\/#organization"},"potentialAction":[{"@type":"SearchAction","target":{"@type":"EntryPoint","urlTemplate":"https:\/\/gnistan.fi\/?s={search_term_string}"},"query-input":{"@type":"PropertyValueSpecification","valueRequired":true,"valueName":"search_term_string"}}],"inLanguage":"en-US"},{"@type":"Organization","@id":"https:\/\/gnistan.fi\/#organization","name":"IF Gnistan","url":"https:\/\/gnistan.fi\/","logo":{"@type":"ImageObject","inLanguage":"en-US","@id":"https:\/\/gnistan.fi\/#\/schema\/logo\/image\/","url":"https:\/\/gnistan.fi\/wp-content\/uploads\/2019\/10\/if-gnistan-vector-logo.svg","contentUrl":"https:\/\/gnistan.fi\/wp-content\/uploads\/2019\/10\/if-gnistan-vector-logo.svg","width":269,"height":314,"caption":"IF Gnistan"},"image":{"@id":"https:\/\/gnistan.fi\/#\/schema\/logo\/image\/"},"sameAs":["https:\/\/facebook.com\/ifgnistan","https:\/\/x.com\/ifgnistan1924","https:\/\/instagram.com\/ifgnistan1924","https:\/\/www.linkedin.com\/company\/ifgnistan\/"]}]}},"jetpack_sharing_enabled":true,"_links":{"self":[{"href":"https:\/\/gnistan.fi\/en\/wp-json\/wp\/v2\/pages\/14076","targetHints":{"allow":["GET"]}}],"collection":[{"href":"https:\/\/gnistan.fi\/en\/wp-json\/wp\/v2\/pages"}],"about":[{"href":"https:\/\/gnistan.fi\/en\/wp-json\/wp\/v2\/types\/page"}],"author":[{"embeddable":true,"href":"https:\/\/gnistan.fi\/en\/wp-json\/wp\/v2\/users\/1"}],"replies":[{"embeddable":true,"href":"https:\/\/gnistan.fi\/en\/wp-json\/wp\/v2\/comments?post=14076"}],"version-history":[{"count":0,"href":"https:\/\/gnistan.fi\/en\/wp-json\/wp\/v2\/pages\/14076\/revisions"}],"wp:featuredmedia":[{"embeddable":true,"href":"https:\/\/gnistan.fi\/en\/wp-json\/wp\/v2\/media\/36703"}],"wp:attachment":[{"href":"https:\/\/gnistan.fi\/en\/wp-json\/wp\/v2\/media?parent=14076"}],"curies":[{"name":"wp","href":"https:\/\/api.w.org\/{rel}","templated":true}]}}