{"id":14074,"date":"2019-10-21T12:43:42","date_gmt":"2019-10-21T09:43:42","guid":{"rendered":"https:\/\/gnistan.fi\/?page_id=14074"},"modified":"2019-10-21T12:43:42","modified_gmt":"2019-10-21T09:43:42","slug":"ottelut-2014","status":"publish","type":"page","link":"https:\/\/gnistan.fi\/en\/ottelut-2014\/","title":{"rendered":"Ottelut 2014"},"content":{"rendered":"<h2 class=\"wp-block-heading\">Otteluohjelma &#8211; Kakkonen 2014, Suomen Cup &amp; harjoitusottelut<\/h2>\n\n\n\n<table class=\"wp-block-table\"><tbody><tr><th>Pvm<\/th><th>Paikka<\/th><th>Koti<\/th><th>Vieras<\/th><th>Tulos<\/th><th>Ennakko<\/th><th>Raportti<\/th><\/tr><tr><td>La 25.1. klo 18:00<\/td><td>Talin halli<\/td><td><strong>Gnistan<\/strong><\/td><td>Atlantisharj<\/td><td>0 &#8211; 1<\/td><td>Ennakko<\/td><td>Raportti<\/td><\/tr><tr><td>Ma 3.2. klo 17:15<\/td><td>Pallomylly<\/td><td>Viikingit<\/td><td><strong>Gnistan<\/strong>harj<\/td><td>5 &#8211; 1<\/td><td>Ennakko<\/td><td>Raportti<\/td><\/tr><tr><td>La 8.2. klo 19:30<\/td><td>Talin halli<\/td><td>K\u00e4Pa<\/td><td><strong>Gnistan<\/strong>harj<\/td><td>3 &#8211; 0<\/td><td>Ennakko<\/td><td>Raportti<\/td><\/tr><tr><td>La 1.3. klo 13:15<\/td><td>Sahara<\/td><td>HJK T\u00f6\u00f6l\u00f6<\/td><td><strong>Gnistan<\/strong>cup<\/td><td>2 &#8211; 1<\/td><td>Ennakko<\/td><td>Raportti<\/td><\/tr><tr><td>La 8.3. klo 12:15<\/td><td>FPA<\/td><td><strong>Gnistan<\/strong><\/td><td>K\u00e4Paharj<\/td><td>0 &#8211; 4<\/td><td>Ennakko<\/td><td>Raportti<\/td><\/tr><tr><td>La 15.3. klo 19:30<\/td><td>Talin halli<\/td><td>FC Myllypuro<\/td><td><strong>Gnistan<\/strong>harj<\/td><td>1 &#8211; 5<\/td><td>Ennakko<\/td><td><a href=\"https:\/\/gnistan.fi\/en\/2014\/03\/fc-myllypuro-kaatui-talissa\/\">Raportti<\/a><\/td><\/tr><tr><td>La 22.3. klo 18:00<\/td><td>Talin halli<\/td><td><strong>Gnistan<\/strong><\/td><td>J\u00e4PSharj<\/td><td>1 &#8211; 3<\/td><td><a href=\"https:\/\/gnistan.fi\/en\/2014\/03\/gnistan-kohtaa-japsin-lauantaina-talissa-klo-18\/\">Ennakko<\/a><\/td><td>Raportti<\/td><\/tr><tr><td>La 29.3. klo 18:00<\/td><td>Talin halli<\/td><td>Atlantis<\/td><td><strong>Gnistan<\/strong>harj<\/td><td>3 &#8211; 1<\/td><td>Ennakko<\/td><td>Raportti<\/td><\/tr><tr><td>Ma 31.3. klo 21:00<\/td><td>Pallomylly<\/td><td>HPS<\/td><td><strong>Gnistan<\/strong>harj<\/td><td>0 &#8211; 3<\/td><td>Ennakko<\/td><td>Raportti<\/td><\/tr><tr><td>La 5.4. klo 12:15<\/td><td>FPA<\/td><td><strong>Gnistan<\/strong><\/td><td>KOPSEharj<\/td><td>7 &#8211; 0<\/td><td>Ennakko<\/td><td>Raportti<\/td><\/tr><tr><td>La 12.4. klo 17:30<\/td><td>FPA<\/td><td><strong>Gnistan<\/strong><\/td><td>LPSharj<\/td><td>7 &#8211; 1<\/td><td>Ennakko<\/td><td>Raportti<\/td><\/tr><tr><td>Ma 28.4. klo 18:30<\/td><td>FPA<\/td><td><strong>Gnistan<\/strong><\/td><td>EIF<\/td><td>1 &#8211; 3<\/td><td><a href=\"https:\/\/gnistan.fi\/en\/2014\/04\/ennakko-gnistan-eif\/\">Ennakko<\/a><\/td><td><a href=\"https:\/\/gnistan.fi\/en\/2014\/04\/eif-nappasi-pisteet-kauden-avauksessa\/\">Raportti<\/a><\/td><\/tr><tr><td>Ma 5.5. klo 18:30<\/td><td>FPA<\/td><td><strong>Gnistan<\/strong><\/td><td>BK-46<\/td><td>2 &#8211; 2<\/td><td><a href=\"https:\/\/gnistan.fi\/en\/2014\/05\/ennakko-gnistan-bk-46\/\">Ennakko<\/a><\/td><td><a href=\"https:\/\/gnistan.fi\/en\/2014\/05\/gnistan-kiri-tasuriin\/\">Raportti<\/a><\/td><\/tr><tr><td>Su 11.5. klo 16:00<\/td><td>&nbsp;<\/td><td>Klubi 04<\/td><td><strong>Gnistan<\/strong><\/td><td>3 &#8211; 2<\/td><td><a href=\"https:\/\/gnistan.fi\/en\/2014\/05\/ennakko-klubi-04-gnistan\/\">Ennakko<\/a><\/td><td>Raportti<\/td><\/tr><tr><td>La 17.5. klo 14:00<\/td><td>&nbsp;<\/td><td>GrIFK<\/td><td><strong>Gnistan<\/strong><\/td><td>4 &#8211; 0<\/td><td>Ennakko<\/td><td>Raportti<\/td><\/tr><tr><td>Ke 21.5. klo 18:30<\/td><td>FPA<\/td><td><strong>Gnistan<\/strong><\/td><td>Pallohonka<\/td><td>2 &#8211; 1<\/td><td>Ennakko<\/td><td>Raportti<\/td><\/tr><tr><td>Ke 28.5. klo 18:30<\/td><td>&nbsp;<\/td><td>FC Espoo<\/td><td><strong>Gnistan<\/strong><\/td><td>4 &#8211; 2<\/td><td>Ennakko<\/td><td>Raportti<\/td><\/tr><tr><td>Su 1.6. klo 16:00<\/td><td>&nbsp;<\/td><td>SoVo<\/td><td><strong>Gnistan<\/strong><\/td><td>1 &#8211; 3<\/td><td>Ennakko<\/td><td>Raportti<\/td><\/tr><tr><td>Pe 13.6. klo 18:30<\/td><td>FPA<\/td><td><strong>Gnistan<\/strong><\/td><td>SalPa<\/td><td>2 &#8211; 0<\/td><td>Ennakko<\/td><td><a href=\"https:\/\/gnistan.fi\/en\/2014\/06\/gnistan-taisteli-salpan-nurin\/\">Raportti<\/a><\/td><\/tr><tr><td>Pe 13.6. klo 18:30<\/td><td>&nbsp;<\/td><td><strong>Gnistan<\/strong><\/td><td>K\u00e4Pa<\/td><td>0 &#8211; 0<\/td><td>Ennakko<\/td><td>Raportti<\/td><\/tr><tr><td>Ke 18.6. klo 17:00<\/td><td>FPA<\/td><td><strong>Gnistan<\/strong><\/td><td>EIF<\/td><td>2 &#8211; 0<\/td><td>Ennakko<\/td><td>Raportti<\/td><\/tr><tr><td>To 26.6. klo 18:30<\/td><td>&nbsp;<\/td><td>BK-46<\/td><td><strong>Gnistan<\/strong><\/td><td>1 &#8211; 1<\/td><td>Ennakko<\/td><td>Raportti<\/td><\/tr><tr><td>Ti 6.7. klo 18:30<\/td><td>FPA<\/td><td><strong>Gnistan<\/strong><\/td><td>Klubi 04<\/td><td>1 &#8211; 3<\/td><td>Ennakko<\/td><td>Raportti<\/td><\/tr><tr><td>Su 6.7. klo 18:30<\/td><td>FPA<\/td><td><strong>Gnistan<\/strong><\/td><td>GrIFK<\/td><td>0 &#8211; 3<\/td><td>Ennakko<\/td><td>Raportti<\/td><\/tr><tr><td>La 19.7. klo 16:00<\/td><td>&nbsp;<\/td><td>FC Espoo<\/td><td><strong>Gnistan<\/strong><\/td><td>3 &#8211; 3<\/td><td>Ennakko<\/td><td>Raportti<\/td><\/tr><tr><td>Ma 28.7. klo 18:30<\/td><td>FPA<\/td><td><strong>Gnistan<\/strong><\/td><td>SoVo<\/td><td>0 &#8211; 0<\/td><td>Ennakko<\/td><td><a href=\"https:\/\/gnistan.fi\/en\/2014\/07\/gnistan-ja-sovo-jaivat-maaleitta-oulunkylassa\/\">Raportti<\/a><\/td><\/tr><tr><td>La 2.8. klo 16:00<\/td><td>&nbsp;<\/td><td>SalPa<\/td><td><strong>Gnistan<\/strong><\/td><td>2 &#8211; 1<\/td><td>Ennakko<\/td><td>Raportti<\/td><\/tr><tr><td>Ke 6.8. klo 18:30<\/td><td>FPA<\/td><td><strong>Gnistan<\/strong><\/td><td>K\u00e4Pa<\/td><td>2 &#8211; 3<\/td><td>Ennakko<\/td><td>Raportti<\/td><\/tr><tr><td>La 9.8. klo 16:00<\/td><td>&nbsp;<\/td><td>EIF<\/td><td><strong>Gnistan<\/strong><\/td><td>6 &#8211; 2<\/td><td>Ennakko<\/td><td>Raportti<\/td><\/tr><tr><td>Ma 18.8. klo 18:30<\/td><td>FPA<\/td><td><strong>Gnistan<\/strong><\/td><td>BK-46<\/td><td>0 &#8211; 0<\/td><td>Ennakko<\/td><td>Raportti<\/td><\/tr><tr><td>Su 24.8. klo 18:30<\/td><td>&nbsp;<\/td><td>Klubi 04<\/td><td><strong>Gnistan<\/strong><\/td><td>4 &#8211; 1<\/td><td>Ennakko<\/td><td>Raportti<\/td><\/tr><tr><td>La 30.8. klo 16:00<\/td><td>&nbsp;<\/td><td>GrIFK<\/td><td><strong>Gnistan<\/strong><\/td><td>1 &#8211; 0<\/td><td>Ennakko<\/td><td>Raportti<\/td><\/tr><tr><td>La 6.9. klo 16:00<\/td><td>&nbsp;<\/td><td><strong>Gnistan<\/strong><\/td><td>Pallohonka<\/td><td>1 &#8211; 0<\/td><td>Ennakko<\/td><td>Raportti<\/td><\/tr><tr><td>La 13.9. klo 16:00<\/td><td>FPA<\/td><td><strong>Gnistan<\/strong><\/td><td>FC Espoo<\/td><td>0 &#8211; 0<\/td><td>Ennakko<\/td><td>Raportti<\/td><\/tr><tr><td>La 20.9. klo 16:00<\/td><td>&nbsp;<\/td><td>SoVo<\/td><td><strong>Gnistan<\/strong><\/td><td>0 &#8211; 0<\/td><td>Ennakko<\/td><td>Raportti<\/td><\/tr><tr><td>Ke 24.9. klo 18:30<\/td><td>&nbsp;<\/td><td>Pallohonka<\/td><td><strong>Gnistan<\/strong><\/td><td>0 &#8211; 3<\/td><td>Ennakko<\/td><td>Raportti<\/td><\/tr><tr><td>Su 28.9. klo 14:00<\/td><td>FPA<\/td><td><strong>Gnistan<\/strong><\/td><td>SalPa<\/td><td>1 &#8211; 0<\/td><td>Ennakko<\/td><td>Raportti<\/td><\/tr><tr><td>La 4.10. klo 14:00<\/td><td>&nbsp;<\/td><td>K\u00e4Pa<\/td><td><strong>Gnistan<\/strong><\/td><td>2 &#8211; 0<\/td><td>Ennakko<\/td><td>Raportti<\/td><\/tr><\/tbody><\/table>","protected":false},"excerpt":{"rendered":"<p>Otteluohjelma &#8211; Kakkonen 2014, Suomen Cup &amp; harjoitusottelut Pvm Paikka Koti Vieras Tulos Ennakko Raportti La 25.1. klo 18:00 Talin halli Gnistan Atlantisharj 0 &#8211; 1 Ennakko Raportti Ma 3.2. klo 17:15 Pallomylly Viikingit Gnistanharj 5 &#8211; 1 Ennakko Raportti La 8.2. klo 19:30 Talin halli K\u00e4Pa Gnistanharj 3 &#8211; 0 Ennakko Raportti La 1.3. [&hellip;]<\/p>\n","protected":false},"author":1,"featured_media":36703,"parent":0,"menu_order":0,"comment_status":"closed","ping_status":"closed","template":"","meta":{"_acf_changed":false,"footnotes":""},"class_list":["post-14074","page","type-page","status-publish","has-post-thumbnail","hentry"],"acf":[],"yoast_head":"<!-- This site is optimized with the Yoast SEO plugin v27.5 - https:\/\/yoast.com\/product\/yoast-seo-wordpress\/ -->\n<title>Ottelut 2014 - IF Gnistan<\/title>\n<meta name=\"robots\" content=\"index, follow, max-snippet:-1, max-image-preview:large, max-video-preview:-1\" \/>\n<link rel=\"canonical\" href=\"https:\/\/gnistan.fi\/en\/ottelut-2014\/\" \/>\n<meta property=\"og:locale\" content=\"en_US\" \/>\n<meta property=\"og:type\" content=\"article\" \/>\n<meta property=\"og:title\" content=\"Ottelut 2014 - IF Gnistan\" \/>\n<meta property=\"og:description\" content=\"Otteluohjelma &#8211; Kakkonen 2014, Suomen Cup &amp; harjoitusottelut Pvm Paikka Koti Vieras Tulos Ennakko Raportti La 25.1. klo 18:00 Talin halli Gnistan Atlantisharj 0 &#8211; 1 Ennakko Raportti Ma 3.2. klo 17:15 Pallomylly Viikingit Gnistanharj 5 &#8211; 1 Ennakko Raportti La 8.2. klo 19:30 Talin halli K\u00e4Pa Gnistanharj 3 &#8211; 0 Ennakko Raportti La 1.3. [&hellip;]\" \/>\n<meta property=\"og:url\" content=\"https:\/\/gnistan.fi\/en\/ottelut-2014\/\" \/>\n<meta property=\"og:site_name\" content=\"IF Gnistan\" \/>\n<meta property=\"article:publisher\" content=\"https:\/\/facebook.com\/ifgnistan\" \/>\n<meta property=\"og:image\" content=\"https:\/\/gnistan.fi\/wp-content\/uploads\/2024\/11\/gnistan-default-featured-2024-c.webp\" \/>\n\t<meta property=\"og:image:width\" content=\"1920\" \/>\n\t<meta property=\"og:image:height\" content=\"1080\" \/>\n\t<meta property=\"og:image:type\" content=\"image\/webp\" \/>\n<meta name=\"twitter:card\" content=\"summary_large_image\" \/>\n<meta name=\"twitter:site\" content=\"@ifgnistan1924\" \/>\n<meta name=\"twitter:label1\" content=\"Est. reading time\" \/>\n\t<meta name=\"twitter:data1\" content=\"1 minute\" \/>\n<script type=\"application\/ld+json\" class=\"yoast-schema-graph\">{\"@context\":\"https:\\\/\\\/schema.org\",\"@graph\":[{\"@type\":\"WebPage\",\"@id\":\"https:\\\/\\\/gnistan.fi\\\/ottelut-2014\\\/\",\"url\":\"https:\\\/\\\/gnistan.fi\\\/ottelut-2014\\\/\",\"name\":\"Ottelut 2014 - IF Gnistan\",\"isPartOf\":{\"@id\":\"https:\\\/\\\/gnistan.fi\\\/#website\"},\"primaryImageOfPage\":{\"@id\":\"https:\\\/\\\/gnistan.fi\\\/ottelut-2014\\\/#primaryimage\"},\"image\":{\"@id\":\"https:\\\/\\\/gnistan.fi\\\/ottelut-2014\\\/#primaryimage\"},\"thumbnailUrl\":\"https:\\\/\\\/gnistan.fi\\\/wp-content\\\/uploads\\\/2024\\\/11\\\/gnistan-default-featured-2024-c.webp\",\"datePublished\":\"2019-10-21T09:43:42+00:00\",\"breadcrumb\":{\"@id\":\"https:\\\/\\\/gnistan.fi\\\/ottelut-2014\\\/#breadcrumb\"},\"inLanguage\":\"en-US\",\"potentialAction\":[{\"@type\":\"ReadAction\",\"target\":[\"https:\\\/\\\/gnistan.fi\\\/ottelut-2014\\\/\"]}]},{\"@type\":\"ImageObject\",\"inLanguage\":\"en-US\",\"@id\":\"https:\\\/\\\/gnistan.fi\\\/ottelut-2014\\\/#primaryimage\",\"url\":\"https:\\\/\\\/gnistan.fi\\\/wp-content\\\/uploads\\\/2024\\\/11\\\/gnistan-default-featured-2024-c.webp\",\"contentUrl\":\"https:\\\/\\\/gnistan.fi\\\/wp-content\\\/uploads\\\/2024\\\/11\\\/gnistan-default-featured-2024-c.webp\",\"width\":1920,\"height\":1080},{\"@type\":\"BreadcrumbList\",\"@id\":\"https:\\\/\\\/gnistan.fi\\\/ottelut-2014\\\/#breadcrumb\",\"itemListElement\":[{\"@type\":\"ListItem\",\"position\":1,\"name\":\"Etusivu\",\"item\":\"https:\\\/\\\/gnistan.fi\\\/\"},{\"@type\":\"ListItem\",\"position\":2,\"name\":\"Ottelut 2014\"}]},{\"@type\":\"WebSite\",\"@id\":\"https:\\\/\\\/gnistan.fi\\\/#website\",\"url\":\"https:\\\/\\\/gnistan.fi\\\/\",\"name\":\"IF Gnistan\",\"description\":\"Viralliset sivut\",\"publisher\":{\"@id\":\"https:\\\/\\\/gnistan.fi\\\/#organization\"},\"potentialAction\":[{\"@type\":\"SearchAction\",\"target\":{\"@type\":\"EntryPoint\",\"urlTemplate\":\"https:\\\/\\\/gnistan.fi\\\/?s={search_term_string}\"},\"query-input\":{\"@type\":\"PropertyValueSpecification\",\"valueRequired\":true,\"valueName\":\"search_term_string\"}}],\"inLanguage\":\"en-US\"},{\"@type\":\"Organization\",\"@id\":\"https:\\\/\\\/gnistan.fi\\\/#organization\",\"name\":\"IF Gnistan\",\"url\":\"https:\\\/\\\/gnistan.fi\\\/\",\"logo\":{\"@type\":\"ImageObject\",\"inLanguage\":\"en-US\",\"@id\":\"https:\\\/\\\/gnistan.fi\\\/#\\\/schema\\\/logo\\\/image\\\/\",\"url\":\"https:\\\/\\\/gnistan.fi\\\/wp-content\\\/uploads\\\/2019\\\/10\\\/if-gnistan-vector-logo.svg\",\"contentUrl\":\"https:\\\/\\\/gnistan.fi\\\/wp-content\\\/uploads\\\/2019\\\/10\\\/if-gnistan-vector-logo.svg\",\"width\":269,\"height\":314,\"caption\":\"IF Gnistan\"},\"image\":{\"@id\":\"https:\\\/\\\/gnistan.fi\\\/#\\\/schema\\\/logo\\\/image\\\/\"},\"sameAs\":[\"https:\\\/\\\/facebook.com\\\/ifgnistan\",\"https:\\\/\\\/x.com\\\/ifgnistan1924\",\"https:\\\/\\\/instagram.com\\\/ifgnistan1924\",\"https:\\\/\\\/www.linkedin.com\\\/company\\\/ifgnistan\\\/\"]}]}<\/script>\n<!-- \/ Yoast SEO plugin. -->","yoast_head_json":{"title":"Ottelut 2014 - IF Gnistan","robots":{"index":"index","follow":"follow","max-snippet":"max-snippet:-1","max-image-preview":"max-image-preview:large","max-video-preview":"max-video-preview:-1"},"canonical":"https:\/\/gnistan.fi\/en\/ottelut-2014\/","og_locale":"en_US","og_type":"article","og_title":"Ottelut 2014 - IF Gnistan","og_description":"Otteluohjelma &#8211; Kakkonen 2014, Suomen Cup &amp; harjoitusottelut Pvm Paikka Koti Vieras Tulos Ennakko Raportti La 25.1. klo 18:00 Talin halli Gnistan Atlantisharj 0 &#8211; 1 Ennakko Raportti Ma 3.2. klo 17:15 Pallomylly Viikingit Gnistanharj 5 &#8211; 1 Ennakko Raportti La 8.2. klo 19:30 Talin halli K\u00e4Pa Gnistanharj 3 &#8211; 0 Ennakko Raportti La 1.3. [&hellip;]","og_url":"https:\/\/gnistan.fi\/en\/ottelut-2014\/","og_site_name":"IF Gnistan","article_publisher":"https:\/\/facebook.com\/ifgnistan","og_image":[{"width":1920,"height":1080,"url":"https:\/\/gnistan.fi\/wp-content\/uploads\/2024\/11\/gnistan-default-featured-2024-c.webp","type":"image\/webp"}],"twitter_card":"summary_large_image","twitter_site":"@ifgnistan1924","twitter_misc":{"Est. reading time":"1 minute"},"schema":{"@context":"https:\/\/schema.org","@graph":[{"@type":"WebPage","@id":"https:\/\/gnistan.fi\/ottelut-2014\/","url":"https:\/\/gnistan.fi\/ottelut-2014\/","name":"Ottelut 2014 - IF Gnistan","isPartOf":{"@id":"https:\/\/gnistan.fi\/#website"},"primaryImageOfPage":{"@id":"https:\/\/gnistan.fi\/ottelut-2014\/#primaryimage"},"image":{"@id":"https:\/\/gnistan.fi\/ottelut-2014\/#primaryimage"},"thumbnailUrl":"https:\/\/gnistan.fi\/wp-content\/uploads\/2024\/11\/gnistan-default-featured-2024-c.webp","datePublished":"2019-10-21T09:43:42+00:00","breadcrumb":{"@id":"https:\/\/gnistan.fi\/ottelut-2014\/#breadcrumb"},"inLanguage":"en-US","potentialAction":[{"@type":"ReadAction","target":["https:\/\/gnistan.fi\/ottelut-2014\/"]}]},{"@type":"ImageObject","inLanguage":"en-US","@id":"https:\/\/gnistan.fi\/ottelut-2014\/#primaryimage","url":"https:\/\/gnistan.fi\/wp-content\/uploads\/2024\/11\/gnistan-default-featured-2024-c.webp","contentUrl":"https:\/\/gnistan.fi\/wp-content\/uploads\/2024\/11\/gnistan-default-featured-2024-c.webp","width":1920,"height":1080},{"@type":"BreadcrumbList","@id":"https:\/\/gnistan.fi\/ottelut-2014\/#breadcrumb","itemListElement":[{"@type":"ListItem","position":1,"name":"Etusivu","item":"https:\/\/gnistan.fi\/"},{"@type":"ListItem","position":2,"name":"Ottelut 2014"}]},{"@type":"WebSite","@id":"https:\/\/gnistan.fi\/#website","url":"https:\/\/gnistan.fi\/","name":"IF Gnistan","description":"Viralliset sivut","publisher":{"@id":"https:\/\/gnistan.fi\/#organization"},"potentialAction":[{"@type":"SearchAction","target":{"@type":"EntryPoint","urlTemplate":"https:\/\/gnistan.fi\/?s={search_term_string}"},"query-input":{"@type":"PropertyValueSpecification","valueRequired":true,"valueName":"search_term_string"}}],"inLanguage":"en-US"},{"@type":"Organization","@id":"https:\/\/gnistan.fi\/#organization","name":"IF Gnistan","url":"https:\/\/gnistan.fi\/","logo":{"@type":"ImageObject","inLanguage":"en-US","@id":"https:\/\/gnistan.fi\/#\/schema\/logo\/image\/","url":"https:\/\/gnistan.fi\/wp-content\/uploads\/2019\/10\/if-gnistan-vector-logo.svg","contentUrl":"https:\/\/gnistan.fi\/wp-content\/uploads\/2019\/10\/if-gnistan-vector-logo.svg","width":269,"height":314,"caption":"IF Gnistan"},"image":{"@id":"https:\/\/gnistan.fi\/#\/schema\/logo\/image\/"},"sameAs":["https:\/\/facebook.com\/ifgnistan","https:\/\/x.com\/ifgnistan1924","https:\/\/instagram.com\/ifgnistan1924","https:\/\/www.linkedin.com\/company\/ifgnistan\/"]}]}},"jetpack_sharing_enabled":true,"_links":{"self":[{"href":"https:\/\/gnistan.fi\/en\/wp-json\/wp\/v2\/pages\/14074","targetHints":{"allow":["GET"]}}],"collection":[{"href":"https:\/\/gnistan.fi\/en\/wp-json\/wp\/v2\/pages"}],"about":[{"href":"https:\/\/gnistan.fi\/en\/wp-json\/wp\/v2\/types\/page"}],"author":[{"embeddable":true,"href":"https:\/\/gnistan.fi\/en\/wp-json\/wp\/v2\/users\/1"}],"replies":[{"embeddable":true,"href":"https:\/\/gnistan.fi\/en\/wp-json\/wp\/v2\/comments?post=14074"}],"version-history":[{"count":0,"href":"https:\/\/gnistan.fi\/en\/wp-json\/wp\/v2\/pages\/14074\/revisions"}],"wp:featuredmedia":[{"embeddable":true,"href":"https:\/\/gnistan.fi\/en\/wp-json\/wp\/v2\/media\/36703"}],"wp:attachment":[{"href":"https:\/\/gnistan.fi\/en\/wp-json\/wp\/v2\/media?parent=14074"}],"curies":[{"name":"wp","href":"https:\/\/api.w.org\/{rel}","templated":true}]}}