{"id":14072,"date":"2019-10-21T12:43:18","date_gmt":"2019-10-21T09:43:18","guid":{"rendered":"https:\/\/gnistan.fi\/?page_id=14072"},"modified":"2019-10-21T12:43:18","modified_gmt":"2019-10-21T09:43:18","slug":"ottelut-2013","status":"publish","type":"page","link":"https:\/\/gnistan.fi\/en\/ottelut-2013\/","title":{"rendered":"Ottelut 2013"},"content":{"rendered":"<h2 class=\"wp-block-heading\">Otteluohjelma &#8211; Kakkonen Etel\u00e4 2013, Suomen Cup &amp; harjoitusottelut<\/h2>\n\n\n\n<table class=\"wp-block-table\"><tbody><tr><th>Pvm<\/th><th>Paikka<\/th><th>Koti<\/th><th>Vieras<\/th><th>Tulos<\/th><th>Ennakko<\/th><th>Raportti<\/th><\/tr><tr><td>La 6.11. klo 12:15<\/td><td>FPA<\/td><td><strong>FC Gnistan<\/strong><\/td><td>Klubi 04harj<\/td><td>0 &#8211; 2<\/td><td><a href=\"http:\/\/www.fcgnistan.fi\/2012\/11\/fc-gnistan-kohtaa-hjk-talentit-lauantaina\/\">Ennakko<\/a><\/td><td><a href=\"http:\/\/www.fcgnistan.fi\/2012\/11\/tuplaottelun-saldona-tappio-ja-voitto\/\">Raportti<\/a><\/td><\/tr><tr><td>La 6.11. klo 15:15<\/td><td>FPA<\/td><td><strong>FC Gnistan<\/strong><\/td><td>HJK-Aharj<\/td><td>3 &#8211; 0<\/td><td><a href=\"http:\/\/www.fcgnistan.fi\/2012\/11\/fc-gnistan-kohtaa-hjk-talentit-lauantaina\/\">Ennakko<\/a><\/td><td><a href=\"http:\/\/www.fcgnistan.fi\/2012\/11\/tuplaottelun-saldona-tappio-ja-voitto\/\">Raportti<\/a><\/td><\/tr><tr><td>La 8.12. klo 12:15<\/td><td>FPA<\/td><td><strong>FC Gnistan<\/strong><\/td><td>GrIFKharj<\/td><td>1 &#8211; 1<\/td><td><a href=\"http:\/\/www.fcgnistan.fi\/2012\/12\/g-voimat-vastakkain-ogelissa\/a\">Ennakko<\/a><\/td><td><a href=\"http:\/\/www.fcgnistan.fi\/2012\/12\/vuoden-viimeisesta-ottelusta-tasapeli\/\">Raportti<\/a><\/td><\/tr><tr><td>Su 13.1. klo 14:00<\/td><td>Myyrm\u00e4ki<\/td><td>PK-35\/VJS<\/td><td><strong>FC Gnistan<\/strong>harj<\/td><td>2 &#8211; 3<\/td><td>Ennakko<\/td><td><a href=\"http:\/\/www.fcgnistan.fi\/2013\/01\/voittoisa-vuoden-avaus\/\">Raportti<\/a><\/td><\/tr><tr><td>La 19.1. klo 18:00<\/td><td>Tali<\/td><td><strong>FC Gnistan<\/strong><\/td><td>POHUharj<\/td><td>3 &#8211; 0<\/td><td>Ennakko<\/td><td><a href=\"http:\/\/www.fcgnistan.fi\/2013\/01\/pohu-nurin-3-0\/\">Raportti<\/a><\/td><\/tr><tr><td>La 2.2. klo 18:00<\/td><td>Tali<\/td><td>Atlantis<\/td><td><strong>FC Gnistan<\/strong>harj<\/td><td>2 &#8211; 3<\/td><td><a href=\"http:\/\/www.fcgnistan.fi\/2013\/02\/gnistan-kohtaa-lauantaina-atlantiksen\/\">Ennakko<\/a><\/td><td><a href=\"http:\/\/www.fcgnistan.fi\/2013\/02\/atlantis-kaatui-3-2\/\">Raportti<\/a><\/td><\/tr><tr><td>La 9.2. klo 18:00<\/td><td>Tali<\/td><td><strong>FC Gnistan<\/strong><\/td><td>Viikingitharj<\/td><td>0 &#8211; 1<\/td><td><a href=\"http:\/\/www.fcgnistan.fi\/2013\/02\/lauantaina-vastassa-ykkosen-viikingit\/\">Ennakko<\/a><\/td><td><a href=\"http:\/\/www.fcgnistan.fi\/2013\/02\/viikingit-niukasti-parempi-talissa\/\">Raportti<\/a><\/td><\/tr><tr><td>Pe 15.2. klo 16:30<\/td><td>Myyrm\u00e4ki<\/td><td><strong>FC Gnistan<\/strong><\/td><td>FC Hakaharj<\/td><td>1 &#8211; 1<\/td><td><a href=\"http:\/\/www.fcgnistan.fi\/2013\/02\/gnistan-mittaa-tasoaan-hakaa-vastaan\/\">Ennakko<\/a><\/td><td><a href=\"http:\/\/www.fcgnistan.fi\/2013\/02\/gnistan-ja-haka-tasapeliin\/\">Raportti<\/a><\/td><\/tr><tr><td>To 28.2. klo 20:00<\/td><td>FPA<\/td><td>JFC Helsinki<\/td><td><strong>FC Gnistan<\/strong>cup<\/td><td>0 &#8211; 6<\/td><td><a href=\"http:\/\/www.fcgnistan.fi\/2013\/02\/gnistanin-suomen-cup-kaynnistyy-torstaina-oulunkylassa\/\">Ennakko<\/a><\/td><td><a href=\"http:\/\/www.fcgnistan.fi\/2013\/03\/gnistan-varmasti-jatkoon-suomen-cupissa\/\">Raportti<\/a><\/td><\/tr><tr><td>La 2.3. klo 19:30<\/td><td>Tali<\/td><td>POHU<\/td><td><strong>FC Gnistan<\/strong>harj<\/td><td>0 &#8211; 2<\/td><td><a href=\"http:\/\/www.fcgnistan.fi\/2013\/03\/huomenna-talissa-vastassa-fc-pohu\/\">Ennakko<\/a><\/td><td><a href=\"http:\/\/www.fcgnistan.fi\/2013\/03\/gnistan-jalleen-pohua-vahvempi\/\">Raportti<\/a><\/td><\/tr><tr><td>Ti 5.3. klo 16:30<\/td><td>Myyrm\u00e4ki<\/td><td>PK-35<\/td><td><strong>FC Gnistan<\/strong>harj<\/td><td>5 &#8211; 1<\/td><td><a href=\"http:\/\/www.fcgnistan.fi\/2013\/03\/seuraavana-mittarina-ykkosen-pk-35\/\">Ennakko<\/a><\/td><td><a href=\"http:\/\/www.fcgnistan.fi\/2013\/03\/gnistan-jai-pk-35n-jalkoihin-myyrmaessa\/\">Raportti<\/a><\/td><\/tr><tr><td>La 9.3. klo 18:00<\/td><td>Tali<\/td><td><strong>FC Gnistan<\/strong><\/td><td>Atlantisharj<\/td><td>1 &#8211; 2<\/td><td><a href=\"http:\/\/www.fcgnistan.fi\/2013\/03\/lauantaina-vastassa-atlantis\/\">Ennakko<\/a><\/td><td><a href=\"http:\/\/www.fcgnistan.fi\/2013\/03\/atlantis-niskan-paalla-talissa\/\">Raportti<\/a><\/td><\/tr><tr><td>La 23.3. klo 18:00<\/td><td>Tali<\/td><td><strong>FC Gnistan<\/strong><\/td><td>Futuraharj<\/td><td>1 &#8211; 0<\/td><td>Ennakko<\/td><td><a href=\"http:\/\/www.fcgnistan.fi\/2013\/03\/futura-kaatui-1-0\/\">Raportti<\/a><\/td><\/tr><tr><td>Ke 27.3. klo 19:30<\/td><td>FPA<\/td><td><strong>FC Gnistan<\/strong><\/td><td>Pallohonkacup<\/td><td>1 &#8211; 1(2-3rp)<\/td><td><a href=\"http:\/\/www.fcgnistan.fi\/2013\/03\/gnistanin-suomen-cup-jatkuu-keskiviikkona\/\">Ennakko<\/a><\/td><td><a href=\"http:\/\/www.fcgnistan.fi\/2013\/03\/matka-katkesi-suomen-cupissa-pilkuilla\/\">Raportti<\/a><\/td><\/tr><tr><td>La 6.4. klo 12:15<\/td><td>FPA<\/td><td><strong>FC Gnistan<\/strong><\/td><td>PKKUharj<\/td><td>3 &#8211; 0<\/td><td><a href=\"http:\/\/www.fcgnistan.fi\/2013\/04\/lauantaina-oulunkylassa-vastassa-pkku\/\">Ennakko<\/a><\/td><td><a href=\"http:\/\/www.fcgnistan.fi\/2013\/04\/gnistan-3-0-pkku\/\">Raportti<\/a><\/td><\/tr><tr><td>La 13.4. klo 12:15<\/td><td>FPA<\/td><td><strong>FC Gnistan<\/strong><\/td><td>J\u00e4PSharj<\/td><td>1 &#8211; 0<\/td><td><a href=\"http:\/\/www.fcgnistan.fi\/2013\/04\/kevaan-viimeinen-treenipeli-lauantaina\/\">Ennakko<\/a><\/td><td><a href=\"http:\/\/www.fcgnistan.fi\/2013\/04\/kenraaliharjoituksesta-1-0-voitto\/\">Raportti<\/a><\/td><\/tr><tr><td>Su 21.4. klo 18:30<\/td><td>FPA<\/td><td><strong>FC Gnistan<\/strong><\/td><td>EsPa<\/td><td>1 &#8211; 1<\/td><td><a href=\"http:\/\/www.fcgnistan.fi\/2013\/04\/kakkosen-avausottelussa-vastassa-espa\/\">Ennakko<\/a><\/td><td><a href=\"http:\/\/www.fcgnistan.fi\/2013\/04\/kauden-avaus-paattyi-pistejakoon\/\">Raportti<\/a><\/td><\/tr><tr><td>Su 28.4. klo 18:30<\/td><td>Karjaa<\/td><td>EIF<\/td><td><strong>FC Gnistan<\/strong><\/td><td>1 &#8211; 4<\/td><td><a href=\"http:\/\/www.fcgnistan.fi\/2013\/04\/gnistanilla-vieraissa-vastassa-eif\/\">Ennakko<\/a><\/td><td><a href=\"http:\/\/www.fcgnistan.fi\/2013\/04\/eif-kaatui-karjaalla\/\">Raportti<\/a><\/td><\/tr><tr><td>Pe 3.5. klo 18:30<\/td><td>FPA<\/td><td><strong>FC Gnistan<\/strong><\/td><td>GrIFK<\/td><td>3 &#8211; 3<\/td><td><a href=\"http:\/\/www.fcgnistan.fi\/2013\/05\/grifk-vieraana-fair-pay-areenalla\/\">Ennakko<\/a><\/td><td><a href=\"http:\/\/www.fcgnistan.fi\/2013\/05\/gnistan-sahlasi-granille-vieraspisteen\/\">Raportti<\/a><\/td><\/tr><tr><td>Ke 8.5. klo 18:30<\/td><td>FPA<\/td><td><strong>FC Gnistan<\/strong><\/td><td>Pallohonka<\/td><td>2 &#8211; 0<\/td><td><a href=\"http:\/\/www.fcgnistan.fi\/2013\/05\/keskiviikkona-vieraita-espoosta\/\">Ennakko<\/a><\/td><td><a href=\"http:\/\/www.fcgnistan.fi\/2013\/05\/fc-gnistan-2-0-pallohonka\/\">Raportti<\/a><\/td><\/tr><tr><td>Su 12.5. klo 18:30<\/td><td>Tali<\/td><td>K\u00e4Pa<\/td><td><strong>FC Gnistan<\/strong><\/td><td>1 &#8211; 2<\/td><td><a href=\"http:\/\/www.fcgnistan.fi\/2013\/05\/kauden-ensimmainen-paikallisottelu-talissa\/\">Ennakko<\/a><\/td><td><a href=\"http:\/\/www.fcgnistan.fi\/2013\/05\/gnistan-nousi-loppuhetkilla-tappiolta-voittoon\/\">Raportti<\/a><\/td><\/tr><tr><td>Su 19.5. klo 16:00<\/td><td>Matinkyl\u00e4<\/td><td>EsPa<\/td><td><strong>FC Gnistan<\/strong><\/td><td>1 &#8211; 0<\/td><td><a href=\"http:\/\/www.fcgnistan.fi\/2013\/05\/sunnuntaina-vastassa-espa-matinkylassa\/\">Ennakko<\/a><\/td><td><a href=\"http:\/\/www.fcgnistan.fi\/2013\/05\/espa-niukasti-parempi-matinkylassa\/\">Raportti<\/a><\/td><\/tr><tr><td>La 25.5. klo 16:00<\/td><td>FPA<\/td><td><strong>FC Gnistan<\/strong><\/td><td>BK-46<\/td><td>2 &#8211; 4<\/td><td><a href=\"http:\/\/www.fcgnistan.fi\/2013\/05\/lauantaina-fair-pay-areenalla-vastassa-bk-46\/\">Ennakko<\/a><\/td><td><a href=\"http:\/\/www.fcgnistan.fi\/2013\/05\/bk-46-vahvempi-oulunkylassa\/\">Raportti<\/a><\/td><\/tr><tr><td>Su 2.6. klo 18:30<\/td><td>Laajasalo<\/td><td>LPS<\/td><td><strong>FC Gnistan<\/strong><\/td><td>0 &#8211; 0<\/td><td><a href=\"http:\/\/www.fcgnistan.fi\/2013\/06\/vieraissa-vastassa-lps\/\">Ennakko<\/a><\/td><td><a href=\"http:\/\/www.fcgnistan.fi\/2013\/06\/maaliton-tasuri-laajasalossa\/\">Raportti<\/a><\/td><\/tr><tr><td>Su 9.6. klo 18:30<\/td><td>FPA<\/td><td><strong>FC Gnistan<\/strong><\/td><td>Klubi 04<\/td><td>2 &#8211; 0<\/td><td><a href=\"http:\/\/www.fcgnistan.fi\/2013\/06\/sunnuntaina-fpalla-vastassa-klubi-04\/\">Ennakko<\/a><\/td><td><a href=\"http:\/\/www.fcgnistan.fi\/2013\/06\/klubi-04-taipui-oulunkylassa\/\">Raportti<\/a><\/td><\/tr><tr><td>Pe 14.6. klo 18:30<\/td><td>&nbsp;<\/td><td>SalPa<\/td><td><strong>FC Gnistan<\/strong><\/td><td>1 &#8211; 2<\/td><td><a href=\"http:\/\/www.fcgnistan.fi\/2013\/06\/perjantaina-salossa-karkitaisto\/\">Ennakko<\/a><\/td><td><a href=\"http:\/\/www.fcgnistan.fi\/2013\/06\/todelliset-taistelupisteet-salosta\/\">Raportti<\/a><\/td><\/tr><tr><td>Ke 19.6. klo 18:30<\/td><td>FPA<\/td><td><strong>FC Gnistan<\/strong><\/td><td>EIF<\/td><td>0 &#8211; 0<\/td><td><a href=\"http:\/\/www.fcgnistan.fi\/2013\/06\/keskiviikkona-karkikamppailu-oulunkylassa\/\">Ennakko<\/a><\/td><td><a href=\"http:\/\/www.fcgnistan.fi\/2013\/06\/karkikamppailu-jai-maalittomaksi\/\">Raportti<\/a><\/td><\/tr><tr><td>Ke 26.6. klo 18:30<\/td><td>&nbsp;<\/td><td>GrIFK<\/td><td><strong>FC Gnistan<\/strong><\/td><td>2 &#8211; 1<\/td><td><a href=\"http:\/\/www.fcgnistan.fi\/2013\/06\/keskiviikkona-suunta-kauniaisiin\/\">Ennakko<\/a><\/td><td><a href=\"http:\/\/www.fcgnistan.fi\/2013\/06\/pisteet-jaivat-kauniaisiin\/\">Raportti<\/a><\/td><\/tr><tr><td>Ti 2.7. klo 18:30<\/td><td>Tapiola<\/td><td>Pallohonka<\/td><td><strong>FC Gnistan<\/strong><\/td><td>1 &#8211; 1<\/td><td><a href=\"http:\/\/www.fcgnistan.fi\/2013\/07\/tanaan-tapiolassa-vastassa-pallohonka\/\">Ennakko<\/a><\/td><td><a href=\"http:\/\/www.fcgnistan.fi\/2013\/07\/gnistan-ja-pallohonka-tasasivat-pisteet\/\">Raportti<\/a><\/td><\/tr><tr><td>Pe 5.7. klo 18:30<\/td><td>FPA<\/td><td><strong>FC Gnistan<\/strong><\/td><td>K\u00e4Pa<\/td><td>2 &#8211; 0<\/td><td><a href=\"http:\/\/www.fcgnistan.fi\/2013\/07\/perjantaina-paikallistaisto-fpalla\/\">Ennakko<\/a><\/td><td><a href=\"http:\/\/www.fcgnistan.fi\/2013\/07\/taydet-pisteet-paikalliskamppailusta\/\">Raportti<\/a><\/td><\/tr><tr><td>Ke 24.7. klo 18:30<\/td><td>Karjaa<\/td><td>BK-46<\/td><td><strong>FC Gnistan<\/strong><\/td><td>0 &#8211; 2<\/td><td><a href=\"http:\/\/www.fcgnistan.fi\/2013\/07\/sarja-jatkuu-karjaalla\/\">Ennakko<\/a><\/td><td><a href=\"http:\/\/www.fcgnistan.fi\/2013\/07\/voitokas-paluu-lomilta\/\">Raportti<\/a><\/td><\/tr><tr><td>Su 28.7. klo 18:30<\/td><td>FPA<\/td><td><strong>FC Gnistan<\/strong><\/td><td>LPS<\/td><td>0 &#8211; 0<\/td><td><a href=\"http:\/\/www.fcgnistan.fi\/2013\/07\/sunnuntaina-vieraita-laajasalosta\/\">Ennakko<\/a><\/td><td><a href=\"http:\/\/www.fcgnistan.fi\/2013\/07\/gnistan-ja-lps-jalleen-maaleitta\/\">Raportti<\/a><\/td><\/tr><tr><td>Pe 2.8. klo 18:30<\/td><td>T\u00f6\u00f6l\u00f6 PK<\/td><td>Klubi 04<\/td><td><strong>FC Gnistan<\/strong><\/td><td>0 &#8211; 2<\/td><td><a href=\"http:\/\/www.fcgnistan.fi\/2013\/08\/tanaan-pallokentalla-vastassa-klubi-04\/\">Ennakko<\/a><\/td><td><a href=\"http:\/\/www.fcgnistan.fi\/2013\/08\/mustosen-maalit-liikaa-klubille\/\">Raportti<\/a><\/td><\/tr><tr><td>Ke 7.8. klo 18:30<\/td><td>FPA<\/td><td><strong>FC Gnistan<\/strong><\/td><td>SalPa<\/td><td>3 &#8211; 0<\/td><td><a href=\"http:\/\/www.fcgnistan.fi\/2013\/08\/iso-viikko-kayntiin-kotikentalla\/\">Ennakko<\/a><\/td><td><a href=\"http:\/\/www.fcgnistan.fi\/2013\/08\/salpa-kaatui-komeilla-osumilla\/\">Raportti<\/a><\/td><\/tr><tr><td>Su 11.8. klo 18:30<\/td><td>&nbsp;<\/td><td>EIF<\/td><td><strong>FC Gnistan<\/strong><\/td><td>2 &#8211; 2<\/td><td><a href=\"http:\/\/www.fcgnistan.fi\/2013\/08\/sunnuntaina-tammisaaressa-karkikamppailu\/\">Ennakko<\/a><\/td><td><a href=\"http:\/\/www.fcgnistan.fi\/2013\/08\/gnistan-nappasi-pisteen-tammisaaresta\/\">Raportti<\/a><\/td><\/tr><tr><td>Pe 16.8. klo 18:30<\/td><td>FPA<\/td><td><strong>FC Gnistan<\/strong><\/td><td>GrIFK<\/td><td>2 &#8211; 3<\/td><td><a href=\"http:\/\/www.fcgnistan.fi\/2013\/08\/kuuden-pisteen-peli-oulunkylassa\/\">Ennakko<\/a><\/td><td>Raportti<\/td><\/tr><tr><td>La 24.8. klo 16:00<\/td><td>FPA<\/td><td><strong>FC Gnistan<\/strong><\/td><td>Pallohonka<\/td><td>2 &#8211; 1<\/td><td><a href=\"http:\/\/www.fcgnistan.fi\/2013\/08\/pallohonka-vieraana-fair-pay-areenalla\/\">Ennakko<\/a><\/td><td><a href=\"http:\/\/www.fcgnistan.fi\/2013\/08\/pallohonka-kaatui-lisaajalla\/\">Raportti<\/a><\/td><\/tr><tr><td>Pe 30.8. klo 18:30<\/td><td>&nbsp;<\/td><td>K\u00e4Pa<\/td><td><strong>FC Gnistan<\/strong><\/td><td>2 &#8211; 0<\/td><td><a href=\"http:\/\/www.fcgnistan.fi\/2013\/08\/paikallisotteluiden-helmi-kapylassa\/\">Ennakko<\/a><\/td><td><a href=\"http:\/\/www.fcgnistan.fi\/2013\/09\/kapa-korjasi-potin-paikallisottelussa\/\">Raportti<\/a><\/td><\/tr><tr><td>Ma 9.9. klo 18:30<\/td><td>FPA<\/td><td><strong>FC Gnistan<\/strong><\/td><td>EsPa<\/td><td>4 &#8211; 1<\/td><td><a href=\"http:\/\/www.fcgnistan.fi\/2013\/09\/tahtaimessa-avausvoitto-espasta\/\">Ennakko<\/a><\/td><td><a href=\"http:\/\/www.fcgnistan.fi\/2013\/09\/espa-kaatui-oulunkylassa\/\">Raportti<\/a><\/td><\/tr><tr><td>La 14.9. klo 16:00<\/td><td>FPA<\/td><td><strong>FC Gnistan<\/strong><\/td><td>BK-46<\/td><td>2 &#8211; 1<\/td><td><a href=\"http:\/\/www.fcgnistan.fi\/2013\/09\/bk-46-vastassa-oulunkylassa\/\">Ennakko<\/a><\/td><td><a href=\"http:\/\/www.fcgnistan.fi\/2013\/09\/bk-46-nurin-fair-pay-areenalla\/\">Raportti<\/a><\/td><\/tr><tr><td>La 21.9. klo 16:00<\/td><td>&nbsp;<\/td><td>LPS<\/td><td><strong>FC Gnistan<\/strong><\/td><td>1 &#8211; 5<\/td><td><a href=\"http:\/\/www.fcgnistan.fi\/2013\/09\/launtaina-edessa-vierailu-laajasaloon\/\">Ennakko<\/a><\/td><td><a href=\"http:\/\/www.fcgnistan.fi\/2013\/09\/gnistanin-voittoputki-sai-jatkoa-laajasalossa\/\">Raportti<\/a><\/td><\/tr><tr><td>Ma 30.9. klo 18:30<\/td><td>FPA<\/td><td><strong>FC Gnistan<\/strong><\/td><td>Klubi 04<\/td><td>2 &#8211; 0<\/td><td>Ennakko<\/td><td>Raportti<\/td><\/tr><tr><td>La 5.10. klo 14:00<\/td><td>&nbsp;<\/td><td>SalPa<\/td><td><strong>FC Gnistan<\/strong><\/td><td>3 &#8211; 0<\/td><td>Ennakko<\/td><td>Raportti<\/td><\/tr><\/tbody><\/table>","protected":false},"excerpt":{"rendered":"<p>Otteluohjelma &#8211; Kakkonen Etel\u00e4 2013, Suomen Cup &amp; harjoitusottelut Pvm Paikka Koti Vieras Tulos Ennakko Raportti La 6.11. klo 12:15 FPA FC Gnistan Klubi 04harj 0 &#8211; 2 Ennakko Raportti La 6.11. klo 15:15 FPA FC Gnistan HJK-Aharj 3 &#8211; 0 Ennakko Raportti La 8.12. klo 12:15 FPA FC Gnistan GrIFKharj 1 &#8211; 1 Ennakko [&hellip;]<\/p>\n","protected":false},"author":1,"featured_media":36703,"parent":0,"menu_order":0,"comment_status":"closed","ping_status":"closed","template":"","meta":{"_acf_changed":false,"footnotes":""},"class_list":["post-14072","page","type-page","status-publish","has-post-thumbnail","hentry"],"acf":[],"yoast_head":"<!-- This site is optimized with the Yoast SEO plugin v27.5 - https:\/\/yoast.com\/product\/yoast-seo-wordpress\/ -->\n<title>Ottelut 2013 - IF Gnistan<\/title>\n<meta name=\"robots\" content=\"index, follow, max-snippet:-1, max-image-preview:large, max-video-preview:-1\" \/>\n<link rel=\"canonical\" href=\"https:\/\/gnistan.fi\/en\/ottelut-2013\/\" \/>\n<meta property=\"og:locale\" content=\"en_US\" \/>\n<meta property=\"og:type\" content=\"article\" \/>\n<meta property=\"og:title\" content=\"Ottelut 2013 - IF Gnistan\" \/>\n<meta property=\"og:description\" content=\"Otteluohjelma &#8211; Kakkonen Etel\u00e4 2013, Suomen Cup &amp; harjoitusottelut Pvm Paikka Koti Vieras Tulos Ennakko Raportti La 6.11. klo 12:15 FPA FC Gnistan Klubi 04harj 0 &#8211; 2 Ennakko Raportti La 6.11. klo 15:15 FPA FC Gnistan HJK-Aharj 3 &#8211; 0 Ennakko Raportti La 8.12. klo 12:15 FPA FC Gnistan GrIFKharj 1 &#8211; 1 Ennakko [&hellip;]\" \/>\n<meta property=\"og:url\" content=\"https:\/\/gnistan.fi\/en\/ottelut-2013\/\" \/>\n<meta property=\"og:site_name\" content=\"IF Gnistan\" \/>\n<meta property=\"article:publisher\" content=\"https:\/\/facebook.com\/ifgnistan\" \/>\n<meta property=\"og:image\" content=\"https:\/\/gnistan.fi\/wp-content\/uploads\/2024\/11\/gnistan-default-featured-2024-c.webp\" \/>\n\t<meta property=\"og:image:width\" content=\"1920\" \/>\n\t<meta property=\"og:image:height\" content=\"1080\" \/>\n\t<meta property=\"og:image:type\" content=\"image\/webp\" \/>\n<meta name=\"twitter:card\" content=\"summary_large_image\" \/>\n<meta name=\"twitter:site\" content=\"@ifgnistan1924\" \/>\n<meta name=\"twitter:label1\" content=\"Est. reading time\" \/>\n\t<meta name=\"twitter:data1\" content=\"1 minute\" \/>\n<script type=\"application\/ld+json\" class=\"yoast-schema-graph\">{\"@context\":\"https:\\\/\\\/schema.org\",\"@graph\":[{\"@type\":\"WebPage\",\"@id\":\"https:\\\/\\\/gnistan.fi\\\/ottelut-2013\\\/\",\"url\":\"https:\\\/\\\/gnistan.fi\\\/ottelut-2013\\\/\",\"name\":\"Ottelut 2013 - IF Gnistan\",\"isPartOf\":{\"@id\":\"https:\\\/\\\/gnistan.fi\\\/#website\"},\"primaryImageOfPage\":{\"@id\":\"https:\\\/\\\/gnistan.fi\\\/ottelut-2013\\\/#primaryimage\"},\"image\":{\"@id\":\"https:\\\/\\\/gnistan.fi\\\/ottelut-2013\\\/#primaryimage\"},\"thumbnailUrl\":\"https:\\\/\\\/gnistan.fi\\\/wp-content\\\/uploads\\\/2024\\\/11\\\/gnistan-default-featured-2024-c.webp\",\"datePublished\":\"2019-10-21T09:43:18+00:00\",\"breadcrumb\":{\"@id\":\"https:\\\/\\\/gnistan.fi\\\/ottelut-2013\\\/#breadcrumb\"},\"inLanguage\":\"en-US\",\"potentialAction\":[{\"@type\":\"ReadAction\",\"target\":[\"https:\\\/\\\/gnistan.fi\\\/ottelut-2013\\\/\"]}]},{\"@type\":\"ImageObject\",\"inLanguage\":\"en-US\",\"@id\":\"https:\\\/\\\/gnistan.fi\\\/ottelut-2013\\\/#primaryimage\",\"url\":\"https:\\\/\\\/gnistan.fi\\\/wp-content\\\/uploads\\\/2024\\\/11\\\/gnistan-default-featured-2024-c.webp\",\"contentUrl\":\"https:\\\/\\\/gnistan.fi\\\/wp-content\\\/uploads\\\/2024\\\/11\\\/gnistan-default-featured-2024-c.webp\",\"width\":1920,\"height\":1080},{\"@type\":\"BreadcrumbList\",\"@id\":\"https:\\\/\\\/gnistan.fi\\\/ottelut-2013\\\/#breadcrumb\",\"itemListElement\":[{\"@type\":\"ListItem\",\"position\":1,\"name\":\"Etusivu\",\"item\":\"https:\\\/\\\/gnistan.fi\\\/\"},{\"@type\":\"ListItem\",\"position\":2,\"name\":\"Ottelut 2013\"}]},{\"@type\":\"WebSite\",\"@id\":\"https:\\\/\\\/gnistan.fi\\\/#website\",\"url\":\"https:\\\/\\\/gnistan.fi\\\/\",\"name\":\"IF Gnistan\",\"description\":\"Viralliset sivut\",\"publisher\":{\"@id\":\"https:\\\/\\\/gnistan.fi\\\/#organization\"},\"potentialAction\":[{\"@type\":\"SearchAction\",\"target\":{\"@type\":\"EntryPoint\",\"urlTemplate\":\"https:\\\/\\\/gnistan.fi\\\/?s={search_term_string}\"},\"query-input\":{\"@type\":\"PropertyValueSpecification\",\"valueRequired\":true,\"valueName\":\"search_term_string\"}}],\"inLanguage\":\"en-US\"},{\"@type\":\"Organization\",\"@id\":\"https:\\\/\\\/gnistan.fi\\\/#organization\",\"name\":\"IF Gnistan\",\"url\":\"https:\\\/\\\/gnistan.fi\\\/\",\"logo\":{\"@type\":\"ImageObject\",\"inLanguage\":\"en-US\",\"@id\":\"https:\\\/\\\/gnistan.fi\\\/#\\\/schema\\\/logo\\\/image\\\/\",\"url\":\"https:\\\/\\\/gnistan.fi\\\/wp-content\\\/uploads\\\/2019\\\/10\\\/if-gnistan-vector-logo.svg\",\"contentUrl\":\"https:\\\/\\\/gnistan.fi\\\/wp-content\\\/uploads\\\/2019\\\/10\\\/if-gnistan-vector-logo.svg\",\"width\":269,\"height\":314,\"caption\":\"IF Gnistan\"},\"image\":{\"@id\":\"https:\\\/\\\/gnistan.fi\\\/#\\\/schema\\\/logo\\\/image\\\/\"},\"sameAs\":[\"https:\\\/\\\/facebook.com\\\/ifgnistan\",\"https:\\\/\\\/x.com\\\/ifgnistan1924\",\"https:\\\/\\\/instagram.com\\\/ifgnistan1924\",\"https:\\\/\\\/www.linkedin.com\\\/company\\\/ifgnistan\\\/\"]}]}<\/script>\n<!-- \/ Yoast SEO plugin. -->","yoast_head_json":{"title":"Ottelut 2013 - IF Gnistan","robots":{"index":"index","follow":"follow","max-snippet":"max-snippet:-1","max-image-preview":"max-image-preview:large","max-video-preview":"max-video-preview:-1"},"canonical":"https:\/\/gnistan.fi\/en\/ottelut-2013\/","og_locale":"en_US","og_type":"article","og_title":"Ottelut 2013 - IF Gnistan","og_description":"Otteluohjelma &#8211; Kakkonen Etel\u00e4 2013, Suomen Cup &amp; harjoitusottelut Pvm Paikka Koti Vieras Tulos Ennakko Raportti La 6.11. klo 12:15 FPA FC Gnistan Klubi 04harj 0 &#8211; 2 Ennakko Raportti La 6.11. klo 15:15 FPA FC Gnistan HJK-Aharj 3 &#8211; 0 Ennakko Raportti La 8.12. klo 12:15 FPA FC Gnistan GrIFKharj 1 &#8211; 1 Ennakko [&hellip;]","og_url":"https:\/\/gnistan.fi\/en\/ottelut-2013\/","og_site_name":"IF Gnistan","article_publisher":"https:\/\/facebook.com\/ifgnistan","og_image":[{"width":1920,"height":1080,"url":"https:\/\/gnistan.fi\/wp-content\/uploads\/2024\/11\/gnistan-default-featured-2024-c.webp","type":"image\/webp"}],"twitter_card":"summary_large_image","twitter_site":"@ifgnistan1924","twitter_misc":{"Est. reading time":"1 minute"},"schema":{"@context":"https:\/\/schema.org","@graph":[{"@type":"WebPage","@id":"https:\/\/gnistan.fi\/ottelut-2013\/","url":"https:\/\/gnistan.fi\/ottelut-2013\/","name":"Ottelut 2013 - IF Gnistan","isPartOf":{"@id":"https:\/\/gnistan.fi\/#website"},"primaryImageOfPage":{"@id":"https:\/\/gnistan.fi\/ottelut-2013\/#primaryimage"},"image":{"@id":"https:\/\/gnistan.fi\/ottelut-2013\/#primaryimage"},"thumbnailUrl":"https:\/\/gnistan.fi\/wp-content\/uploads\/2024\/11\/gnistan-default-featured-2024-c.webp","datePublished":"2019-10-21T09:43:18+00:00","breadcrumb":{"@id":"https:\/\/gnistan.fi\/ottelut-2013\/#breadcrumb"},"inLanguage":"en-US","potentialAction":[{"@type":"ReadAction","target":["https:\/\/gnistan.fi\/ottelut-2013\/"]}]},{"@type":"ImageObject","inLanguage":"en-US","@id":"https:\/\/gnistan.fi\/ottelut-2013\/#primaryimage","url":"https:\/\/gnistan.fi\/wp-content\/uploads\/2024\/11\/gnistan-default-featured-2024-c.webp","contentUrl":"https:\/\/gnistan.fi\/wp-content\/uploads\/2024\/11\/gnistan-default-featured-2024-c.webp","width":1920,"height":1080},{"@type":"BreadcrumbList","@id":"https:\/\/gnistan.fi\/ottelut-2013\/#breadcrumb","itemListElement":[{"@type":"ListItem","position":1,"name":"Etusivu","item":"https:\/\/gnistan.fi\/"},{"@type":"ListItem","position":2,"name":"Ottelut 2013"}]},{"@type":"WebSite","@id":"https:\/\/gnistan.fi\/#website","url":"https:\/\/gnistan.fi\/","name":"IF Gnistan","description":"Viralliset sivut","publisher":{"@id":"https:\/\/gnistan.fi\/#organization"},"potentialAction":[{"@type":"SearchAction","target":{"@type":"EntryPoint","urlTemplate":"https:\/\/gnistan.fi\/?s={search_term_string}"},"query-input":{"@type":"PropertyValueSpecification","valueRequired":true,"valueName":"search_term_string"}}],"inLanguage":"en-US"},{"@type":"Organization","@id":"https:\/\/gnistan.fi\/#organization","name":"IF Gnistan","url":"https:\/\/gnistan.fi\/","logo":{"@type":"ImageObject","inLanguage":"en-US","@id":"https:\/\/gnistan.fi\/#\/schema\/logo\/image\/","url":"https:\/\/gnistan.fi\/wp-content\/uploads\/2019\/10\/if-gnistan-vector-logo.svg","contentUrl":"https:\/\/gnistan.fi\/wp-content\/uploads\/2019\/10\/if-gnistan-vector-logo.svg","width":269,"height":314,"caption":"IF Gnistan"},"image":{"@id":"https:\/\/gnistan.fi\/#\/schema\/logo\/image\/"},"sameAs":["https:\/\/facebook.com\/ifgnistan","https:\/\/x.com\/ifgnistan1924","https:\/\/instagram.com\/ifgnistan1924","https:\/\/www.linkedin.com\/company\/ifgnistan\/"]}]}},"jetpack_sharing_enabled":true,"_links":{"self":[{"href":"https:\/\/gnistan.fi\/en\/wp-json\/wp\/v2\/pages\/14072","targetHints":{"allow":["GET"]}}],"collection":[{"href":"https:\/\/gnistan.fi\/en\/wp-json\/wp\/v2\/pages"}],"about":[{"href":"https:\/\/gnistan.fi\/en\/wp-json\/wp\/v2\/types\/page"}],"author":[{"embeddable":true,"href":"https:\/\/gnistan.fi\/en\/wp-json\/wp\/v2\/users\/1"}],"replies":[{"embeddable":true,"href":"https:\/\/gnistan.fi\/en\/wp-json\/wp\/v2\/comments?post=14072"}],"version-history":[{"count":0,"href":"https:\/\/gnistan.fi\/en\/wp-json\/wp\/v2\/pages\/14072\/revisions"}],"wp:featuredmedia":[{"embeddable":true,"href":"https:\/\/gnistan.fi\/en\/wp-json\/wp\/v2\/media\/36703"}],"wp:attachment":[{"href":"https:\/\/gnistan.fi\/en\/wp-json\/wp\/v2\/media?parent=14072"}],"curies":[{"name":"wp","href":"https:\/\/api.w.org\/{rel}","templated":true}]}}