{"id":14068,"date":"2019-10-21T12:41:35","date_gmt":"2019-10-21T09:41:35","guid":{"rendered":"https:\/\/gnistan.fi\/?page_id=14068"},"modified":"2019-10-21T12:41:35","modified_gmt":"2019-10-21T09:41:35","slug":"ottelut-2012","status":"publish","type":"page","link":"https:\/\/gnistan.fi\/en\/ottelut-2012\/","title":{"rendered":"Ottelut 2012"},"content":{"rendered":"<h2 class=\"wp-block-heading\">Otteluohjelma &#8211; Kakkonen it\u00e4 2012 &amp; Suomen Cup<\/h2>\n\n\n\n<p>Lohkon sarjataulukon l\u00f6yd\u00e4t <a href=\"http:\/\/palloverkko.palloliitto.fi\/Live\/Stats\/CompetitionDetails.aspx?compID=82\">t\u00e4\u00e4lt\u00e4<\/a>.<\/p>\n\n\n\n<table class=\"wp-block-table\"><tbody><tr><th>Pvm<\/th><th>Koti<\/th><th>Vieras<\/th><th>Tulos<\/th><th>Ennakko<\/th><th>Raportti<\/th><\/tr><tr><td>La 3.3. klo 18:00<\/td><td><strong>FC Gnistan<\/strong><\/td><td>FC Viikingit<\/td><td>1 &#8211; 0<\/td><td>Ennakko<\/td><td><a href=\"http:\/\/www.fcgnistan.fi\/2012\/03\/gnistan-yllatti-viikingit-suomen-cupissa\/\">Raportti<\/a><\/td><\/tr><tr><td>La 24.3. klo 17:00<\/td><td><strong>FC Gnistan<\/strong><\/td><td>BK-46<\/td><td>1 &#8211; 0<\/td><td>Ennakko<\/td><td><a href=\"http:\/\/www.fcgnistan.fi\/2012\/03\/fc-gnistan-1-0-bk-46\/\">Raportti<\/a><\/td><\/tr><tr><td>La 12.4. klo 18:30<\/td><td>J\u00e4PS<\/td><td><strong>FC Gnistan<\/strong><\/td><td>0 &#8211; 1<\/td><td><a href=\"http:\/\/www.fcgnistan.fi\/2012\/04\/cup-taistelu-jatkuu-torstaina\/\">Ennakko<\/a><\/td><td><a href=\"http:\/\/www.fcgnistan.fi\/2012\/04\/gnistan-kaatoi-japsin-cupissa\/\">Raportti<\/a><\/td><\/tr><tr><td>La 25.4. klo 17:00<\/td><td><strong>FC Gnistan<\/strong><\/td><td>MIFK<\/td><td>1 &#8211; 4<\/td><td><a href=\"http:\/\/www.fcgnistan.fi\/2012\/04\/ennakko-fc-gnistan-ifk-mariehamn\/\">Ennakko<\/a><\/td><td><a href=\"http:\/\/www.fcgnistan.fi\/2012\/04\/mifk-paatti-gnistanin-taipaleen-cupissa\/\">Raportti<\/a><\/td><\/tr><tr><td>Su 29.4. klo 18:30<\/td><td><strong>FC Gnistan<\/strong><\/td><td>KTP<\/td><td>2 &#8211; 3<\/td><td><a href=\"http:\/\/www.fcgnistan.fi\/2012\/04\/ennakko-gnistan-ktp\/\">Ennakko<\/a><\/td><td><a href=\"http:\/\/www.fcgnistan.fi\/2012\/04\/gnistan-2-3-ktp\/\">Raportti<\/a><\/td><\/tr><tr><td>La 5.5. klo 17:00<\/td><td>Atlantis<\/td><td><strong>FC Gnistan<\/strong><\/td><td>0 &#8211; 2<\/td><td>Ennakko<\/td><td>Raportti<\/td><\/tr><tr><td>La 12.5. klo 17:00<\/td><td><strong>FC Gnistan<\/strong><\/td><td>J\u00e4PS<\/td><td>2 &#8211; 1<\/td><td><a href=\"http:\/\/www.fcgnistan.fi\/2012\/05\/ennakko-gnistan-japs\/\">Ennakko<\/a><\/td><td><a href=\"http:\/\/www.fcgnistan.fi\/2012\/05\/gnistan-2-1-japs\/\">Raportti<\/a><\/td><\/tr><tr><td>Ke 16.5. klo 18:30<\/td><td>LPS<\/td><td><strong>FC Gnistan<\/strong><\/td><td>1 &#8211; 0<\/td><td><a href=\"http:\/\/www.fcgnistan.fi\/2012\/05\/ennakko-lps-gnistan\/\">Ennakko<\/a><\/td><td><a href=\"http:\/\/www.fcgnistan.fi\/2012\/05\/lps-1-0-gnistan\/\">Raportti<\/a><\/td><\/tr><tr><td>Ma 21.5. klo 18:30<\/td><td><strong>FC Gnistan<\/strong><\/td><td>MP<\/td><td>2 &#8211; 0<\/td><td><a href=\"http:\/\/www.fcgnistan.fi\/2012\/05\/ennakko-gnistan-mp\/\">Ennakko<\/a><\/td><td><a href=\"http:\/\/www.fcgnistan.fi\/2012\/05\/gnistan-2-0-mp\/\">Raportti<\/a><\/td><\/tr><tr><td>La 26.5. klo 17:00<\/td><td><strong>FC Gnistan<\/strong><\/td><td>Kiffen<\/td><td>3 &#8211; 0<\/td><td><a href=\"http:\/\/www.fcgnistan.fi\/2012\/05\/ennakko-gnistan-kiffen\/\">Ennakko<\/a><\/td><td><a href=\"http:\/\/www.fcgnistan.fi\/2012\/05\/gnistan-3-0-kiffen\/\">Raportti<\/a><\/td><\/tr><tr><td>Su 3.6. klo 18:30<\/td><td>Futura<\/td><td><strong>FC Gnistan<\/strong><\/td><td>1 &#8211; 2<\/td><td><a href=\"http:\/\/www.fcgnistan.fi\/2012\/05\/ennakko-futura-gnistan\/\">Ennakko<\/a><\/td><td><a href=\"http:\/\/www.fcgnistan.fi\/2012\/06\/futura-1-2-gnistan\/\">Raportti<\/a><\/td><\/tr><tr><td>La 9.6. klo 17:00<\/td><td>Kuusysi<\/td><td><strong>FC Gnistan<\/strong><\/td><td>0 &#8211; 1<\/td><td><a href=\"http:\/\/www.fcgnistan.fi\/2012\/06\/ennakko-fc-kuusysi-gnistan\/\">Ennakko<\/a><\/td><td><a href=\"http:\/\/www.fcgnistan.fi\/2012\/06\/kuusysi-0-1-gnistan\/\">Raportti<\/a><\/td><\/tr><tr><td>Ti 12.6. klo 19:30<\/td><td>J\u00e4PS<\/td><td><strong>FC Gnistan<\/strong><\/td><td>0 &#8211; 1<\/td><td><a href=\"http:\/\/www.fcgnistan.fi\/2012\/06\/ennakko-japs-gnistan\/\">Ennakko<\/a><\/td><td><a href=\"http:\/\/www.fcgnistan.fi\/2012\/06\/japs-0-1-gnistan\/\">Raportti<\/a><\/td><\/tr><tr><td>Pe 15.6. klo 18:30<\/td><td><strong>FC Gnistan<\/strong><\/td><td>PK-35\/VJS<\/td><td>1 &#8211; 1<\/td><td><a href=\"http:\/\/www.fcgnistan.fi\/2012\/06\/pe-klo-18-30-gnistan-pk-35vjs\/\">Ennakko<\/a><\/td><td><a href=\"http:\/\/www.fcgnistan.fi\/2012\/06\/gnistan-1-1-pk-35vjs\/\">Raportti<\/a><\/td><\/tr><tr><td>Ti 19.6. klo 18:30<\/td><td>KTP<\/td><td><strong>FC Gnistan<\/strong><\/td><td>0 &#8211; 1<\/td><td><a href=\"http:\/\/www.fcgnistan.fi\/2012\/06\/ennakko-ktp-gnistan\/\">Ennakko<\/a><\/td><td><a href=\"http:\/\/www.fcgnistan.fi\/2012\/06\/ktp-0-1-gnistan\/\">Raportti<\/a><\/td><\/tr><tr><td>Ke 4.7. klo 18:30<\/td><td><strong>FC Gnistan<\/strong><\/td><td>LPS<\/td><td>0 &#8211; 0<\/td><td><a href=\"http:\/\/www.fcgnistan.fi\/2012\/07\/ennakko-gnistan-lps\/\">Ennakko<\/a><\/td><td><a href=\"http:\/\/www.fcgnistan.fi\/2012\/07\/gnistan-0-0-lps\/\">Raportti<\/a><\/td><\/tr><tr><td>Su 8.7. klo 18:30<\/td><td>MP<\/td><td><strong>FC Gnistan<\/strong><\/td><td>0 &#8211; 1<\/td><td>Ennakko<\/td><td><a href=\"http:\/\/www.fcgnistan.fi\/2012\/07\/mp-0-1-gnistan\/\">Raportti<\/a><\/td><\/tr><tr><td>Ti 17.7. klo 18:30<\/td><td>Kiffen<\/td><td><strong>FC Gnistan<\/strong><\/td><td>1 &#8211; 1<\/td><td><a href=\"http:\/\/www.fcgnistan.fi\/2012\/07\/ennakko-kiffen-gnistan\/\">Ennakko<\/a><\/td><td><a href=\"http:\/\/www.fcgnistan.fi\/2012\/07\/kiffen-1-1-gnistan\/\">Raportti<\/a><\/td><\/tr><tr><td>La 21.7. klo 17:00<\/td><td><strong>FC Gnistan<\/strong><\/td><td>Futura<\/td><td>2 &#8211; 3<\/td><td><a href=\"http:\/\/www.fcgnistan.fi\/2012\/07\/ennakko-gnistan-futura\/\">Ennakko<\/a><\/td><td><a href=\"http:\/\/www.fcgnistan.fi\/2012\/07\/gnistan-2-3-futura\/\">Raportti<\/a><\/td><\/tr><tr><td>Ti 24.7. klo 18:30<\/td><td><strong>FC Gnistan<\/strong><\/td><td>Atlantis<\/td><td>0 &#8211; 1<\/td><td>Ennakko<\/td><td><a href=\"http:\/\/www.fcgnistan.fi\/2012\/07\/gnistan-0-1-atlantis\/\">Raportti<\/a><\/td><\/tr><tr><td>La 28.7. klo 17:00<\/td><td><strong>FC Gnistan<\/strong><\/td><td>Kuusysi<\/td><td>0 &#8211; 1<\/td><td><a href=\"http:\/\/www.fcgnistan.fi\/2012\/07\/ennakko-gnistan-kuusysi\/\">Ennakko<\/a><\/td><td>Raportti<\/td><\/tr><tr><td>La 4.8. klo 17:00<\/td><td>PK-35\/VJS<\/td><td><strong>FC Gnistan<\/strong><\/td><td>1 &#8211; 1<\/td><td><a href=\"http:\/\/www.fcgnistan.fi\/2012\/08\/ennakko-pk-35vjs-gnistan\/\">Ennakko<\/a><\/td><td><a href=\"http:\/\/www.fcgnistan.fi\/2012\/08\/pk-35vjs-1-1-gnistan\/\">Raportti<\/a><\/td><\/tr><tr><td>Pe 10.8. klo 18:30<\/td><td><strong>FC Gnistan<\/strong><\/td><td>KTP<\/td><td>2 &#8211; 1<\/td><td>Ennakko<\/td><td><a href=\"http:\/\/www.fcgnistan.fi\/2012\/08\/gnistan-2-1-ktp\/\">Raportti<\/a><\/td><\/tr><tr><td>Pe 17.08. klo 18:30<\/td><td>Atlantis<\/td><td><strong>FC Gnistan<\/strong><\/td><td>3 &#8211; 1<\/td><td><a href=\"http:\/\/www.fcgnistan.fi\/2012\/08\/ennakko-atlantis-gnistan\/\">Ennakko<\/a><\/td><td><a href=\"http:\/\/www.fcgnistan.fi\/2012\/08\/atlantis-3-1-gnistan\/\">Raportti<\/a><\/td><\/tr><tr><td>La 25.8. klo 17:00<\/td><td><strong>FC Gnistan<\/strong><\/td><td>J\u00e4PS<\/td><td>2 &#8211; 2<\/td><td><a href=\"http:\/\/www.fcgnistan.fi\/2012\/08\/ennakko-gnistan-japs-2\/\">Ennakko<\/a><\/td><td><a href=\"http:\/\/www.fcgnistan.fi\/2012\/08\/gnistan-2-2-japs\/\">Raportti<\/a><\/td><\/tr><tr><td>Pe 31.8. klo 18:00<\/td><td>LPS<\/td><td><strong>FC Gnistan<\/strong><\/td><td>2 &#8211; 2<\/td><td><a href=\"http:\/\/www.fcgnistan.fi\/2012\/08\/ennakko-lps-gnistan-2\/\">Ennakko<\/a><\/td><td><a href=\"http:\/\/www.fcgnistan.fi\/2012\/09\/lps-2-2-gnistan\/\">Raportti<\/a><\/td><\/tr><tr><td>Su 9.9. klo 15:00<\/td><td><strong>FC Gnistan<\/strong><\/td><td>MP<\/td><td>2 &#8211; 2<\/td><td><a href=\"http:\/\/www.fcgnistan.fi\/2012\/09\/ennakko-gnistan-mp-2\/\">Ennakko<\/a><\/td><td><a href=\"http:\/\/www.fcgnistan.fi\/2012\/09\/gnistan-2-2-mp\/\">Raportti<\/a><\/td><\/tr><tr><td>Pe 14.9. klo 18:30<\/td><td><strong>FC Gnistan<\/strong><\/td><td>Kiffen<\/td><td>3 &#8211; 1<\/td><td><a href=\"http:\/\/www.fcgnistan.fi\/2012\/09\/ennakko-gnistan-kiffen-2\/\">Ennakko<\/a><\/td><td><a href=\"http:\/\/www.fcgnistan.fi\/2012\/09\/gnistan-3-1-kiffen\/\">Raportti<\/a><\/td><\/tr><tr><td>La 22.9. klo 15:00<\/td><td>Futura<\/td><td><strong>FC Gnistan<\/strong><\/td><td>1 &#8211; 2<\/td><td><a href=\"http:\/\/www.fcgnistan.fi\/2012\/09\/ennakko-futura-gnistan-2\/\">Ennakko<\/a><\/td><td><a href=\"http:\/\/www.fcgnistan.fi\/2012\/09\/futura-1-2-gnistan-2\/\">Raportti<\/a><\/td><\/tr><tr><td>Su 30.9. klo 15:00<\/td><td>Kuusysi<\/td><td><strong>FC Gnistan<\/strong><\/td><td>1 &#8211; 2<\/td><td><a href=\"http:\/\/www.fcgnistan.fi\/2012\/09\/ennakko-kuusysi-gnistan\/\">Ennakko<\/a><\/td><td><a href=\"http:\/\/www.fcgnistan.fi\/2012\/10\/kuusysi-1-2-gnistan\/\">Raportti<\/a><\/td><\/tr><tr><td>La 6.10. klo 14:00<\/td><td><strong>FC Gnistan<\/strong><\/td><td>PK-35\/VJS<\/td><td>5 &#8211; 0<\/td><td><a href=\"http:\/\/www.fcgnistan.fi\/2012\/10\/ennakko-gnistan-pk-35vjs\/\">Ennakko<\/a><\/td><td><a href=\"http:\/\/www.fcgnistan.fi\/2012\/10\/gnistan-5-0-pk-35vjs\/\">Raportti<\/a><\/td><\/tr><\/tbody><\/table>","protected":false},"excerpt":{"rendered":"<p>Otteluohjelma &#8211; Kakkonen it\u00e4 2012 &amp; Suomen Cup Lohkon sarjataulukon l\u00f6yd\u00e4t t\u00e4\u00e4lt\u00e4. Pvm Koti Vieras Tulos Ennakko Raportti La 3.3. klo 18:00 FC Gnistan FC Viikingit 1 &#8211; 0 Ennakko Raportti La 24.3. klo 17:00 FC Gnistan BK-46 1 &#8211; 0 Ennakko Raportti La 12.4. klo 18:30 J\u00e4PS FC Gnistan 0 &#8211; 1 Ennakko Raportti [&hellip;]<\/p>\n","protected":false},"author":1,"featured_media":36703,"parent":0,"menu_order":0,"comment_status":"closed","ping_status":"closed","template":"","meta":{"_acf_changed":false,"footnotes":""},"class_list":["post-14068","page","type-page","status-publish","has-post-thumbnail","hentry"],"acf":[],"yoast_head":"<!-- This site is optimized with the Yoast SEO plugin v27.5 - https:\/\/yoast.com\/product\/yoast-seo-wordpress\/ -->\n<title>Ottelut 2012 - IF Gnistan<\/title>\n<meta name=\"robots\" content=\"index, follow, max-snippet:-1, max-image-preview:large, max-video-preview:-1\" \/>\n<link rel=\"canonical\" href=\"https:\/\/gnistan.fi\/en\/ottelut-2012\/\" \/>\n<meta property=\"og:locale\" content=\"en_US\" \/>\n<meta property=\"og:type\" content=\"article\" \/>\n<meta property=\"og:title\" content=\"Ottelut 2012 - IF Gnistan\" \/>\n<meta property=\"og:description\" content=\"Otteluohjelma &#8211; Kakkonen it\u00e4 2012 &amp; Suomen Cup Lohkon sarjataulukon l\u00f6yd\u00e4t t\u00e4\u00e4lt\u00e4. Pvm Koti Vieras Tulos Ennakko Raportti La 3.3. klo 18:00 FC Gnistan FC Viikingit 1 &#8211; 0 Ennakko Raportti La 24.3. klo 17:00 FC Gnistan BK-46 1 &#8211; 0 Ennakko Raportti La 12.4. klo 18:30 J\u00e4PS FC Gnistan 0 &#8211; 1 Ennakko Raportti [&hellip;]\" \/>\n<meta property=\"og:url\" content=\"https:\/\/gnistan.fi\/en\/ottelut-2012\/\" \/>\n<meta property=\"og:site_name\" content=\"IF Gnistan\" \/>\n<meta property=\"article:publisher\" content=\"https:\/\/facebook.com\/ifgnistan\" \/>\n<meta property=\"og:image\" content=\"https:\/\/gnistan.fi\/wp-content\/uploads\/2024\/11\/gnistan-default-featured-2024-c.webp\" \/>\n\t<meta property=\"og:image:width\" content=\"1920\" \/>\n\t<meta property=\"og:image:height\" content=\"1080\" \/>\n\t<meta property=\"og:image:type\" content=\"image\/webp\" \/>\n<meta name=\"twitter:card\" content=\"summary_large_image\" \/>\n<meta name=\"twitter:site\" content=\"@ifgnistan1924\" \/>\n<meta name=\"twitter:label1\" content=\"Est. reading time\" \/>\n\t<meta name=\"twitter:data1\" content=\"1 minute\" \/>\n<script type=\"application\/ld+json\" class=\"yoast-schema-graph\">{\"@context\":\"https:\\\/\\\/schema.org\",\"@graph\":[{\"@type\":\"WebPage\",\"@id\":\"https:\\\/\\\/gnistan.fi\\\/ottelut-2012\\\/\",\"url\":\"https:\\\/\\\/gnistan.fi\\\/ottelut-2012\\\/\",\"name\":\"Ottelut 2012 - IF Gnistan\",\"isPartOf\":{\"@id\":\"https:\\\/\\\/gnistan.fi\\\/#website\"},\"primaryImageOfPage\":{\"@id\":\"https:\\\/\\\/gnistan.fi\\\/ottelut-2012\\\/#primaryimage\"},\"image\":{\"@id\":\"https:\\\/\\\/gnistan.fi\\\/ottelut-2012\\\/#primaryimage\"},\"thumbnailUrl\":\"https:\\\/\\\/gnistan.fi\\\/wp-content\\\/uploads\\\/2024\\\/11\\\/gnistan-default-featured-2024-c.webp\",\"datePublished\":\"2019-10-21T09:41:35+00:00\",\"breadcrumb\":{\"@id\":\"https:\\\/\\\/gnistan.fi\\\/ottelut-2012\\\/#breadcrumb\"},\"inLanguage\":\"en-US\",\"potentialAction\":[{\"@type\":\"ReadAction\",\"target\":[\"https:\\\/\\\/gnistan.fi\\\/ottelut-2012\\\/\"]}]},{\"@type\":\"ImageObject\",\"inLanguage\":\"en-US\",\"@id\":\"https:\\\/\\\/gnistan.fi\\\/ottelut-2012\\\/#primaryimage\",\"url\":\"https:\\\/\\\/gnistan.fi\\\/wp-content\\\/uploads\\\/2024\\\/11\\\/gnistan-default-featured-2024-c.webp\",\"contentUrl\":\"https:\\\/\\\/gnistan.fi\\\/wp-content\\\/uploads\\\/2024\\\/11\\\/gnistan-default-featured-2024-c.webp\",\"width\":1920,\"height\":1080},{\"@type\":\"BreadcrumbList\",\"@id\":\"https:\\\/\\\/gnistan.fi\\\/ottelut-2012\\\/#breadcrumb\",\"itemListElement\":[{\"@type\":\"ListItem\",\"position\":1,\"name\":\"Etusivu\",\"item\":\"https:\\\/\\\/gnistan.fi\\\/\"},{\"@type\":\"ListItem\",\"position\":2,\"name\":\"Ottelut 2012\"}]},{\"@type\":\"WebSite\",\"@id\":\"https:\\\/\\\/gnistan.fi\\\/#website\",\"url\":\"https:\\\/\\\/gnistan.fi\\\/\",\"name\":\"IF Gnistan\",\"description\":\"Viralliset sivut\",\"publisher\":{\"@id\":\"https:\\\/\\\/gnistan.fi\\\/#organization\"},\"potentialAction\":[{\"@type\":\"SearchAction\",\"target\":{\"@type\":\"EntryPoint\",\"urlTemplate\":\"https:\\\/\\\/gnistan.fi\\\/?s={search_term_string}\"},\"query-input\":{\"@type\":\"PropertyValueSpecification\",\"valueRequired\":true,\"valueName\":\"search_term_string\"}}],\"inLanguage\":\"en-US\"},{\"@type\":\"Organization\",\"@id\":\"https:\\\/\\\/gnistan.fi\\\/#organization\",\"name\":\"IF Gnistan\",\"url\":\"https:\\\/\\\/gnistan.fi\\\/\",\"logo\":{\"@type\":\"ImageObject\",\"inLanguage\":\"en-US\",\"@id\":\"https:\\\/\\\/gnistan.fi\\\/#\\\/schema\\\/logo\\\/image\\\/\",\"url\":\"https:\\\/\\\/gnistan.fi\\\/wp-content\\\/uploads\\\/2019\\\/10\\\/if-gnistan-vector-logo.svg\",\"contentUrl\":\"https:\\\/\\\/gnistan.fi\\\/wp-content\\\/uploads\\\/2019\\\/10\\\/if-gnistan-vector-logo.svg\",\"width\":269,\"height\":314,\"caption\":\"IF Gnistan\"},\"image\":{\"@id\":\"https:\\\/\\\/gnistan.fi\\\/#\\\/schema\\\/logo\\\/image\\\/\"},\"sameAs\":[\"https:\\\/\\\/facebook.com\\\/ifgnistan\",\"https:\\\/\\\/x.com\\\/ifgnistan1924\",\"https:\\\/\\\/instagram.com\\\/ifgnistan1924\",\"https:\\\/\\\/www.linkedin.com\\\/company\\\/ifgnistan\\\/\"]}]}<\/script>\n<!-- \/ Yoast SEO plugin. -->","yoast_head_json":{"title":"Ottelut 2012 - IF Gnistan","robots":{"index":"index","follow":"follow","max-snippet":"max-snippet:-1","max-image-preview":"max-image-preview:large","max-video-preview":"max-video-preview:-1"},"canonical":"https:\/\/gnistan.fi\/en\/ottelut-2012\/","og_locale":"en_US","og_type":"article","og_title":"Ottelut 2012 - IF Gnistan","og_description":"Otteluohjelma &#8211; Kakkonen it\u00e4 2012 &amp; Suomen Cup Lohkon sarjataulukon l\u00f6yd\u00e4t t\u00e4\u00e4lt\u00e4. Pvm Koti Vieras Tulos Ennakko Raportti La 3.3. klo 18:00 FC Gnistan FC Viikingit 1 &#8211; 0 Ennakko Raportti La 24.3. klo 17:00 FC Gnistan BK-46 1 &#8211; 0 Ennakko Raportti La 12.4. klo 18:30 J\u00e4PS FC Gnistan 0 &#8211; 1 Ennakko Raportti [&hellip;]","og_url":"https:\/\/gnistan.fi\/en\/ottelut-2012\/","og_site_name":"IF Gnistan","article_publisher":"https:\/\/facebook.com\/ifgnistan","og_image":[{"width":1920,"height":1080,"url":"https:\/\/gnistan.fi\/wp-content\/uploads\/2024\/11\/gnistan-default-featured-2024-c.webp","type":"image\/webp"}],"twitter_card":"summary_large_image","twitter_site":"@ifgnistan1924","twitter_misc":{"Est. reading time":"1 minute"},"schema":{"@context":"https:\/\/schema.org","@graph":[{"@type":"WebPage","@id":"https:\/\/gnistan.fi\/ottelut-2012\/","url":"https:\/\/gnistan.fi\/ottelut-2012\/","name":"Ottelut 2012 - IF Gnistan","isPartOf":{"@id":"https:\/\/gnistan.fi\/#website"},"primaryImageOfPage":{"@id":"https:\/\/gnistan.fi\/ottelut-2012\/#primaryimage"},"image":{"@id":"https:\/\/gnistan.fi\/ottelut-2012\/#primaryimage"},"thumbnailUrl":"https:\/\/gnistan.fi\/wp-content\/uploads\/2024\/11\/gnistan-default-featured-2024-c.webp","datePublished":"2019-10-21T09:41:35+00:00","breadcrumb":{"@id":"https:\/\/gnistan.fi\/ottelut-2012\/#breadcrumb"},"inLanguage":"en-US","potentialAction":[{"@type":"ReadAction","target":["https:\/\/gnistan.fi\/ottelut-2012\/"]}]},{"@type":"ImageObject","inLanguage":"en-US","@id":"https:\/\/gnistan.fi\/ottelut-2012\/#primaryimage","url":"https:\/\/gnistan.fi\/wp-content\/uploads\/2024\/11\/gnistan-default-featured-2024-c.webp","contentUrl":"https:\/\/gnistan.fi\/wp-content\/uploads\/2024\/11\/gnistan-default-featured-2024-c.webp","width":1920,"height":1080},{"@type":"BreadcrumbList","@id":"https:\/\/gnistan.fi\/ottelut-2012\/#breadcrumb","itemListElement":[{"@type":"ListItem","position":1,"name":"Etusivu","item":"https:\/\/gnistan.fi\/"},{"@type":"ListItem","position":2,"name":"Ottelut 2012"}]},{"@type":"WebSite","@id":"https:\/\/gnistan.fi\/#website","url":"https:\/\/gnistan.fi\/","name":"IF Gnistan","description":"Viralliset sivut","publisher":{"@id":"https:\/\/gnistan.fi\/#organization"},"potentialAction":[{"@type":"SearchAction","target":{"@type":"EntryPoint","urlTemplate":"https:\/\/gnistan.fi\/?s={search_term_string}"},"query-input":{"@type":"PropertyValueSpecification","valueRequired":true,"valueName":"search_term_string"}}],"inLanguage":"en-US"},{"@type":"Organization","@id":"https:\/\/gnistan.fi\/#organization","name":"IF Gnistan","url":"https:\/\/gnistan.fi\/","logo":{"@type":"ImageObject","inLanguage":"en-US","@id":"https:\/\/gnistan.fi\/#\/schema\/logo\/image\/","url":"https:\/\/gnistan.fi\/wp-content\/uploads\/2019\/10\/if-gnistan-vector-logo.svg","contentUrl":"https:\/\/gnistan.fi\/wp-content\/uploads\/2019\/10\/if-gnistan-vector-logo.svg","width":269,"height":314,"caption":"IF Gnistan"},"image":{"@id":"https:\/\/gnistan.fi\/#\/schema\/logo\/image\/"},"sameAs":["https:\/\/facebook.com\/ifgnistan","https:\/\/x.com\/ifgnistan1924","https:\/\/instagram.com\/ifgnistan1924","https:\/\/www.linkedin.com\/company\/ifgnistan\/"]}]}},"jetpack_sharing_enabled":true,"_links":{"self":[{"href":"https:\/\/gnistan.fi\/en\/wp-json\/wp\/v2\/pages\/14068","targetHints":{"allow":["GET"]}}],"collection":[{"href":"https:\/\/gnistan.fi\/en\/wp-json\/wp\/v2\/pages"}],"about":[{"href":"https:\/\/gnistan.fi\/en\/wp-json\/wp\/v2\/types\/page"}],"author":[{"embeddable":true,"href":"https:\/\/gnistan.fi\/en\/wp-json\/wp\/v2\/users\/1"}],"replies":[{"embeddable":true,"href":"https:\/\/gnistan.fi\/en\/wp-json\/wp\/v2\/comments?post=14068"}],"version-history":[{"count":0,"href":"https:\/\/gnistan.fi\/en\/wp-json\/wp\/v2\/pages\/14068\/revisions"}],"wp:featuredmedia":[{"embeddable":true,"href":"https:\/\/gnistan.fi\/en\/wp-json\/wp\/v2\/media\/36703"}],"wp:attachment":[{"href":"https:\/\/gnistan.fi\/en\/wp-json\/wp\/v2\/media?parent=14068"}],"curies":[{"name":"wp","href":"https:\/\/api.w.org\/{rel}","templated":true}]}}