{"id":14025,"date":"2019-10-18T11:21:29","date_gmt":"2019-10-18T08:21:29","guid":{"rendered":"https:\/\/gnistan.fi\/?page_id=14025"},"modified":"2026-04-07T13:12:06","modified_gmt":"2026-04-07T10:12:06","slug":"kenttavaraukset","status":"publish","type":"page","link":"https:\/\/gnistan.fi\/en\/kenttavaraukset\/","title":{"rendered":"Field reservations"},"content":{"rendered":"\t\t<div data-elementor-type=\"wp-page\" data-elementor-id=\"14025\" class=\"elementor elementor-14025\" data-elementor-post-type=\"page\">\n\t\t\t\t<div class=\"elementor-element elementor-element-5c49db95 e-flex e-con-boxed e-con e-parent\" data-id=\"5c49db95\" data-element_type=\"container\" data-e-type=\"container\">\n\t\t\t\t\t<div class=\"e-con-inner\">\n\t\t\t\t<div class=\"elementor-element elementor-element-66404641 elementor-widget elementor-widget-text-editor\" data-id=\"66404641\" data-element_type=\"widget\" data-e-type=\"widget\" data-widget_type=\"text-editor.default\">\n\t\t\t\t\t\t\t\t\t\n<h2>Markku.fi Areena<\/h2>\n<!-- myTurn embed JS - start -->\n<div class=\"myturn-embed\" data-url=\"https:\/\/myturn.taikala.com\/clubs\/129\/embeds\/317?token=9ca6016ea69fa5aed83f5eb96e47ecb8877076e9\">\u00a0<\/div>\n<p><script>(function(d, s, id) { var js, mjs = d.getElementsByTagName(s)[0]; if (d.getElementById(id)) return; js = d.createElement(s); js.id = id; js.async = true; js.src = \"https:\/\/myturn.taikala.com\/myturn-embed.js\"; mjs.parentNode.insertBefore(js, mjs); }(document, 'script', 'myturn-embed-js'));<\/script><\/p>\n<!-- myTurn embed JS - end -->\n<h2>Pikkupekka Areena<\/h2>\n<!-- myTurn embed JS - start -->\n<div class=\"myturn-embed\" data-url=\"https:\/\/myturn.taikala.com\/clubs\/129\/embeds\/318?token=0580ea005bc6c9eb320e0141f7e33798a216be58\">\u00a0<\/div>\n<p><script>(function(d, s, id) { var js, mjs = d.getElementsByTagName(s)[0]; if (d.getElementById(id)) return; js = d.createElement(s); js.id = id; js.async = true; js.src = \"https:\/\/myturn.taikala.com\/myturn-embed.js\"; mjs.parentNode.insertBefore(js, mjs); }(document, 'script', 'myturn-embed-js'));<\/script><\/p>\n<!-- myTurn embed JS - end -->\n<h2>Expandia-kerhotila<\/h2>\n<h2><!-- myTurn embed JS - start --><\/h2>\n<div class=\"myturn-embed\" data-url=\"https:\/\/myturn.taikala.com\/clubs\/129\/embeds\/321?token=9c6afd15c52239353cf4123f79a448f04f06ae10\">\u00a0<\/div>\n<h2><script>(function(d, s, id) { var js, mjs = d.getElementsByTagName(s)[0]; if (d.getElementById(id)) return; js = d.createElement(s); js.id = id; js.async = true; js.src = \"https:\/\/myturn.taikala.com\/myturn-embed.js\"; mjs.parentNode.insertBefore(js, mjs); }(document, 'script', 'myturn-embed-js'));<\/script> <!-- myTurn embed JS - end --><\/h2>\n<h2>Markku.fi p\u00e4\u00e4katsomon vip-lounge<\/h2>\n<!-- myTurn embed JS - start -->\n<div class=\"myturn-embed\" data-url=\"https:\/\/myturn.taikala.com\/clubs\/129\/embeds\/346?token=352c29a88427cf7584d01723a262dc53d267dd7d\">\u00a0<\/div>\n<p><script>(function(d, s, id) { var js, mjs = d.getElementsByTagName(s)[0]; if (d.getElementById(id)) return; js = d.createElement(s); js.id = id; js.async = true; js.src = \"https:\/\/myturn.taikala.com\/myturn-embed.js\"; mjs.parentNode.insertBefore(js, mjs); }(document, 'script', 'myturn-embed-js'));<\/script><\/p>\n<!-- myTurn embed JS - end -->\n<h2>Markku.fi Punttisali<\/h2>\n<h2><!-- myTurn embed JS - start --><\/h2>\n<div class=\"myturn-embed\" data-url=\"https:\/\/myturn.taikala.com\/clubs\/129\/embeds\/323?token=59aa336127812f6d96b7cd30775c33b3c1bda19f\">\u00a0<\/div>\n<h2><script>(function(d, s, id) { var js, mjs = d.getElementsByTagName(s)[0]; if (d.getElementById(id)) return; js = d.createElement(s); js.id = id; js.async = true; js.src = \"https:\/\/myturn.taikala.com\/myturn-embed.js\"; mjs.parentNode.insertBefore(js, mjs); }(document, 'script', 'myturn-embed-js'));<\/script> <!-- myTurn embed JS - end --><\/h2>\n<!-- myTurn embed JS - end -->\n<h2>Markku.fi ulkopunttisali<\/h2>\n<h2><!-- myTurn embed JS - start --><\/h2>\n<div class=\"myturn-embed\" data-url=\"https:\/\/myturn.taikala.com\/clubs\/129\/embeds\/324?token=de46e53f339618c8deeb7762f5fad9fbfb09aea1\">\u00a0<\/div>\n<h2><script>(function(d, s, id) { var js, mjs = d.getElementsByTagName(s)[0]; if (d.getElementById(id)) return; js = d.createElement(s); js.id = id; js.async = true; js.src = \"https:\/\/myturn.taikala.com\/myturn-embed.js\"; mjs.parentNode.insertBefore(js, mjs); }(document, 'script', 'myturn-embed-js'));<\/script><\/h2>\n<h2>Pallomylly (Myllypuro)<\/h2>\n<!-- myTurn embed JS - start -->\n<div class=\"myturn-embed\" data-url=\"https:\/\/myturn.taikala.com\/clubs\/129\/embeds\/348?token=73072b2922d5f8e09f19eba7ab6c2a2cfb3f9506\">\u00a0<\/div>\n<p><script>(function(d, s, id) { var js, mjs = d.getElementsByTagName(s)[0]; if (d.getElementById(id)) return; js = d.createElement(s); js.id = id; js.async = true; js.src = \"https:\/\/myturn.taikala.com\/myturn-embed.js\"; mjs.parentNode.insertBefore(js, mjs); }(document, 'script', 'myturn-embed-js'));<\/script><\/p>\n<!-- myTurn embed JS - end -->\n<h2>Talin jalkapallohalli<\/h2>\n<!-- myTurn embed JS - start -->\n<div class=\"myturn-embed\" data-url=\"https:\/\/myturn.taikala.com\/clubs\/129\/embeds\/349?token=65b1781866672acfbbde0920a39d54f562ec24e6\">\u00a0<\/div>\n<p><script>(function(d, s, id) { var js, mjs = d.getElementsByTagName(s)[0]; if (d.getElementById(id)) return; js = d.createElement(s); js.id = id; js.async = true; js.src = \"https:\/\/myturn.taikala.com\/myturn-embed.js\"; mjs.parentNode.insertBefore(js, mjs); }(document, 'script', 'myturn-embed-js'));<\/script><\/p>\n<!-- myTurn embed JS - end -->\n<h2>T\u00f6\u00f6l\u00f6n pallokentt\u00e4 3<\/h2>\n<!-- myTurn embed JS - start -->\n<div class=\"myturn-embed\" data-url=\"https:\/\/myturn.taikala.com\/clubs\/129\/embeds\/350?token=9a631b9469285416538d00569ffb79eeee657868\">\u00a0<\/div>\n<p><script>(function(d, s, id) { var js, mjs = d.getElementsByTagName(s)[0]; if (d.getElementById(id)) return; js = d.createElement(s); js.id = id; js.async = true; js.src = \"https:\/\/myturn.taikala.com\/myturn-embed.js\"; mjs.parentNode.insertBefore(js, mjs); }(document, 'script', 'myturn-embed-js'));<\/script><\/p>\n<!-- myTurn embed JS - end -->\n<h2><!-- myTurn embed JS - end --><\/h2>\t\t\t\t\t\t\t\t<\/div>\n\t\t\t\t\t<\/div>\n\t\t\t\t<\/div>\n\t\t\t\t<\/div>\n\t\t","protected":false},"excerpt":{"rendered":"<p>Markku.fi Areena \u00a0 Pikkupekka Areena \u00a0 Expandia-kerhotila \u00a0 Markku.fi p\u00e4\u00e4katsomon vip-lounge \u00a0 Markku.fi Punttisali \u00a0 Markku.fi ulkopunttisali \u00a0 Pallomylly (Myllypuro) \u00a0 Talin jalkapallohalli \u00a0 T\u00f6\u00f6l\u00f6n pallokentt\u00e4 3 \u00a0<\/p>","protected":false},"author":1,"featured_media":36703,"parent":0,"menu_order":0,"comment_status":"closed","ping_status":"closed","template":"","meta":{"_acf_changed":false,"footnotes":""},"class_list":["post-14025","page","type-page","status-publish","has-post-thumbnail","hentry"],"acf":[],"yoast_head":"<!-- This site is optimized with the Yoast SEO plugin v27.3 - https:\/\/yoast.com\/product\/yoast-seo-wordpress\/ -->\n<title>Kentt\u00e4varaukset - IF Gnistan<\/title>\n<meta name=\"robots\" content=\"index, follow, max-snippet:-1, max-image-preview:large, max-video-preview:-1\" \/>\n<link rel=\"canonical\" href=\"https:\/\/gnistan.fi\/en\/kenttavaraukset\/\" \/>\n<meta property=\"og:locale\" content=\"en_US\" \/>\n<meta property=\"og:type\" content=\"article\" \/>\n<meta property=\"og:title\" content=\"Kentt\u00e4varaukset - IF Gnistan\" \/>\n<meta property=\"og:description\" content=\"Markku.fi Areena \u00a0 Pikkupekka Areena \u00a0 Expandia-kerhotila \u00a0 Markku.fi p\u00e4\u00e4katsomon vip-lounge \u00a0 Markku.fi Punttisali \u00a0 Markku.fi ulkopunttisali \u00a0 Pallomylly (Myllypuro) \u00a0 Talin jalkapallohalli \u00a0 T\u00f6\u00f6l\u00f6n pallokentt\u00e4 3 \u00a0\" \/>\n<meta property=\"og:url\" content=\"https:\/\/gnistan.fi\/en\/kenttavaraukset\/\" \/>\n<meta property=\"og:site_name\" content=\"IF Gnistan\" \/>\n<meta property=\"article:publisher\" content=\"https:\/\/facebook.com\/ifgnistan\" \/>\n<meta property=\"article:modified_time\" content=\"2026-04-07T10:12:06+00:00\" \/>\n<meta property=\"og:image\" content=\"https:\/\/gnistan.fi\/wp-content\/uploads\/2024\/11\/gnistan-default-featured-2024-c.webp\" \/>\n\t<meta property=\"og:image:width\" content=\"1920\" \/>\n\t<meta property=\"og:image:height\" content=\"1080\" \/>\n\t<meta property=\"og:image:type\" content=\"image\/webp\" \/>\n<meta name=\"twitter:card\" content=\"summary_large_image\" \/>\n<meta name=\"twitter:site\" content=\"@ifgnistan1924\" \/>\n<meta name=\"twitter:label1\" content=\"Est. reading time\" \/>\n\t<meta name=\"twitter:data1\" content=\"1 minute\" \/>\n<script type=\"application\/ld+json\" class=\"yoast-schema-graph\">{\"@context\":\"https:\\\/\\\/schema.org\",\"@graph\":[{\"@type\":\"WebPage\",\"@id\":\"https:\\\/\\\/gnistan.fi\\\/kenttavaraukset\\\/\",\"url\":\"https:\\\/\\\/gnistan.fi\\\/kenttavaraukset\\\/\",\"name\":\"Kentt\u00e4varaukset - IF Gnistan\",\"isPartOf\":{\"@id\":\"https:\\\/\\\/gnistan.fi\\\/#website\"},\"primaryImageOfPage\":{\"@id\":\"https:\\\/\\\/gnistan.fi\\\/kenttavaraukset\\\/#primaryimage\"},\"image\":{\"@id\":\"https:\\\/\\\/gnistan.fi\\\/kenttavaraukset\\\/#primaryimage\"},\"thumbnailUrl\":\"https:\\\/\\\/gnistan.fi\\\/wp-content\\\/uploads\\\/2024\\\/11\\\/gnistan-default-featured-2024-c.webp\",\"datePublished\":\"2019-10-18T08:21:29+00:00\",\"dateModified\":\"2026-04-07T10:12:06+00:00\",\"breadcrumb\":{\"@id\":\"https:\\\/\\\/gnistan.fi\\\/kenttavaraukset\\\/#breadcrumb\"},\"inLanguage\":\"en-US\",\"potentialAction\":[{\"@type\":\"ReadAction\",\"target\":[\"https:\\\/\\\/gnistan.fi\\\/kenttavaraukset\\\/\"]}]},{\"@type\":\"ImageObject\",\"inLanguage\":\"en-US\",\"@id\":\"https:\\\/\\\/gnistan.fi\\\/kenttavaraukset\\\/#primaryimage\",\"url\":\"https:\\\/\\\/gnistan.fi\\\/wp-content\\\/uploads\\\/2024\\\/11\\\/gnistan-default-featured-2024-c.webp\",\"contentUrl\":\"https:\\\/\\\/gnistan.fi\\\/wp-content\\\/uploads\\\/2024\\\/11\\\/gnistan-default-featured-2024-c.webp\",\"width\":1920,\"height\":1080},{\"@type\":\"BreadcrumbList\",\"@id\":\"https:\\\/\\\/gnistan.fi\\\/kenttavaraukset\\\/#breadcrumb\",\"itemListElement\":[{\"@type\":\"ListItem\",\"position\":1,\"name\":\"Etusivu\",\"item\":\"https:\\\/\\\/gnistan.fi\\\/\"},{\"@type\":\"ListItem\",\"position\":2,\"name\":\"Kentt\u00e4varaukset\"}]},{\"@type\":\"WebSite\",\"@id\":\"https:\\\/\\\/gnistan.fi\\\/#website\",\"url\":\"https:\\\/\\\/gnistan.fi\\\/\",\"name\":\"IF Gnistan\",\"description\":\"Viralliset sivut\",\"publisher\":{\"@id\":\"https:\\\/\\\/gnistan.fi\\\/#organization\"},\"potentialAction\":[{\"@type\":\"SearchAction\",\"target\":{\"@type\":\"EntryPoint\",\"urlTemplate\":\"https:\\\/\\\/gnistan.fi\\\/?s={search_term_string}\"},\"query-input\":{\"@type\":\"PropertyValueSpecification\",\"valueRequired\":true,\"valueName\":\"search_term_string\"}}],\"inLanguage\":\"en-US\"},{\"@type\":\"Organization\",\"@id\":\"https:\\\/\\\/gnistan.fi\\\/#organization\",\"name\":\"IF Gnistan\",\"url\":\"https:\\\/\\\/gnistan.fi\\\/\",\"logo\":{\"@type\":\"ImageObject\",\"inLanguage\":\"en-US\",\"@id\":\"https:\\\/\\\/gnistan.fi\\\/#\\\/schema\\\/logo\\\/image\\\/\",\"url\":\"https:\\\/\\\/gnistan.fi\\\/wp-content\\\/uploads\\\/2019\\\/10\\\/if-gnistan-vector-logo.svg\",\"contentUrl\":\"https:\\\/\\\/gnistan.fi\\\/wp-content\\\/uploads\\\/2019\\\/10\\\/if-gnistan-vector-logo.svg\",\"width\":269,\"height\":314,\"caption\":\"IF Gnistan\"},\"image\":{\"@id\":\"https:\\\/\\\/gnistan.fi\\\/#\\\/schema\\\/logo\\\/image\\\/\"},\"sameAs\":[\"https:\\\/\\\/facebook.com\\\/ifgnistan\",\"https:\\\/\\\/x.com\\\/ifgnistan1924\",\"https:\\\/\\\/instagram.com\\\/ifgnistan1924\",\"https:\\\/\\\/www.linkedin.com\\\/company\\\/ifgnistan\\\/\"]}]}<\/script>\n<!-- \/ Yoast SEO plugin. -->","yoast_head_json":{"title":"Kentt\u00e4varaukset - IF Gnistan","robots":{"index":"index","follow":"follow","max-snippet":"max-snippet:-1","max-image-preview":"max-image-preview:large","max-video-preview":"max-video-preview:-1"},"canonical":"https:\/\/gnistan.fi\/en\/kenttavaraukset\/","og_locale":"en_US","og_type":"article","og_title":"Kentt\u00e4varaukset - IF Gnistan","og_description":"Markku.fi Areena \u00a0 Pikkupekka Areena \u00a0 Expandia-kerhotila \u00a0 Markku.fi p\u00e4\u00e4katsomon vip-lounge \u00a0 Markku.fi Punttisali \u00a0 Markku.fi ulkopunttisali \u00a0 Pallomylly (Myllypuro) \u00a0 Talin jalkapallohalli \u00a0 T\u00f6\u00f6l\u00f6n pallokentt\u00e4 3 \u00a0","og_url":"https:\/\/gnistan.fi\/en\/kenttavaraukset\/","og_site_name":"IF Gnistan","article_publisher":"https:\/\/facebook.com\/ifgnistan","article_modified_time":"2026-04-07T10:12:06+00:00","og_image":[{"width":1920,"height":1080,"url":"https:\/\/gnistan.fi\/wp-content\/uploads\/2024\/11\/gnistan-default-featured-2024-c.webp","type":"image\/webp"}],"twitter_card":"summary_large_image","twitter_site":"@ifgnistan1924","twitter_misc":{"Est. reading time":"1 minute"},"schema":{"@context":"https:\/\/schema.org","@graph":[{"@type":"WebPage","@id":"https:\/\/gnistan.fi\/kenttavaraukset\/","url":"https:\/\/gnistan.fi\/kenttavaraukset\/","name":"Kentt\u00e4varaukset - IF Gnistan","isPartOf":{"@id":"https:\/\/gnistan.fi\/#website"},"primaryImageOfPage":{"@id":"https:\/\/gnistan.fi\/kenttavaraukset\/#primaryimage"},"image":{"@id":"https:\/\/gnistan.fi\/kenttavaraukset\/#primaryimage"},"thumbnailUrl":"https:\/\/gnistan.fi\/wp-content\/uploads\/2024\/11\/gnistan-default-featured-2024-c.webp","datePublished":"2019-10-18T08:21:29+00:00","dateModified":"2026-04-07T10:12:06+00:00","breadcrumb":{"@id":"https:\/\/gnistan.fi\/kenttavaraukset\/#breadcrumb"},"inLanguage":"en-US","potentialAction":[{"@type":"ReadAction","target":["https:\/\/gnistan.fi\/kenttavaraukset\/"]}]},{"@type":"ImageObject","inLanguage":"en-US","@id":"https:\/\/gnistan.fi\/kenttavaraukset\/#primaryimage","url":"https:\/\/gnistan.fi\/wp-content\/uploads\/2024\/11\/gnistan-default-featured-2024-c.webp","contentUrl":"https:\/\/gnistan.fi\/wp-content\/uploads\/2024\/11\/gnistan-default-featured-2024-c.webp","width":1920,"height":1080},{"@type":"BreadcrumbList","@id":"https:\/\/gnistan.fi\/kenttavaraukset\/#breadcrumb","itemListElement":[{"@type":"ListItem","position":1,"name":"Etusivu","item":"https:\/\/gnistan.fi\/"},{"@type":"ListItem","position":2,"name":"Kentt\u00e4varaukset"}]},{"@type":"WebSite","@id":"https:\/\/gnistan.fi\/#website","url":"https:\/\/gnistan.fi\/","name":"IF Gnistan","description":"Viralliset sivut","publisher":{"@id":"https:\/\/gnistan.fi\/#organization"},"potentialAction":[{"@type":"SearchAction","target":{"@type":"EntryPoint","urlTemplate":"https:\/\/gnistan.fi\/?s={search_term_string}"},"query-input":{"@type":"PropertyValueSpecification","valueRequired":true,"valueName":"search_term_string"}}],"inLanguage":"en-US"},{"@type":"Organization","@id":"https:\/\/gnistan.fi\/#organization","name":"IF Gnistan","url":"https:\/\/gnistan.fi\/","logo":{"@type":"ImageObject","inLanguage":"en-US","@id":"https:\/\/gnistan.fi\/#\/schema\/logo\/image\/","url":"https:\/\/gnistan.fi\/wp-content\/uploads\/2019\/10\/if-gnistan-vector-logo.svg","contentUrl":"https:\/\/gnistan.fi\/wp-content\/uploads\/2019\/10\/if-gnistan-vector-logo.svg","width":269,"height":314,"caption":"IF Gnistan"},"image":{"@id":"https:\/\/gnistan.fi\/#\/schema\/logo\/image\/"},"sameAs":["https:\/\/facebook.com\/ifgnistan","https:\/\/x.com\/ifgnistan1924","https:\/\/instagram.com\/ifgnistan1924","https:\/\/www.linkedin.com\/company\/ifgnistan\/"]}]}},"jetpack_sharing_enabled":true,"_links":{"self":[{"href":"https:\/\/gnistan.fi\/en\/wp-json\/wp\/v2\/pages\/14025","targetHints":{"allow":["GET"]}}],"collection":[{"href":"https:\/\/gnistan.fi\/en\/wp-json\/wp\/v2\/pages"}],"about":[{"href":"https:\/\/gnistan.fi\/en\/wp-json\/wp\/v2\/types\/page"}],"author":[{"embeddable":true,"href":"https:\/\/gnistan.fi\/en\/wp-json\/wp\/v2\/users\/1"}],"replies":[{"embeddable":true,"href":"https:\/\/gnistan.fi\/en\/wp-json\/wp\/v2\/comments?post=14025"}],"version-history":[{"count":20,"href":"https:\/\/gnistan.fi\/en\/wp-json\/wp\/v2\/pages\/14025\/revisions"}],"predecessor-version":[{"id":44897,"href":"https:\/\/gnistan.fi\/en\/wp-json\/wp\/v2\/pages\/14025\/revisions\/44897"}],"wp:featuredmedia":[{"embeddable":true,"href":"https:\/\/gnistan.fi\/en\/wp-json\/wp\/v2\/media\/36703"}],"wp:attachment":[{"href":"https:\/\/gnistan.fi\/en\/wp-json\/wp\/v2\/media?parent=14025"}],"curies":[{"name":"wp","href":"https:\/\/api.w.org\/{rel}","templated":true}]}}