{"id":13797,"date":"2019-10-14T19:18:32","date_gmt":"2019-10-14T16:18:32","guid":{"rendered":"https:\/\/gnistan.fi\/?page_id=13797"},"modified":"2019-10-14T23:11:53","modified_gmt":"2019-10-14T20:11:53","slug":"historia","status":"publish","type":"page","link":"https:\/\/gnistan.fi\/en\/historia\/","title":{"rendered":"History"},"content":{"rendered":"<p>\u00c5ggelby Fotbollsklubb, the first sports club in Oulunkyl\u00e4, was established in 1907. This means that football has been played in Oulunkyl\u00e4 ever since the early days of organised football in Finland. The Football Association of Finland and HJK Helsinki were established in the same year.<\/p>\n\n\n\n<p>Idrottsf\u00f6reningen Gnistan was established by half a dozen students of Svenska Reallyceum and \u00c5ggelby Svenska Samskola in Oulunkyl\u00e4 in 1924. IF Gnistan was initially focused on cross-country skiing, athletics, swimming and Finnish baseball, although it is likely that football was also played since the early days. Finnish baseball being among IF Gnistan's sports was somewhat unusual, as the sport had never gained much of a foothold among Swedish-speaking Finns, nor was it a popular activity in physical education classes in Swedish-speaking schools. This is probably due to the fact that Gnistan's membership has always been highly bilingual in spite of being established by Swedish speakers.<\/p>\n\n\n\n<p>Football became a well-established sport for Gnistan in the 1930s when IF Sportaren, a small club founded in Oulunkyl\u00e4 and mockingly dubbed \"the Kuckubacka team\", joined Gnistan.  A football section was established in Gnistan at the insistence of the Kuckubackans, and Gnistan soon developed into a formidable opponent for small clubs in the Helsinki region. When Oulunkyl\u00e4\u2019s magnificent sports field was completed in 1934, it provided an excellent venue for playing football. The following year, Gnistan joined the Helsinki district of the Football Association of Finland.<\/p>\n\n\n\n<p>While no significant success was accomplished in the club's first year in the district league, the second year brought a sweet victory in the Autumn Cup with a 1-0 win against HJK.  Visiting teams were eager to play at the Oulunkyl\u00e4 field, which meant that Gnistan hosted a number of friendly matches with clubs such as HPS, which had several national team players in its line-up. Gnistan was also active in athletics in the late 1930s, going up against clubs such as Malmin Ponnistajat, Tapanilan Er\u00e4 and the new local rival Oulunkyl\u00e4n Urheilijat (OKU). The club had rented a coffee pavilion from the city in Pikkukoski, which provided a fine setting for meetings as well as popular dance events on summer Saturday evenings.<\/p>\n\n\n\n<p>All of this vibrant activity was then brought to a halt when the war began and young men were called up for service. The arduous task of reviving the club's operations began in 1945. A planned merger with Oulunkyl\u00e4n Urheilijat was ultimately rejected, and Gnistan's activities started to get going in earnest.<\/p>\n\n\n\n<p>The club's junior football operations started in 1945 with B and C junior teams participating in district leagues. The first team won its first district championship in 1947 in the district's third tier. The team was promoted to the regional league in 1958 and would stay at that level or higher from then on.<\/p>\n\n\n\n<p>When Gnistan celebrated its 25th anniversary in 1949, it had approximately 300 members, an active athletics section that organised eight inter-club athletics meets, and a first team in men's football that held on to its place in the regional league. More history was made when Gnistan established its first international contacts by having the football team visit Sk\u00e6lsk\u00f8r in Denmark.<\/p>\n\n\n\n<p>One of the sweetest victories in Gnistan's early football history was achieved in 1957, in a Finnish Cup match that was also a betting fixture. Gnistan beat Gamlakarleby Bollklubb, a club from the second-highest tier of Finnish football, by an impressive score of 5-3. In winter, bandy and handball were the main sports in place of football. Gnistan won a district championship in bandy in the fourth tier, and the handball team competed in the second tier for a while. Junior sports were expanded to include the D-junior level, but no significant success was achieved due to a lack of coaches. Gnistan's football activities were still largely focused on the first team.<\/p>\n\n\n\n<p>The club remained active in athletics throughout the 1950s, and cross-country skiing maintained a stable position among Gnistan's sports. Other sports included orienteering, women\u2019s gymnastics, table tennis and cross-country running. At the turn of the decade, as the club approached its 40th anniversary, the old leadership began to step down. \u201cBobo\u201d Krabbe, who had been chairman since Gnistan was first established, vacated his position and was succeeded by Ernst Fogden, whose primary interest was athletics. However, he would only serve as chairman for one year. As society changed, it became clear that a small club could no longer spread its limited resources between many different sports. As cross-country skiing and athletics were phased out, Gnistan became exclusively a football club and Jacob S\u00f6derman was elected as its chairman.<\/p>\n\n\n\n<p>In the 1960s, the first team performed well and won a district championship in tier 1B. Promotion to the second-highest tier of Finnish football was occasionally close, but the team did not quite get there. Around the mid-1960s, Gnistan became much more active in junior football. In 1966, Gnistan\u2019s B-junior team took a trip to Norrt\u00e4lje in Sweden, which helped to accelerate the development of junior football. Nevertheless, the process of refocusing on football was not without its complications. With club chairman Jacob S\u00f6derman starting to take on more demanding challenges in his career outside Gnistan, the club's very existence was at risk for a time. Stig K\u00e4mpe emerged as the club's saviour by taking on the role of chairman during a difficult transition period in 1968\u20131969. The following year, Nils Andersson took over as chairman, providing much-needed continuity. Gnistan\u2019s evolution into one of the strongest developers of junior footballers in the Helsinki district could now begin.<\/p>\n\n\n\n<p><strong><b>Sources:<\/b> Gnistan anniversary publication 2004, IF Gnistan ry; Oulunkyl\u00e4 \u2013 \u00c5ggelby Vihre\u00e4 idylli, Maunu Harmo, Oulunkyl\u00e4-seura ry, 1987.<\/strong> Gnistan anniversary publication 2004, IF Gnistan ry; Oulunkyl\u00e4 \u2013 \u00c5ggelby Vihre\u00e4 idylli, Maunu Harmo, Oulunkyl\u00e4-seura ry, 1987.<\/p>","protected":false},"excerpt":{"rendered":"<p>Oulunkyl\u00e4n ensimm\u00e4inen urheiluseura \u00c5ggelby Fotbollsklubb perustetiin jo vuonna 1907. Jalkapalloa on n\u00e4in ollen pelattu Oulunkyl\u00e4ss\u00e4 niist\u00e4 ajoista asti, jolloin j\u00e4rjestetty jalkapallotoiminta Suomessa alkoi. Suomen Palloliitto ja Helsingin Jalkapalloklubi perustettiin samaisena vuonna. Idrottsf\u00f6reningen Gnistanin perusti puolisen tusinaa Oulunkyl\u00e4ss\u00e4 asuvaa Svenska Reallyceumin ja \u00c5ggelby Svenska Samskolan oppilasta 1924. Alkuaikoina toiminta keskittyi hiihtoon, yleisurheiluun, uintiin ja pes\u00e4palloon, joskin [&hellip;]<\/p>\n","protected":false},"author":1,"featured_media":36703,"parent":0,"menu_order":0,"comment_status":"closed","ping_status":"closed","template":"","meta":{"_acf_changed":false,"footnotes":""},"class_list":["post-13797","page","type-page","status-publish","has-post-thumbnail","hentry"],"acf":[],"yoast_head":"<!-- This site is optimized with the Yoast SEO plugin v27.3 - https:\/\/yoast.com\/product\/yoast-seo-wordpress\/ -->\n<title>Historia - IF Gnistan<\/title>\n<meta name=\"robots\" content=\"index, follow, max-snippet:-1, max-image-preview:large, max-video-preview:-1\" \/>\n<link rel=\"canonical\" href=\"https:\/\/gnistan.fi\/en\/historia\/\" \/>\n<meta property=\"og:locale\" content=\"en_US\" \/>\n<meta property=\"og:type\" content=\"article\" \/>\n<meta property=\"og:title\" content=\"Historia - IF Gnistan\" \/>\n<meta property=\"og:description\" content=\"Oulunkyl\u00e4n ensimm\u00e4inen urheiluseura \u00c5ggelby Fotbollsklubb perustetiin jo vuonna 1907. Jalkapalloa on n\u00e4in ollen pelattu Oulunkyl\u00e4ss\u00e4 niist\u00e4 ajoista asti, jolloin j\u00e4rjestetty jalkapallotoiminta Suomessa alkoi. Suomen Palloliitto ja Helsingin Jalkapalloklubi perustettiin samaisena vuonna. Idrottsf\u00f6reningen Gnistanin perusti puolisen tusinaa Oulunkyl\u00e4ss\u00e4 asuvaa Svenska Reallyceumin ja \u00c5ggelby Svenska Samskolan oppilasta 1924. Alkuaikoina toiminta keskittyi hiihtoon, yleisurheiluun, uintiin ja pes\u00e4palloon, joskin [&hellip;]\" \/>\n<meta property=\"og:url\" content=\"https:\/\/gnistan.fi\/en\/historia\/\" \/>\n<meta property=\"og:site_name\" content=\"IF Gnistan\" \/>\n<meta property=\"article:publisher\" content=\"https:\/\/facebook.com\/ifgnistan\" \/>\n<meta property=\"article:modified_time\" content=\"2019-10-14T20:11:53+00:00\" \/>\n<meta property=\"og:image\" content=\"https:\/\/gnistan.fi\/wp-content\/uploads\/2024\/11\/gnistan-default-featured-2024-c.webp\" \/>\n\t<meta property=\"og:image:width\" content=\"1920\" \/>\n\t<meta property=\"og:image:height\" content=\"1080\" \/>\n\t<meta property=\"og:image:type\" content=\"image\/webp\" \/>\n<meta name=\"twitter:card\" content=\"summary_large_image\" \/>\n<meta name=\"twitter:site\" content=\"@ifgnistan1924\" \/>\n<meta name=\"twitter:label1\" content=\"Est. reading time\" \/>\n\t<meta name=\"twitter:data1\" content=\"3 minutes\" \/>\n<script type=\"application\/ld+json\" class=\"yoast-schema-graph\">{\"@context\":\"https:\\\/\\\/schema.org\",\"@graph\":[{\"@type\":\"WebPage\",\"@id\":\"https:\\\/\\\/gnistan.fi\\\/en\\\/historia\\\/\",\"url\":\"https:\\\/\\\/gnistan.fi\\\/en\\\/historia\\\/\",\"name\":\"Historia - IF Gnistan\",\"isPartOf\":{\"@id\":\"https:\\\/\\\/gnistan.fi\\\/#website\"},\"primaryImageOfPage\":{\"@id\":\"https:\\\/\\\/gnistan.fi\\\/en\\\/historia\\\/#primaryimage\"},\"image\":{\"@id\":\"https:\\\/\\\/gnistan.fi\\\/en\\\/historia\\\/#primaryimage\"},\"thumbnailUrl\":\"https:\\\/\\\/gnistan.fi\\\/wp-content\\\/uploads\\\/2024\\\/11\\\/gnistan-default-featured-2024-c.webp\",\"datePublished\":\"2019-10-14T16:18:32+00:00\",\"dateModified\":\"2019-10-14T20:11:53+00:00\",\"breadcrumb\":{\"@id\":\"https:\\\/\\\/gnistan.fi\\\/en\\\/historia\\\/#breadcrumb\"},\"inLanguage\":\"en-US\",\"potentialAction\":[{\"@type\":\"ReadAction\",\"target\":[\"https:\\\/\\\/gnistan.fi\\\/en\\\/historia\\\/\"]}]},{\"@type\":\"ImageObject\",\"inLanguage\":\"en-US\",\"@id\":\"https:\\\/\\\/gnistan.fi\\\/en\\\/historia\\\/#primaryimage\",\"url\":\"https:\\\/\\\/gnistan.fi\\\/wp-content\\\/uploads\\\/2024\\\/11\\\/gnistan-default-featured-2024-c.webp\",\"contentUrl\":\"https:\\\/\\\/gnistan.fi\\\/wp-content\\\/uploads\\\/2024\\\/11\\\/gnistan-default-featured-2024-c.webp\",\"width\":1920,\"height\":1080},{\"@type\":\"BreadcrumbList\",\"@id\":\"https:\\\/\\\/gnistan.fi\\\/en\\\/historia\\\/#breadcrumb\",\"itemListElement\":[{\"@type\":\"ListItem\",\"position\":1,\"name\":\"Etusivu\",\"item\":\"https:\\\/\\\/gnistan.fi\\\/\"},{\"@type\":\"ListItem\",\"position\":2,\"name\":\"Historia\"}]},{\"@type\":\"WebSite\",\"@id\":\"https:\\\/\\\/gnistan.fi\\\/#website\",\"url\":\"https:\\\/\\\/gnistan.fi\\\/\",\"name\":\"IF Gnistan\",\"description\":\"Viralliset sivut\",\"publisher\":{\"@id\":\"https:\\\/\\\/gnistan.fi\\\/#organization\"},\"potentialAction\":[{\"@type\":\"SearchAction\",\"target\":{\"@type\":\"EntryPoint\",\"urlTemplate\":\"https:\\\/\\\/gnistan.fi\\\/?s={search_term_string}\"},\"query-input\":{\"@type\":\"PropertyValueSpecification\",\"valueRequired\":true,\"valueName\":\"search_term_string\"}}],\"inLanguage\":\"en-US\"},{\"@type\":\"Organization\",\"@id\":\"https:\\\/\\\/gnistan.fi\\\/#organization\",\"name\":\"IF Gnistan\",\"url\":\"https:\\\/\\\/gnistan.fi\\\/\",\"logo\":{\"@type\":\"ImageObject\",\"inLanguage\":\"en-US\",\"@id\":\"https:\\\/\\\/gnistan.fi\\\/#\\\/schema\\\/logo\\\/image\\\/\",\"url\":\"https:\\\/\\\/gnistan.fi\\\/wp-content\\\/uploads\\\/2019\\\/10\\\/if-gnistan-vector-logo.svg\",\"contentUrl\":\"https:\\\/\\\/gnistan.fi\\\/wp-content\\\/uploads\\\/2019\\\/10\\\/if-gnistan-vector-logo.svg\",\"width\":269,\"height\":314,\"caption\":\"IF Gnistan\"},\"image\":{\"@id\":\"https:\\\/\\\/gnistan.fi\\\/#\\\/schema\\\/logo\\\/image\\\/\"},\"sameAs\":[\"https:\\\/\\\/facebook.com\\\/ifgnistan\",\"https:\\\/\\\/x.com\\\/ifgnistan1924\",\"https:\\\/\\\/instagram.com\\\/ifgnistan1924\",\"https:\\\/\\\/www.linkedin.com\\\/company\\\/ifgnistan\\\/\"]}]}<\/script>\n<!-- \/ Yoast SEO plugin. -->","yoast_head_json":{"title":"Historia - IF Gnistan","robots":{"index":"index","follow":"follow","max-snippet":"max-snippet:-1","max-image-preview":"max-image-preview:large","max-video-preview":"max-video-preview:-1"},"canonical":"https:\/\/gnistan.fi\/en\/historia\/","og_locale":"en_US","og_type":"article","og_title":"Historia - IF Gnistan","og_description":"Oulunkyl\u00e4n ensimm\u00e4inen urheiluseura \u00c5ggelby Fotbollsklubb perustetiin jo vuonna 1907. Jalkapalloa on n\u00e4in ollen pelattu Oulunkyl\u00e4ss\u00e4 niist\u00e4 ajoista asti, jolloin j\u00e4rjestetty jalkapallotoiminta Suomessa alkoi. Suomen Palloliitto ja Helsingin Jalkapalloklubi perustettiin samaisena vuonna. Idrottsf\u00f6reningen Gnistanin perusti puolisen tusinaa Oulunkyl\u00e4ss\u00e4 asuvaa Svenska Reallyceumin ja \u00c5ggelby Svenska Samskolan oppilasta 1924. Alkuaikoina toiminta keskittyi hiihtoon, yleisurheiluun, uintiin ja pes\u00e4palloon, joskin [&hellip;]","og_url":"https:\/\/gnistan.fi\/en\/historia\/","og_site_name":"IF Gnistan","article_publisher":"https:\/\/facebook.com\/ifgnistan","article_modified_time":"2019-10-14T20:11:53+00:00","og_image":[{"width":1920,"height":1080,"url":"https:\/\/gnistan.fi\/wp-content\/uploads\/2024\/11\/gnistan-default-featured-2024-c.webp","type":"image\/webp"}],"twitter_card":"summary_large_image","twitter_site":"@ifgnistan1924","twitter_misc":{"Est. reading time":"3 minutes"},"schema":{"@context":"https:\/\/schema.org","@graph":[{"@type":"WebPage","@id":"https:\/\/gnistan.fi\/en\/historia\/","url":"https:\/\/gnistan.fi\/en\/historia\/","name":"Historia - IF Gnistan","isPartOf":{"@id":"https:\/\/gnistan.fi\/#website"},"primaryImageOfPage":{"@id":"https:\/\/gnistan.fi\/en\/historia\/#primaryimage"},"image":{"@id":"https:\/\/gnistan.fi\/en\/historia\/#primaryimage"},"thumbnailUrl":"https:\/\/gnistan.fi\/wp-content\/uploads\/2024\/11\/gnistan-default-featured-2024-c.webp","datePublished":"2019-10-14T16:18:32+00:00","dateModified":"2019-10-14T20:11:53+00:00","breadcrumb":{"@id":"https:\/\/gnistan.fi\/en\/historia\/#breadcrumb"},"inLanguage":"en-US","potentialAction":[{"@type":"ReadAction","target":["https:\/\/gnistan.fi\/en\/historia\/"]}]},{"@type":"ImageObject","inLanguage":"en-US","@id":"https:\/\/gnistan.fi\/en\/historia\/#primaryimage","url":"https:\/\/gnistan.fi\/wp-content\/uploads\/2024\/11\/gnistan-default-featured-2024-c.webp","contentUrl":"https:\/\/gnistan.fi\/wp-content\/uploads\/2024\/11\/gnistan-default-featured-2024-c.webp","width":1920,"height":1080},{"@type":"BreadcrumbList","@id":"https:\/\/gnistan.fi\/en\/historia\/#breadcrumb","itemListElement":[{"@type":"ListItem","position":1,"name":"Etusivu","item":"https:\/\/gnistan.fi\/"},{"@type":"ListItem","position":2,"name":"Historia"}]},{"@type":"WebSite","@id":"https:\/\/gnistan.fi\/#website","url":"https:\/\/gnistan.fi\/","name":"IF Gnistan","description":"Viralliset sivut","publisher":{"@id":"https:\/\/gnistan.fi\/#organization"},"potentialAction":[{"@type":"SearchAction","target":{"@type":"EntryPoint","urlTemplate":"https:\/\/gnistan.fi\/?s={search_term_string}"},"query-input":{"@type":"PropertyValueSpecification","valueRequired":true,"valueName":"search_term_string"}}],"inLanguage":"en-US"},{"@type":"Organization","@id":"https:\/\/gnistan.fi\/#organization","name":"IF Gnistan","url":"https:\/\/gnistan.fi\/","logo":{"@type":"ImageObject","inLanguage":"en-US","@id":"https:\/\/gnistan.fi\/#\/schema\/logo\/image\/","url":"https:\/\/gnistan.fi\/wp-content\/uploads\/2019\/10\/if-gnistan-vector-logo.svg","contentUrl":"https:\/\/gnistan.fi\/wp-content\/uploads\/2019\/10\/if-gnistan-vector-logo.svg","width":269,"height":314,"caption":"IF Gnistan"},"image":{"@id":"https:\/\/gnistan.fi\/#\/schema\/logo\/image\/"},"sameAs":["https:\/\/facebook.com\/ifgnistan","https:\/\/x.com\/ifgnistan1924","https:\/\/instagram.com\/ifgnistan1924","https:\/\/www.linkedin.com\/company\/ifgnistan\/"]}]}},"jetpack_sharing_enabled":true,"_links":{"self":[{"href":"https:\/\/gnistan.fi\/en\/wp-json\/wp\/v2\/pages\/13797","targetHints":{"allow":["GET"]}}],"collection":[{"href":"https:\/\/gnistan.fi\/en\/wp-json\/wp\/v2\/pages"}],"about":[{"href":"https:\/\/gnistan.fi\/en\/wp-json\/wp\/v2\/types\/page"}],"author":[{"embeddable":true,"href":"https:\/\/gnistan.fi\/en\/wp-json\/wp\/v2\/users\/1"}],"replies":[{"embeddable":true,"href":"https:\/\/gnistan.fi\/en\/wp-json\/wp\/v2\/comments?post=13797"}],"version-history":[{"count":0,"href":"https:\/\/gnistan.fi\/en\/wp-json\/wp\/v2\/pages\/13797\/revisions"}],"wp:featuredmedia":[{"embeddable":true,"href":"https:\/\/gnistan.fi\/en\/wp-json\/wp\/v2\/media\/36703"}],"wp:attachment":[{"href":"https:\/\/gnistan.fi\/en\/wp-json\/wp\/v2\/media?parent=13797"}],"curies":[{"name":"wp","href":"https:\/\/api.w.org\/{rel}","templated":true}]}}