{"id":13695,"date":"2019-10-11T08:01:34","date_gmt":"2019-10-11T05:01:34","guid":{"rendered":"https:\/\/gnistan.fi\/?page_id=13695"},"modified":"2025-11-10T11:38:04","modified_gmt":"2025-11-10T09:38:04","slug":"kipinarahasto","status":"publish","type":"page","link":"https:\/\/gnistan.fi\/en\/kipinarahasto\/","title":{"rendered":"Kipin\u00e4rahasto fund"},"content":{"rendered":"<h2 class=\"wp-block-heading has-text-align-center\">HAKUAIKA 10.11-24.11.2025 KAUDELLE 2026 \/ APPLICATION PERIOD 10-24.11.2025 for the 2026 season<br><\/h2>\n\n\n\n<p>KIPIN\u00c4RAHASTO is a fund established by IF Gnistan ry in 2013. The aim of the fund is to provide financial support to the club\u2019s junior players. The rules of the Kipin\u00e4rahasto fund are approved by Gnistan ry's Executive Board.<\/p>\n\n\n\n<p>The aim of the fund is to emphasise responsibility at the club and individual level for young people\u2019s hobbies and to enable individual players to play football in spite of financial difficulties.<\/p>\n\n\n\n<p>Gnistan ry\u2019s junior players and their families are eligible to apply for financial support from the fund. The criteria for the financial support may vary slightly from one season to the next. The primary criteria for being granted the financial support are the family\u2019s financial situation and ability to pay player fees and purchase the necessary equipment. As a rule, camp and match travel and non-footballing events are not covered by the financial support. Financial support from the Kipin\u00e4rahasto fund is granted only to players whose families do not have adequate financial resources. The support is granted only to players who are motivated and committed to playing football. The player\u2019s development potential also a contributing factor in awarding financial support, but it is not a prerequisite.<\/p>\n\n\n\n<p>Decisions on financial support for junior footballers are made by a three-person panel appointed by the Executive Board. Gnistan ry's Executive Board approves the sum and general principles of the financial support based on the Kipin\u00e4rahasto fund's proposal annually before the club's autumn meeting. If Kipin\u00e4rahasto's funds are exhausted, the payment of previously confirmed financial support may be suspended during a financial support period.<\/p>\n\n\n\n<p>The fund is a separate unit with its own account, and its assets cannot be used for activities other than its stipulated purpose. In extreme exceptional circumstances (force majeure conditions), funds may be raised for the Kipin\u00e4rahasto fund, and awarded from the fund, to a beneficiary separately designated by the Executive Board of IF Gnistan ry.<\/p>\n\n\n\n<p>Tuen saamisen edellytyksen\u00e4 oletetaan, ett\u00e4 pelaaja sitoutuu seuraan. Kesken kauden (tammikuu-syyskuu) siirtymisest\u00e4 toiseen seuraan perit\u00e4\u00e4n saadut tukirahat takaisin. <strong><strong>Tukea voi hakea&nbsp;<\/strong>10.11-24.11.2025&nbsp;<strong>&nbsp;&nbsp;v\u00e4lisen\u00e4 aikana t\u00e4ytt\u00e4m\u00e4ll\u00e4 t\u00e4m\u00e4 hakemus.<\/strong><\/strong> Ennen tukien hyv\u00e4ksymist\u00e4 Kipin\u00e4paneeli tarkistaa joukkueenjohtajan puollon tuelle. P\u00e4\u00e4t\u00f6kset ilmoitetaan s\u00e4hk\u00f6postitse 16.12.2025 menness\u00e4 joukkueenjohtajalle, joka informoi joukkueensa hakijoita. Tukikausi alkaa tammikuussa ja p\u00e4\u00e4ttyy syyskuun lopussa, ellei muuta mainita.<\/p>\n\n\n\n<h3 class=\"wp-block-heading\"><a href=\"https:\/\/forms.office.com\/e\/pKCBfGpzh8\">KIPIN\u00c4RAHASTON FUTISSTIPENDI HAKEMUS KAUDELLE 2026 \u2013 Fill out form<\/a><\/h3>\n\n\n\n<p>An application period for financial support can also be opened in the middle of the period subject to a decision by Gnistan ry's Executive Board.<\/p>\n\n\n\n<p>The fundraising activities of the Kipin\u00e4rahasto fund primarily consist of donations from private individuals and businesses, as well as applications for public grants. The fund applies for a money collection permit in accordance with the Money Collection Act. <strong>If you want to support our junior players through the Kipin\u00e4 Fund, you can donate any amount to the account<\/strong> \u2013 THE KIPIN\u00c4RAHASTO FUND'S BANK ACCOUNT: FI53 1347 3000 4135 87<\/p>\n\n\n\n<p>For larger donations, please contact our CEO Ilkka Vanala <a href=\"mailto:ilkka.vanala@gnistan.fi\">ilkka.vanala@gnistan.fi<\/a> <\/p>\n\n\n\n<p>Money collection permit RA\/2024\/766<\/p>\n\n\n\n<p>&#8212;&#8212;&#8212;&#8212;&#8212;&#8212;&#8212;&#8212;&#8212;&#8212;&#8212;&#8212;&#8212;&#8212;&#8212;&#8212;&#8212;&#8212;&#8212;&#8212;&#8212;&#8212;&#8212;&#8212;&#8212;&#8212;&#8212;&#8212;&#8212;&#8212;&#8212;&#8212;&#8212;&#8212;&#8212;&#8212;&#8212;&#8212;&#8211;<\/p>\n\n\n\n<p>KIPIN\u00c4RAHASTO is a fund established by IF Gnistan Ry in 2013, the purpose of which is to financially support the club\u2019s junior players. The rules of the Kipin\u00e4rahasto are confirmed by the board of Gnistan Ry.<\/p>\n\n\n\n<p>The goal of the fund is to emphasize the responsibility of young people at the club and individual level for their hobby and to enable individual players to enjoy their hobby despite financial difficulties.<\/p>\n\n\n\n<p>Gnistan Ry\u2019s junior players and their families can apply for support. The support criteria may vary slightly from season to season. The primary criterion for receiving support is the family\u2019s financial situation and the ability to pay player fees and acquire the necessary equipment. Camp and game trips, as well as events outside of football, are basically outside of support. Support from the Kipin\u00e4rahasto is granted only to those players whose families\u2019 financial resources are insufficient. Support is only granted to players who are motivated and committed to playing football. The player\u2019s development potential also contributes to receiving support, but this factor is not a prerequisite for receiving support.<\/p>\n\n\n\n<p>Support decisions for junior players are made by a three-member panel chosen by the board of the association. Gnistan Ry\u2019s board approves the level of the support amount and the general principles based on Kipin\u00e4rahasto\u2019s proposal every year before the club\u2019s autumn meeting.<\/p>\n\n\n\n<p>The fund is a separate unit, with its own account, and its funds cannot be used for activities other than its stated purpose under any circumstances.<\/p>\n\n\n\n<p>As a condition for receiving support, it is assumed that the player commits to the club. If you transfer to another club in the middle of the season (January-September), the support money received will be recovered. <strong><strong>You can apply for support between 10.11-24.11.2025 by filling out this application<\/strong>.&nbsp;<\/strong> Before accepting the supports, the Kipin\u00e4panel checks the team leader\u2019s side for the support. Decisions will be notified by e-mail by&nbsp;16.12.2025&nbsp;to the team leader, who will inform the applicants of his team. The support period starts in January and ends at the end of September, unless otherwise stated.<\/p>\n\n\n\n<h3 class=\"wp-block-heading\"><a href=\"https:\/\/forms.office.com\/e\/pKCBfGpzh8\">KIPIN\u00c4RAHASTON FUTISSTIPENDI HAKEMUS KAUDELLE 2026 \u2013 Fill out form<\/a><\/h3>\n\n\n\n<p>The application can also be opened in the middle of the season by decision of the board of Gnistan Ry.<\/p>\n\n\n\n<p>Kipin\u00e4rahasto collects its funds mainly through donations from individuals and companies and from public grant applications. <strong>If you would like to support our young players through Kipin\u00e4rahasto you can make a donation here:<\/strong> <strong>KIPIN\u00c4RAHASTON TILINUMERO: FI53 1347 3000 4135 87<\/strong><\/p>\n\n\n\n<p>For bigger donations please contact our managing director Ilkka Vanala <a href=\"mailto:ilkka.vanala@gnistan.fi\">ilkka.vanala@gnistan.fi<\/a><\/p>\n\n\n\n<p>Money collection permit RA\/2024\/766<\/p>\n\n\n\n<hr class=\"wp-block-separator has-alpha-channel-opacity\"\/>\n\n\n\n<p>Kipin\u00e4-fonden grundades av IF Gnistan rf<strong> <\/strong>\u00e5r 2013 med syftet att ekonomiskt st\u00f6dja f\u00f6reningens junior\u00adspelare. Fondens regler fastst\u00e4lls av Gnistan rf:s styrelse.<\/p>\n\n\n\n<p>Fondens m\u00e5l \u00e4r att betona b\u00e5de f\u00f6reningens och individens ansvar f\u00f6r ungdomars idrottande samt att m\u00f6jligg\u00f6ra f\u00f6r enskilda spelare att forts\u00e4tta sin fotbollshobby oberoende av ekonomiska sv\u00e5righeter.<\/p>\n\n\n\n<p>Gnistan rf:s junior\u00adspelare och deras familjer kan ans\u00f6ka om st\u00f6d. St\u00f6dkriterierna kan variera n\u00e5got fr\u00e5n s\u00e4song till s\u00e4song. Det fr\u00e4msta kriteriet f\u00f6r att beviljas st\u00f6d \u00e4r familjens ekonomiska situation samt m\u00f6jligheten att betala spelaravgifter och skaffa n\u00f6dv\u00e4ndig utrustning. L\u00e4ger- och matchresor samt aktiviteter utanf\u00f6r fotbollen omfattas i regel inte av st\u00f6det. Kipin\u00e4-fondens st\u00f6d beviljas endast till spelare vars familjer har begr\u00e4nsade ekonomiska resurser. St\u00f6det riktas till motiverade och engagerade spelare som \u00e4r villiga att satsa p\u00e5 sitt fotbollsspelande. Spelarens utvecklingspotential kan beaktas, men \u00e4r inte ett krav f\u00f6r att erh\u00e5lla st\u00f6d.<\/p>\n\n\n\n<p>Beslut om st\u00f6d till junior\u00adspelare fattas av en trepersonspanel som utses av f\u00f6reningens styrelse. Gnistan rf:s styrelse fastst\u00e4ller \u00e5rligen, p\u00e5 f\u00f6rslag av Kipin\u00e4-fonden, st\u00f6dets storlek och de allm\u00e4nna principerna f\u00f6re f\u00f6reningens h\u00f6stm\u00f6te.<\/p>\n\n\n\n<p>Fonden \u00e4r en separat enhet med ett eget konto, och dess medel f\u00e5r under inga omst\u00e4ndigheter anv\u00e4ndas till andra \u00e4ndam\u00e5l \u00e4n de som fastst\u00e4llts i fondens syfte.<\/p>\n\n\n\n<p>Som villkor f\u00f6r att erh\u00e5lla st\u00f6d f\u00f6ruts\u00e4tts att spelaren f\u00f6rbinder sig till f\u00f6reningen. Vid \u00f6verg\u00e5ng till en annan f\u00f6rening mitt under s\u00e4songen (januari\u2013september) \u00e5terkr\u00e4vs erh\u00e5llet st\u00f6d.<\/p>\n\n\n\n<p><strong>St\u00f6d kan s\u00f6kas under perioden<\/strong> <strong>10.11\u201324.11.2025<\/strong> genom att fylla i denna ans\u00f6kan. Innan besluten godk\u00e4nns kontrollerar Kipin\u00e4-panelen lagledarens rekommendation. Beslut meddelas via e-post senast <strong>16.12.2025<\/strong> till lagledaren, som informerar de s\u00f6kande inom laget.<\/p>\n\n\n\n<p>St\u00f6dperioden b\u00f6rjar i januari och avslutas i slutet av september, om inget annat anges.<\/p>\n\n\n\n<h2 class=\"wp-block-heading\"><a href=\"https:\/\/forms.office.com\/e\/pKCBfGpzh8\">KIPIN\u00c4RAHASTON FUTISSTIPENDI HAKEMUS KAUDELLE 2026 \u2013 Fill out form<\/a><\/h2>\n\n\n\n<p>Ans\u00f6kan kan \u00e4ven \u00f6ppnas mitt under s\u00e4songen genom beslut av <strong>Gnistan rf:s styrelse<\/strong>.<\/p>\n\n\n\n<p><strong>Kipin\u00e4-fonden<\/strong> samlar in sina tillg\u00e5ngar huvudsakligen genom donationer fr\u00e5n privatpersoner och f\u00f6retag samt genom offentliga bidragsans\u00f6kningar.<br>Om du vill st\u00f6da v\u00e5ra unga spelare genom Kipin\u00e4-fonden kan du g\u00f6ra en donation h\u00e4r:<\/p>\n\n\n\n<p><strong>KIPIN\u00c4-FONDENS KONTONUMMER:<\/strong> FI53 1347 3000 4135 87<br>F\u00f6r st\u00f6rre donationer, v\u00e4nligen kontakta VD Ilkka Vanala <a href=\"mailto:ilkka.vanala@gnistan.fi\">ilkka.vanala@gnistan.fi<\/a><\/p>\n\n\n\n<p><strong>Tillst\u00e5nd f\u00f6r penninginsamling:<\/strong> RA\/2024\/766<\/p>\n\n\n\n<figure class=\"wp-block-image size-full is-resized\"><img fetchpriority=\"high\" decoding=\"async\" width=\"800\" height=\"800\" src=\"https:\/\/gnistan.fi\/wp-content\/uploads\/2025\/02\/WhatsApp-Image-2024-07-16-at-17.13.46.jpeg\" alt=\"\" class=\"wp-image-38490\" style=\"width:412px;height:auto\" srcset=\"https:\/\/gnistan.fi\/wp-content\/uploads\/2025\/02\/WhatsApp-Image-2024-07-16-at-17.13.46.jpeg 800w, https:\/\/gnistan.fi\/wp-content\/uploads\/2025\/02\/WhatsApp-Image-2024-07-16-at-17.13.46-300x300.jpeg 300w, https:\/\/gnistan.fi\/wp-content\/uploads\/2025\/02\/WhatsApp-Image-2024-07-16-at-17.13.46-150x150.jpeg 150w, https:\/\/gnistan.fi\/wp-content\/uploads\/2025\/02\/WhatsApp-Image-2024-07-16-at-17.13.46-768x768.jpeg 768w, https:\/\/gnistan.fi\/wp-content\/uploads\/2025\/02\/WhatsApp-Image-2024-07-16-at-17.13.46-12x12.jpeg 12w\" sizes=\"(max-width: 800px) 100vw, 800px\" \/><figcaption class=\"wp-element-caption\"><strong>LAHJOITA KIPIN\u00c4RAHASTOON! DONATE TO KIPIN\u00c4RAHASTO!<\/strong><\/figcaption><\/figure>\n\n\n\n<p><\/p>","protected":false},"excerpt":{"rendered":"<p>HAKUAIKA 10.11-24.11.2025 KAUDELLE 2026 \/ APPLICATION PERIOD 10-24.11.2025 for the 2026 season KIPIN\u00c4RAHASTO on IF Gnistan Ry:n vuonna 2013 perustama rahasto, jonka tarkoituksena on taloudellisesti tukea seuran junioripelaajia. Kipin\u00e4rahaston s\u00e4\u00e4nn\u00f6t vahvistaa Gnistan Ry:n hallitus. Rahaston tavoitteena on korostaa seura- ja yksil\u00f6tasolla vastuuta nuorten harrastuksesta sek\u00e4 mahdollistaa yksitt\u00e4isten pelaajien harrastaminen taloudellisista vaikeuksista huolimatta. Tukea voivat hakea [&hellip;]<\/p>\n","protected":false},"author":1,"featured_media":36703,"parent":0,"menu_order":0,"comment_status":"closed","ping_status":"closed","template":"","meta":{"_acf_changed":false,"footnotes":""},"class_list":["post-13695","page","type-page","status-publish","has-post-thumbnail","hentry"],"acf":[],"yoast_head":"<!-- This site is optimized with the Yoast SEO plugin v27.3 - https:\/\/yoast.com\/product\/yoast-seo-wordpress\/ -->\n<title>Kipin\u00e4rahasto - IF Gnistan<\/title>\n<meta name=\"robots\" content=\"index, follow, max-snippet:-1, max-image-preview:large, max-video-preview:-1\" \/>\n<link rel=\"canonical\" href=\"https:\/\/gnistan.fi\/en\/kipinarahasto\/\" \/>\n<meta property=\"og:locale\" content=\"en_US\" \/>\n<meta property=\"og:type\" content=\"article\" \/>\n<meta property=\"og:title\" content=\"Kipin\u00e4rahasto - IF Gnistan\" \/>\n<meta property=\"og:description\" content=\"HAKUAIKA 10.11-24.11.2025 KAUDELLE 2026 \/ APPLICATION PERIOD 10-24.11.2025 for the 2026 season KIPIN\u00c4RAHASTO on IF Gnistan Ry:n vuonna 2013 perustama rahasto, jonka tarkoituksena on taloudellisesti tukea seuran junioripelaajia. Kipin\u00e4rahaston s\u00e4\u00e4nn\u00f6t vahvistaa Gnistan Ry:n hallitus. Rahaston tavoitteena on korostaa seura- ja yksil\u00f6tasolla vastuuta nuorten harrastuksesta sek\u00e4 mahdollistaa yksitt\u00e4isten pelaajien harrastaminen taloudellisista vaikeuksista huolimatta. Tukea voivat hakea [&hellip;]\" \/>\n<meta property=\"og:url\" content=\"https:\/\/gnistan.fi\/en\/kipinarahasto\/\" \/>\n<meta property=\"og:site_name\" content=\"IF Gnistan\" \/>\n<meta property=\"article:publisher\" content=\"https:\/\/facebook.com\/ifgnistan\" \/>\n<meta property=\"article:modified_time\" content=\"2025-11-10T09:38:04+00:00\" \/>\n<meta property=\"og:image\" content=\"https:\/\/gnistan.fi\/wp-content\/uploads\/2025\/02\/WhatsApp-Image-2024-07-16-at-17.13.46.jpeg\" \/>\n\t<meta property=\"og:image:width\" content=\"800\" \/>\n\t<meta property=\"og:image:height\" content=\"800\" \/>\n\t<meta property=\"og:image:type\" content=\"image\/jpeg\" \/>\n<meta name=\"twitter:card\" content=\"summary_large_image\" \/>\n<meta name=\"twitter:site\" content=\"@ifgnistan1924\" \/>\n<meta name=\"twitter:label1\" content=\"Est. reading time\" \/>\n\t<meta name=\"twitter:data1\" content=\"7 minutes\" \/>\n<script type=\"application\/ld+json\" class=\"yoast-schema-graph\">{\"@context\":\"https:\\\/\\\/schema.org\",\"@graph\":[{\"@type\":\"WebPage\",\"@id\":\"https:\\\/\\\/gnistan.fi\\\/kipinarahasto\\\/\",\"url\":\"https:\\\/\\\/gnistan.fi\\\/kipinarahasto\\\/\",\"name\":\"Kipin\u00e4rahasto - IF Gnistan\",\"isPartOf\":{\"@id\":\"https:\\\/\\\/gnistan.fi\\\/#website\"},\"primaryImageOfPage\":{\"@id\":\"https:\\\/\\\/gnistan.fi\\\/kipinarahasto\\\/#primaryimage\"},\"image\":{\"@id\":\"https:\\\/\\\/gnistan.fi\\\/kipinarahasto\\\/#primaryimage\"},\"thumbnailUrl\":\"https:\\\/\\\/gnistan.fi\\\/wp-content\\\/uploads\\\/2024\\\/11\\\/gnistan-default-featured-2024-c.webp\",\"datePublished\":\"2019-10-11T05:01:34+00:00\",\"dateModified\":\"2025-11-10T09:38:04+00:00\",\"breadcrumb\":{\"@id\":\"https:\\\/\\\/gnistan.fi\\\/kipinarahasto\\\/#breadcrumb\"},\"inLanguage\":\"en-US\",\"potentialAction\":[{\"@type\":\"ReadAction\",\"target\":[\"https:\\\/\\\/gnistan.fi\\\/kipinarahasto\\\/\"]}]},{\"@type\":\"ImageObject\",\"inLanguage\":\"en-US\",\"@id\":\"https:\\\/\\\/gnistan.fi\\\/kipinarahasto\\\/#primaryimage\",\"url\":\"https:\\\/\\\/gnistan.fi\\\/wp-content\\\/uploads\\\/2024\\\/11\\\/gnistan-default-featured-2024-c.webp\",\"contentUrl\":\"https:\\\/\\\/gnistan.fi\\\/wp-content\\\/uploads\\\/2024\\\/11\\\/gnistan-default-featured-2024-c.webp\",\"width\":1920,\"height\":1080},{\"@type\":\"BreadcrumbList\",\"@id\":\"https:\\\/\\\/gnistan.fi\\\/kipinarahasto\\\/#breadcrumb\",\"itemListElement\":[{\"@type\":\"ListItem\",\"position\":1,\"name\":\"Etusivu\",\"item\":\"https:\\\/\\\/gnistan.fi\\\/\"},{\"@type\":\"ListItem\",\"position\":2,\"name\":\"Kipin\u00e4rahasto\"}]},{\"@type\":\"WebSite\",\"@id\":\"https:\\\/\\\/gnistan.fi\\\/#website\",\"url\":\"https:\\\/\\\/gnistan.fi\\\/\",\"name\":\"IF Gnistan\",\"description\":\"Viralliset sivut\",\"publisher\":{\"@id\":\"https:\\\/\\\/gnistan.fi\\\/#organization\"},\"potentialAction\":[{\"@type\":\"SearchAction\",\"target\":{\"@type\":\"EntryPoint\",\"urlTemplate\":\"https:\\\/\\\/gnistan.fi\\\/?s={search_term_string}\"},\"query-input\":{\"@type\":\"PropertyValueSpecification\",\"valueRequired\":true,\"valueName\":\"search_term_string\"}}],\"inLanguage\":\"en-US\"},{\"@type\":\"Organization\",\"@id\":\"https:\\\/\\\/gnistan.fi\\\/#organization\",\"name\":\"IF Gnistan\",\"url\":\"https:\\\/\\\/gnistan.fi\\\/\",\"logo\":{\"@type\":\"ImageObject\",\"inLanguage\":\"en-US\",\"@id\":\"https:\\\/\\\/gnistan.fi\\\/#\\\/schema\\\/logo\\\/image\\\/\",\"url\":\"https:\\\/\\\/gnistan.fi\\\/wp-content\\\/uploads\\\/2019\\\/10\\\/if-gnistan-vector-logo.svg\",\"contentUrl\":\"https:\\\/\\\/gnistan.fi\\\/wp-content\\\/uploads\\\/2019\\\/10\\\/if-gnistan-vector-logo.svg\",\"width\":269,\"height\":314,\"caption\":\"IF Gnistan\"},\"image\":{\"@id\":\"https:\\\/\\\/gnistan.fi\\\/#\\\/schema\\\/logo\\\/image\\\/\"},\"sameAs\":[\"https:\\\/\\\/facebook.com\\\/ifgnistan\",\"https:\\\/\\\/x.com\\\/ifgnistan1924\",\"https:\\\/\\\/instagram.com\\\/ifgnistan1924\",\"https:\\\/\\\/www.linkedin.com\\\/company\\\/ifgnistan\\\/\"]}]}<\/script>\n<!-- \/ Yoast SEO plugin. -->","yoast_head_json":{"title":"Kipin\u00e4rahasto - IF Gnistan","robots":{"index":"index","follow":"follow","max-snippet":"max-snippet:-1","max-image-preview":"max-image-preview:large","max-video-preview":"max-video-preview:-1"},"canonical":"https:\/\/gnistan.fi\/en\/kipinarahasto\/","og_locale":"en_US","og_type":"article","og_title":"Kipin\u00e4rahasto - IF Gnistan","og_description":"HAKUAIKA 10.11-24.11.2025 KAUDELLE 2026 \/ APPLICATION PERIOD 10-24.11.2025 for the 2026 season KIPIN\u00c4RAHASTO on IF Gnistan Ry:n vuonna 2013 perustama rahasto, jonka tarkoituksena on taloudellisesti tukea seuran junioripelaajia. Kipin\u00e4rahaston s\u00e4\u00e4nn\u00f6t vahvistaa Gnistan Ry:n hallitus. Rahaston tavoitteena on korostaa seura- ja yksil\u00f6tasolla vastuuta nuorten harrastuksesta sek\u00e4 mahdollistaa yksitt\u00e4isten pelaajien harrastaminen taloudellisista vaikeuksista huolimatta. Tukea voivat hakea [&hellip;]","og_url":"https:\/\/gnistan.fi\/en\/kipinarahasto\/","og_site_name":"IF Gnistan","article_publisher":"https:\/\/facebook.com\/ifgnistan","article_modified_time":"2025-11-10T09:38:04+00:00","og_image":[{"width":800,"height":800,"url":"https:\/\/gnistan.fi\/wp-content\/uploads\/2025\/02\/WhatsApp-Image-2024-07-16-at-17.13.46.jpeg","type":"image\/jpeg"}],"twitter_card":"summary_large_image","twitter_site":"@ifgnistan1924","twitter_misc":{"Est. reading time":"7 minutes"},"schema":{"@context":"https:\/\/schema.org","@graph":[{"@type":"WebPage","@id":"https:\/\/gnistan.fi\/kipinarahasto\/","url":"https:\/\/gnistan.fi\/kipinarahasto\/","name":"Kipin\u00e4rahasto - IF Gnistan","isPartOf":{"@id":"https:\/\/gnistan.fi\/#website"},"primaryImageOfPage":{"@id":"https:\/\/gnistan.fi\/kipinarahasto\/#primaryimage"},"image":{"@id":"https:\/\/gnistan.fi\/kipinarahasto\/#primaryimage"},"thumbnailUrl":"https:\/\/gnistan.fi\/wp-content\/uploads\/2024\/11\/gnistan-default-featured-2024-c.webp","datePublished":"2019-10-11T05:01:34+00:00","dateModified":"2025-11-10T09:38:04+00:00","breadcrumb":{"@id":"https:\/\/gnistan.fi\/kipinarahasto\/#breadcrumb"},"inLanguage":"en-US","potentialAction":[{"@type":"ReadAction","target":["https:\/\/gnistan.fi\/kipinarahasto\/"]}]},{"@type":"ImageObject","inLanguage":"en-US","@id":"https:\/\/gnistan.fi\/kipinarahasto\/#primaryimage","url":"https:\/\/gnistan.fi\/wp-content\/uploads\/2024\/11\/gnistan-default-featured-2024-c.webp","contentUrl":"https:\/\/gnistan.fi\/wp-content\/uploads\/2024\/11\/gnistan-default-featured-2024-c.webp","width":1920,"height":1080},{"@type":"BreadcrumbList","@id":"https:\/\/gnistan.fi\/kipinarahasto\/#breadcrumb","itemListElement":[{"@type":"ListItem","position":1,"name":"Etusivu","item":"https:\/\/gnistan.fi\/"},{"@type":"ListItem","position":2,"name":"Kipin\u00e4rahasto"}]},{"@type":"WebSite","@id":"https:\/\/gnistan.fi\/#website","url":"https:\/\/gnistan.fi\/","name":"IF Gnistan","description":"Viralliset sivut","publisher":{"@id":"https:\/\/gnistan.fi\/#organization"},"potentialAction":[{"@type":"SearchAction","target":{"@type":"EntryPoint","urlTemplate":"https:\/\/gnistan.fi\/?s={search_term_string}"},"query-input":{"@type":"PropertyValueSpecification","valueRequired":true,"valueName":"search_term_string"}}],"inLanguage":"en-US"},{"@type":"Organization","@id":"https:\/\/gnistan.fi\/#organization","name":"IF Gnistan","url":"https:\/\/gnistan.fi\/","logo":{"@type":"ImageObject","inLanguage":"en-US","@id":"https:\/\/gnistan.fi\/#\/schema\/logo\/image\/","url":"https:\/\/gnistan.fi\/wp-content\/uploads\/2019\/10\/if-gnistan-vector-logo.svg","contentUrl":"https:\/\/gnistan.fi\/wp-content\/uploads\/2019\/10\/if-gnistan-vector-logo.svg","width":269,"height":314,"caption":"IF Gnistan"},"image":{"@id":"https:\/\/gnistan.fi\/#\/schema\/logo\/image\/"},"sameAs":["https:\/\/facebook.com\/ifgnistan","https:\/\/x.com\/ifgnistan1924","https:\/\/instagram.com\/ifgnistan1924","https:\/\/www.linkedin.com\/company\/ifgnistan\/"]}]}},"jetpack_sharing_enabled":true,"_links":{"self":[{"href":"https:\/\/gnistan.fi\/en\/wp-json\/wp\/v2\/pages\/13695","targetHints":{"allow":["GET"]}}],"collection":[{"href":"https:\/\/gnistan.fi\/en\/wp-json\/wp\/v2\/pages"}],"about":[{"href":"https:\/\/gnistan.fi\/en\/wp-json\/wp\/v2\/types\/page"}],"author":[{"embeddable":true,"href":"https:\/\/gnistan.fi\/en\/wp-json\/wp\/v2\/users\/1"}],"replies":[{"embeddable":true,"href":"https:\/\/gnistan.fi\/en\/wp-json\/wp\/v2\/comments?post=13695"}],"version-history":[{"count":18,"href":"https:\/\/gnistan.fi\/en\/wp-json\/wp\/v2\/pages\/13695\/revisions"}],"predecessor-version":[{"id":42731,"href":"https:\/\/gnistan.fi\/en\/wp-json\/wp\/v2\/pages\/13695\/revisions\/42731"}],"wp:featuredmedia":[{"embeddable":true,"href":"https:\/\/gnistan.fi\/en\/wp-json\/wp\/v2\/media\/36703"}],"wp:attachment":[{"href":"https:\/\/gnistan.fi\/en\/wp-json\/wp\/v2\/media?parent=13695"}],"curies":[{"name":"wp","href":"https:\/\/api.w.org\/{rel}","templated":true}]}}